{"id":439,"date":"2020-11-13T15:44:35","date_gmt":"2020-11-13T14:44:35","guid":{"rendered":"https:\/\/blogs.urz.uni-halle.de\/digitus\/?page_id=439"},"modified":"2020-11-16T12:12:51","modified_gmt":"2020-11-16T11:12:51","slug":"faecherspezifische-apps","status":"publish","type":"page","link":"https:\/\/blogs.urz.uni-halle.de\/digitus\/faecherspezifische-apps\/","title":{"rendered":"F\u00e4cherspezifische Apps"},"content":{"rendered":"\n<div class=\"wp-block-buttons\">\n<div class=\"wp-block-button\"><a class=\"wp-block-button__link has-very-light-gray-to-cyan-bluish-gray-gradient-background has-text-color has-background\" href=\"https:\/\/blogs.urz.uni-halle.de\/digitus\/faecheruebergreifende-apps\/\" style=\"border-radius:15px;color:#000000\">F\u00e4cher\u00fcbergreifende Apps<\/a><\/div>\n<\/div>\n\n\n<p>F\u00fcr jedes Unterrichtsfach findet man eine App, die im Unterricht angewendet werden kann. Im Folgenden finden Sie unterschiedliche Apps zu den F\u00e4chern Mathematik, Biologie, Physik, Chemie, den Fremdsprachen und dem Fach Musik. Gerade im naturwissenschaftlichen Bereich ist die Vielfalt des Angebots gro\u00df, da kann man schnell mal den \u00dcberblick verlieren. Vielleicht spricht sie eine von uns vorgestellte App spontan an und Sie probieren sie aus.<\/p>\n\n\n<div class=\"wp-block-buttons\">\n<div class=\"wp-block-button\"><a class=\"wp-block-button__link\" href=\"https:\/\/blogs.urz.uni-halle.de\/digitus\/mathematik\/\" style=\"border-radius:15px\">Mathematik<\/a><\/div>\n\n\n\n<div class=\"wp-block-button is-style-fill\"><a class=\"wp-block-button__link\" href=\"https:\/\/blogs.urz.uni-halle.de\/digitus\/biologie\/\" style=\"border-radius:15px\">Biologie<\/a><\/div>\n\n\n\n<div class=\"wp-block-button is-style-fill\"><a class=\"wp-block-button__link\" href=\"https:\/\/blogs.urz.uni-halle.de\/digitus\/physik\/\" style=\"border-radius:15px\">Physik<\/a><\/div>\n\n\n\n<div class=\"wp-block-button is-style-fill\"><a class=\"wp-block-button__link\" href=\"https:\/\/blogs.urz.uni-halle.de\/digitus\/chemie\/\" style=\"border-radius:15px\">Chemie<\/a><\/div>\n\n\n\n<div class=\"wp-block-button is-style-fill\"><a class=\"wp-block-button__link\" href=\"https:\/\/blogs.urz.uni-halle.de\/digitus\/fremdsprachen\/\" style=\"border-radius:15px\">Fremdsprachen<\/a><\/div>\n\n\n\n<div class=\"wp-block-button is-style-fill\"><a class=\"wp-block-button__link\" href=\"https:\/\/blogs.urz.uni-halle.de\/digitus\/musik\/\" style=\"border-radius:15px\">Musik<\/a><\/div>\n<\/div>\n\n\n\n<p>Wir w\u00fcnschen viel Spa\u00df und Erfolg im Unterricht beim Knobeln, Bestimmen von Pflanzen oder Pilzen, \u00dcbersetzen und bei vielem Anderen!<\/p>\n","protected":false},"excerpt":{"rendered":"<p>F\u00fcr jedes Unterrichtsfach findet man eine App, die im Unterricht angewendet werden kann. Im Folgenden finden Sie unterschiedliche Apps zu den F\u00e4chern Mathematik, Biologie, Physik, Chemie, den Fremdsprachen und dem Fach Musik. Gerade im naturwissenschaftlichen Bereich ist die Vielfalt des &hellip;<\/p>\n<p class=\"read-more\"> <a class=\"more-link\" href=\"https:\/\/blogs.urz.uni-halle.de\/digitus\/faecherspezifische-apps\/\"> <span class=\"screen-reader-text\">F\u00e4cherspezifische Apps<\/span> Read More &raquo;<\/a><\/p>\n","protected":false},"author":3332,"featured_media":0,"parent":0,"menu_order":0,"comment_status":"closed","ping_status":"closed","template":"","meta":[],"_links":{"self":[{"href":"https:\/\/blogs.urz.uni-halle.de\/digitus\/wp-json\/wp\/v2\/pages\/439"}],"collection":[{"href":"https:\/\/blogs.urz.uni-halle.de\/digitus\/wp-json\/wp\/v2\/pages"}],"about":[{"href":"https:\/\/blogs.urz.uni-halle.de\/digitus\/wp-json\/wp\/v2\/types\/page"}],"author":[{"embeddable":true,"href":"https:\/\/blogs.urz.uni-halle.de\/digitus\/wp-json\/wp\/v2\/users\/3332"}],"replies":[{"embeddable":true,"href":"https:\/\/blogs.urz.uni-halle.de\/digitus\/wp-json\/wp\/v2\/comments?post=439"}],"version-history":[{"count":3,"href":"https:\/\/blogs.urz.uni-halle.de\/digitus\/wp-json\/wp\/v2\/pages\/439\/revisions"}],"predecessor-version":[{"id":483,"href":"https:\/\/blogs.urz.uni-halle.de\/digitus\/wp-json\/wp\/v2\/pages\/439\/revisions\/483"}],"wp:attachment":[{"href":"https:\/\/blogs.urz.uni-halle.de\/digitus\/wp-json\/wp\/v2\/media?parent=439"}],"curies":[{"name":"wp","href":"https:\/\/api.w.org\/{rel}","templated":true}]}}