{"id":60,"date":"2020-02-12T17:23:35","date_gmt":"2020-02-12T16:23:35","guid":{"rendered":"https:\/\/blogs.urz.uni-halle.de\/digitus\/?page_id=60"},"modified":"2020-11-16T12:19:26","modified_gmt":"2020-11-16T11:19:26","slug":"material","status":"publish","type":"page","link":"https:\/\/blogs.urz.uni-halle.de\/digitus\/material\/","title":{"rendered":"Material"},"content":{"rendered":"\n<div class=\"wp-block-buttons\">\n<div class=\"wp-block-button\"><a class=\"wp-block-button__link has-very-light-gray-to-cyan-bluish-gray-gradient-background has-text-color has-background\" href=\"https:\/\/blogs.urz.uni-halle.de\/digitus\/informationen\/\" style=\"border-radius:15px;color:#000000\">Informationen<\/a><\/div>\n\n\n\n<div class=\"wp-block-button\"><a class=\"wp-block-button__link has-very-light-gray-to-cyan-bluish-gray-gradient-background has-text-color has-background\" href=\"https:\/\/blogs.urz.uni-halle.de\/digitus\/websites-und-plattformen\/\" style=\"border-radius:15px;color:#000000\">Websites und Plattformen<\/a><\/div>\n\n\n\n<div class=\"wp-block-button\"><a class=\"wp-block-button__link has-very-light-gray-to-cyan-bluish-gray-gradient-background has-text-color has-background\" href=\"https:\/\/blogs.urz.uni-halle.de\/digitus\/tools\/\" style=\"border-radius:15px;color:#000000\">Tools<\/a><\/div>\n\n\n\n<div class=\"wp-block-button\"><a class=\"wp-block-button__link has-very-light-gray-to-cyan-bluish-gray-gradient-background has-text-color has-background\" href=\"https:\/\/blogs.urz.uni-halle.de\/digitus\/apps\/\" style=\"border-radius:15px;color:#000000\">Apps<\/a><\/div>\n\n\n\n<div class=\"wp-block-button\"><a class=\"wp-block-button__link has-very-light-gray-to-cyan-bluish-gray-gradient-background has-text-color has-background\" href=\"https:\/\/blogs.urz.uni-halle.de\/digitus\/youtube\/\" style=\"border-radius:15px;color:#000000\">YouTube<\/a><\/div>\n<\/div>\n\n\n\n<hr class=\"wp-block-separator is-style-dots\" \/>\n\n\n\n<p>Im Rahmen unserer Zusammenarbeit in den Lerngemeinschaften m\u00f6chten wir Material erstellen, das wir im Anschluss gern teilen m\u00f6chten. Bis dahin haben wir hier eine Sammlung an Links mit tollen Ideen, Konzepten und Vorschl\u00e4gen, die sie bei der Einbindung digitaler Medien in Ihren Unterricht unterst\u00fctzten k\u00f6nnen.<\/p>\n\n\n\n<p><\/p>\n\n\n\n<figure class=\"wp-block-video\"><video controls src=\"https:\/\/filer.itz.uni-halle.de\/dl\/1449\/pub\/MaterialDigitUS.mp4\"><\/video><\/figure>\n\n\n\n<p>Sie haben eigene Ideen und Anregungen? Wir freuen uns, wenn Sie diese mit uns teilen m\u00f6chten.<\/p>\n\n\n\n<div class=\"wp-block-buttons\">\n<div class=\"wp-block-button\"><a class=\"wp-block-button__link\" href=\"https:\/\/blogs.urz.uni-halle.de\/digitus\/kontaktformular\/\">Kontaktieren<\/a><\/div>\n<\/div>\n","protected":false},"excerpt":{"rendered":"<p>Im Rahmen unserer Zusammenarbeit in den Lerngemeinschaften m\u00f6chten wir Material erstellen, das wir im Anschluss gern teilen m\u00f6chten. Bis dahin haben wir hier eine Sammlung an Links mit tollen Ideen, Konzepten und Vorschl\u00e4gen, die sie bei der Einbindung digitaler Medien &hellip;<\/p>\n<p class=\"read-more\"> <a class=\"more-link\" href=\"https:\/\/blogs.urz.uni-halle.de\/digitus\/material\/\"> <span class=\"screen-reader-text\">Material<\/span> Read More &raquo;<\/a><\/p>\n","protected":false},"author":4221,"featured_media":0,"parent":0,"menu_order":0,"comment_status":"closed","ping_status":"closed","template":"","meta":[],"_links":{"self":[{"href":"https:\/\/blogs.urz.uni-halle.de\/digitus\/wp-json\/wp\/v2\/pages\/60"}],"collection":[{"href":"https:\/\/blogs.urz.uni-halle.de\/digitus\/wp-json\/wp\/v2\/pages"}],"about":[{"href":"https:\/\/blogs.urz.uni-halle.de\/digitus\/wp-json\/wp\/v2\/types\/page"}],"author":[{"embeddable":true,"href":"https:\/\/blogs.urz.uni-halle.de\/digitus\/wp-json\/wp\/v2\/users\/4221"}],"replies":[{"embeddable":true,"href":"https:\/\/blogs.urz.uni-halle.de\/digitus\/wp-json\/wp\/v2\/comments?post=60"}],"version-history":[{"count":10,"href":"https:\/\/blogs.urz.uni-halle.de\/digitus\/wp-json\/wp\/v2\/pages\/60\/revisions"}],"predecessor-version":[{"id":491,"href":"https:\/\/blogs.urz.uni-halle.de\/digitus\/wp-json\/wp\/v2\/pages\/60\/revisions\/491"}],"wp:attachment":[{"href":"https:\/\/blogs.urz.uni-halle.de\/digitus\/wp-json\/wp\/v2\/media?parent=60"}],"curies":[{"name":"wp","href":"https:\/\/api.w.org\/{rel}","templated":true}]}}