{"id":61,"date":"2020-02-12T17:23:35","date_gmt":"2020-02-12T16:23:35","guid":{"rendered":"https:\/\/blogs.urz.uni-halle.de\/digitus\/?page_id=61"},"modified":"2021-05-07T16:20:23","modified_gmt":"2021-05-07T14:20:23","slug":"das-projekt","status":"publish","type":"page","link":"https:\/\/blogs.urz.uni-halle.de\/digitus\/das-projekt\/","title":{"rendered":"Das Projekt"},"content":{"rendered":"\n<figure class=\"wp-block-video\"><video controls src=\"https:\/\/filer.itz.uni-halle.de\/dl\/1449\/pub\/ProjektbeschreibungDigitUS.mp4\"><\/video><\/figure>\n\n\n\n<p>&#8222;Digitalisierung von Unterricht in der Schule&#8220; &#8211; kurz DigitUS &#8211; ist ein Verbundprojekt der TU und LMU in M\u00fcnchen, dem ISB Bayern, der Bergischen Universit\u00e4t Wuppertal und der Martin-Luther-Universit\u00e4t Halle-Wittenberg. Das Projekt besch\u00e4ftigt sich \u00fcbergreifend mit der Fragestellung, welche Gelingensbedingungen auf den verschiedenen Ebenen des Bildungssystems vorherrschen m\u00fcssen, um digitale Medien in Schule und Unterricht erfolgreich zu implementieren und diesbez\u00fcglich Konzepte und Material weiterzuentwickeln. <\/p>\n\n\n\n<p>Als besonders bedeutsam wird die Kooperation zwischen den einzelnen Akteuere hervorgehoben.  Ziel des Projektes ist es, ein theoretisch ausgereiftes und empirisch \u00fcberpr\u00fcftes Modell von Bedingungsfaktoren zu entwickeln, mit dessen Hilfe digitale Medien erfolgreich in den schulischen Unterricht eingebunden werden sollen. Die Wissenschaftler*innen richten hierzu kooperative schulinterne und schul\u00fcbergreifende Lerngemeinschaften ein, in denen Lehrer*innen sowie weitere Akteure der Bildungspraxis eng zusammenarbeiten.<\/p>\n\n\n\n<figure class=\"wp-block-image is-resized\"><img loading=\"lazy\" src=\"https:\/\/blogs.urz.uni-halle.de\/digitus\/files\/2020\/02\/pixel-cells-3674104_1280-1024x512.png\" alt=\"\" class=\"wp-image-86\" width=\"676\" height=\"338\" srcset=\"https:\/\/blogs.urz.uni-halle.de\/digitus\/files\/2020\/02\/pixel-cells-3674104_1280-1024x512.png 1024w, https:\/\/blogs.urz.uni-halle.de\/digitus\/files\/2020\/02\/pixel-cells-3674104_1280-300x150.png 300w, https:\/\/blogs.urz.uni-halle.de\/digitus\/files\/2020\/02\/pixel-cells-3674104_1280-768x384.png 768w, https:\/\/blogs.urz.uni-halle.de\/digitus\/files\/2020\/02\/pixel-cells-3674104_1280.png 1280w\" sizes=\"(max-width: 676px) 100vw, 676px\" \/><\/figure>\n\n\n\n<p>Weiterf\u00fchrende Informationen findest du unter folgenden Links:<\/p>\n\n\n\n<div class=\"wp-block-buttons\">\n<div class=\"wp-block-button\"><a class=\"wp-block-button__link\" href=\"https:\/\/digi-ebf.de\/digitus\" style=\"border-radius:15px\" target=\"_blank\" rel=\"noreferrer noopener\">Das Metavorhaben<\/a><\/div>\n\n\n\n<div class=\"wp-block-button\"><a class=\"wp-block-button__link\" href=\"https:\/\/www.digitus.uni-muenchen.de\/index.html\" style=\"border-radius:15px\" target=\"_blank\" rel=\"noreferrer noopener\">Das Verbundvorhaben<\/a><\/div>\n\n\n\n<div class=\"wp-block-button\"><a class=\"wp-block-button__link\" href=\"https:\/\/www.biodidaktik.uni-halle.de\/digitus\/\" style=\"border-radius:15px\" target=\"_blank\" rel=\"noreferrer noopener\">DigitUS an der MLU  Halle-Wittenberg<\/a><\/div>\n\n\n\n<div class=\"wp-block-button is-style-fill\"><a class=\"wp-block-button__link\" href=\"https:\/\/digitus.uni-wuppertal.de\/\" style=\"border-radius:15px\" target=\"_blank\" rel=\"noreferrer noopener\">DigitUS an der BU Wuppertal<\/a><\/div>\n<\/div>\n\n\n\n<p><\/p>\n","protected":false},"excerpt":{"rendered":"<p>&#8222;Digitalisierung von Unterricht in der Schule&#8220; &#8211; kurz DigitUS &#8211; ist ein Verbundprojekt der TU und LMU in M\u00fcnchen, dem ISB Bayern, der Bergischen Universit\u00e4t Wuppertal und der Martin-Luther-Universit\u00e4t Halle-Wittenberg. Das Projekt besch\u00e4ftigt sich \u00fcbergreifend mit der Fragestellung, welche Gelingensbedingungen &hellip;<\/p>\n<p class=\"read-more\"> <a class=\"more-link\" href=\"https:\/\/blogs.urz.uni-halle.de\/digitus\/das-projekt\/\"> <span class=\"screen-reader-text\">Das Projekt<\/span> Read More &raquo;<\/a><\/p>\n","protected":false},"author":4221,"featured_media":0,"parent":0,"menu_order":0,"comment_status":"closed","ping_status":"closed","template":"","meta":[],"_links":{"self":[{"href":"https:\/\/blogs.urz.uni-halle.de\/digitus\/wp-json\/wp\/v2\/pages\/61"}],"collection":[{"href":"https:\/\/blogs.urz.uni-halle.de\/digitus\/wp-json\/wp\/v2\/pages"}],"about":[{"href":"https:\/\/blogs.urz.uni-halle.de\/digitus\/wp-json\/wp\/v2\/types\/page"}],"author":[{"embeddable":true,"href":"https:\/\/blogs.urz.uni-halle.de\/digitus\/wp-json\/wp\/v2\/users\/4221"}],"replies":[{"embeddable":true,"href":"https:\/\/blogs.urz.uni-halle.de\/digitus\/wp-json\/wp\/v2\/comments?post=61"}],"version-history":[{"count":10,"href":"https:\/\/blogs.urz.uni-halle.de\/digitus\/wp-json\/wp\/v2\/pages\/61\/revisions"}],"predecessor-version":[{"id":534,"href":"https:\/\/blogs.urz.uni-halle.de\/digitus\/wp-json\/wp\/v2\/pages\/61\/revisions\/534"}],"wp:attachment":[{"href":"https:\/\/blogs.urz.uni-halle.de\/digitus\/wp-json\/wp\/v2\/media?parent=61"}],"curies":[{"name":"wp","href":"https:\/\/api.w.org\/{rel}","templated":true}]}}