{"id":72,"date":"2020-02-12T17:27:02","date_gmt":"2020-02-12T16:27:02","guid":{"rendered":"https:\/\/blogs.urz.uni-halle.de\/digitus\/?page_id=72"},"modified":"2021-05-07T16:08:25","modified_gmt":"2021-05-07T14:08:25","slug":"schuluebergreifende-lerngemeinschaften","status":"publish","type":"page","link":"https:\/\/blogs.urz.uni-halle.de\/digitus\/schuluebergreifende-lerngemeinschaften\/","title":{"rendered":"Schul\u00fcbergreifende Lerngemeinschaften"},"content":{"rendered":"\n<p>Digitalisierung von Unterricht ist eine Herausforderung die unserer Meinung nach nicht allein gel\u00f6st werden kann.  Daher wollen wir mit der Gr\u00fcndung von Lerngemeinschaften in Halle (Saale) wichtige Akteure des Bildungsbereichs zusammenbringen. Wie der Name bereits vermuten l\u00e4sst, handelt es sich bei den Teilnehmer*innen schul\u00fcbergreifender Lerngemeinschaften um Lehrer*innen und Schulleiter*innen verschiedener Schulen. Dazu kommen weitere Akteure aus dem Bildungsbereich, wie Vertreter*innen der Hochschule, Ausbilder*innen aus der Zweiten Phase der Lehrer*innenbildung sowie Vertreter*innen von MINT-Zukunft schaffen e.V. und der Bildungsadministration. Ziel ist es, den Austausch anzuregen und in multiprofessionellen Teams an L\u00f6sungen von schulbezogenen Problemen zu arbeiten. <\/p>\n\n\n\n<figure class=\"wp-block-video\"><video controls src=\"https:\/\/filer.itz.uni-halle.de\/dl\/1449\/pub\/LerngemeinschaftenDigitUS.mp4\"><\/video><\/figure>\n\n\n\n<h2>Was ist eine Professionelle Lerngemeinschaft?<\/h2>\n\n\n\n<p>Innerhalb des Projekts DigitUS werden schul\u00fcbergreifend Professionelle Lerngemeinschaften gegr\u00fcndet. Die Mitglieder dieser Lerngemeinschaften zeichnen sich durch eine besondere Expertise in einem Bereich aus, sie sind also multiprofessionell zusammengesetzt. Durch eine systematische Kooperation tauschen die Teilnehmer*innen  ihr Wissen aus und k\u00f6nnen dadurch gemeinsam komplexe Problemstellungen l\u00f6sen (Vgl. Huber &amp; Hader-Popp 2008, S. 33). <\/p>\n\n\n\n<p>Eine Vielzahl von Studien verweist auf die positiven Auswirkungen professioneller Lerngemeinschaften in der Schul- und Unterrichtsentwicklung. Die Zusammenarbeit in der Gemeinschaft wirkt motivierend und entlastend. Lehrkr\u00e4fte berichten von einem verbesserten Austausch im Kollegium sowie einer Steigerung der eigenen Arbeitszufriedenheit (Rolff 2013, S. 119f.). Die Arbeit innerhalb der professionellen Lerngemeinschaften richtet sich dabei nach den konkreten Bedarfen der Mitglieder. Diese Konzeption erm\u00f6glicht daher im Vergleich zu \u00fcblichen Fortbildungsma\u00dfnahmen die aktive Beteiligung der Teilnehmer*innen an den Entwicklungen der Schule und initiiert wirksame Lernprozessen. <\/p>\n\n\n\n<p>Die Umsetzung einer Professionellen Lerngemeinschaft richtet sich nach dem Anwendungsbereich und dem Ziel, das mit der Zusammenarbeit angestrebt wird. Das Teilprojekt in Halle fokussiert hierf\u00fcr eine schul\u00fcbergreifende Organisation der Lerngemeinschaften, um damit den Austausch von Erkenntnissen anzuregen und Lernprozesse zu f\u00f6rdern.<\/p>\n","protected":false},"excerpt":{"rendered":"<p>Digitalisierung von Unterricht ist eine Herausforderung die unserer Meinung nach nicht allein gel\u00f6st werden kann. Daher wollen wir mit der Gr\u00fcndung von Lerngemeinschaften in Halle (Saale) wichtige Akteure des Bildungsbereichs zusammenbringen. Wie der Name bereits vermuten l\u00e4sst, handelt es sich &hellip;<\/p>\n<p class=\"read-more\"> <a class=\"more-link\" href=\"https:\/\/blogs.urz.uni-halle.de\/digitus\/schuluebergreifende-lerngemeinschaften\/\"> <span class=\"screen-reader-text\">Schul\u00fcbergreifende Lerngemeinschaften<\/span> Read More &raquo;<\/a><\/p>\n","protected":false},"author":4221,"featured_media":532,"parent":0,"menu_order":0,"comment_status":"closed","ping_status":"closed","template":"","meta":[],"_links":{"self":[{"href":"https:\/\/blogs.urz.uni-halle.de\/digitus\/wp-json\/wp\/v2\/pages\/72"}],"collection":[{"href":"https:\/\/blogs.urz.uni-halle.de\/digitus\/wp-json\/wp\/v2\/pages"}],"about":[{"href":"https:\/\/blogs.urz.uni-halle.de\/digitus\/wp-json\/wp\/v2\/types\/page"}],"author":[{"embeddable":true,"href":"https:\/\/blogs.urz.uni-halle.de\/digitus\/wp-json\/wp\/v2\/users\/4221"}],"replies":[{"embeddable":true,"href":"https:\/\/blogs.urz.uni-halle.de\/digitus\/wp-json\/wp\/v2\/comments?post=72"}],"version-history":[{"count":10,"href":"https:\/\/blogs.urz.uni-halle.de\/digitus\/wp-json\/wp\/v2\/pages\/72\/revisions"}],"predecessor-version":[{"id":524,"href":"https:\/\/blogs.urz.uni-halle.de\/digitus\/wp-json\/wp\/v2\/pages\/72\/revisions\/524"}],"wp:featuredmedia":[{"embeddable":true,"href":"https:\/\/blogs.urz.uni-halle.de\/digitus\/wp-json\/wp\/v2\/media\/532"}],"wp:attachment":[{"href":"https:\/\/blogs.urz.uni-halle.de\/digitus\/wp-json\/wp\/v2\/media?parent=72"}],"curies":[{"name":"wp","href":"https:\/\/api.w.org\/{rel}","templated":true}]}}