{"id":95,"date":"2021-10-18T16:40:20","date_gmt":"2021-10-18T14:40:20","guid":{"rendered":"https:\/\/blogs.urz.uni-halle.de\/dikola21\/?page_id=95"},"modified":"2021-11-24T21:14:11","modified_gmt":"2021-11-24T20:14:11","slug":"info","status":"publish","type":"page","link":"https:\/\/blogs.urz.uni-halle.de\/dikola21\/info\/","title":{"rendered":"technische Hinweise zur Tagungsdurchf\u00fchrung"},"content":{"rendered":"\n<p>Die Tagung wird \u00fcber das Videokonferenzsystem Webex durchgef\u00fchrt. F\u00fcr die Teilnahme an einem Meeting m\u00fcssen Sie einfach den hinterlegten Link in der jeweiligen Session ausw\u00e4hlen. Die Sessions k\u00f6nnen Sie \u00fcber das linke Seitenmen\u00fc der Website ausw\u00e4hlen. Bei jedem Vortrag bzw. Workshop ist der Link zum zugeh\u00f6rigen Webex-Raum hinterlegt.<br>Wir empfehlen daher, die Tagungswebsite w\u00e4hrend der gesamten Tagung ge\u00f6ffnet zu lassen, damit Sie schnell auf Ihre gew\u00fcnschten Sessions zugreifen k\u00f6nnen.<\/p>\n\n\n\n<p>Im <a href=\"https:\/\/uni-halle.webex.com\/uni-halle\/j.php?MTID=m1ce721d0b6138d6a83c23414a6ce8aaa\">Hauptraum<\/a> der Veranstaltung sind zudem immer Mitarbeiter*innen unseres Projekts als Ansprechpartner*innen anwesend.<\/p>\n\n\n\n<hr class=\"wp-block-separator is-style-wide\" \/>\n\n\n\n<h2>technische Hinweise Webex<\/h2>\n\n\n\n<p>Wir bitten Sie, nach betreten des Webex-Raums ihr Mikrofon und ihre Kamera zu deaktivieren, um St\u00f6rger\u00e4usche zu vermeiden. Wenn Sie einen Redebeitrag leisten m\u00f6chten, melden Sie sich bitte zun\u00e4chst \u00fcber den Chat und aktivieren Sie dann ihr Mikrofon. Au\u00dferdem empfehlen wir die Verwendung eines Headsets.<\/p>\n\n\n\n<p>Nutzen Sie nach M\u00f6glichkeit <strong>Chrome <\/strong>als Browser oder als Mitarbeiter*in der MLU die Webex-App.<\/p>\n\n\n\n<p><strong>Freigabeberechtigungen<\/strong><\/p>\n\n\n\n<p>Erlauben Sie Ihrem Browser auf Mikrofon und Kamera zuzugreifen. <\/p>\n\n\n\n<p><strong>Referent*innen<\/strong> sollten zudem den Zugriff auf den Bildschirm erlauben, um das Screensharing durchf\u00fchren zu k\u00f6nnen. Weitere Hinweise zum Screensharing finden Sie auch im <a href=\"https:\/\/wiki.llz.uni-halle.de\/Portal:Onlinebetrieb\/Synchrone_Onlineformate\/Audio-_und_Videokonferenzen_durchf%C3%BChren\/Videokonferenzen_mit_Webex_Meetings_veranstalten?marker=Webex#Funktion:_Freigabe_des_Bildschirms\">Wiki des LLZ<\/a>.<\/p>\n\n\n\n<p>Weitere Hinweise zum Beitreten eines Webex-Meetings finden Sie <a href=\"https:\/\/help.webex.com\/de-DE\/article\/nrbgeodb\/Beitreten-zu-Webex-Meeting#id_135013\">hier<\/a>.<\/p>\n\n\n\n<hr class=\"wp-block-separator is-style-wide\" \/>\n\n\n\n<h2>technische Hinweise Wonder<\/h2>\n\n\n\n<p>Der Posterwalk wird \u00fcber Wonder durchgef\u00fchrt. Den Link zum Wonder-Raum finden Sie im linken Seitenmen\u00fc, wenn Sie den Bereich Posterwalk ausw\u00e4hlen. <\/p>\n\n\n\n<p><strong>Im Raum sind ab 12.15 Uhr Mitarbeiter*innen des DikoLa-Projekts anwesend, um Sie bei technischen Fragen auch schon vor Beginn des Posterwalks unterst\u00fctzen zu k\u00f6nnen.<\/strong><\/p>\n\n\n\n<p>Nutzen Sie nach M\u00f6glichkeit <strong>Chrome<\/strong> als Browser und erlauben Sie den Zugriff auf Kamera und Mikrofon.<\/p>\n\n\n\n<p>In Wonder bewegen Sie sich als kreisf\u00f6rmiger Avatar mit Hilfe Ihrer Maus durch die Oberfl\u00e4che. F\u00fcr jede Posterpr\u00e4sentation ist ein Bereich angelegt, in dem Sie mit den Referent*innen sprechen k\u00f6nnen. Hierzu m\u00fcssen Sie sich mit Ihrem Avatar zu den Referent*innen hinbewegen, bis sich ein Kreis um Sie bildet. Dann \u00f6ffnet sich automatisch ein Videofenster. Die Referent*innen k\u00f6nnen dann \u00fcber die Bildschirmfreigabe das Poster pr\u00e4sentieren.<\/p>\n\n\n\n<figure class=\"wp-block-image size-large\"><img loading=\"lazy\" width=\"1024\" height=\"608\" src=\"https:\/\/blogs.urz.uni-halle.de\/dikola21\/files\/2021\/11\/Bildschirmfoto-2021-11-24-um-11.54.48-1024x608.png\" alt=\"\" class=\"wp-image-232\" srcset=\"https:\/\/blogs.urz.uni-halle.de\/dikola21\/files\/2021\/11\/Bildschirmfoto-2021-11-24-um-11.54.48-1024x608.png 1024w, https:\/\/blogs.urz.uni-halle.de\/dikola21\/files\/2021\/11\/Bildschirmfoto-2021-11-24-um-11.54.48-300x178.png 300w, https:\/\/blogs.urz.uni-halle.de\/dikola21\/files\/2021\/11\/Bildschirmfoto-2021-11-24-um-11.54.48-768x456.png 768w, https:\/\/blogs.urz.uni-halle.de\/dikola21\/files\/2021\/11\/Bildschirmfoto-2021-11-24-um-11.54.48-1536x912.png 1536w, https:\/\/blogs.urz.uni-halle.de\/dikola21\/files\/2021\/11\/Bildschirmfoto-2021-11-24-um-11.54.48-2048x1217.png 2048w\" sizes=\"(max-width: 1024px) 100vw, 1024px\" \/><figcaption>Benutzeroberfl\u00e4che Wonder (Screenshot)<\/figcaption><\/figure>\n\n\n\n<p><strong>Freigabeberechtigungen<\/strong><\/p>\n\n\n\n<p>Damit Sie in Wonder interagieren k\u00f6nnen, ist es notwendig, Ihrem Browser den zugriff auf Kamera und Mikrofon zu erlauben. Beim \u00d6ffnen des Links werden Sie von Wonder nach den entsprechenden Berechtigungen gefragt.<\/p>\n\n\n\n<p><strong>Avatar einrichten<\/strong><\/p>\n\n\n\n<p>In Wonder bewegen Sie sich als Avatar \u00fcber die Oberfl\u00e4che. Hierzu fordert die Anwendung Sie nach dem \u00d6ffnen dazu auf, ein Foto mit Ihrer Webcam aufzunehmen. Das aufgenommene Foto k\u00f6nnen Sie unmittelbar nach betreten des Raums wieder \u00e4ndern und durch ein eigenes Foto\/Logo\/Grafik ersetzen. W\u00e4hlen Sie hierf\u00fcr im <strong>rechten Seitenmen\u00fc <\/strong> den Punkt <strong>Profile<\/strong> aus. Dort k\u00f6nnen Sie \u00fcber das Feld <strong>Upload Avatar<\/strong> ein eigenes Bild ausw\u00e4hlen.<\/p>\n\n\n\n<p>Wenn Sie kein Foto aufnehmen m\u00f6chten, decken Sie f\u00fcr die Aufnahme Ihre Webcam ab. <\/p>\n\n\n\n<figure class=\"wp-block-gallery columns-2 is-cropped\"><ul class=\"blocks-gallery-grid\"><li class=\"blocks-gallery-item\"><figure><img loading=\"lazy\" width=\"432\" height=\"1024\" src=\"https:\/\/blogs.urz.uni-halle.de\/dikola21\/files\/2021\/11\/Bildschirmfoto-2021-11-24-um-21.04.33-432x1024.png\" alt=\"Screenshot Wonder Profil\" data-id=\"241\" data-full-url=\"https:\/\/blogs.urz.uni-halle.de\/dikola21\/files\/2021\/11\/Bildschirmfoto-2021-11-24-um-21.04.33.png\" data-link=\"https:\/\/blogs.urz.uni-halle.de\/dikola21\/bildschirmfoto-2021-11-24-um-21-04-33\/\" class=\"wp-image-241\" srcset=\"https:\/\/blogs.urz.uni-halle.de\/dikola21\/files\/2021\/11\/Bildschirmfoto-2021-11-24-um-21.04.33-432x1024.png 432w, https:\/\/blogs.urz.uni-halle.de\/dikola21\/files\/2021\/11\/Bildschirmfoto-2021-11-24-um-21.04.33-126x300.png 126w, https:\/\/blogs.urz.uni-halle.de\/dikola21\/files\/2021\/11\/Bildschirmfoto-2021-11-24-um-21.04.33.png 608w\" sizes=\"(max-width: 432px) 100vw, 432px\" \/><figcaption class=\"blocks-gallery-item__caption\">Schritt 1: Men\u00fcpunkt <strong>Profile <\/strong>ausw\u00e4hlen<\/figcaption><\/figure><\/li><li class=\"blocks-gallery-item\"><figure><img loading=\"lazy\" width=\"484\" height=\"1024\" src=\"https:\/\/blogs.urz.uni-halle.de\/dikola21\/files\/2021\/11\/Bildschirmfoto-2021-11-24-um-21.04.41-484x1024.png\" alt=\"Screenshot Wonder Avatar-Upload\" data-id=\"242\" data-full-url=\"https:\/\/blogs.urz.uni-halle.de\/dikola21\/files\/2021\/11\/Bildschirmfoto-2021-11-24-um-21.04.41.png\" data-link=\"https:\/\/blogs.urz.uni-halle.de\/dikola21\/bildschirmfoto-2021-11-24-um-21-04-41\/\" class=\"wp-image-242\" srcset=\"https:\/\/blogs.urz.uni-halle.de\/dikola21\/files\/2021\/11\/Bildschirmfoto-2021-11-24-um-21.04.41-484x1024.png 484w, https:\/\/blogs.urz.uni-halle.de\/dikola21\/files\/2021\/11\/Bildschirmfoto-2021-11-24-um-21.04.41-142x300.png 142w, https:\/\/blogs.urz.uni-halle.de\/dikola21\/files\/2021\/11\/Bildschirmfoto-2021-11-24-um-21.04.41.png 684w\" sizes=\"(max-width: 484px) 100vw, 484px\" \/><figcaption class=\"blocks-gallery-item__caption\">Schritt 2: <strong>Upload Avatar<\/strong> ausw\u00e4hlen<\/figcaption><\/figure><\/li><\/ul><\/figure>\n\n\n\n<hr class=\"wp-block-separator is-style-wide\" \/>\n\n\n\n<h2>Was kann ich bei akuten technischen Problemen tun?<\/h2>\n\n\n\n<p>Sollten der Zugriff auf Webex und Wonder am Tagungstag bei Ihnen nicht funktionieren, k\u00f6nnen Sie unsere Projektmitarbeiter*innen auch telefonisch oder \u00fcber BigBlueButton um Unterst\u00fctzung bitten.<\/p>\n\n\n\n<p>Telefon-Support: 0345 55 21738<br><a href=\"https:\/\/mluconf.uni-halle.de\/b\/lil-von-te2-b6l\">Online-Hilfe-Raum<\/a><br><\/p>\n\n\n\n<p>Die Telefonnummer und  der Link zum Online-Hilferaum sind zudem immer \u00fcber das rechte Seitenmen\u00fc einsehbar.<\/p>\n","protected":false},"excerpt":{"rendered":"<p>Die Tagung wird \u00fcber das Videokonferenzsystem Webex durchgef\u00fchrt. F\u00fcr die Teilnahme an einem Meeting m\u00fcssen Sie einfach den hinterlegten Link in der jeweiligen Session ausw\u00e4hlen. Die Sessions k\u00f6nnen Sie \u00fcber das linke Seitenmen\u00fc der Website ausw\u00e4hlen. Bei jedem Vortrag bzw. Workshop ist der Link zum zugeh\u00f6rigen Webex-Raum hinterlegt.Wir empfehlen daher, &hellip;<\/p>\n","protected":false},"author":630,"featured_media":0,"parent":0,"menu_order":0,"comment_status":"closed","ping_status":"closed","template":"","meta":[],"_links":{"self":[{"href":"https:\/\/blogs.urz.uni-halle.de\/dikola21\/wp-json\/wp\/v2\/pages\/95"}],"collection":[{"href":"https:\/\/blogs.urz.uni-halle.de\/dikola21\/wp-json\/wp\/v2\/pages"}],"about":[{"href":"https:\/\/blogs.urz.uni-halle.de\/dikola21\/wp-json\/wp\/v2\/types\/page"}],"author":[{"embeddable":true,"href":"https:\/\/blogs.urz.uni-halle.de\/dikola21\/wp-json\/wp\/v2\/users\/630"}],"replies":[{"embeddable":true,"href":"https:\/\/blogs.urz.uni-halle.de\/dikola21\/wp-json\/wp\/v2\/comments?post=95"}],"version-history":[{"count":9,"href":"https:\/\/blogs.urz.uni-halle.de\/dikola21\/wp-json\/wp\/v2\/pages\/95\/revisions"}],"predecessor-version":[{"id":245,"href":"https:\/\/blogs.urz.uni-halle.de\/dikola21\/wp-json\/wp\/v2\/pages\/95\/revisions\/245"}],"wp:attachment":[{"href":"https:\/\/blogs.urz.uni-halle.de\/dikola21\/wp-json\/wp\/v2\/media?parent=95"}],"curies":[{"name":"wp","href":"https:\/\/api.w.org\/{rel}","templated":true}]}}