{"id":67,"date":"2022-04-28T22:23:36","date_gmt":"2022-04-28T20:23:36","guid":{"rendered":"https:\/\/blogs.urz.uni-halle.de\/dikola22\/?page_id=67"},"modified":"2022-04-28T22:56:22","modified_gmt":"2022-04-28T20:56:22","slug":"begruessung-und-eroeffnung","status":"publish","type":"page","link":"https:\/\/blogs.urz.uni-halle.de\/dikola22\/begruessung-und-eroeffnung\/","title":{"rendered":"Begr\u00fc\u00dfung und Er\u00f6ffnung"},"content":{"rendered":"\n<p><strong>Frank Diesener<\/strong><br>Staatssekret\u00e4r im Ministerium f\u00fcr Bildung Sachsen-Anhalt<\/p>\n\n\n\n<p><strong>Prof. Dr. Wolf Zimmermann<\/strong><br>Prorektor f\u00fcr Studium und Lehre<br>Martin-Luther-Universit\u00e4t Halle-Wittenberg<\/p>\n\n\n\n<p><strong>Prof. Dr. Georg Maas<\/strong><br>Direktor des Zentrums f\u00fcr Lehrer*innenbildung<br>Martin-Luther-Universit\u00e4t Halle-Wittenberg<\/p>\n","protected":false},"excerpt":{"rendered":"<p>Frank DiesenerStaatssekret\u00e4r im Ministerium f\u00fcr Bildung Sachsen-Anhalt Prof. Dr. Wolf ZimmermannProrektor f\u00fcr Studium und LehreMartin-Luther-Universit\u00e4t Halle-Wittenberg Prof. Dr. Georg MaasDirektor des Zentrums f\u00fcr Lehrer*innenbildungMartin-Luther-Universit\u00e4t Halle-Wittenberg<\/p>\n","protected":false},"author":630,"featured_media":0,"parent":0,"menu_order":0,"comment_status":"closed","ping_status":"closed","template":"","meta":[],"_links":{"self":[{"href":"https:\/\/blogs.urz.uni-halle.de\/dikola22\/wp-json\/wp\/v2\/pages\/67"}],"collection":[{"href":"https:\/\/blogs.urz.uni-halle.de\/dikola22\/wp-json\/wp\/v2\/pages"}],"about":[{"href":"https:\/\/blogs.urz.uni-halle.de\/dikola22\/wp-json\/wp\/v2\/types\/page"}],"author":[{"embeddable":true,"href":"https:\/\/blogs.urz.uni-halle.de\/dikola22\/wp-json\/wp\/v2\/users\/630"}],"replies":[{"embeddable":true,"href":"https:\/\/blogs.urz.uni-halle.de\/dikola22\/wp-json\/wp\/v2\/comments?post=67"}],"version-history":[{"count":3,"href":"https:\/\/blogs.urz.uni-halle.de\/dikola22\/wp-json\/wp\/v2\/pages\/67\/revisions"}],"predecessor-version":[{"id":84,"href":"https:\/\/blogs.urz.uni-halle.de\/dikola22\/wp-json\/wp\/v2\/pages\/67\/revisions\/84"}],"wp:attachment":[{"href":"https:\/\/blogs.urz.uni-halle.de\/dikola22\/wp-json\/wp\/v2\/media?parent=67"}],"curies":[{"name":"wp","href":"https:\/\/api.w.org\/{rel}","templated":true}]}}