{"id":85,"date":"2022-04-28T23:00:46","date_gmt":"2022-04-28T21:00:46","guid":{"rendered":"https:\/\/blogs.urz.uni-halle.de\/dikola22\/?page_id=85"},"modified":"2022-07-22T09:54:41","modified_gmt":"2022-07-22T07:54:41","slug":"fish-bowl-wie-aktuell-ist-digitalisierung-jetzt-und-morgen-in-den-schulen","status":"publish","type":"page","link":"https:\/\/blogs.urz.uni-halle.de\/dikola22\/fish-bowl-wie-aktuell-ist-digitalisierung-jetzt-und-morgen-in-den-schulen\/","title":{"rendered":"Fish Bowl: Wie aktuell ist Digitalisierung jetzt und morgen in den Schulen?"},"content":{"rendered":"\n<p><strong>Paul Munzinger <\/strong><br>Input zur Diskussion<\/p>\n\n\n\n<figure class=\"wp-block-embed-youtube wp-block-embed is-type-video is-provider-youtube wp-embed-aspect-16-9 wp-has-aspect-ratio\"><div class=\"wp-block-embed__wrapper\">\n<iframe title=\"Wie aktuell ist Digitalisierung jetzt und morgen in den Schulen? \u2013 Paul Munzinger | School\u2019s On 2022\" width=\"1140\" height=\"641\" src=\"https:\/\/www.youtube.com\/embed\/Yri2XMsQIrM?list=PLw34az0E8hwltxJ4DjrP6S88aK71HpDb9\" frameborder=\"0\" allow=\"accelerometer; autoplay; clipboard-write; encrypted-media; gyroscope; picture-in-picture\" allowfullscreen><\/iframe>\n<\/div><\/figure>\n\n\n\n<h4>Diskutanten<\/h4>\n\n\n\n<p><strong>Matthias Ballod<\/strong> (Martin-Luther-Universit\u00e4t Halle-Wittenberg)<br><strong>Frank Diesener<\/strong> (Ministerium f\u00fcr Bildung in Sachsen-Anhalt)<br><strong>Anne Gro\u00dfheim<\/strong> (Lehrerin, Halle)<br><strong>Paul Munzinger<\/strong> (S\u00fcddeutsche Zeitung, M\u00fcnchen)<br><strong>Norbert Ryl<\/strong> (Landesschulamt Halle)<\/p>\n","protected":false},"excerpt":{"rendered":"<p>Paul Munzinger Input zur Diskussion Diskutanten Matthias Ballod (Martin-Luther-Universit\u00e4t Halle-Wittenberg)Frank Diesener (Ministerium f\u00fcr Bildung in Sachsen-Anhalt)Anne Gro\u00dfheim (Lehrerin, Halle)Paul Munzinger (S\u00fcddeutsche Zeitung, M\u00fcnchen)Norbert Ryl (Landesschulamt Halle)<\/p>\n","protected":false},"author":630,"featured_media":0,"parent":0,"menu_order":0,"comment_status":"closed","ping_status":"closed","template":"","meta":[],"_links":{"self":[{"href":"https:\/\/blogs.urz.uni-halle.de\/dikola22\/wp-json\/wp\/v2\/pages\/85"}],"collection":[{"href":"https:\/\/blogs.urz.uni-halle.de\/dikola22\/wp-json\/wp\/v2\/pages"}],"about":[{"href":"https:\/\/blogs.urz.uni-halle.de\/dikola22\/wp-json\/wp\/v2\/types\/page"}],"author":[{"embeddable":true,"href":"https:\/\/blogs.urz.uni-halle.de\/dikola22\/wp-json\/wp\/v2\/users\/630"}],"replies":[{"embeddable":true,"href":"https:\/\/blogs.urz.uni-halle.de\/dikola22\/wp-json\/wp\/v2\/comments?post=85"}],"version-history":[{"count":3,"href":"https:\/\/blogs.urz.uni-halle.de\/dikola22\/wp-json\/wp\/v2\/pages\/85\/revisions"}],"predecessor-version":[{"id":168,"href":"https:\/\/blogs.urz.uni-halle.de\/dikola22\/wp-json\/wp\/v2\/pages\/85\/revisions\/168"}],"wp:attachment":[{"href":"https:\/\/blogs.urz.uni-halle.de\/dikola22\/wp-json\/wp\/v2\/media?parent=85"}],"curies":[{"name":"wp","href":"https:\/\/api.w.org\/{rel}","templated":true}]}}