{"id":9,"date":"2023-03-16T19:23:37","date_gmt":"2023-03-16T18:23:37","guid":{"rendered":"https:\/\/blogs.urz.uni-halle.de\/dikola23\/?page_id=9"},"modified":"2023-06-01T13:33:58","modified_gmt":"2023-06-01T11:33:58","slug":"jahrestagung-dikola-2023","status":"publish","type":"page","link":"https:\/\/blogs.urz.uni-halle.de\/dikola23\/","title":{"rendered":"Perspektivtagung Dikola 2023"},"content":{"rendered":"\n<p>Wie m\u00fcssen Lehren, Lernen, Pr\u00fcfen neu gedacht und neu gestaltet werden, um den n\u00e4chsten Sch\u00fcler*innen-Generationen ein selbstbestimmtes Leben, gesellschaftliche Teilhabe und berufliche Perspektiven zu erm\u00f6glichen? Und wie muss das Lehramtsstudium jetzt (!) ausgerichtet werden, um die daf\u00fcr qualifizierten Lehrerinnen und Lehrer auszubilden?<\/p>\n\n\n\n<p>Die Perspektivtagung des BMBF-Projekts DikoLa ist vor diesem Hintergrund mit Beteiligten der Lehrer*innenbildung aller Phasen ins Gespr\u00e4ch gekommen.<\/p>\n\n\n\n<p>Unter dem Titel <strong>DikoLa 2023: Bildung nachhaltig transformieren<\/strong> haben wir nach mehr als drei Jahren Projektlaufzeit nicht nur Resum\u00e9e gezogen, sondern vor allem auch den Blick nach vorn gewagt. In Vortr\u00e4gen von Expert*innen wurden neue Perspektiven und Impulse aufgezeigt, die in umf\u00e4nglichen Anschlussdiskussionen m\u00fcndeten. Am zweiten Tag standen partizipative Formate im Fokus, um aufzuzeigen, welche Formate und digitalen Anwendungen Schule und Hochschule bereichern.<\/p>\n\n\n\n<p>Die Fachtagung richtete sich an alle Kolleg*innen der Lehrer*innenbildung. \u00dcbergreifende Ziele waren der fachliche Erfahrungsaustausch und die Weiterentwicklung von Konzepten und Ideen, die eine zukunftsf\u00e4hige Bildung heute nachhaltig verankern.<br>Wir bedanken uns bei allen Teilnehmer*innen f\u00fcr eine gelungene und impulsreiche Tagung!<\/p>\n\n\n\n<hr class=\"wp-block-separator is-style-wide\" \/>\n\n\n\n<figure class=\"wp-block-gallery columns-3 is-cropped\"><ul class=\"blocks-gallery-grid\"><li class=\"blocks-gallery-item\"><figure><a href=\"https:\/\/blogs.urz.uni-halle.de\/dikola23\/files\/2023\/06\/8X3A9210-1024x683.jpg\"><img loading=\"lazy\" width=\"1024\" height=\"683\" src=\"https:\/\/blogs.urz.uni-halle.de\/dikola23\/files\/2023\/06\/8X3A9210-1024x683.jpg\" alt=\"\" data-id=\"212\" data-link=\"https:\/\/blogs.urz.uni-halle.de\/dikola23\/jahrestagung-dikola-2023\/8x3a9210\/\" class=\"wp-image-212\" srcset=\"https:\/\/blogs.urz.uni-halle.de\/dikola23\/files\/2023\/06\/8X3A9210-1024x683.jpg 1024w, https:\/\/blogs.urz.uni-halle.de\/dikola23\/files\/2023\/06\/8X3A9210-300x200.jpg 300w, https:\/\/blogs.urz.uni-halle.de\/dikola23\/files\/2023\/06\/8X3A9210-768x512.jpg 768w, https:\/\/blogs.urz.uni-halle.de\/dikola23\/files\/2023\/06\/8X3A9210-1536x1024.jpg 1536w, https:\/\/blogs.urz.uni-halle.de\/dikola23\/files\/2023\/06\/8X3A9210-2048x1365.jpg 2048w\" sizes=\"(max-width: 1024px) 100vw, 1024px\" \/><\/a><\/figure><\/li><li class=\"blocks-gallery-item\"><figure><a href=\"https:\/\/blogs.urz.uni-halle.de\/dikola23\/files\/2023\/06\/8X3A9274-1024x683.jpg\"><img loading=\"lazy\" width=\"1024\" height=\"683\" src=\"https:\/\/blogs.urz.uni-halle.de\/dikola23\/files\/2023\/06\/8X3A9274-1024x683.jpg\" alt=\"\" data-id=\"213\" data-link=\"https:\/\/blogs.urz.uni-halle.de\/dikola23\/jahrestagung-dikola-2023\/8x3a9274\/\" class=\"wp-image-213\" srcset=\"https:\/\/blogs.urz.uni-halle.de\/dikola23\/files\/2023\/06\/8X3A9274-1024x683.jpg 1024w, https:\/\/blogs.urz.uni-halle.de\/dikola23\/files\/2023\/06\/8X3A9274-300x200.jpg 300w, https:\/\/blogs.urz.uni-halle.de\/dikola23\/files\/2023\/06\/8X3A9274-768x512.jpg 768w, https:\/\/blogs.urz.uni-halle.de\/dikola23\/files\/2023\/06\/8X3A9274-1536x1024.jpg 1536w, https:\/\/blogs.urz.uni-halle.de\/dikola23\/files\/2023\/06\/8X3A9274-2048x1365.jpg 2048w\" sizes=\"(max-width: 1024px) 100vw, 1024px\" \/><\/a><\/figure><\/li><li class=\"blocks-gallery-item\"><figure><a href=\"https:\/\/blogs.urz.uni-halle.de\/dikola23\/files\/2023\/06\/8X3A9287-scaled.jpg\"><img loading=\"lazy\" width=\"1024\" height=\"683\" src=\"https:\/\/blogs.urz.uni-halle.de\/dikola23\/files\/2023\/06\/8X3A9287-1024x683.jpg\" alt=\"\" data-id=\"214\" data-full-url=\"https:\/\/blogs.urz.uni-halle.de\/dikola23\/files\/2023\/06\/8X3A9287-scaled.jpg\" data-link=\"https:\/\/blogs.urz.uni-halle.de\/dikola23\/jahrestagung-dikola-2023\/8x3a9287\/\" class=\"wp-image-214\" srcset=\"https:\/\/blogs.urz.uni-halle.de\/dikola23\/files\/2023\/06\/8X3A9287-1024x683.jpg 1024w, https:\/\/blogs.urz.uni-halle.de\/dikola23\/files\/2023\/06\/8X3A9287-300x200.jpg 300w, https:\/\/blogs.urz.uni-halle.de\/dikola23\/files\/2023\/06\/8X3A9287-768x512.jpg 768w, https:\/\/blogs.urz.uni-halle.de\/dikola23\/files\/2023\/06\/8X3A9287-1536x1024.jpg 1536w, https:\/\/blogs.urz.uni-halle.de\/dikola23\/files\/2023\/06\/8X3A9287-2048x1365.jpg 2048w\" sizes=\"(max-width: 1024px) 100vw, 1024px\" \/><\/a><\/figure><\/li><\/ul><\/figure>\n\n\n\n<figure class=\"wp-block-gallery columns-3 is-cropped\"><ul class=\"blocks-gallery-grid\"><li class=\"blocks-gallery-item\"><figure><a href=\"https:\/\/blogs.urz.uni-halle.de\/dikola23\/files\/2023\/06\/image00002-1024x768.jpeg\"><img loading=\"lazy\" width=\"1024\" height=\"768\" src=\"https:\/\/blogs.urz.uni-halle.de\/dikola23\/files\/2023\/06\/image00002-1024x768.jpeg\" alt=\"\" data-id=\"215\" data-link=\"https:\/\/blogs.urz.uni-halle.de\/dikola23\/jahrestagung-dikola-2023\/image00002\/\" class=\"wp-image-215\" srcset=\"https:\/\/blogs.urz.uni-halle.de\/dikola23\/files\/2023\/06\/image00002-1024x768.jpeg 1024w, https:\/\/blogs.urz.uni-halle.de\/dikola23\/files\/2023\/06\/image00002-300x225.jpeg 300w, https:\/\/blogs.urz.uni-halle.de\/dikola23\/files\/2023\/06\/image00002-768x576.jpeg 768w, https:\/\/blogs.urz.uni-halle.de\/dikola23\/files\/2023\/06\/image00002-1536x1152.jpeg 1536w, https:\/\/blogs.urz.uni-halle.de\/dikola23\/files\/2023\/06\/image00002-2048x1536.jpeg 2048w\" sizes=\"(max-width: 1024px) 100vw, 1024px\" \/><\/a><\/figure><\/li><li class=\"blocks-gallery-item\"><figure><a href=\"https:\/\/blogs.urz.uni-halle.de\/dikola23\/files\/2023\/06\/20230509_113134-1024x768.jpg\"><img loading=\"lazy\" width=\"1024\" height=\"768\" src=\"https:\/\/blogs.urz.uni-halle.de\/dikola23\/files\/2023\/06\/20230509_113134-1024x768.jpg\" alt=\"\" data-id=\"216\" data-link=\"https:\/\/blogs.urz.uni-halle.de\/dikola23\/jahrestagung-dikola-2023\/20230509_113134\/\" class=\"wp-image-216\" srcset=\"https:\/\/blogs.urz.uni-halle.de\/dikola23\/files\/2023\/06\/20230509_113134-1024x768.jpg 1024w, https:\/\/blogs.urz.uni-halle.de\/dikola23\/files\/2023\/06\/20230509_113134-300x225.jpg 300w, https:\/\/blogs.urz.uni-halle.de\/dikola23\/files\/2023\/06\/20230509_113134-768x576.jpg 768w, https:\/\/blogs.urz.uni-halle.de\/dikola23\/files\/2023\/06\/20230509_113134-1536x1152.jpg 1536w, https:\/\/blogs.urz.uni-halle.de\/dikola23\/files\/2023\/06\/20230509_113134-2048x1536.jpg 2048w\" sizes=\"(max-width: 1024px) 100vw, 1024px\" \/><\/a><\/figure><\/li><li class=\"blocks-gallery-item\"><figure><a href=\"https:\/\/blogs.urz.uni-halle.de\/dikola23\/files\/2023\/06\/image00006-scaled.jpeg\"><img loading=\"lazy\" width=\"1024\" height=\"768\" src=\"https:\/\/blogs.urz.uni-halle.de\/dikola23\/files\/2023\/06\/image00006-1024x768.jpeg\" alt=\"\" data-id=\"217\" data-full-url=\"https:\/\/blogs.urz.uni-halle.de\/dikola23\/files\/2023\/06\/image00006-scaled.jpeg\" data-link=\"https:\/\/blogs.urz.uni-halle.de\/dikola23\/jahrestagung-dikola-2023\/image00006\/\" class=\"wp-image-217\" srcset=\"https:\/\/blogs.urz.uni-halle.de\/dikola23\/files\/2023\/06\/image00006-1024x768.jpeg 1024w, https:\/\/blogs.urz.uni-halle.de\/dikola23\/files\/2023\/06\/image00006-300x225.jpeg 300w, https:\/\/blogs.urz.uni-halle.de\/dikola23\/files\/2023\/06\/image00006-768x576.jpeg 768w, https:\/\/blogs.urz.uni-halle.de\/dikola23\/files\/2023\/06\/image00006-1536x1152.jpeg 1536w, https:\/\/blogs.urz.uni-halle.de\/dikola23\/files\/2023\/06\/image00006-2048x1536.jpeg 2048w\" sizes=\"(max-width: 1024px) 100vw, 1024px\" \/><\/a><\/figure><\/li><\/ul><\/figure>\n\n\n\n<h4>R\u00fcckblick und Transfer<\/h4>\n\n\n\n<p>Die Beitr\u00e4ge der Referent*innen sowie die Ergebnisse der Austauschformate im Rahmen des zweiten Tagungstages k\u00f6nnen \u00fcber das linke Seitenmen\u00fc abgerufen werden.<\/p>\n\n\n\n<p>Au\u00dferdem steht die <a href=\"https:\/\/blogs.urz.uni-halle.de\/dikola23\/files\/2023\/05\/2023_05_08_Tagungsprogramm-DikoLa23_V03.pdf\" data-type=\"URL\" data-id=\"https:\/\/blogs.urz.uni-halle.de\/dikola23\/files\/2023\/05\/2023_05_08_Tagungsprogramm-DikoLa23_V03.pdf\" target=\"_blank\" rel=\"noreferrer noopener\">Programm\u00fcbersicht zum Download<\/a> bereit.<\/p>\n\n\n\n<hr class=\"wp-block-separator is-style-wide\" \/>\n","protected":false},"excerpt":{"rendered":"<p>Wie m\u00fcssen Lehren, Lernen, Pr\u00fcfen neu gedacht und neu gestaltet werden, um den n\u00e4chsten Sch\u00fcler*innen-Generationen ein selbstbestimmtes Leben, gesellschaftliche Teilhabe und berufliche Perspektiven zu erm\u00f6glichen? Und wie muss das Lehramtsstudium jetzt (!) ausgerichtet werden, um die daf\u00fcr qualifizierten Lehrerinnen und Lehrer auszubilden? Die Perspektivtagung des BMBF-Projekts DikoLa ist vor diesem &hellip;<\/p>\n","protected":false},"author":630,"featured_media":0,"parent":0,"menu_order":0,"comment_status":"closed","ping_status":"closed","template":"","meta":[],"_links":{"self":[{"href":"https:\/\/blogs.urz.uni-halle.de\/dikola23\/wp-json\/wp\/v2\/pages\/9"}],"collection":[{"href":"https:\/\/blogs.urz.uni-halle.de\/dikola23\/wp-json\/wp\/v2\/pages"}],"about":[{"href":"https:\/\/blogs.urz.uni-halle.de\/dikola23\/wp-json\/wp\/v2\/types\/page"}],"author":[{"embeddable":true,"href":"https:\/\/blogs.urz.uni-halle.de\/dikola23\/wp-json\/wp\/v2\/users\/630"}],"replies":[{"embeddable":true,"href":"https:\/\/blogs.urz.uni-halle.de\/dikola23\/wp-json\/wp\/v2\/comments?post=9"}],"version-history":[{"count":9,"href":"https:\/\/blogs.urz.uni-halle.de\/dikola23\/wp-json\/wp\/v2\/pages\/9\/revisions"}],"predecessor-version":[{"id":234,"href":"https:\/\/blogs.urz.uni-halle.de\/dikola23\/wp-json\/wp\/v2\/pages\/9\/revisions\/234"}],"wp:attachment":[{"href":"https:\/\/blogs.urz.uni-halle.de\/dikola23\/wp-json\/wp\/v2\/media?parent=9"}],"curies":[{"name":"wp","href":"https:\/\/api.w.org\/{rel}","templated":true}]}}