{"id":90,"date":"2023-04-04T21:03:33","date_gmt":"2023-04-04T19:03:33","guid":{"rendered":"https:\/\/blogs.urz.uni-halle.de\/dikola23\/?page_id=90"},"modified":"2023-06-05T13:30:46","modified_gmt":"2023-06-05T11:30:46","slug":"vortrag","status":"publish","type":"page","link":"https:\/\/blogs.urz.uni-halle.de\/dikola23\/vortrag\/","title":{"rendered":"#QualityDidaktik. Social Media als (hoch)schulischer Lehr-Lernraum"},"content":{"rendered":"\n<p><strong>Dr. phil. Gunhild Berg<\/strong><br>Germanistisches Institut, Fachdidaktik Deutsch<br>Martin-Luther-Universit\u00e4t Halle-Wittenberg<\/p>\n\n\n\n<hr class=\"wp-block-separator is-style-wide\" \/>\n\n\n\n<p>Soziale Netzwerke wie Instagram, Twitter oder TikTok er\u00f6ffnen eine neue sozialmediale Dimension des Lernens. Social Media-Plattformen sind deshalb nicht nur notwendig Lern- und Reflexionsgegenst\u00e4nde der Medienbildung, sondern dar\u00fcber hinaus auch Lehr-Lernmittel und Lehr-Lernraum f\u00fcr eine zukunftsorientierte Didaktik.<\/p>\n\n\n\n<p>Der Vortrag stellt erstens die didaktischen Potentiale von Social Media in diversen Lehrlernszenarien im \u00dcberblick vor und zeigt zweitens eine Auswahl an Modellen von und Ergebnissen aus Lehrveranstaltungen mit, in und \u00fcber Social Media, die f\u00e4cherverbindend in der Medienbildung oder in der Fachdidaktik Deutsch an der Universit\u00e4t Halle erprobt wurden. Exemplarisch daf\u00fcr stehen Hashtag und Account @QualityDidaktik, die Lehramtsstudierende kreierten.<\/p>\n\n\n\n<hr class=\"wp-block-separator is-style-wide\" \/>\n\n\n\n<p>Moderation: Dr. Michael Gerth<\/p>\n","protected":false},"excerpt":{"rendered":"<p>Dr. phil. Gunhild BergGermanistisches Institut, Fachdidaktik DeutschMartin-Luther-Universit\u00e4t Halle-Wittenberg Soziale Netzwerke wie Instagram, Twitter oder TikTok er\u00f6ffnen eine neue sozialmediale Dimension des Lernens. Social Media-Plattformen sind deshalb nicht nur notwendig Lern- und Reflexionsgegenst\u00e4nde der Medienbildung, sondern dar\u00fcber hinaus auch Lehr-Lernmittel und Lehr-Lernraum f\u00fcr eine zukunftsorientierte Didaktik. Der Vortrag stellt erstens die &hellip;<\/p>\n","protected":false},"author":630,"featured_media":0,"parent":0,"menu_order":0,"comment_status":"closed","ping_status":"closed","template":"","meta":[],"_links":{"self":[{"href":"https:\/\/blogs.urz.uni-halle.de\/dikola23\/wp-json\/wp\/v2\/pages\/90"}],"collection":[{"href":"https:\/\/blogs.urz.uni-halle.de\/dikola23\/wp-json\/wp\/v2\/pages"}],"about":[{"href":"https:\/\/blogs.urz.uni-halle.de\/dikola23\/wp-json\/wp\/v2\/types\/page"}],"author":[{"embeddable":true,"href":"https:\/\/blogs.urz.uni-halle.de\/dikola23\/wp-json\/wp\/v2\/users\/630"}],"replies":[{"embeddable":true,"href":"https:\/\/blogs.urz.uni-halle.de\/dikola23\/wp-json\/wp\/v2\/comments?post=90"}],"version-history":[{"count":9,"href":"https:\/\/blogs.urz.uni-halle.de\/dikola23\/wp-json\/wp\/v2\/pages\/90\/revisions"}],"predecessor-version":[{"id":272,"href":"https:\/\/blogs.urz.uni-halle.de\/dikola23\/wp-json\/wp\/v2\/pages\/90\/revisions\/272"}],"wp:attachment":[{"href":"https:\/\/blogs.urz.uni-halle.de\/dikola23\/wp-json\/wp\/v2\/media?parent=90"}],"curies":[{"name":"wp","href":"https:\/\/api.w.org\/{rel}","templated":true}]}}