{"id":92,"date":"2023-04-04T21:04:05","date_gmt":"2023-04-04T19:04:05","guid":{"rendered":"https:\/\/blogs.urz.uni-halle.de\/dikola23\/?page_id=92"},"modified":"2023-06-05T13:30:56","modified_gmt":"2023-06-05T11:30:56","slug":"vortrag-2","status":"publish","type":"page","link":"https:\/\/blogs.urz.uni-halle.de\/dikola23\/vortrag-2\/","title":{"rendered":"Zukunft jetzt! Schulen und Hochschulen auf dem Sprung"},"content":{"rendered":"\n<p><strong>Prof. Dr. Matthias Ballod&nbsp;<\/strong><br>Germanistisches Institut, Fachdidaktik Deutsch<br>Martin-Luther-Universit\u00e4t Halle-Wittenberg<\/p>\n\n\n\n<p>Bildung nachhaltig transformieren\u201c, ist eine Zukunftsaufgabe, die heute beginnt; innerhalb und au\u00dferhalb von Bildungsinstitutionen. Die Lehramtsausbildung ist heute gefordert, Studierende zu bef\u00e4higen, zuk\u00fcnftige Sch\u00fclergenerationen angemessen auszubilden. Dazu bedarf es strategischen Handelns im Profil der MLU, um Schule der Zukunft zu gestalten. Im Rahmen des Vortrags werden aktuelle Entwicklungen von \u201aDigitalisierung und KI\u2018 eingeordnet, Konsequenzen beschrieben, Ver\u00e4nderungsbedarfe angezeigt und L\u00f6sungen skizziert.<\/p>\n\n\n\n<hr class=\"wp-block-separator is-style-wide\" \/>\n\n\n\n<p>Moderation: Dr. Michael Gerth<\/p>\n","protected":false},"excerpt":{"rendered":"<p>Prof. Dr. Matthias Ballod&nbsp;Germanistisches Institut, Fachdidaktik DeutschMartin-Luther-Universit\u00e4t Halle-Wittenberg Bildung nachhaltig transformieren\u201c, ist eine Zukunftsaufgabe, die heute beginnt; innerhalb und au\u00dferhalb von Bildungsinstitutionen. Die Lehramtsausbildung ist heute gefordert, Studierende zu bef\u00e4higen, zuk\u00fcnftige Sch\u00fclergenerationen angemessen auszubilden. Dazu bedarf es strategischen Handelns im Profil der MLU, um Schule der Zukunft zu gestalten. Im &hellip;<\/p>\n","protected":false},"author":630,"featured_media":0,"parent":0,"menu_order":0,"comment_status":"closed","ping_status":"closed","template":"","meta":[],"_links":{"self":[{"href":"https:\/\/blogs.urz.uni-halle.de\/dikola23\/wp-json\/wp\/v2\/pages\/92"}],"collection":[{"href":"https:\/\/blogs.urz.uni-halle.de\/dikola23\/wp-json\/wp\/v2\/pages"}],"about":[{"href":"https:\/\/blogs.urz.uni-halle.de\/dikola23\/wp-json\/wp\/v2\/types\/page"}],"author":[{"embeddable":true,"href":"https:\/\/blogs.urz.uni-halle.de\/dikola23\/wp-json\/wp\/v2\/users\/630"}],"replies":[{"embeddable":true,"href":"https:\/\/blogs.urz.uni-halle.de\/dikola23\/wp-json\/wp\/v2\/comments?post=92"}],"version-history":[{"count":9,"href":"https:\/\/blogs.urz.uni-halle.de\/dikola23\/wp-json\/wp\/v2\/pages\/92\/revisions"}],"predecessor-version":[{"id":273,"href":"https:\/\/blogs.urz.uni-halle.de\/dikola23\/wp-json\/wp\/v2\/pages\/92\/revisions\/273"}],"wp:attachment":[{"href":"https:\/\/blogs.urz.uni-halle.de\/dikola23\/wp-json\/wp\/v2\/media?parent=92"}],"curies":[{"name":"wp","href":"https:\/\/api.w.org\/{rel}","templated":true}]}}