{"id":19,"date":"2024-12-17T15:29:02","date_gmt":"2024-12-17T14:29:02","guid":{"rendered":"https:\/\/blogs.urz.uni-halle.de\/dirkevers\/?page_id=19"},"modified":"2025-02-16T17:08:43","modified_gmt":"2025-02-16T16:08:43","slug":"kontakt","status":"publish","type":"page","link":"https:\/\/blogs.urz.uni-halle.de\/dirkevers\/kontakt\/","title":{"rendered":"Kontakt"},"content":{"rendered":"\n<p>Sie finden uns hier: <\/p>\n\n\n\n<p>Martin-Luther-Universit\u00e4t Halle-Wittenberg<br>Theologische Fakult\u00e4t<br>Institut f\u00fcr Systematische Theologie<br>Franckeplatz 1, Haus 26, 2. OG (Eingang \u00fcber Haus 25)<br>06099 Halle\/Saale<\/p>\n\n\n\n<p>Postanschrift:<\/p>\n\n\n\n<p>Martin-Luther-Universit\u00e4t Halle-Wittenberg<br>Theologische Fakult\u00e4t<br>Institut f\u00fcr Systematische Theologie<br>Franckeplatz 1, Haus 30<br>06099 Halle\/Saale<\/p>\n","protected":false},"excerpt":{"rendered":"<p>Sie finden uns hier: Martin-Luther-Universit\u00e4t Halle-WittenbergTheologische Fakult\u00e4tInstitut f\u00fcr Systematische TheologieFranckeplatz 1, Haus 26, 2. OG (Eingang \u00fcber Haus 25)06099 Halle\/Saale Postanschrift: Martin-Luther-Universit\u00e4t Halle-WittenbergTheologische Fakult\u00e4tInstitut f\u00fcr Systematische TheologieFranckeplatz 1, Haus 3006099 Halle\/Saale<\/p>\n","protected":false},"author":6229,"featured_media":0,"parent":0,"menu_order":0,"comment_status":"closed","ping_status":"closed","template":"","meta":[],"_links":{"self":[{"href":"https:\/\/blogs.urz.uni-halle.de\/dirkevers\/wp-json\/wp\/v2\/pages\/19"}],"collection":[{"href":"https:\/\/blogs.urz.uni-halle.de\/dirkevers\/wp-json\/wp\/v2\/pages"}],"about":[{"href":"https:\/\/blogs.urz.uni-halle.de\/dirkevers\/wp-json\/wp\/v2\/types\/page"}],"author":[{"embeddable":true,"href":"https:\/\/blogs.urz.uni-halle.de\/dirkevers\/wp-json\/wp\/v2\/users\/6229"}],"replies":[{"embeddable":true,"href":"https:\/\/blogs.urz.uni-halle.de\/dirkevers\/wp-json\/wp\/v2\/comments?post=19"}],"version-history":[{"count":3,"href":"https:\/\/blogs.urz.uni-halle.de\/dirkevers\/wp-json\/wp\/v2\/pages\/19\/revisions"}],"predecessor-version":[{"id":213,"href":"https:\/\/blogs.urz.uni-halle.de\/dirkevers\/wp-json\/wp\/v2\/pages\/19\/revisions\/213"}],"wp:attachment":[{"href":"https:\/\/blogs.urz.uni-halle.de\/dirkevers\/wp-json\/wp\/v2\/media?parent=19"}],"curies":[{"name":"wp","href":"https:\/\/api.w.org\/{rel}","templated":true}]}}