{"id":38,"date":"2024-12-17T15:34:10","date_gmt":"2024-12-17T14:34:10","guid":{"rendered":"https:\/\/blogs.urz.uni-halle.de\/dirkevers\/?page_id=38"},"modified":"2025-01-29T12:11:35","modified_gmt":"2025-01-29T11:11:35","slug":"elisabeth-loos","status":"publish","type":"page","link":"https:\/\/blogs.urz.uni-halle.de\/dirkevers\/elisabeth-loos\/","title":{"rendered":"Elisabeth Loos"},"content":{"rendered":"\n<figure class=\"wp-block-image size-large is-resized\"><img loading=\"lazy\" src=\"https:\/\/blogs.urz.uni-halle.de\/dirkevers\/files\/2024\/12\/1da14207-796x1024.jpg\" alt=\"\" class=\"wp-image-59\" width=\"182\" height=\"234\" srcset=\"https:\/\/blogs.urz.uni-halle.de\/dirkevers\/files\/2024\/12\/1da14207-796x1024.jpg 796w, https:\/\/blogs.urz.uni-halle.de\/dirkevers\/files\/2024\/12\/1da14207-233x300.jpg 233w, https:\/\/blogs.urz.uni-halle.de\/dirkevers\/files\/2024\/12\/1da14207-768x988.jpg 768w, https:\/\/blogs.urz.uni-halle.de\/dirkevers\/files\/2024\/12\/1da14207-1194x1536.jpg 1194w, https:\/\/blogs.urz.uni-halle.de\/dirkevers\/files\/2024\/12\/1da14207-1592x2048.jpg 1592w, https:\/\/blogs.urz.uni-halle.de\/dirkevers\/files\/2024\/12\/1da14207-scaled.jpg 1991w\" sizes=\"(max-width: 182px) 100vw, 182px\" \/><\/figure>\n\n\n\n<h2>Kontakt<\/h2>\n\n\n\n<p><a href=\"elisabeth.loos@theologie.uni-halle.de\" data-type=\"URL\" data-id=\"elisabeth.loos@theologie.uni-halle.de\">Email<\/a><\/p>\n\n\n\n<p><em>Telefon:<\/em> <\/p>\n\n\n\n<p>0345\/5523023<\/p>\n\n\n\n<p><em>Postanschrift:<\/em><\/p>\n\n\n\n<p>Elisabeth Loos<br>Institut f\u00fcr Systematische Theologie und Praktische Theologie und Religionswissenschaft<br>Franckeplatz 1\/30<br>06099 Halle\/Saale<\/p>\n\n\n\n<h2>Vita<\/h2>\n\n\n\n<p>2005 &#8211; 2011 Studium der Ev. Theologie und Biologie f\u00fcr das Lehramt an Gymnasien, Universit\u00e4t Leipzig<\/p>\n\n\n\n<p>2011 Erstes Staatsexamen<\/p>\n\n\n\n<p>2013-2017 Promotionsstipendiatin des Ev. Studienwerks Villigst<\/p>\n\n\n\n<p>Promotionsprojekt zum Thema&nbsp;<em>\u201eLeben\u201c im Spannungsfeld von Biologie und Theologie. Interdisziplin\u00e4re Problemstellungen im Kontext von Forschungen der Synthetischen Biologie.&nbsp;<\/em>Betreuer: Prof. em. Dr. Matthias Petzoldt (Systematische Theologie, Leipzig) und Prof. Dr. Christian Wilhelm (Pflanzenphysiologie, Leipzig)<\/p>\n\n\n\n<p>2014\/15 Elternjahr<\/p>\n\n\n\n<p>seit 2018 Wissenschaftliche Mitarbeiterin an der Universit\u00e4t Halle, Theologische Fakult\u00e4t, Institut f\u00fcr Systematische Theologie und Religionsphilosophie<\/p>\n\n\n\n<p>2020\/21 Elternjahr<\/p>\n\n\n\n<p>2022\/23 Auslandsjahr in Oxford, UK<\/p>\n\n\n\n<h2>Vortr\u00e4ge und Publikationen<\/h2>\n\n\n\n<p>10.2013 \u201eGott und die Welt. Auf Pilzsuche mit Leipziger Biologen\u201c, Vortrag im Rahmen des Symposions zum 65. Geburtstag von Prof. Dr. Matthias G. Petzoldt zum Thema \u201eReligionsloses Ostdeutschland? Herausforderungen f\u00fcr Theologie und Kirche\u201c an der Universit\u00e4t Leipzig (25.\/26.10.2013)<\/p>\n\n\n\n<ul><li>\u201eReligionslosigkeit und Wissenschaft. Darstellung und Diskussion von Positionen aus dem &#8218;Neuen Atheismus&#8217;\u201c, in: Beyer, M.\/ Kropff, M.\/ Liedke, U. (Hrsg.),&nbsp;<em>Religionsloses Ostdeutschland? Wahrnehmungen und Diskurse. Matthias Petzoldt zum 65. Geburtstag<\/em>. Leipzig 2015, 33-45.<\/li><\/ul>\n\n\n\n<p>2.2014 \u201eDie Lehre des Lebens und die Synthetische Biologie\u201c, Vortrag im Rahmen des Workshops \u201eDas Verst\u00e4ndnis von Leben in der Debatte um die Synthetische Biologie\u201c des TTN-Instituts &nbsp;der LMU M\u00fcnchen.<\/p>\n\n\n\n<ul><li>\u201eBiologische Konzepte von &#8218;Leben&#8216; und die Synthetische Biologie\u201c, in: Gra\u00dfmann, T.\/ Herresthal, S. (Hrsg.),\u00a0<em>Leben konstruieren? Deutungsmuster Synthetischer Biologie<\/em>. TTN edition. 1\/2015, 29-47.<\/li><\/ul>\n\n\n\n<p>5.2014 Podiumsdiskussion zum Thema \u201eMensch, Technik, Kunst, Seele \u2013 Verdr\u00e4ngt die Wissenschaft die Seele?\u201c im Rahmen einer Ausstellung in der Peterskirche Leipzig (\u201eKathedrale\u201c).<\/p>\n\n\n\n<p>6.2015 \u201eLeben \u2013 nur manipulierbare Materie? Der biologische Lebensbegriff und die synthetische Biologie\u201c, Vortrag im Rahmen der Tagung \u201eWas die Welt im Innersten zusammenh\u00e4lt \u2013 Das Konzept der Materie im interdisziplin\u00e4ren Vergleich\u201c der Ev. Akademie im Rheinland (26.-28.6.2015).<\/p>\n\n\n\n<ul><li>\u201eLeben \u2013 nur manipulierbare Materie? Der biologische Lebensbegriff und die synthetische Biologie\u201c, in: Vogelsang, F.\/ Hattenbach, A.\/ Kirchhoff, T.\/ Meisinger, H. (Hrsg.),&nbsp;<em>Was die Welt im Innersten zusammenh\u00e4lt. Das Konzept der Materie im interdisziplin\u00e4ren Vergleich.<\/em>&nbsp;Ev. Akademie im Rheinland 2017, 91-110.<\/li><\/ul>\n\n\n\n<p>10.2015 Interview mit Michael Lange f\u00fcr den Deutschlandfunk zum Thema \u201eMikroben werden Maschinen\u201c in der Reihe \u201eWissenschaft im Brennpunkt\u201c (Ausstrahlung 12.2015).<\/p>\n\n\n\n<p>4.2016 \u201eIs Life Unique? Perspectives from Astrobiology and Synthetic Biology\u201c, Vortrag im Rahmen der 16. ESSSAT- Konferenz (European Society for the Study of Science and Theology) in Lodz zum Thema \u201eAre We Special? Science and Theology Questioning Human Uniqueness.\u201c<\/p>\n\n\n\n<ul><li>\u201eIs Life Unique? Perspectives from Astrobiology and Synthetic Xenobiology\u201c, in: Fuller, M.\/ Evers, D.\/ Runehov, A.\/ S\u00e6ther, K.-W. (Hrsg.),&nbsp;<em>Issues in Science and Theology: Are We Special?&nbsp;<\/em><em>Human Uniqueness in Science and Theology<\/em>, Springer 2017, 17-26.<\/li><\/ul>\n\n\n\n<p>6.2017 \u201eA Critical History of the Extraterrestrial Life Debate\u201c, Paper und Vortrag im Rahmen des Workshops \u201eSocietal Implications of Astrobiology\u201c am Center of Theological Inquiry (CTI) in Princeton, NJ\/USA.<\/p>\n\n\n\n<p>9.2017 \u201eSynthetische Biologie \u2013 (Nur) Technologischer Fortschritt oder wissenschaftliche Revolution?\u201c, Vortrag in Wittenberg im Rahmen der Tagung \u201eGro\u00dfe Spr\u00fcnge oder steter Wandel? Naturwissenschaften und Theologie zwischen Tradition, Fortschritt und Erneuerung\u201c der Ev. Akademie im Rheinland in Kooperation mit der Ev. Akademie Sachsen-Anhalt und der Martin-Luther- Universit\u00e4t Halle \u2013 Wittenberg.<\/p>\n\n\n\n<p>9.2018 \u201eZwischen&nbsp;<em>tinkering<\/em>&nbsp;und&nbsp;<em>engineering<\/em>&nbsp;\u2013 Ziel und Methoden der Synthetischen Biologie und m\u00f6gliche Implikationen f\u00fcr die Theologie\u201c, Vortrag im Rahmen der Tagung \u201eReligion and Science \u2013 Friend or Foe or Unrelated?\u201c des Instituts f\u00fcr Hermeneutik und Religionsphilosophie der Universit\u00e4t Z\u00fcrich.<\/p>\n\n\n\n<ul><li>&#8222;Zwischen Naturerkl\u00e4rung und Naturferne &#8211; Interpretationen und Praxis der Synthetischen Biologie&#8220;, in: W\u00fcthrich, Matthias D. (Hg.),&nbsp;<em>Natur pur? Hermeneutische Bl\u00e4tter 25\/1 (2019), 74-87.<\/em><\/li><li>&#8222;Between Explaining Nature and Veering away from Nature. Interpretations of Synthetic Biology and Their Meaning for the Science and Religion Dialogue&#8220;, PTSc 6 (2019), 164-182.<\/li><\/ul>\n\n\n\n<p>1.2023 &#8222;C`est la vie! Von der Vielfalt und Notwendigkeit eines biologischen Lebensbegriffs und \u00dcberlegungen zum theologisch-naturwissenschaftlichen Dialog&#8220;, Vortrag im Oberseminar Systematische Theologie der Philipps-Universit\u00e4t Marburg.<\/p>\n\n\n\n<p>7.2023 &#8222;Grenz\u00fcberschreitungen&#8220;, Impuls im Rahmen der Festtagung &#8222;Aufgabe und Anlage des dogmatischen Diskurses im Dialog zwischen evangelisch-lutherischer und r\u00f6misch-katholischer Theologie&#8220; anl\u00e4sslich des 75. Geburtstags von Prof. Dr. Matthias Petzoldt.<\/p>\n","protected":false},"excerpt":{"rendered":"<p>Kontakt Email Telefon: 0345\/5523023 Postanschrift: Elisabeth LoosInstitut f\u00fcr Systematische Theologie und Praktische Theologie und ReligionswissenschaftFranckeplatz 1\/3006099 Halle\/Saale Vita 2005 &#8211; 2011 Studium der Ev. Theologie und Biologie f\u00fcr das Lehramt an Gymnasien, Universit\u00e4t Leipzig 2011 Erstes Staatsexamen 2013-2017 Promotionsstipendiatin des<\/p>\n","protected":false},"author":6229,"featured_media":0,"parent":0,"menu_order":0,"comment_status":"closed","ping_status":"closed","template":"","meta":[],"_links":{"self":[{"href":"https:\/\/blogs.urz.uni-halle.de\/dirkevers\/wp-json\/wp\/v2\/pages\/38"}],"collection":[{"href":"https:\/\/blogs.urz.uni-halle.de\/dirkevers\/wp-json\/wp\/v2\/pages"}],"about":[{"href":"https:\/\/blogs.urz.uni-halle.de\/dirkevers\/wp-json\/wp\/v2\/types\/page"}],"author":[{"embeddable":true,"href":"https:\/\/blogs.urz.uni-halle.de\/dirkevers\/wp-json\/wp\/v2\/users\/6229"}],"replies":[{"embeddable":true,"href":"https:\/\/blogs.urz.uni-halle.de\/dirkevers\/wp-json\/wp\/v2\/comments?post=38"}],"version-history":[{"count":10,"href":"https:\/\/blogs.urz.uni-halle.de\/dirkevers\/wp-json\/wp\/v2\/pages\/38\/revisions"}],"predecessor-version":[{"id":154,"href":"https:\/\/blogs.urz.uni-halle.de\/dirkevers\/wp-json\/wp\/v2\/pages\/38\/revisions\/154"}],"wp:attachment":[{"href":"https:\/\/blogs.urz.uni-halle.de\/dirkevers\/wp-json\/wp\/v2\/media?parent=38"}],"curies":[{"name":"wp","href":"https:\/\/api.w.org\/{rel}","templated":true}]}}