{"id":55,"date":"2024-12-17T15:41:35","date_gmt":"2024-12-17T14:41:35","guid":{"rendered":"https:\/\/blogs.urz.uni-halle.de\/dirkevers\/?page_id=55"},"modified":"2025-01-29T12:27:53","modified_gmt":"2025-01-29T11:27:53","slug":"gabriele-handke","status":"publish","type":"page","link":"https:\/\/blogs.urz.uni-halle.de\/dirkevers\/gabriele-handke\/","title":{"rendered":"Gabriele Handke"},"content":{"rendered":"\n<p>Tel.: 0345-55 230 11 | Fax: 55 270 88 |&nbsp;<a href=\"mailto:gabriele.handke@theologie.uni-halle.de\">Email<\/a><\/p>\n\n\n\n<p>Martin-Luther-Universit\u00e4t Halle-Wittenberg<br>Theologische Fakult\u00e4t<br>Institut f\u00fcr Systematische Theologie<br>Franckeplatz 1, Haus 26<br>06099 Halle\/Saale<\/p>\n\n\n\n<p>Sprechzeit: Mo\u2013Do 10:00\u201312:00<\/p>\n","protected":false},"excerpt":{"rendered":"<p>Tel.: 0345-55 230 11 | Fax: 55 270 88 |&nbsp;Email Martin-Luther-Universit\u00e4t Halle-WittenbergTheologische Fakult\u00e4tInstitut f\u00fcr Systematische TheologieFranckeplatz 1, Haus 2606099 Halle\/Saale Sprechzeit: Mo\u2013Do 10:00\u201312:00<\/p>\n","protected":false},"author":6229,"featured_media":0,"parent":0,"menu_order":0,"comment_status":"closed","ping_status":"closed","template":"","meta":[],"_links":{"self":[{"href":"https:\/\/blogs.urz.uni-halle.de\/dirkevers\/wp-json\/wp\/v2\/pages\/55"}],"collection":[{"href":"https:\/\/blogs.urz.uni-halle.de\/dirkevers\/wp-json\/wp\/v2\/pages"}],"about":[{"href":"https:\/\/blogs.urz.uni-halle.de\/dirkevers\/wp-json\/wp\/v2\/types\/page"}],"author":[{"embeddable":true,"href":"https:\/\/blogs.urz.uni-halle.de\/dirkevers\/wp-json\/wp\/v2\/users\/6229"}],"replies":[{"embeddable":true,"href":"https:\/\/blogs.urz.uni-halle.de\/dirkevers\/wp-json\/wp\/v2\/comments?post=55"}],"version-history":[{"count":4,"href":"https:\/\/blogs.urz.uni-halle.de\/dirkevers\/wp-json\/wp\/v2\/pages\/55\/revisions"}],"predecessor-version":[{"id":158,"href":"https:\/\/blogs.urz.uni-halle.de\/dirkevers\/wp-json\/wp\/v2\/pages\/55\/revisions\/158"}],"wp:attachment":[{"href":"https:\/\/blogs.urz.uni-halle.de\/dirkevers\/wp-json\/wp\/v2\/media?parent=55"}],"curies":[{"name":"wp","href":"https:\/\/api.w.org\/{rel}","templated":true}]}}