{"id":9,"date":"2024-12-17T15:17:20","date_gmt":"2024-12-17T14:17:20","guid":{"rendered":"https:\/\/blogs.urz.uni-halle.de\/dirkevers\/?page_id=9"},"modified":"2025-01-30T16:46:40","modified_gmt":"2025-01-30T15:46:40","slug":"team","status":"publish","type":"page","link":"https:\/\/blogs.urz.uni-halle.de\/dirkevers\/team\/","title":{"rendered":"Team"},"content":{"rendered":"\n<div class=\"wp-block-media-text alignwide is-stacked-on-mobile\" style=\"grid-template-columns:29% auto\"><figure class=\"wp-block-media-text__media\"><a href=\"https:\/\/blogs.urz.uni-halle.de\/dirkevers\/prof-dr-dirk-evers\/\"><img loading=\"lazy\" width=\"785\" height=\"1024\" src=\"https:\/\/blogs.urz.uni-halle.de\/dirkevers\/files\/2025\/01\/Evers-785x1024.jpg\" alt=\"\" class=\"wp-image-119\" srcset=\"https:\/\/blogs.urz.uni-halle.de\/dirkevers\/files\/2025\/01\/Evers-785x1024.jpg 785w, https:\/\/blogs.urz.uni-halle.de\/dirkevers\/files\/2025\/01\/Evers-230x300.jpg 230w, https:\/\/blogs.urz.uni-halle.de\/dirkevers\/files\/2025\/01\/Evers-768x1002.jpg 768w, https:\/\/blogs.urz.uni-halle.de\/dirkevers\/files\/2025\/01\/Evers.jpg 800w\" sizes=\"(max-width: 785px) 100vw, 785px\" \/><\/a><\/figure><div class=\"wp-block-media-text__content\">\n<h4><a href=\"https:\/\/blogs.urz.uni-halle.de\/dirkevers\/prof-dr-dirk-evers\/\" data-type=\"page\" data-id=\"36\">Prof. Dr. Dirk Evers<\/a><\/h4>\n\n\n\n<ul><li>Seit 2010 Professor f\u00fcr Systematische Theologie (Dogmatik\/Religionsphilosophie) an der MLU Halle-Wittenberg<\/li><li>Besonderes Forschungsinteresse: Theologie und Naturwissenschaften<\/li><li>Promotion und Habilitation an der Universit\u00e4t T\u00fcbingen<\/li><li>Studium der Evangelischen Theologie in M\u00fcnster, T\u00fcbingen und Madurai S\u00fcdindien<\/li><\/ul>\n<\/div><\/div>\n\n\n\n<div style=\"height:100px\" aria-hidden=\"true\" class=\"wp-block-spacer\"><\/div>\n\n\n\n<div class=\"wp-block-media-text alignwide is-stacked-on-mobile\" style=\"grid-template-columns:28% auto\"><figure class=\"wp-block-media-text__media\"><img loading=\"lazy\" width=\"796\" height=\"1024\" src=\"https:\/\/blogs.urz.uni-halle.de\/dirkevers\/files\/2024\/12\/1da14207-796x1024.jpg\" alt=\"\" class=\"wp-image-59\" srcset=\"https:\/\/blogs.urz.uni-halle.de\/dirkevers\/files\/2024\/12\/1da14207-796x1024.jpg 796w, https:\/\/blogs.urz.uni-halle.de\/dirkevers\/files\/2024\/12\/1da14207-233x300.jpg 233w, https:\/\/blogs.urz.uni-halle.de\/dirkevers\/files\/2024\/12\/1da14207-768x988.jpg 768w, https:\/\/blogs.urz.uni-halle.de\/dirkevers\/files\/2024\/12\/1da14207-1194x1536.jpg 1194w, https:\/\/blogs.urz.uni-halle.de\/dirkevers\/files\/2024\/12\/1da14207-1592x2048.jpg 1592w, https:\/\/blogs.urz.uni-halle.de\/dirkevers\/files\/2024\/12\/1da14207-scaled.jpg 1991w\" sizes=\"(max-width: 796px) 100vw, 796px\" \/><\/figure><div class=\"wp-block-media-text__content\">\n<h4><a href=\"https:\/\/blogs.urz.uni-halle.de\/dirkevers\/elisabeth-loos\/\" data-type=\"page\" data-id=\"38\">Elisabeth Loos<\/a><\/h4>\n\n\n\n<ul><li>Seit 2018 Wissenschaftliche Mitarbeiterin (50%)<\/li><li>Arbeit an einer Promotion zum Lebensbegriff im Spannungsfeld von Biologie und Theologie<\/li><li>Studium der Evangelischen Theologie und Biologie f\u00fcr das Lehramt an Gymnasien in Leipzig<\/li><\/ul>\n<\/div><\/div>\n\n\n\n<div style=\"height:100px\" aria-hidden=\"true\" class=\"wp-block-spacer\"><\/div>\n\n\n\n<div class=\"wp-block-media-text alignwide is-stacked-on-mobile\" style=\"grid-template-columns:28% auto\"><figure class=\"wp-block-media-text__media\"><a href=\"https:\/\/blogs.urz.uni-halle.de\/dirkevers\/felix-stuetz\/\"><img loading=\"lazy\" width=\"683\" height=\"1024\" src=\"https:\/\/blogs.urz.uni-halle.de\/dirkevers\/files\/2025\/01\/2022-11-23-Felix_elsifli_Elisa_Hammerbacher1-Kopie_19-683x1024.jpg\" alt=\"\" class=\"wp-image-138\" srcset=\"https:\/\/blogs.urz.uni-halle.de\/dirkevers\/files\/2025\/01\/2022-11-23-Felix_elsifli_Elisa_Hammerbacher1-Kopie_19-683x1024.jpg 683w, https:\/\/blogs.urz.uni-halle.de\/dirkevers\/files\/2025\/01\/2022-11-23-Felix_elsifli_Elisa_Hammerbacher1-Kopie_19-200x300.jpg 200w, https:\/\/blogs.urz.uni-halle.de\/dirkevers\/files\/2025\/01\/2022-11-23-Felix_elsifli_Elisa_Hammerbacher1-Kopie_19-768x1152.jpg 768w, https:\/\/blogs.urz.uni-halle.de\/dirkevers\/files\/2025\/01\/2022-11-23-Felix_elsifli_Elisa_Hammerbacher1-Kopie_19-1024x1536.jpg 1024w, https:\/\/blogs.urz.uni-halle.de\/dirkevers\/files\/2025\/01\/2022-11-23-Felix_elsifli_Elisa_Hammerbacher1-Kopie_19-1365x2048.jpg 1365w, https:\/\/blogs.urz.uni-halle.de\/dirkevers\/files\/2025\/01\/2022-11-23-Felix_elsifli_Elisa_Hammerbacher1-Kopie_19-scaled.jpg 1707w\" sizes=\"(max-width: 683px) 100vw, 683px\" \/><\/a><\/figure><div class=\"wp-block-media-text__content\">\n<h4><a href=\"https:\/\/blogs.urz.uni-halle.de\/dirkevers\/felix-stuetz\/\" data-type=\"page\" data-id=\"40\">Felix St\u00fctz<\/a><\/h4>\n\n\n\n<ul><li>Seit 2022 Wissenschaftlicher Mitarbeiter (50%)<\/li><li>Arbeit an einer Promotion zum Kommunikationsbegriff in der Theologie<\/li><li>Studium der Evangelischen Theologie in Heidelberg und Halle<\/li><\/ul>\n<\/div><\/div>\n\n\n\n<div style=\"height:100px\" aria-hidden=\"true\" class=\"wp-block-spacer\"><\/div>\n\n\n\n<h4><\/h4>\n\n\n\n<p><a href=\"https:\/\/blogs.urz.uni-halle.de\/dirkevers\/svenja-nordholt\/\">Svenja Nordolt<\/a><\/p>\n\n\n\n<p><\/p>\n\n\n\n<p><a href=\"https:\/\/blogs.urz.uni-halle.de\/dirkevers\/philipp-meinhardt\/\">Philipp Meinhardt<\/a><\/p>\n\n\n\n<p><\/p>\n\n\n\n<p><a href=\"https:\/\/blogs.urz.uni-halle.de\/dirkevers\/eliya-ishikawa\/\">Eliya Ishikawa<\/a><\/p>\n\n\n\n<p><\/p>\n\n\n\n<p><a href=\"https:\/\/blogs.urz.uni-halle.de\/dirkevers\/eliya-ishikawa\/\">Henrik Schleicher<\/a><\/p>\n\n\n\n<p><\/p>\n\n\n\n<p><a href=\"https:\/\/blogs.urz.uni-halle.de\/dirkevers\/gabriele-handke\/\">Gabriele Handke<\/a><\/p>\n\n\n\n<p>Ehemalige Mitarbeiter*innen: Hanna Reichel, Laura Krannich, Johannes Schimming, Georg Neugebauer, Roderich Barth<\/p>\n\n\n\n<p>Abgeschlossene Dissertationen: Zobel, Krannich, Schmid<\/p>\n","protected":false},"excerpt":{"rendered":"<p>Prof. Dr. Dirk Evers Seit 2010 Professor f\u00fcr Systematische Theologie (Dogmatik\/Religionsphilosophie) an der MLU Halle-Wittenberg Besonderes Forschungsinteresse: Theologie und Naturwissenschaften Promotion und Habilitation an der Universit\u00e4t T\u00fcbingen Studium der Evangelischen Theologie in M\u00fcnster, T\u00fcbingen und Madurai S\u00fcdindien Elisabeth Loos Seit<\/p>\n","protected":false},"author":6229,"featured_media":0,"parent":0,"menu_order":0,"comment_status":"closed","ping_status":"closed","template":"","meta":[],"_links":{"self":[{"href":"https:\/\/blogs.urz.uni-halle.de\/dirkevers\/wp-json\/wp\/v2\/pages\/9"}],"collection":[{"href":"https:\/\/blogs.urz.uni-halle.de\/dirkevers\/wp-json\/wp\/v2\/pages"}],"about":[{"href":"https:\/\/blogs.urz.uni-halle.de\/dirkevers\/wp-json\/wp\/v2\/types\/page"}],"author":[{"embeddable":true,"href":"https:\/\/blogs.urz.uni-halle.de\/dirkevers\/wp-json\/wp\/v2\/users\/6229"}],"replies":[{"embeddable":true,"href":"https:\/\/blogs.urz.uni-halle.de\/dirkevers\/wp-json\/wp\/v2\/comments?post=9"}],"version-history":[{"count":9,"href":"https:\/\/blogs.urz.uni-halle.de\/dirkevers\/wp-json\/wp\/v2\/pages\/9\/revisions"}],"predecessor-version":[{"id":178,"href":"https:\/\/blogs.urz.uni-halle.de\/dirkevers\/wp-json\/wp\/v2\/pages\/9\/revisions\/178"}],"wp:attachment":[{"href":"https:\/\/blogs.urz.uni-halle.de\/dirkevers\/wp-json\/wp\/v2\/media?parent=9"}],"curies":[{"name":"wp","href":"https:\/\/api.w.org\/{rel}","templated":true}]}}