{"id":22,"date":"2022-05-11T13:37:32","date_gmt":"2022-05-11T11:37:32","guid":{"rendered":"https:\/\/blogs.urz.uni-halle.de\/diversitaetfsu\/?page_id=22"},"modified":"2022-08-30T17:31:56","modified_gmt":"2022-08-30T15:31:56","slug":"ueber-diesen-blog","status":"publish","type":"page","link":"https:\/\/blogs.urz.uni-halle.de\/diversitaetfsu\/ueber-diesen-blog\/","title":{"rendered":"\u00dcber diesen Blog"},"content":{"rendered":"\n<p>Aus dem Seminar &#8222;Diversit\u00e4t und Differenzierung im Fremdsprachenunterricht&#8220;, das im Sommersemester 2022 am Institut f\u00fcr Romanistik im Aufbaumodul Fachdidaktik angeboten wurde, haben Studierende digitale Medien in ihrer Rolle f\u00fcr einen diversit\u00e4tssensiblen Fremdsprachenunterricht untersucht und Unterrichtsvorschl\u00e4ge f\u00fcr den Anfangsunterricht Franz\u00f6sisch, Spanisch und Italienisch gesammelt bzw. erstellt. <\/p>\n\n\n\n<p><strong>Sie sind Lehrkraft, Referendar*in oder haben anderweitig mit Fremdsprachenunterricht zu tun? Schauen Sie sich auf unserem Blog um, nutzen Sie die angebotenen Materialien und Vorschl\u00e4ge und geben Sie uns gerne ein Feedback! <\/strong><\/p>\n\n\n\n<p>Im Bereich &#8222;<strong>Diversit\u00e4t und Teilhabe IN Medien<\/strong>&#8220; stellen die Studierenden exemplarisch Materialien f\u00fcr den Franz\u00f6sisch-, Italienisch- und Spanischunterricht vor, mit denen Diversit\u00e4tsaspekte im Unterricht thematisiert werden k\u00f6nnen. <\/p>\n\n\n\n<p>Im Bereich &#8222;<strong>Diversit\u00e4t und Teilhabe DURCH Medien<\/strong>&#8220; pr\u00e4sentieren die Studierenden Unterrichtseinheiten, die sie f\u00fcr den fremdsprachsprachlichen Anfangsunterricht unter Einbindung digitaler Medien entwickelt haben. Hierbei gehen sie auf verschiedene Diversit\u00e4tsaspekte (z.B. Teilleistungsschw\u00e4chen, Konzentrationsschwierigkeiten, besondere Fremdsprachenkenntnisse etc.) ein, welche durch den Einsatz des Mediums besonders beachtet werden k\u00f6nnen.<\/p>\n\n\n\n<p>F\u00fcr die Zukunft der fremdsprachendidaktischen Lehrkr\u00e4ftebildung sind sowohl Inklusion als auch Medienbildung zentrale Problemfelder, welche Lehramtsstudierende im Laufe ihres Professionalisierungsprozesses an der Universit\u00e4t kennenlernen und reflektieren lernen sollten. Neben der Wissensvermittlung haben wir daher die Ebene der eigenen Unterrichtsplanung von Lehramtsstudierenden und deren Reflexion \u00fcber den Einsatz von digitalen Medien in inklusiven Unterrichtssettings in den  Mittelpunkt gestellt. <\/p>\n\n\n\n<p>Die Studierenden befinden sich alle noch relativ am Anfang ihres Studiums und haben erst wenig Praxiserfahrung sammeln k\u00f6nnen. Sehen Sie daher bitte den ein oder anderen Fehler nach und verstehen Sie die Beitr\u00e4ge als Impulse und Ideengeber f\u00fcr einen diversit\u00e4tssensiblen und digital unterst\u00fctzten Fremdsprachenunterricht. <\/p>\n\n\n\n<p><strong>Kontakt:<\/strong> <a href=\"mailto:katharina.wieland@romanistik.uni-halle.de\">katharina.wieland@romanistik.uni-halle.de<\/a><\/p>\n","protected":false},"excerpt":{"rendered":"<p>Aus dem Seminar &#8222;Diversit\u00e4t und Differenzierung im Fremdsprachenunterricht&#8220;, das im Sommersemester 2022 am Institut f\u00fcr Romanistik im Aufbaumodul Fachdidaktik angeboten wurde, haben Studierende digitale Medien in ihrer Rolle f\u00fcr einen diversit\u00e4tssensiblen Fremdsprachenunterricht untersucht und Unterrichtsvorschl\u00e4ge f\u00fcr den Anfangsunterricht Franz\u00f6sisch, Spanisch &hellip; <a href=\"https:\/\/blogs.urz.uni-halle.de\/diversitaetfsu\/ueber-diesen-blog\/\">Weiterlesen <span class=\"meta-nav\">&rarr;<\/span><\/a><\/p>\n","protected":false},"author":5386,"featured_media":0,"parent":0,"menu_order":0,"comment_status":"closed","ping_status":"closed","template":"","meta":{"ngg_post_thumbnail":0},"_links":{"self":[{"href":"https:\/\/blogs.urz.uni-halle.de\/diversitaetfsu\/wp-json\/wp\/v2\/pages\/22"}],"collection":[{"href":"https:\/\/blogs.urz.uni-halle.de\/diversitaetfsu\/wp-json\/wp\/v2\/pages"}],"about":[{"href":"https:\/\/blogs.urz.uni-halle.de\/diversitaetfsu\/wp-json\/wp\/v2\/types\/page"}],"author":[{"embeddable":true,"href":"https:\/\/blogs.urz.uni-halle.de\/diversitaetfsu\/wp-json\/wp\/v2\/users\/5386"}],"replies":[{"embeddable":true,"href":"https:\/\/blogs.urz.uni-halle.de\/diversitaetfsu\/wp-json\/wp\/v2\/comments?post=22"}],"version-history":[{"count":7,"href":"https:\/\/blogs.urz.uni-halle.de\/diversitaetfsu\/wp-json\/wp\/v2\/pages\/22\/revisions"}],"predecessor-version":[{"id":837,"href":"https:\/\/blogs.urz.uni-halle.de\/diversitaetfsu\/wp-json\/wp\/v2\/pages\/22\/revisions\/837"}],"wp:attachment":[{"href":"https:\/\/blogs.urz.uni-halle.de\/diversitaetfsu\/wp-json\/wp\/v2\/media?parent=22"}],"curies":[{"name":"wp","href":"https:\/\/api.w.org\/{rel}","templated":true}]}}