{"id":236,"date":"2022-05-26T12:20:24","date_gmt":"2022-05-26T10:20:24","guid":{"rendered":"https:\/\/blogs.urz.uni-halle.de\/diversitaetfsu\/?page_id=236"},"modified":"2022-10-09T15:36:30","modified_gmt":"2022-10-09T13:36:30","slug":"diversitaetsmerkmal-mehrsprachigkeit","status":"publish","type":"page","link":"https:\/\/blogs.urz.uni-halle.de\/diversitaetfsu\/diversitaet-und-teilhabe-in-medien-fuer-den-fsu\/beispiele-fuer-den-franzoesischunterricht\/diversitaetsmerkmal-mehrsprachigkeit\/","title":{"rendered":"Diversit\u00e4tsmerkmal: Mehrsprachigkeit"},"content":{"rendered":"\n<p><a href=\"#mercator\" data-type=\"internal\" data-id=\"#mercator\">Webseite mercator-institut<\/a><\/p>\n\n\n\n<p><a href=\"#binogi\" data-type=\"internal\" data-id=\"#binogi\">Webseite binogi<\/a><\/p>\n\n\n\n<p id=\"mercator\"><\/p>\n\n\n\n<h3><strong>Webseite<\/strong> <strong>mercator-institut-sprachfoerderung.de<\/strong><\/h3>\n\n\n\n<figure class=\"wp-block-image size-large\"><a href=\"https:\/\/www.mercator-institut-sprachfoerderung.de\/de\/publikationen\/material-fuer-die-praxis\/mehrsprachige-unterrichtselemente\/\" target=\"_blank\" rel=\"noopener noreferrer\"><img loading=\"lazy\" width=\"1024\" height=\"576\" src=\"https:\/\/blogs.urz.uni-halle.de\/diversitaetfsu\/files\/2022\/06\/photo5212987526292290170-1024x576.png\" alt=\"\" class=\"wp-image-329\" srcset=\"https:\/\/blogs.urz.uni-halle.de\/diversitaetfsu\/files\/2022\/06\/photo5212987526292290170-1024x576.png 1024w, https:\/\/blogs.urz.uni-halle.de\/diversitaetfsu\/files\/2022\/06\/photo5212987526292290170-300x169.png 300w, https:\/\/blogs.urz.uni-halle.de\/diversitaetfsu\/files\/2022\/06\/photo5212987526292290170-768x432.png 768w, https:\/\/blogs.urz.uni-halle.de\/diversitaetfsu\/files\/2022\/06\/photo5212987526292290170-1536x864.png 1536w, https:\/\/blogs.urz.uni-halle.de\/diversitaetfsu\/files\/2022\/06\/photo5212987526292290170.png 1920w\" sizes=\"(max-width: 1024px) 100vw, 1024px\" \/><\/a><figcaption><a href=\"https:\/\/www.mercator-institut-sprachfoerderung.de\/de\/publikationen\/material-fuer-die-praxis\/mehrsprachige-unterrichtselemente\/\">https:\/\/www.mercator-institut-sprachfoerderung.de\/de\/publikationen\/material-fuer-die-praxis\/mehrsprachige-unterrichtselemente\/<\/a><\/figcaption><\/figure>\n\n\n\n<p><strong>Beschreibung<\/strong><br>Auf dieser Webseite des&nbsp;Mercator Instituts f\u00fcr Sprachf\u00f6rderung und Deutsch als Zweitsprache finden wir einen kleinen Artikel zu \u201eMehrsprachige Unterrichtselemente \u2013 Eine Handreichung f\u00fcr Lehrkr\u00e4fte\u201c, die auf weitere \u201egrundlegende Fragen\u201c eingeht und 13 Unterrichtsvorschl\u00e4ge auff\u00fchrt. Ganz unten im Artikel ist ein Material als PDF Datei zum Download verf\u00fcgbar.<\/p>\n\n\n\n<p>Unter der ersten Rubrik \u201e<em>Antworten auf grundlegende Fragen<\/em>\u201c kann man sich durch generelle Wissensvoraussetzungen durchklicken, die einem in Vorbereitung auf den Unterricht helfen k\u00f6nnen.&nbsp;Zwei wichtige Fragen w\u00e4ren z.B. \u201e<em>Welche Vorteile bringen mehrsprachige Unterrichtselemente mit sich?<\/em>\u201c oder \u201e<em>Wie k\u00f6nnen Lehrkr\u00e4fte mehrsprachige Kompetenzen von Sch\u00fclerinnen und Sch\u00fclern im Schulunterricht nutzen?&#8220;<\/em><\/p>\n\n\n\n<p>Die zweite Rubrik enth\u00e4lt Unterrichtsvorschl\u00e4ge f\u00fcr die Sekundarstufe I mit Ideen f\u00fcr jeweiligen F\u00e4cher, unter anderem auch f\u00fcr die Fremdsprachen. <\/p>\n\n\n\n<p>Der Unterrichtsvorschlag, der mir am meisten gefallen hat, da er sehr international ist, viele Sprachen beinhaltet und eine hohe Sch\u00fcler*innenbereitschaft mit sich bringen k\u00f6nnte, ist der Unterrichtsvorschlag f\u00fcr Deutsch. Weiterhin gefielen mir sehr die Ideen f\u00fcr Franz\u00f6sisch und Musik. Diese Vorlagen erm\u00f6glichen es bilingualen Sachfachunterricht zu gestalten.<\/p>\n\n\n\n<p>Auf jedem Unterrichtsvorschlag findet die Lehrkraft das&nbsp;<strong>Thema<\/strong>&nbsp;(mein angef\u00fchrtes Beispiel hat das Thema \u201e<em>Menschenrechtserkl\u00e4rung<\/em>) und die&nbsp;<strong>fachliche Zielsetzungen<\/strong>&nbsp;(<em>Kennenlernen der Menschenrechtserkl\u00e4rung der Vereinten Nationen, Analyse von Schriftsystemen, Phonem, Graphem, Korrespondenz und Wortstellung<\/em>).<\/p>\n\n\n\n<p>Die Fragestellung 1a  lautet:&nbsp;<br><em>\u201eSchaut euch die verschiedenen Schriftsysteme der Sprache an, in denen die Menschenrechtserkl\u00e4rung verfasst sind und tragt zusammen, was ihr bereits dar\u00fcber wisst (Anhang 1).\u201c<\/em><\/p>\n\n\n\n<figure class=\"wp-block-image size-large\"><img loading=\"lazy\" width=\"1024\" height=\"674\" src=\"https:\/\/blogs.urz.uni-halle.de\/diversitaetfsu\/files\/2022\/06\/photo5212987526292290089-1-1024x674.png\" alt=\"\" class=\"wp-image-315\" srcset=\"https:\/\/blogs.urz.uni-halle.de\/diversitaetfsu\/files\/2022\/06\/photo5212987526292290089-1-1024x674.png 1024w, https:\/\/blogs.urz.uni-halle.de\/diversitaetfsu\/files\/2022\/06\/photo5212987526292290089-1-300x197.png 300w, https:\/\/blogs.urz.uni-halle.de\/diversitaetfsu\/files\/2022\/06\/photo5212987526292290089-1-768x505.png 768w, https:\/\/blogs.urz.uni-halle.de\/diversitaetfsu\/files\/2022\/06\/photo5212987526292290089-1.png 1523w\" sizes=\"(max-width: 1024px) 100vw, 1024px\" \/><figcaption>Anhang 2: Verbreitung der Schriften in der Welt zu Aufgabe 1b<\/figcaption><\/figure>\n\n\n\n<p><strong>Idee zur Einbettung in den Unterricht<\/strong><br>Die Seite des Mercator Instituts erm\u00f6glicht den Unterricht mit Mehrsprachigkeit vielf\u00e4ltig zu gestalten.<br>Sch\u00fcler*innen, die schon eine oder mehrere Sprachen neben dem Deutschen beherrschen, k\u00f6nnen so ihr sprachliches Wissen in Form einer Gruppen- oder Partnerarbeit nutzen und monolinguale Sch\u00fcler*innen partizipieren von dem Wissen und ihrer eigenen Beteiligung an den mehrsprachigen Aufgaben.<br>Mithilfe dieser vorgegebenen Materialien kann die Lehrkraft die Vorlagen gleich als solche nutzen oder aber weitere abgewandelte Varianten f\u00fcr den Unterricht sich selbst zusammenstellen.<\/p>\n\n\n\n<p><em>zusammengestellt von Nargila Alieva<\/em><\/p>\n\n\n\n<p id=\"binogi\"><\/p>\n\n\n\n<h3><strong>Webseite<\/strong> <strong>binogi.de<\/strong><\/h3>\n\n\n\n<p><a href=\"http:\/\/www.binogi.de\">www.binogi.de<\/a><\/p>\n\n\n\n<p><strong>Beschreibung<\/strong><br>Die Webseite www.binogi.de stellt  fachliche Videos  z.B. zum Muskelaufbau des menschlichen K\u00f6rpers in mehreren Sprachen inklusive Untertitel zur Verf\u00fcgung stellt.<\/p>\n\n\n\n<figure class=\"wp-block-image size-large\"><img loading=\"lazy\" width=\"1024\" height=\"576\" src=\"https:\/\/blogs.urz.uni-halle.de\/diversitaetfsu\/files\/2022\/06\/photo5212987526292290163-1024x576.jpg\" alt=\"\" class=\"wp-image-318\" srcset=\"https:\/\/blogs.urz.uni-halle.de\/diversitaetfsu\/files\/2022\/06\/photo5212987526292290163-1024x576.jpg 1024w, https:\/\/blogs.urz.uni-halle.de\/diversitaetfsu\/files\/2022\/06\/photo5212987526292290163-300x169.jpg 300w, https:\/\/blogs.urz.uni-halle.de\/diversitaetfsu\/files\/2022\/06\/photo5212987526292290163-768x432.jpg 768w, https:\/\/blogs.urz.uni-halle.de\/diversitaetfsu\/files\/2022\/06\/photo5212987526292290163-1536x864.jpg 1536w, https:\/\/blogs.urz.uni-halle.de\/diversitaetfsu\/files\/2022\/06\/photo5212987526292290163.jpg 1920w\" sizes=\"(max-width: 1024px) 100vw, 1024px\" \/><figcaption>Abb. 2: www.binogi.de<br>Optionsfenster \u201e<em>Sprache wechseln<\/em>\u201c und die verschiedenen Sprachen und jeweiligen Untertitel, die man ausw\u00e4hlen kann<\/figcaption><\/figure>\n\n\n\n<p><em>zusammengestellt von Nargila Alieva<\/em><\/p>\n\n\n\n<p><a href=\"https:\/\/blogs.urz.uni-halle.de\/diversitaetfsu\/diversitaet-und-teilhabe-in-medien-fuer-den-fsu\/\" data-type=\"URL\" data-id=\"https:\/\/blogs.urz.uni-halle.de\/diversitaetfsu\/diversitaet-und-teilhabe-in-medien-fuer-den-fsu\/\">zur\u00fcck zur Beispiel\u00fcbersicht<\/a><\/p>\n","protected":false},"excerpt":{"rendered":"<p>Webseite mercator-institut Webseite binogi Webseite mercator-institut-sprachfoerderung.de BeschreibungAuf dieser Webseite des&nbsp;Mercator Instituts f\u00fcr Sprachf\u00f6rderung und Deutsch als Zweitsprache finden wir einen kleinen Artikel zu \u201eMehrsprachige Unterrichtselemente \u2013 Eine Handreichung f\u00fcr Lehrkr\u00e4fte\u201c, die auf weitere \u201egrundlegende Fragen\u201c eingeht und 13 Unterrichtsvorschl\u00e4ge auff\u00fchrt. &hellip; <a href=\"https:\/\/blogs.urz.uni-halle.de\/diversitaetfsu\/diversitaet-und-teilhabe-in-medien-fuer-den-fsu\/beispiele-fuer-den-franzoesischunterricht\/diversitaetsmerkmal-mehrsprachigkeit\/\">Weiterlesen <span class=\"meta-nav\">&rarr;<\/span><\/a><\/p>\n","protected":false},"author":5386,"featured_media":0,"parent":13,"menu_order":0,"comment_status":"closed","ping_status":"closed","template":"","meta":{"ngg_post_thumbnail":0},"_links":{"self":[{"href":"https:\/\/blogs.urz.uni-halle.de\/diversitaetfsu\/wp-json\/wp\/v2\/pages\/236"}],"collection":[{"href":"https:\/\/blogs.urz.uni-halle.de\/diversitaetfsu\/wp-json\/wp\/v2\/pages"}],"about":[{"href":"https:\/\/blogs.urz.uni-halle.de\/diversitaetfsu\/wp-json\/wp\/v2\/types\/page"}],"author":[{"embeddable":true,"href":"https:\/\/blogs.urz.uni-halle.de\/diversitaetfsu\/wp-json\/wp\/v2\/users\/5386"}],"replies":[{"embeddable":true,"href":"https:\/\/blogs.urz.uni-halle.de\/diversitaetfsu\/wp-json\/wp\/v2\/comments?post=236"}],"version-history":[{"count":10,"href":"https:\/\/blogs.urz.uni-halle.de\/diversitaetfsu\/wp-json\/wp\/v2\/pages\/236\/revisions"}],"predecessor-version":[{"id":1125,"href":"https:\/\/blogs.urz.uni-halle.de\/diversitaetfsu\/wp-json\/wp\/v2\/pages\/236\/revisions\/1125"}],"up":[{"embeddable":true,"href":"https:\/\/blogs.urz.uni-halle.de\/diversitaetfsu\/wp-json\/wp\/v2\/pages\/13"}],"wp:attachment":[{"href":"https:\/\/blogs.urz.uni-halle.de\/diversitaetfsu\/wp-json\/wp\/v2\/media?parent=236"}],"curies":[{"name":"wp","href":"https:\/\/api.w.org\/{rel}","templated":true}]}}