{"id":9,"date":"2022-05-10T17:30:12","date_gmt":"2022-05-10T15:30:12","guid":{"rendered":"https:\/\/blogs.urz.uni-halle.de\/diversitaetfsu\/?page_id=9"},"modified":"2022-09-24T17:12:52","modified_gmt":"2022-09-24T15:12:52","slug":"diversitaet-und-teilhabe-in-medien-fuer-den-fsu","status":"publish","type":"page","link":"https:\/\/blogs.urz.uni-halle.de\/diversitaetfsu\/diversitaet-und-teilhabe-in-medien-fuer-den-fsu\/","title":{"rendered":"Diversit\u00e4t und Teilhabe IN Medien"},"content":{"rendered":"\n<ul><li><a href=\"https:\/\/blogs.urz.uni-halle.de\/diversitaetfsu\/diversitaet-und-teilhabe-in-medien-fuer-den-fsu\/beispiele-fuer-den-franzoesischunterricht\/\">Beispiele f\u00fcr den Franz\u00f6sischunterricht<\/a><\/li><li><a href=\"https:\/\/blogs.urz.uni-halle.de\/diversitaetfsu\/diversitaet-und-teilhabe-in-medien-fuer-den-fsu\/beitraege-fuer-den-italienischunterricht\/\">Beispiele f\u00fcr den Italienischunterricht<\/a><\/li><li><a href=\"https:\/\/blogs.urz.uni-halle.de\/diversitaetfsu\/diversitaet-und-teilhabe-in-medien-fuer-den-fsu\/beitraege-fuer-den-spanischunterricht\/\">Beispiele f\u00fcr den Spanischunterricht<\/a><\/li><\/ul>\n\n\n\n<p>Die Bezeichnung &#8222;Diversit\u00e4t und Teilhabe IN Medien&#8220; geht auf eine Unterscheidung der GMK Fachgruppe Inklusive Medienbildung (2018) zuru\u0308ck, welche von &#8222;Teilhabe IN Medien&#8220; spricht. Gemeint ist damit die Repr\u00e4sentation von sozialen Gruppen in den Medien und somit auch die Sichtbarkeit und Wahrnehmung von Vielfalt in der Gesellschaft:  \u201eMedienp\u00e4dagogik besch\u00e4ftigt sich mit stereotypen,<br>klischeebehafteten und stigmatisierenden Darstellungen und setzt<br>diesen durch eigene Medienproduktionen ein vielf\u00e4ltiges und selbstbestimmtes Bild entgegen.\u201c (GMK, 2018)<\/p>\n\n\n\n<h4>Literatur<\/h4>\n\n\n\n<p>GMK Fachgruppe Inklusive Medienbildung (2018): <em>Medienbildung fu\u0308r alle: Medienbildung inklusiv gestalten! Positionspapier der Fachgruppe Inklusive Medienbildung.<\/em> https:\/\/www.gmk-net.de\/2018\/09\/20\/medienbildung-fuer-alle-medienbildung-inklusiv-gestalten.<\/p>\n\n\n\n<p>Wieland, Katharina (2022):  Auf der Suche nach der Schnittstelle \u2013 Inklusion durch und in digitale(n) Medien in der Ausbildung von Fremdsprachenlehrkr\u00e4ften, in: Jungwirth, Martin et al. (Hrsg.): <em>Diversit\u00e4t Digital Denken &#8211; The Wider View, <\/em>M\u00fcnster, WTM, S. 363-374.<\/p>\n\n\n\n<p><br><\/p>\n","protected":false},"excerpt":{"rendered":"<p>Beispiele f\u00fcr den Franz\u00f6sischunterricht Beispiele f\u00fcr den Italienischunterricht Beispiele f\u00fcr den Spanischunterricht Die Bezeichnung &#8222;Diversit\u00e4t und Teilhabe IN Medien&#8220; geht auf eine Unterscheidung der GMK Fachgruppe Inklusive Medienbildung (2018) zuru\u0308ck, welche von &#8222;Teilhabe IN Medien&#8220; spricht. Gemeint ist damit die &hellip; <a href=\"https:\/\/blogs.urz.uni-halle.de\/diversitaetfsu\/diversitaet-und-teilhabe-in-medien-fuer-den-fsu\/\">Weiterlesen <span class=\"meta-nav\">&rarr;<\/span><\/a><\/p>\n","protected":false},"author":5386,"featured_media":0,"parent":0,"menu_order":0,"comment_status":"closed","ping_status":"closed","template":"","meta":{"ngg_post_thumbnail":0},"_links":{"self":[{"href":"https:\/\/blogs.urz.uni-halle.de\/diversitaetfsu\/wp-json\/wp\/v2\/pages\/9"}],"collection":[{"href":"https:\/\/blogs.urz.uni-halle.de\/diversitaetfsu\/wp-json\/wp\/v2\/pages"}],"about":[{"href":"https:\/\/blogs.urz.uni-halle.de\/diversitaetfsu\/wp-json\/wp\/v2\/types\/page"}],"author":[{"embeddable":true,"href":"https:\/\/blogs.urz.uni-halle.de\/diversitaetfsu\/wp-json\/wp\/v2\/users\/5386"}],"replies":[{"embeddable":true,"href":"https:\/\/blogs.urz.uni-halle.de\/diversitaetfsu\/wp-json\/wp\/v2\/comments?post=9"}],"version-history":[{"count":5,"href":"https:\/\/blogs.urz.uni-halle.de\/diversitaetfsu\/wp-json\/wp\/v2\/pages\/9\/revisions"}],"predecessor-version":[{"id":1038,"href":"https:\/\/blogs.urz.uni-halle.de\/diversitaetfsu\/wp-json\/wp\/v2\/pages\/9\/revisions\/1038"}],"wp:attachment":[{"href":"https:\/\/blogs.urz.uni-halle.de\/diversitaetfsu\/wp-json\/wp\/v2\/media?parent=9"}],"curies":[{"name":"wp","href":"https:\/\/api.w.org\/{rel}","templated":true}]}}