{"id":4,"date":"2022-10-17T16:24:17","date_gmt":"2022-10-17T14:24:17","guid":{"rendered":"https:\/\/blogs.urz.uni-halle.de\/djslife\/?page_id=4"},"modified":"2022-10-28T14:59:36","modified_gmt":"2022-10-28T12:59:36","slug":"hinter-den-kulissen-eines-djs","status":"publish","type":"page","link":"https:\/\/blogs.urz.uni-halle.de\/djslife\/","title":{"rendered":"Ein Tag im Leben eines DJs"},"content":{"rendered":"\n<div class=\"wp-block-image is-style-default\"><figure class=\"aligncenter size-full\"><img loading=\"lazy\" width=\"1764\" height=\"1169\" src=\"https:\/\/blogs.urz.uni-halle.de\/djslife\/files\/2022\/10\/Screenshot-2022-10-17-at-17.50.34.png\" alt=\"\" class=\"wp-image-36\" srcset=\"https:\/\/blogs.urz.uni-halle.de\/djslife\/files\/2022\/10\/Screenshot-2022-10-17-at-17.50.34.png 1764w, https:\/\/blogs.urz.uni-halle.de\/djslife\/files\/2022\/10\/Screenshot-2022-10-17-at-17.50.34-300x199.png 300w, https:\/\/blogs.urz.uni-halle.de\/djslife\/files\/2022\/10\/Screenshot-2022-10-17-at-17.50.34-1024x679.png 1024w, https:\/\/blogs.urz.uni-halle.de\/djslife\/files\/2022\/10\/Screenshot-2022-10-17-at-17.50.34-768x509.png 768w, https:\/\/blogs.urz.uni-halle.de\/djslife\/files\/2022\/10\/Screenshot-2022-10-17-at-17.50.34-1536x1018.png 1536w\" sizes=\"(max-width: 1764px) 100vw, 1764px\" \/><\/figure><\/div>\n\n\n\n<p class=\"has-medium-font-size\">DJ \u2013 Party, Musik und buntes Licht, das sind die ersten Bilder, die einem in den Kopf schie\u00dfen, wenn man das Wort DJ h\u00f6rt. F\u00fcr euch haben wir hinter die Kulissen geschaut und den DJ Atomic Bass begleitet und zeigen euch, was hinter dem Beruf DJ wirklich steckt. <\/p>\n\n\n\n<p class=\"has-medium-font-size\">Den Videobeitrag findet ihr <a href=\"https:\/\/blogs.urz.uni-halle.de\/djslife\/videobeitrag\/\">hier<\/a>. Taucht ein in die Welt von Malte und erlebt den Beruf aus einer spannenden Perspektive. <\/p>\n\n\n\n<p class=\"has-medium-font-size\">Auch der Audiobeitrag, den ihr <a href=\"https:\/\/blogs.urz.uni-halle.de\/djslife\/audiobeitrag\/\">hier<\/a> findet, offenbart einen detaillierteren Einblick in Maltes pers\u00f6nliches Leben und Gedanken im Bezug auf seinen Job als DJ. <\/p>\n\n\n\n<p class=\"has-medium-font-size\">Viel Spa\u00df! \ud83d\ude42 <\/p>\n","protected":false},"excerpt":{"rendered":"<div class=\"entry-summary\">\nDJ \u2013 Party, Musik und buntes Licht, das sind die ersten Bilder, die einem in den Kopf schie\u00dfen, wenn man&hellip;\n<\/div>\n<div class=\"link-more\"><a href=\"https:\/\/blogs.urz.uni-halle.de\/djslife\/\" class=\"more-link\">Continue reading<span class=\"screen-reader-text\"> &ldquo;Ein Tag im Leben eines DJs&rdquo;<\/span>&hellip;<\/a><\/div>\n","protected":false},"author":5516,"featured_media":0,"parent":0,"menu_order":0,"comment_status":"closed","ping_status":"closed","template":"","meta":[],"_links":{"self":[{"href":"https:\/\/blogs.urz.uni-halle.de\/djslife\/wp-json\/wp\/v2\/pages\/4"}],"collection":[{"href":"https:\/\/blogs.urz.uni-halle.de\/djslife\/wp-json\/wp\/v2\/pages"}],"about":[{"href":"https:\/\/blogs.urz.uni-halle.de\/djslife\/wp-json\/wp\/v2\/types\/page"}],"author":[{"embeddable":true,"href":"https:\/\/blogs.urz.uni-halle.de\/djslife\/wp-json\/wp\/v2\/users\/5516"}],"replies":[{"embeddable":true,"href":"https:\/\/blogs.urz.uni-halle.de\/djslife\/wp-json\/wp\/v2\/comments?post=4"}],"version-history":[{"count":6,"href":"https:\/\/blogs.urz.uni-halle.de\/djslife\/wp-json\/wp\/v2\/pages\/4\/revisions"}],"predecessor-version":[{"id":97,"href":"https:\/\/blogs.urz.uni-halle.de\/djslife\/wp-json\/wp\/v2\/pages\/4\/revisions\/97"}],"wp:attachment":[{"href":"https:\/\/blogs.urz.uni-halle.de\/djslife\/wp-json\/wp\/v2\/media?parent=4"}],"curies":[{"name":"wp","href":"https:\/\/api.w.org\/{rel}","templated":true}]}}