{"id":84,"date":"2022-10-28T14:33:34","date_gmt":"2022-10-28T12:33:34","guid":{"rendered":"https:\/\/blogs.urz.uni-halle.de\/djslife\/?page_id=84"},"modified":"2022-10-28T14:49:40","modified_gmt":"2022-10-28T12:49:40","slug":"malte-boehm-von-atomic-bass","status":"publish","type":"page","link":"https:\/\/blogs.urz.uni-halle.de\/djslife\/malte-boehm-von-atomic-bass\/","title":{"rendered":"Malte B\u00f6hm von Atomic Bass"},"content":{"rendered":"\n<figure class=\"wp-block-image size-full\"><img loading=\"lazy\" width=\"2560\" height=\"1632\" src=\"https:\/\/blogs.urz.uni-halle.de\/djslife\/files\/2022\/10\/Malte1-scaled.jpg\" alt=\"\" class=\"wp-image-85\" srcset=\"https:\/\/blogs.urz.uni-halle.de\/djslife\/files\/2022\/10\/Malte1-scaled.jpg 2560w, https:\/\/blogs.urz.uni-halle.de\/djslife\/files\/2022\/10\/Malte1-300x191.jpg 300w, https:\/\/blogs.urz.uni-halle.de\/djslife\/files\/2022\/10\/Malte1-1024x653.jpg 1024w, https:\/\/blogs.urz.uni-halle.de\/djslife\/files\/2022\/10\/Malte1-768x490.jpg 768w, https:\/\/blogs.urz.uni-halle.de\/djslife\/files\/2022\/10\/Malte1-1536x979.jpg 1536w, https:\/\/blogs.urz.uni-halle.de\/djslife\/files\/2022\/10\/Malte1-2048x1306.jpg 2048w\" sizes=\"(max-width: 2560px) 100vw, 2560px\" \/><\/figure>\n\n\n\n<p class=\"has-medium-font-size\">2015 hat Malte B\u00f6hm, wie viele in seinem Berufsfeld, als Dorfclub-DJ angefangen und in seiner Heimat Nordsachsen damals noch als DJ-Duo immer mal wieder f\u00fcr seine Freunde oder bei privaten Feiern aufgelegt. <\/p>\n\n\n\n<p class=\"has-medium-font-size\">Jetzt einige Jahre sp\u00e4ter hat er mit seiner Leidenschaft nebenberuflich gro\u00dfen Erfolg und wird f\u00fcr seinen &#8222;Mainstream-Sound&#8220;, wie er es selbst nennt von Openair Festival oder bekannten Clubs wie die Palette in Halle gebucht. <\/p>\n\n\n\n<p class=\"has-medium-font-size\"><\/p>\n\n\n\n<p style=\"font-size:19px\">F\u00fcr noch mehr Party-Stimmung, geht es hier zu seinem Spotify:<\/p>\n\n\n\n<figure class=\"wp-block-embed-spotify wp-block-embed is-type-rich is-provider-spotify wp-embed-aspect-21-9 wp-has-aspect-ratio\"><div class=\"wp-block-embed__wrapper\">\n<iframe title=\"Spotify Embed: Atomic Bass\" style=\"border-radius: 12px\" width=\"100%\" height=\"380\" frameborder=\"0\" allowfullscreen allow=\"autoplay; clipboard-write; encrypted-media; fullscreen; picture-in-picture\" loading=\"lazy\" src=\"https:\/\/open.spotify.com\/embed\/artist\/199AwEtHIsemyAGDm4NSe0?utm_source=oembed\"><\/iframe>\n<\/div><\/figure>\n\n\n\n<p><\/p>\n\n\n\n<p><\/p>\n","protected":false},"excerpt":{"rendered":"<div class=\"entry-summary\">\n2015 hat Malte B\u00f6hm, wie viele in seinem Berufsfeld, als Dorfclub-DJ angefangen und in seiner Heimat Nordsachsen damals noch als&hellip;\n<\/div>\n<div class=\"link-more\"><a href=\"https:\/\/blogs.urz.uni-halle.de\/djslife\/malte-boehm-von-atomic-bass\/\" class=\"more-link\">Continue reading<span class=\"screen-reader-text\"> &ldquo;Malte B\u00f6hm von Atomic Bass&rdquo;<\/span>&hellip;<\/a><\/div>\n","protected":false},"author":5516,"featured_media":0,"parent":0,"menu_order":0,"comment_status":"closed","ping_status":"closed","template":"","meta":[],"_links":{"self":[{"href":"https:\/\/blogs.urz.uni-halle.de\/djslife\/wp-json\/wp\/v2\/pages\/84"}],"collection":[{"href":"https:\/\/blogs.urz.uni-halle.de\/djslife\/wp-json\/wp\/v2\/pages"}],"about":[{"href":"https:\/\/blogs.urz.uni-halle.de\/djslife\/wp-json\/wp\/v2\/types\/page"}],"author":[{"embeddable":true,"href":"https:\/\/blogs.urz.uni-halle.de\/djslife\/wp-json\/wp\/v2\/users\/5516"}],"replies":[{"embeddable":true,"href":"https:\/\/blogs.urz.uni-halle.de\/djslife\/wp-json\/wp\/v2\/comments?post=84"}],"version-history":[{"count":4,"href":"https:\/\/blogs.urz.uni-halle.de\/djslife\/wp-json\/wp\/v2\/pages\/84\/revisions"}],"predecessor-version":[{"id":93,"href":"https:\/\/blogs.urz.uni-halle.de\/djslife\/wp-json\/wp\/v2\/pages\/84\/revisions\/93"}],"wp:attachment":[{"href":"https:\/\/blogs.urz.uni-halle.de\/djslife\/wp-json\/wp\/v2\/media?parent=84"}],"curies":[{"name":"wp","href":"https:\/\/api.w.org\/{rel}","templated":true}]}}