{"id":184,"date":"2021-03-25T09:55:27","date_gmt":"2021-03-25T08:55:27","guid":{"rendered":"https:\/\/blogs.urz.uni-halle.de\/dsmlu\/?page_id=184"},"modified":"2021-05-25T11:34:51","modified_gmt":"2021-05-25T09:34:51","slug":"elementor-184","status":"publish","type":"page","link":"https:\/\/blogs.urz.uni-halle.de\/dsmlu\/elementor-184\/","title":{"rendered":"Impressum"},"content":{"rendered":"\t\t<div data-elementor-type=\"wp-page\" data-elementor-id=\"184\" class=\"elementor elementor-184\" data-elementor-settings=\"[]\">\n\t\t\t\t\t\t<div class=\"elementor-inner\">\n\t\t\t\t\t\t\t<div class=\"elementor-section-wrap\">\n\t\t\t\t\t\t\t<section class=\"elementor-section elementor-top-section elementor-element elementor-element-5e492b4 elementor-section-boxed elementor-section-height-default elementor-section-height-default\" data-id=\"5e492b4\" data-element_type=\"section\">\n\t\t\t\t\t\t<div class=\"elementor-container elementor-column-gap-default\">\n\t\t\t\t\t\t\t<div class=\"elementor-row\">\n\t\t\t\t\t<div class=\"elementor-column elementor-col-100 elementor-top-column elementor-element elementor-element-d650885\" data-id=\"d650885\" data-element_type=\"column\">\n\t\t\t<div class=\"elementor-column-wrap elementor-element-populated\">\n\t\t\t\t\t\t\t<div class=\"elementor-widget-wrap\">\n\t\t\t\t\t\t<div class=\"elementor-element elementor-element-5ed6c63 elementor-widget elementor-widget-heading\" data-id=\"5ed6c63\" data-element_type=\"widget\" data-widget_type=\"heading.default\">\n\t\t\t\t<div class=\"elementor-widget-container\">\n\t\t\t<h2 class=\"elementor-heading-title elementor-size-default\">Impressum<\/h2>\t\t<\/div>\n\t\t\t\t<\/div>\n\t\t\t\t\t\t<\/div>\n\t\t\t\t\t<\/div>\n\t\t<\/div>\n\t\t\t\t\t\t\t\t<\/div>\n\t\t\t\t\t<\/div>\n\t\t<\/section>\n\t\t\t\t<section class=\"elementor-section elementor-top-section elementor-element elementor-element-ae7d691 elementor-section-boxed elementor-section-height-default elementor-section-height-default\" data-id=\"ae7d691\" data-element_type=\"section\">\n\t\t\t\t\t\t<div class=\"elementor-container elementor-column-gap-default\">\n\t\t\t\t\t\t\t<div class=\"elementor-row\">\n\t\t\t\t\t<div class=\"elementor-column elementor-col-100 elementor-top-column elementor-element elementor-element-60ce148\" data-id=\"60ce148\" data-element_type=\"column\">\n\t\t\t<div class=\"elementor-column-wrap elementor-element-populated\">\n\t\t\t\t\t\t\t<div class=\"elementor-widget-wrap\">\n\t\t\t\t\t\t<div class=\"elementor-element elementor-element-2519130 elementor-widget elementor-widget-text-editor\" data-id=\"2519130\" data-element_type=\"widget\" data-widget_type=\"text-editor.default\">\n\t\t\t\t<div class=\"elementor-widget-container\">\n\t\t\t\t\t<div class=\"elementor-text-editor elementor-clearfix\"><p style=\"text-align: center\">Verantwortlich f\u00fcr den Inhalt dieser Webseite ist:<\/p><p style=\"text-align: center\">Martin-Luther-Universit\u00e4t Halle-Wittenberg<br \/>Abteilung 1 Studium und Lehre<br \/>Referat 1.3 Wissenschaftliche Weiterbildung, Studiengeb\u00fchren, Stipenden und Wahlen<\/p><p style=\"text-align: center\">Ansprechpartnerin:<br \/>Frau Yvonne Hellwig-Laich<\/p><p style=\"text-align: center\">Barf\u00fc\u00dferstra\u00dfe 17<br \/>Hinterhaus, 2. Etage \u2013 Raum 8<br \/>06108 Halle (Saale)<br \/>Tel.: 0345-55 21356<br \/>E-Mail: yvonne.hellwig-laich@verwaltung.uni-halle.de<\/p><p style=\"text-align: center\">Internetseite:<br \/><a href=\"https:\/\/www.uni-halle.de\/deutschland-stipendium\/\" target=\"_blank\" rel=\"noopener\">https:\/\/www.uni-halle.de\/deutschland-stipendium\/<\/a><\/p><p>Datenschutzhinweise:<br \/><a href=\"https:\/\/blogs.urz.uni-halle.de\/dsmlu\/datenschutzerklaerung\/\" target=\"_blank\" rel=\"noopener\">https:\/\/blogs.urz.uni-halle.de\/dsmlu\/datenschutzerklaerung\/<\/a><\/p><\/div>\n\t\t\t\t<\/div>\n\t\t\t\t<\/div>\n\t\t\t\t<div class=\"elementor-element elementor-element-8974201 elementor-widget elementor-widget-text-editor\" data-id=\"8974201\" data-element_type=\"widget\" data-widget_type=\"text-editor.default\">\n\t\t\t\t<div class=\"elementor-widget-container\">\n\t\t\t\t\t<div class=\"elementor-text-editor elementor-clearfix\"><p>Bildnachweis:<br \/>Andreas K. auf Flickr<\/p><\/div>\n\t\t\t\t<\/div>\n\t\t\t\t<\/div>\n\t\t\t\t\t\t<\/div>\n\t\t\t\t\t<\/div>\n\t\t<\/div>\n\t\t\t\t\t\t\t\t<\/div>\n\t\t\t\t\t<\/div>\n\t\t<\/section>\n\t\t\t\t\t\t<\/div>\n\t\t\t\t\t\t<\/div>\n\t\t\t\t\t<\/div>\n\t\t","protected":false},"excerpt":{"rendered":"<p>Impressum Verantwortlich f\u00fcr den Inhalt dieser Webseite ist: Martin-Luther-Universit\u00e4t Halle-WittenbergAbteilung 1 Studium und LehreReferat 1.3 Wissenschaftliche Weiterbildung, Studiengeb\u00fchren, Stipenden und Wahlen Ansprechpartnerin:Frau Yvonne Hellwig-Laich Barf\u00fc\u00dferstra\u00dfe 17Hinterhaus, 2. Etage \u2013 Raum 806108 Halle (Saale)Tel.: 0345-55 21356E-Mail: yvonne.hellwig-laich@verwaltung.uni-halle.de Internetseite:https:\/\/www.uni-halle.de\/deutschland-stipendium\/ Datenschutzhinweise:https:\/\/blogs.urz.uni-halle.de\/dsmlu\/datenschutzerklaerung\/ Bildnachweis:Andreas K. auf Flickr<\/p>\n","protected":false},"author":4954,"featured_media":0,"parent":0,"menu_order":0,"comment_status":"closed","ping_status":"closed","template":"","meta":{"ngg_post_thumbnail":0,"_vp_format_video_url":"","_vp_image_focal_point":[]},"_links":{"self":[{"href":"https:\/\/blogs.urz.uni-halle.de\/dsmlu\/wp-json\/wp\/v2\/pages\/184"}],"collection":[{"href":"https:\/\/blogs.urz.uni-halle.de\/dsmlu\/wp-json\/wp\/v2\/pages"}],"about":[{"href":"https:\/\/blogs.urz.uni-halle.de\/dsmlu\/wp-json\/wp\/v2\/types\/page"}],"author":[{"embeddable":true,"href":"https:\/\/blogs.urz.uni-halle.de\/dsmlu\/wp-json\/wp\/v2\/users\/4954"}],"replies":[{"embeddable":true,"href":"https:\/\/blogs.urz.uni-halle.de\/dsmlu\/wp-json\/wp\/v2\/comments?post=184"}],"version-history":[{"count":10,"href":"https:\/\/blogs.urz.uni-halle.de\/dsmlu\/wp-json\/wp\/v2\/pages\/184\/revisions"}],"predecessor-version":[{"id":470,"href":"https:\/\/blogs.urz.uni-halle.de\/dsmlu\/wp-json\/wp\/v2\/pages\/184\/revisions\/470"}],"wp:attachment":[{"href":"https:\/\/blogs.urz.uni-halle.de\/dsmlu\/wp-json\/wp\/v2\/media?parent=184"}],"curies":[{"name":"wp","href":"https:\/\/api.w.org\/{rel}","templated":true}]}}