{"id":640,"date":"2019-09-09T15:39:05","date_gmt":"2019-09-09T13:39:05","guid":{"rendered":"https:\/\/blogs.urz.uni-halle.de\/eckmannlab\/?page_id=640"},"modified":"2019-09-19T13:28:41","modified_gmt":"2019-09-19T11:28:41","slug":"public-outreach-fur-schulen","status":"publish","type":"page","link":"https:\/\/blogs.urz.uni-halle.de\/eckmannlab\/public-outreach-fur-schulen\/","title":{"rendered":"Public outreach | F\u00fcr Schulen"},"content":{"rendered":"<p><strong>Lange Nacht der Wissenschaften<\/strong><\/p>\n<p>Im Rahmen dieser Halle-umspannenden <a href=\"https:\/\/www.lndwhalle.de\" target=\"_blank\" rel=\"noopener\">Veranstaltung<\/a>\u00a0laden wie Sie ein, uns im Atrium des Biologicum zu besuchen und in anschaulichen praktischen Beispielen \u00fcber die moderne Genetik und die Fragestellungen innerhalb dieses Institutsbereiches der Biologie zu erfahren.<\/p>\n<p><em>Come and have fun with worms. Learn about their biology and their usefulness in Genetics and Developmental Biology. Touch and watch worms glow.<\/em><br \/>\n<em>This event is part of a biannual <a href=\"https:\/\/www.lndwhalle.de\" target=\"_blank\" rel=\"noopener\">Campus-wide initiative<\/a> traditionally happening in July.<\/em><\/p>\n<p><strong>Kinder-Uni<\/strong><\/p>\n<p>Im Rahmen der Veranstaltungsserie <a href=\"https:\/\/www.kinderuni.uni-halle.de\" target=\"_blank\" rel=\"noopener\">Kinderuni<\/a> geben wir Einblicke in die abwechslungsreiche Welt der Forschung in den Naturwissenschaften. Mit welchen biologischen und genetischen Modellsystemen und zu welchen Zwecken besch\u00e4ftigen wir uns mit diesen? Bitte kontaktieren Sie im\u00a0Schulb\u00fcro <a href=\"https:\/\/www.prologe.uni-halle.de\" target=\"_blank\" rel=\"noopener\">PROLOGE<\/a>\u00a0Frau Neugebauer oder Frau Kupke, um einen gegen Ende des Semesters angebotenen Vormittag f\u00fcr Schulklassen zu buchen. Wir bitten um Verst\u00e4ndnis, dass diese Termine nur in sehr eigeschr\u00e4nktem Ma\u00dfe vorhanden sind.<\/p>\n<p><i>As part of the MLU&#8217;s initiative to get school children interested in the Life Sciences, we offer a hands-on approach to our world of research topics. Dates and sign-ups are organised centrally by the University bureau\u00a0<\/i><a style=\"font-style: italic\" href=\"https:\/\/www.prologe.uni-halle.de\" target=\"_blank\" rel=\"noopener\">PROLOGE<\/a><i>,\u00a0headed by M. Neugebauer and V. Kupke.<\/i><\/p>\n","protected":false},"excerpt":{"rendered":"<p>Lange Nacht der Wissenschaften Im Rahmen dieser Halle-umspannenden Veranstaltung\u00a0laden wie Sie ein, uns im Atrium des Biologicum zu besuchen und in anschaulichen praktischen Beispielen \u00fcber die moderne Genetik und die Fragestellungen innerhalb dieses Institutsbereiches der Biologie zu erfahren. Come and <a class=\"more-link\" href=\"https:\/\/blogs.urz.uni-halle.de\/eckmannlab\/public-outreach-fur-schulen\/\">Continue reading <span class=\"screen-reader-text\">  Public outreach | F\u00fcr Schulen<\/span><span class=\"meta-nav\">&rarr;<\/span><\/a><\/p>\n","protected":false},"author":4020,"featured_media":0,"parent":0,"menu_order":0,"comment_status":"closed","ping_status":"closed","template":"","meta":[],"_links":{"self":[{"href":"https:\/\/blogs.urz.uni-halle.de\/eckmannlab\/wp-json\/wp\/v2\/pages\/640"}],"collection":[{"href":"https:\/\/blogs.urz.uni-halle.de\/eckmannlab\/wp-json\/wp\/v2\/pages"}],"about":[{"href":"https:\/\/blogs.urz.uni-halle.de\/eckmannlab\/wp-json\/wp\/v2\/types\/page"}],"author":[{"embeddable":true,"href":"https:\/\/blogs.urz.uni-halle.de\/eckmannlab\/wp-json\/wp\/v2\/users\/4020"}],"replies":[{"embeddable":true,"href":"https:\/\/blogs.urz.uni-halle.de\/eckmannlab\/wp-json\/wp\/v2\/comments?post=640"}],"version-history":[{"count":10,"href":"https:\/\/blogs.urz.uni-halle.de\/eckmannlab\/wp-json\/wp\/v2\/pages\/640\/revisions"}],"predecessor-version":[{"id":756,"href":"https:\/\/blogs.urz.uni-halle.de\/eckmannlab\/wp-json\/wp\/v2\/pages\/640\/revisions\/756"}],"wp:attachment":[{"href":"https:\/\/blogs.urz.uni-halle.de\/eckmannlab\/wp-json\/wp\/v2\/media?parent=640"}],"curies":[{"name":"wp","href":"https:\/\/api.w.org\/{rel}","templated":true}]}}