{"id":137,"date":"2017-12-12T15:09:05","date_gmt":"2017-12-12T14:09:05","guid":{"rendered":"https:\/\/blogs.urz.uni-halle.de\/ehumanities\/?page_id=137"},"modified":"2024-03-14T16:12:01","modified_gmt":"2024-03-14T15:12:01","slug":"laufende-projekte","status":"publish","type":"page","link":"https:\/\/blogs.urz.uni-halle.de\/ehumanities\/laufende-projekte\/","title":{"rendered":"Laufende gr\u00f6\u00dfere Projekte | Current major projects"},"content":{"rendered":"<hr>\n<h2>Arbeitsgruppe | Research Group: Paul Molitor &amp; J\u00f6rg Ritter<\/h2>\n<ul>\n<li>\n<p><strong><a href=\"https:\/\/gepris.dfg.de\/gepris\/projekt\/524057241?context=projekt&amp;task=showDetail&amp;id=524057241&amp;\">Semi-automatische Kollationierung verschiedensprachiger Fassungen eines Textes<\/a> | <a href=\"https:\/\/gepris.dfg.de\/gepris\/projekt\/524057241?language=en\">Semi-automatic collation of versions of a text written in different languages<\/a><\/strong><\/p>\n<\/li>\n<\/ul>\n<p style=\"padding-left: 40px\"><acronym title=\"Deutsche Forschungsgemeinschaft\"><acronym title=\"Deutsche Forschungsgemeinschaft\">DFG<\/acronym><\/acronym> finanziertes Kooperationsprojekt, Laufzeit 2023\/24-2026\/27. Zusammen mit Prof. Dr. Frank Fischer, Institut f\u00fcr Griechische und Lateinische Philologie der FU Berlin, Dr. Brigitte Grote, Center f\u00fcr Digitale Systeme der FU Berlin, und Prof. Dr. Manfred Stede, Department f\u00fcr Linguistik der Universit\u00e4t Potsdam.<\/p>\n<ul>\n<li><strong><a href=\"https:\/\/exzerpte.uzi.uni-halle.de\">Exzerpte. Zur digitalen Erschlie\u00dfung und Edition einer besonderen Text-Bild-Konstellation \u2013 am Beispiel Johann Joachim Winckelmanns<\/a>&nbsp;|&nbsp;<a href=\"https:\/\/exzerpte.uzi.uni-halle.de\/\">Excerpts. On the Digital Study and Edition of a Unique Text-Image Constellation \u2013 Based on the example of Johann Joachim Winckelmann<\/a><\/strong><\/li>\n<\/ul>\n<p style=\"padding-left: 40px\"><acronym title=\"Bundesministerium f\u00fcr Bildung und Foschung\">BMBF<\/acronym>&nbsp;gef\u00f6rdertes Kooperationsprojekt, Laufzeit 2022-2024. Zusammen mir&nbsp;Prof. Dr. Elisabeth D\u00e9cultot, Interdisziplin\u00e4res Zentrum f\u00fcr die Erforschung der Europ\u00e4ischen Aufkl\u00e4rung and der Martin-Luther-Universit\u00e4t Halle-Wittenberg, und Prof. Dr. Andreas Rapp, Institut f\u00fcr Sprach- und Literaturwissenschaft der TU Darmstadt. | BMBF-funded cooperation project from 2022-2024, with Prof. Dr. Elisabeth D\u00e9cultot, Interdisciplinary Center for the Study of the European Enlightenment at the Martin Luther University Halle-Wittenberg, and Prof. Dr. Andreas Rapp, Institute for Linguistics and Literary Studies at the TU Darmstadt.<\/p>\n<ul>\n<li><strong><strong><b><a href=\"https:\/\/kabbalaheditions.org\/projects.de.html\">Aufbau einer digitalen Mehrschicht-Synopse und alphabet-mystische Traditionen zum kabbalistischen Traktat <i>Keter Shem \u1e6cov<\/i><\/a>&nbsp;|&nbsp;<\/b><\/strong><\/strong><a href=\"https:\/\/gepris.dfg.de\/gepris\/projekt\/414786977\"><strong>Digital Multi-layer Synopsis and Mystical Traditions of the Hebrew Alphabet according to the Kabbalistic Treatise <em>Keter Shem \u1e6cov<\/em><\/strong><\/a><\/li>\n<\/ul>\n<p style=\"padding-left: 40px\"><acronym title=\"Deutsche Forschungsgemeinschaft\">DFG<\/acronym> finanziertes Kooperationsprojekt, Laufzeit 2022-2025. Zusammen mit Prof. Dr. Gerold Necker, Seminar f\u00fcr Judaistik\/J\u00fcdische Studien, Orientalistisches Institut, Martin-Luther-Universit\u00e4t Halle-Wittenberg. | DFG-funded cooperative project from 2022-2025, together with Prof. Dr. Gerold Necker, Seminar for Jewish Studies, Orientalist Institute, Martin Luther University Halle-Wittenberg. &nbsp;<\/p>\n<h3>&nbsp;<\/h3>\n\n\n<p><\/p>\n","protected":false},"excerpt":{"rendered":"<p>Arbeitsgruppe | Research Group: Paul Molitor &amp; J\u00f6rg Ritter Semi-automatische Kollationierung verschiedensprachiger Fassungen eines Textes | Semi-automatic collation of versions of a text written in different languages DFG finanziertes Kooperationsprojekt, Laufzeit 2023\/24-2026\/27. Zusammen mit Prof. Dr. Frank Fischer, Institut f\u00fcr &hellip; <a href=\"https:\/\/blogs.urz.uni-halle.de\/ehumanities\/laufende-projekte\/\">Continue reading <span class=\"meta-nav\">&rarr;<\/span><\/a><\/p>\n","protected":false},"author":3081,"featured_media":0,"parent":0,"menu_order":0,"comment_status":"closed","ping_status":"closed","template":"","meta":{"ngg_post_thumbnail":0},"_links":{"self":[{"href":"https:\/\/blogs.urz.uni-halle.de\/ehumanities\/wp-json\/wp\/v2\/pages\/137"}],"collection":[{"href":"https:\/\/blogs.urz.uni-halle.de\/ehumanities\/wp-json\/wp\/v2\/pages"}],"about":[{"href":"https:\/\/blogs.urz.uni-halle.de\/ehumanities\/wp-json\/wp\/v2\/types\/page"}],"author":[{"embeddable":true,"href":"https:\/\/blogs.urz.uni-halle.de\/ehumanities\/wp-json\/wp\/v2\/users\/3081"}],"replies":[{"embeddable":true,"href":"https:\/\/blogs.urz.uni-halle.de\/ehumanities\/wp-json\/wp\/v2\/comments?post=137"}],"version-history":[{"count":9,"href":"https:\/\/blogs.urz.uni-halle.de\/ehumanities\/wp-json\/wp\/v2\/pages\/137\/revisions"}],"predecessor-version":[{"id":542,"href":"https:\/\/blogs.urz.uni-halle.de\/ehumanities\/wp-json\/wp\/v2\/pages\/137\/revisions\/542"}],"wp:attachment":[{"href":"https:\/\/blogs.urz.uni-halle.de\/ehumanities\/wp-json\/wp\/v2\/media?parent=137"}],"curies":[{"name":"wp","href":"https:\/\/api.w.org\/{rel}","templated":true}]}}