{"id":2,"date":"2017-11-23T09:48:12","date_gmt":"2017-11-23T08:48:12","guid":{"rendered":"https:\/\/blogs.urz.uni-halle.de\/ehumanities\/?page_id=2"},"modified":"2024-03-14T15:49:17","modified_gmt":"2024-03-14T14:49:17","slug":"rittermolitor","status":"publish","type":"page","link":"https:\/\/blogs.urz.uni-halle.de\/ehumanities\/arbeitsgruppen\/rittermolitor\/","title":{"rendered":"Informatik und Philologien | Informatics and Philologies"},"content":{"rendered":"<h3>&nbsp;<\/h3>\n<h3>Arbeitsgrupenleiter | Head of the working group<\/h3>\n<p><a href=\"http:\/\/www.informatik.uni-halle.de\/ti\/mitarbeiter\/molitor\/\">Prof. Dr. Paul Molitor,<\/a>&nbsp;<a href=\"http:\/\/www.informatik.uni-halle.de\/ti\/mitarbeiter\/ritter\/\">Dr. J\u00f6rg Ritter<\/a><\/p>\n<h3>Mitarbeiter:innen | Current Staff<\/h3>\n<p><a href=\"https:\/\/www.informatik.uni-halle.de\/ti\/mitarbeiter\/20178_3395671\/\">Janis D\u00e4hne<\/a>, Alexandra Damm, <a href=\"https:\/\/www.informatik.uni-halle.de\/mitarbeiter\/11448_2733691\/\">Sascha He\u00dfe<\/a>, <a href=\"http:\/\/www.informatik.uni-halle.de\/ti\/mitarbeiter\/poeckelmann\/\">Marcus P\u00f6ckelmann<\/a><\/p>\n<h3>Projekte | Projects<\/h3>\n<ul>\n<li><a href=\"http:\/\/sada.uzi.uni-halle.de\/\" target=\"_blank\" rel=\"noopener noreferrer\">Semiautomatische Differenzanalyse komplexer Textvarianten<\/a> (BMBF 2012-2015)<\/li>\n<li><a href=\"http:\/\/nws.uzi.uni-halle.de\/\" target=\"_blank\" rel=\"noopener noreferrer\">Nachtragsw\u00f6rterbuch des Sanskrit<\/a> (DFG 2013-2016))<\/li>\n<li><a href=\"http:\/\/exilnetz33.de\/de\/\" target=\"_blank\" rel=\"noopener noreferrer\">Vernetzte Korrespondenzen | Exilnetz33<\/a> (BMBF 2013-2016))<\/li>\n<li><a href=\"http:\/\/www.uni-halle.de\/uzi\/arbeitskreise\/e2\/projekte\/mittelelbisches-woerterbuch\/\" target=\"_blank\" rel=\"noopener noreferrer\">Mittelelbisches W\u00f6rterbuch<\/a><\/li>\n<li><a href=\"https:\/\/digital-plato.org\/\">Digital Plato&nbsp;\u2013 Tradition and Reception<\/a> (VolkswagenStiftung 2016-2019)<\/li>\n<li><a href=\"https:\/\/blogs.urz.uni-halle.de\/ehumanities\/2019\/01\/dfg-genehmigt-das-projekt-synoptische-edition-des-kabbalistischen-traktats-keter-shem-tov\/\">Synoptische Edition des kabbalistischen Traktats <i>Keter Shem Tov&nbsp;<\/i>mit englischer \u00dcbersetzung, Stellenkommentar und rezeptionsgeschichtlichen Studien<\/a> (DFG 2019-2022)<\/li>\n<li><a href=\"https:\/\/exzerpte.uzi.uni-halle.de\">Exzerpte. Zur digitalen Erschlie\u00dfung und Edition einer besonderen Text-Bild-Konstellation \u2013 am Beispiel Johann Joachim Winckelmanns<\/a> (BMBF 2021-2024)<\/li>\n<li><a href=\"https:\/\/gepris.dfg.de\/gepris\/projekt\/524057241?context=projekt&amp;task=showDetail&amp;id=524057241&amp;\">Semiautomatische Kollationierung verschiedensprachiger Fassungen eines Textes<\/a> (DFG 2024-2026)<\/li>\n<\/ul>\n<h3>Former Staff<\/h3>\n<p>Martin Andert, Alicia Gesch Thi Kim Hanh Luu, Andr\u00e9 Medek (n\u00e9 Gie\u00dfler), Dirk Osierenski, <a href=\"https:\/\/www.xing.com\/profile\/Stefan_Teitge2\">Stefan Teitge<\/a><\/p>\n","protected":false},"excerpt":{"rendered":"<p>&nbsp; Arbeitsgrupenleiter | Head of the working group Prof. Dr. Paul Molitor,&nbsp;Dr. J\u00f6rg Ritter Mitarbeiter:innen | Current Staff Janis D\u00e4hne, Alexandra Damm, Sascha He\u00dfe, Marcus P\u00f6ckelmann Projekte | Projects Semiautomatische Differenzanalyse komplexer Textvarianten (BMBF 2012-2015) Nachtragsw\u00f6rterbuch des Sanskrit (DFG 2013-2016)) &hellip; <a href=\"https:\/\/blogs.urz.uni-halle.de\/ehumanities\/arbeitsgruppen\/rittermolitor\/\">Continue reading <span class=\"meta-nav\">&rarr;<\/span><\/a><\/p>\n","protected":false},"author":3081,"featured_media":0,"parent":134,"menu_order":1,"comment_status":"closed","ping_status":"closed","template":"","meta":{"ngg_post_thumbnail":0},"_links":{"self":[{"href":"https:\/\/blogs.urz.uni-halle.de\/ehumanities\/wp-json\/wp\/v2\/pages\/2"}],"collection":[{"href":"https:\/\/blogs.urz.uni-halle.de\/ehumanities\/wp-json\/wp\/v2\/pages"}],"about":[{"href":"https:\/\/blogs.urz.uni-halle.de\/ehumanities\/wp-json\/wp\/v2\/types\/page"}],"author":[{"embeddable":true,"href":"https:\/\/blogs.urz.uni-halle.de\/ehumanities\/wp-json\/wp\/v2\/users\/3081"}],"replies":[{"embeddable":true,"href":"https:\/\/blogs.urz.uni-halle.de\/ehumanities\/wp-json\/wp\/v2\/comments?post=2"}],"version-history":[{"count":9,"href":"https:\/\/blogs.urz.uni-halle.de\/ehumanities\/wp-json\/wp\/v2\/pages\/2\/revisions"}],"predecessor-version":[{"id":533,"href":"https:\/\/blogs.urz.uni-halle.de\/ehumanities\/wp-json\/wp\/v2\/pages\/2\/revisions\/533"}],"up":[{"embeddable":true,"href":"https:\/\/blogs.urz.uni-halle.de\/ehumanities\/wp-json\/wp\/v2\/pages\/134"}],"wp:attachment":[{"href":"https:\/\/blogs.urz.uni-halle.de\/ehumanities\/wp-json\/wp\/v2\/media?parent=2"}],"curies":[{"name":"wp","href":"https:\/\/api.w.org\/{rel}","templated":true}]}}