{"id":137,"date":"2025-01-10T15:05:41","date_gmt":"2025-01-10T14:05:41","guid":{"rendered":"https:\/\/blogs.urz.uni-halle.de\/englishpicturebooksandmaybemore\/?page_id=137"},"modified":"2025-03-16T12:43:57","modified_gmt":"2025-03-16T11:43:57","slug":"allgemeines","status":"publish","type":"page","link":"https:\/\/blogs.urz.uni-halle.de\/englishpicturebooksandmaybemore\/","title":{"rendered":"Allgemeines"},"content":{"rendered":"\n<h2>Die Webseite<\/h2>\n\n\n\n<p>Bei dieser Internetseite handelt es sich um einen Blog, welcher sich mit englischen Bilderb\u00fcchern besch\u00e4ftigt und diese wie auch die Autoren vorstellt. Zus\u00e4tzlich werden die Bilderb\u00fccher auch nach Themen geordnet.<\/p>\n\n\n\n<p>Diese Webseite richtet sich vor allem an Englischlehrkr\u00e4fte der Grundschule und Lehramtsstudierende, welche in ihrem Unterricht mehr Kinderliteratur einbringen m\u00f6chten.<\/p>\n\n\n\n<hr class=\"wp-block-separator\" \/>\n\n\n\n<h2>Verwendung<\/h2>\n\n\n\n<p>Es gibt unterschiedliche Weisen, wie man diese Webseite nutzen kann:<\/p>\n\n\n<p style=\"padding-left: 40px\"><strong>1. St\u00f6bern in englischen Bilderb\u00fcchern<\/strong><\/p>\n<p style=\"padding-left: 80px\">Auf der Webseite werden nach und nach englische Bilderb\u00fccher eingestellt, daher lohnt sich immer wieder ein Blick, um unbekannte Werke zu entdecken.<\/p>\n<p style=\"padding-left: 40px\"><strong>2. Kennenlernen von neuen Autoren<\/strong><\/p>\n<p style=\"padding-left: 80px\">Neben den Bilderb\u00fcchern werden auch die Autoren vorgestellt. Wenn einem ein Werk eines Autors oder einer Autorin gef\u00e4llt, dann kann man sich auch weitere Werke von ihm\/ihr anzeichen lassen. Leider beschr\u00e4nken sich die angezeigten Werke nur auf diese Webseite.<\/p>\n<p style=\"padding-left: 40px\"><strong>3. Nutzung der fertigen Vokabellisten<\/strong><\/p>\n<p style=\"padding-left: 80px\">Zu jedem Bilderbuch ist eine Datei eingestellt, welche heruntergeladen werden kann. Dort findet man unterschiedliche Vokabellisten, welche einen Teil der W\u00f6rter aus dem Bilderbuch enthalten. In der Datei befinden sich Vokabellisten f\u00fcr A4-Seiten, A5-Seiten und f\u00fcr beide Formate auch die Listen ohne die deutschen \u00dcbersetzungen. Diese leeren Vokabellisten k\u00f6nnen f\u00fcr das \u00dcben mit dem W\u00f6rterbuch genutzt werden.<\/p>\n<p style=\"padding-left: 40px\"><strong>4. Nutzung der Vokabelkarten<\/strong><\/p>\n<p style=\"padding-left: 80px\">Neben den Vokabellisten gibt es zu jedem Bilderbuch auch fertige Vokabelkarten, welche als Vorbereitung, Nachbereitung und als Auffrischung der Inhalte im Buch genutzt werden k\u00f6nnen.<\/p>\n\n\n<hr class=\"wp-block-separator\" \/>\n\n\n\n<h2>Schwierigkeitsgrad<\/h2>\n\n\n\n<p>Jedes aufgef\u00fchrte Buch wird von mir einem bestimmten Schwierigkeitsgrad zugeordnet. Dies geschieht auf Grundlage folgender Kriterien:<\/p>\n\n\n\n<div class=\"wp-block-media-text alignwide is-stacked-on-mobile\"><figure class=\"wp-block-media-text__media\"><img loading=\"lazy\" width=\"1024\" height=\"576\" src=\"https:\/\/blogs.urz.uni-halle.de\/englishpicturebooksandmaybemore\/files\/2025\/01\/Titelloses_35_20250119220251-e1737321348198-1024x576.jpeg\" alt=\"\" class=\"wp-image-260\" srcset=\"https:\/\/blogs.urz.uni-halle.de\/englishpicturebooksandmaybemore\/files\/2025\/01\/Titelloses_35_20250119220251-e1737321348198-1024x576.jpeg 1024w, https:\/\/blogs.urz.uni-halle.de\/englishpicturebooksandmaybemore\/files\/2025\/01\/Titelloses_35_20250119220251-e1737321348198-300x169.jpeg 300w, https:\/\/blogs.urz.uni-halle.de\/englishpicturebooksandmaybemore\/files\/2025\/01\/Titelloses_35_20250119220251-e1737321348198-1110x624.jpeg 1110w, https:\/\/blogs.urz.uni-halle.de\/englishpicturebooksandmaybemore\/files\/2025\/01\/Titelloses_35_20250119220251-e1737321348198-528x297.jpeg 528w, https:\/\/blogs.urz.uni-halle.de\/englishpicturebooksandmaybemore\/files\/2025\/01\/Titelloses_35_20250119220251-e1737321348198-768x432.jpeg 768w, https:\/\/blogs.urz.uni-halle.de\/englishpicturebooksandmaybemore\/files\/2025\/01\/Titelloses_35_20250119220251-e1737321348198.jpeg 1280w\" sizes=\"(max-width: 1024px) 100vw, 1024px\" \/><\/figure><div class=\"wp-block-media-text__content\">\n<p class=\"has-large-font-size\">Schwierigkeitsstufe 1:<\/p>\n\n\n\n<p>Es werden weniger als 10 zus\u00e4tzliche W\u00f6rter gebraucht, um das Vokabular der Geschichte abzudecken.<\/p>\n<\/div><\/div>\n\n\n\n<div class=\"wp-block-media-text alignwide is-stacked-on-mobile\"><figure class=\"wp-block-media-text__media\"><img loading=\"lazy\" width=\"1024\" height=\"576\" src=\"https:\/\/blogs.urz.uni-halle.de\/englishpicturebooksandmaybemore\/files\/2025\/01\/Titelloses_35_20250119220501-e1737321359364-1024x576.jpeg\" alt=\"\" class=\"wp-image-262\" srcset=\"https:\/\/blogs.urz.uni-halle.de\/englishpicturebooksandmaybemore\/files\/2025\/01\/Titelloses_35_20250119220501-e1737321359364-1024x576.jpeg 1024w, https:\/\/blogs.urz.uni-halle.de\/englishpicturebooksandmaybemore\/files\/2025\/01\/Titelloses_35_20250119220501-e1737321359364-300x169.jpeg 300w, https:\/\/blogs.urz.uni-halle.de\/englishpicturebooksandmaybemore\/files\/2025\/01\/Titelloses_35_20250119220501-e1737321359364-1110x624.jpeg 1110w, https:\/\/blogs.urz.uni-halle.de\/englishpicturebooksandmaybemore\/files\/2025\/01\/Titelloses_35_20250119220501-e1737321359364-528x297.jpeg 528w, https:\/\/blogs.urz.uni-halle.de\/englishpicturebooksandmaybemore\/files\/2025\/01\/Titelloses_35_20250119220501-e1737321359364-768x432.jpeg 768w, https:\/\/blogs.urz.uni-halle.de\/englishpicturebooksandmaybemore\/files\/2025\/01\/Titelloses_35_20250119220501-e1737321359364.jpeg 1280w\" sizes=\"(max-width: 1024px) 100vw, 1024px\" \/><\/figure><div class=\"wp-block-media-text__content\">\n<p class=\"has-large-font-size\">Schwierigkeitsstufe 2:<\/p>\n\n\n\n<p>Es werden 10 bis 20 zus\u00e4tzliche W\u00f6rter gebraucht, um das Vokabular der Geschichte abzudecken.<\/p>\n<\/div><\/div>\n\n\n\n<div class=\"wp-block-media-text alignwide is-stacked-on-mobile\"><figure class=\"wp-block-media-text__media\"><img loading=\"lazy\" width=\"1024\" height=\"576\" src=\"https:\/\/blogs.urz.uni-halle.de\/englishpicturebooksandmaybemore\/files\/2025\/01\/Titelloses_35-1024x576.jpg\" alt=\"\" class=\"wp-image-287\" srcset=\"https:\/\/blogs.urz.uni-halle.de\/englishpicturebooksandmaybemore\/files\/2025\/01\/Titelloses_35-1024x576.jpg 1024w, https:\/\/blogs.urz.uni-halle.de\/englishpicturebooksandmaybemore\/files\/2025\/01\/Titelloses_35-300x169.jpg 300w, https:\/\/blogs.urz.uni-halle.de\/englishpicturebooksandmaybemore\/files\/2025\/01\/Titelloses_35-768x432.jpg 768w, https:\/\/blogs.urz.uni-halle.de\/englishpicturebooksandmaybemore\/files\/2025\/01\/Titelloses_35-1110x624.jpg 1110w, https:\/\/blogs.urz.uni-halle.de\/englishpicturebooksandmaybemore\/files\/2025\/01\/Titelloses_35-528x297.jpg 528w, https:\/\/blogs.urz.uni-halle.de\/englishpicturebooksandmaybemore\/files\/2025\/01\/Titelloses_35.jpg 1280w\" sizes=\"(max-width: 1024px) 100vw, 1024px\" \/><\/figure><div class=\"wp-block-media-text__content\">\n<p class=\"has-large-font-size\">Schwierigkeitsstufe 3:<\/p>\n\n\n\n<p>Es werden mehr als 20 zus\u00e4tzliche W\u00f6rter gebraucht, um das Vokabular der Geschichte abzudecken.<\/p>\n<\/div><\/div>\n\n\n\n<hr class=\"wp-block-separator\" \/>\n\n\n\n<h2>Grundwortschatz<\/h2>\n\n\n\n<p>Hier ist der Grundwortschatz aufgef\u00fchrt, welcher bei der Betrachtung der Bilderb\u00fccher separat verwendet wird.<\/p>\n\n\n\n<p>Bei den Vokabelkarten und in den Dateien mit den Vokabellisten werden diese W\u00f6rter nicht beachtet, da angenommen wird, dass diese W\u00f6rter bekannt sind.<\/p>\n\n\n\n<figure class=\"wp-block-table is-style-stripes\"><table><thead><tr><th> <\/th><th>englischer Grundwortschatz<\/th><th>deutsche \u00dcbersetzung<\/th><\/tr><\/thead><tbody><tr><td>A<\/td><td>a, an<br>about<br>all<br>also<br>and<br>as<br>ask(s), asked, asking<br>at<\/td><td>ein(e\/r)<br>\u00fcber<br>alle<br>auch<br>und<br>als\/wie<br>fragen<br>bei\/auf<\/td><\/tr><tr><td>B<\/td><td>be, am\/is\/are, was\/were, been, being<br>because<br>book(s)<br>but<br>by<\/td><td>sein<br>weil<br>Buch<br>aber<br>bei\/von\/durch<\/td><\/tr><tr><td>C<\/td><td>call(s), called, calling<br>can<br>close(s), closed, closing<br>come(s), came, coming<br>could<br>cold<\/td><td>rufen<br>k\u00f6nnen<br>schlie\u00dfen<br>kommen<br>k\u00f6nnte<br>kalt<\/td><\/tr><tr><td>D<\/td><td>day(s)<br>do(es), did, doing<br>door(s)<br>down<\/td><td>Tag<br>tun<br>T\u00fcr<br>herunter\/unten<\/td><\/tr><tr><td>E<\/td><td>each<br>even<\/td><td>jede(r)<br>auch\/sogar\/gerade<\/td><\/tr><tr><td>F<\/td><td>find(s), found, finding<br>first<br>for<br>from<br>feel(s), felt, feeling<\/td><td>finden<br>erste(r\/s)<br>f\u00fcr<br>von<br>f\u00fchlen<\/td><\/tr><tr><td>G<\/td><td>get(s), got, gotten, getting<br>give(s), gave, given, giving<br>go(es), went, gone, going<\/td><td>erhalten\/bekommen<br>geben<br>gehen<\/td><\/tr><tr><td>H<\/td><td>have\/has, had, having<br>he<br>her<br>here<br>herself<br>him<br>himself<br>his<br>home<br>hot<br>house<br>how<\/td><td>haben<br>er<br>sie\/ihre<br>hier<br>sich<br>ihn\/ihm<br>sich<br>sein<br>Zuhause<br>hei\u00df<br>Haus<br>wie<\/td><\/tr><tr><td>I\/J<\/td><td>I<br>if<br>in<br>into<br>it<br>its<br>just<\/td><td>ich<br>falls\/wenn<br>in<br>in\/hinein<br>es\/das<br>sein(es)<br>nur<\/td><\/tr><tr><td>K<\/td><td>know(s), knew, known, knowing<\/td><td>wissen\/kennen<\/td><\/tr><tr><td>L<\/td><td>like<br>like(s), liked, liking<br>long<br>look(s), looked, looking<\/td><td>so wie<br>m\u00f6gen<br>lang<br>sehen<\/td><\/tr><tr><td>M<\/td><td>make(s), made, making<br>man, men<br>many<br>me<br>more<br>much<br>my<br>myself<\/td><td>machen<br>Mann<br>viele<br>mich<br>mehr<br>viel<br>mein(e\/er)<br>ich selbst<\/td><\/tr><tr><td>N<\/td><td>new<br>no<br>not<br>now<br>number(s)<\/td><td>neu<br>nein<br>nicht<br>jetzt<br>Nummer<\/td><\/tr><tr><td>O<\/td><td>of<br>off<br>old<br>on<br>one<br>only<br>open(s), opened, opening<br>or<br>other<br>our<br>ourself<br>out<\/td><td>von<br>aus<br>alt<br>auf<br>ein(s)<br>nur<br>\u00f6ffnen<br>oder<br>andere(r)<br>unser(e\/es)<br>uns selbst<br>aus\/von<\/td><\/tr><tr><td>P\/Q\/R<\/td><td>part(s)<br>part(s), parted, parting<br>people<\/td><td>Teil<br>teilen<br>Menschen\/Leute\/Volk<\/td><\/tr><tr><td>S<\/td><td>same<br>say(s), said, saying<br>school<br>see(s), saw, seen, seeing<br>she<br>so<br>some<\/td><td>gleich<br>sagen<br>Schule<br>sehen<br>sie<br>so\/also<br>einige(s)<\/td><\/tr><tr><td>T<\/td><td>take(s), took, taken, taking<br>tell(s), told, telling<br>than<br>thank(s)<br>that<br>the<br>their<br>them<br>then<br>there<br>these<br>they<br>thing(s)<br>think(s), thought, thinking<br>this<br>those<br>three<br>time<br>to<br>two<\/td><td>nehmen<br>erz\u00e4hlen<br>als<br>dank(e)<br>diese(r\/s)<br>der\/die\/das<br>ihre<br>sie<br>als\/dann<br>da\/dort<br>diese<br>sie<br>Ding\/Sache<br>denken<br>diese(r\/s)<br>jene<br>drei<br>Zeit<br>zu\/nach<br>zwei<\/td><\/tr><tr><td>U\/V<\/td><td>up<br>use(s), used, using<br>very<\/td><td>oben\/nach oben<br>nutzen<br>sehr<\/td><\/tr><tr><td>W<\/td><td>want(s), wanted, wanting<br>warm<br>way<br>well<br>we<br>what<br>when<br>which<br>who<br>will<br>with<br>word(s)<br>would<br>write(s), wrote, written, writing<\/td><td>wollen<br>warm<br>Weg\/Weise<br>also\/gut<br>wir<br>was<br>wann<br>die\/welche<br>die\/der<br>werden<br>mit<br>Wort<br>w\u00fcrde\/m\u00f6chte<br>schreiben<\/td><\/tr><tr><td>X\/Y\/Z<\/td><td>year(s)<br>you<br>your<br>yours<br>yourself<br>yes<\/td><td>Jahr<br>du<br>dein(e)<br>dein(e)<br>selbst<br>ja<\/td><\/tr><\/tbody><\/table><figcaption>Bei der deutschen \u00dcbersetzung werden nur beispielhafte \u00dcbersetzungen angegeben.<\/figcaption><\/figure>\n","protected":false},"excerpt":{"rendered":"<p>Die Webseite Bei dieser Internetseite handelt es sich um einen Blog, welcher sich mit englischen Bilderb\u00fcchern besch\u00e4ftigt und diese wie auch die Autoren vorstellt. Zus\u00e4tzlich werden die Bilderb\u00fccher auch nach Themen geordnet. Diese Webseite richtet sich vor allem an Englischlehrkr\u00e4fte der Grundschule und Lehramtsstudierende, welche in ihrem Unterricht mehr Kinderliteratur einbringen m\u00f6chten. Verwendung Es gibt [&hellip;]<\/p>\n","protected":false},"author":6249,"featured_media":0,"parent":0,"menu_order":0,"comment_status":"closed","ping_status":"closed","template":"","meta":[],"_links":{"self":[{"href":"https:\/\/blogs.urz.uni-halle.de\/englishpicturebooksandmaybemore\/wp-json\/wp\/v2\/pages\/137"}],"collection":[{"href":"https:\/\/blogs.urz.uni-halle.de\/englishpicturebooksandmaybemore\/wp-json\/wp\/v2\/pages"}],"about":[{"href":"https:\/\/blogs.urz.uni-halle.de\/englishpicturebooksandmaybemore\/wp-json\/wp\/v2\/types\/page"}],"author":[{"embeddable":true,"href":"https:\/\/blogs.urz.uni-halle.de\/englishpicturebooksandmaybemore\/wp-json\/wp\/v2\/users\/6249"}],"replies":[{"embeddable":true,"href":"https:\/\/blogs.urz.uni-halle.de\/englishpicturebooksandmaybemore\/wp-json\/wp\/v2\/comments?post=137"}],"version-history":[{"count":9,"href":"https:\/\/blogs.urz.uni-halle.de\/englishpicturebooksandmaybemore\/wp-json\/wp\/v2\/pages\/137\/revisions"}],"predecessor-version":[{"id":438,"href":"https:\/\/blogs.urz.uni-halle.de\/englishpicturebooksandmaybemore\/wp-json\/wp\/v2\/pages\/137\/revisions\/438"}],"wp:attachment":[{"href":"https:\/\/blogs.urz.uni-halle.de\/englishpicturebooksandmaybemore\/wp-json\/wp\/v2\/media?parent=137"}],"curies":[{"name":"wp","href":"https:\/\/api.w.org\/{rel}","templated":true}]}}