{"id":109,"date":"2023-05-10T13:51:53","date_gmt":"2023-05-10T11:51:53","guid":{"rendered":"https:\/\/blogs.urz.uni-halle.de\/erinnerunginkomplexitaet\/?page_id=109"},"modified":"2025-10-22T11:52:29","modified_gmt":"2025-10-22T09:52:29","slug":"frontseite","status":"publish","type":"page","link":"https:\/\/blogs.urz.uni-halle.de\/erinnerunginkomplexitaet\/","title":{"rendered":"Frontseite"},"content":{"rendered":"\t\t<div data-elementor-type=\"wp-page\" data-elementor-id=\"109\" class=\"elementor elementor-109\" data-elementor-settings=\"[]\">\n\t\t\t\t\t\t\t<div class=\"elementor-section-wrap\">\n\t\t\t\t\t\t\t<section class=\"elementor-section elementor-top-section elementor-element elementor-element-3783491 elementor-section-boxed elementor-section-height-default elementor-section-height-default\" data-id=\"3783491\" data-element_type=\"section\">\n\t\t\t\t\t\t<div class=\"elementor-container elementor-column-gap-default\">\n\t\t\t\t\t<div class=\"elementor-column elementor-col-50 elementor-top-column elementor-element elementor-element-f7da99c\" data-id=\"f7da99c\" data-element_type=\"column\">\n\t\t\t<div class=\"elementor-widget-wrap elementor-element-populated\">\n\t\t\t\t\t\t\t\t<div class=\"elementor-element elementor-element-2b3a526 elementor-widget elementor-widget-text-editor\" data-id=\"2b3a526\" data-element_type=\"widget\" data-widget_type=\"text-editor.default\">\n\t\t\t\t<div class=\"elementor-widget-container\">\n\t\t\t\t\t<div class=\"elementor-text-editor elementor-clearfix\"><p>&#8222;Dieses Buch ist entstanden aus einem inneren Dialog, aus zwei pers\u00f6nlichen Anliegen. M\u00f6gen wir als Deutsche, als neue und als alte Deutsche, den Nationalsozialismus dicht bei uns behalten, mit Sensibilit\u00e4t und mit F\u00fcrsorglichkeit gegen\u00fcber den Opfern. Und m\u00f6gen wir als Europ\u00e4er:innen ein wei\u00dfes Geschichtsdenken \u00fcberwinden und uns der Auswirkungen kolonialer Gewalt bewusst sein.&#8220;\u00a0<strong>Charlotte Wiedemann: <em>Den Schmerz der Anderen begreifen. Holocaust\u00a0und Weltged\u00e4chtnis<\/em><\/strong> (2022)<\/p><p>Mit ihrer Wettbewerbsidee <em>Erinnerung in Komplexit\u00e4t<\/em> hat die Martin-Luther-Universit\u00e4t Halle-Wittenberg die Ausschreibung <a href=\"https:\/\/www.stifterverband.org\/eine-uni-ein-buch\"><em>Eine Uni &#8211; ein Buch<\/em>\u00a02023 des Stifterverbands und der Klaus Tschira Stiftung<\/a> gewonnen. Ausgew\u00e4hlt wurde das Buch <em>Den Schmerz der Anderen begreifen. Holocaust und Weltged\u00e4chtnis<\/em> (2022) von Charlotte Wiedemann. Eingereicht wurde die Idee von der Forschungsstelle <a href=\"https:\/\/massenphaenomene.philfak2.uni-halle.de\">Massenph\u00e4nomene<\/a> der Philosophischen Fakult\u00e4t II, konkret von Prof. Dr. Natascha Ueckmann (Romanistik) und Dr. Steffen Hendel (Germanistik). Bis zum Fr\u00fchjahr 2024 finden dazu Veranstaltungen mit einer Vielzahl hiesiger wie internationaler, universit\u00e4rer wie zivilgesellschaftlicher Partner:innen statt.<\/p><p><strong>AKTUELL<\/strong> Die Universit\u00e4tszeitung CAMPUS HALENSIS berichtet \u00fcber die deutsch-togoische Universit\u00e4tskooperation. Anlass war die Summer School <em>Wissenszirkulationen und Erinnerungspraxen zwischen Afrika und Europa<\/em> mit Kolleg:innen, Promovierenden, Studierenden sowie G\u00e4sten aus Togo und Deutschland; <a href=\"https:\/\/www.campus-halensis.de\/artikel\/erinnerungspraxen\/\">hier online&gt;<\/a>.<\/p><p><strong>AKTUELL<\/strong> Im Fr\u00fchjahr 2026 wird der Open Access Band zur Ringvorlesung &#8222;Weltged\u00e4chtnis und Solidarit\u00e4t&#8220; (in der POINTE-Reihe des Olms-Verlags) erscheinen.\u00a0<\/p><\/div>\n\t\t\t\t<\/div>\n\t\t\t\t<\/div>\n\t\t\t\t<div class=\"elementor-element elementor-element-a42e492 elementor-widget-divider--view-line elementor-widget elementor-widget-divider\" data-id=\"a42e492\" data-element_type=\"widget\" data-widget_type=\"divider.default\">\n\t\t\t\t<div class=\"elementor-widget-container\">\n\t\t\t\t\t<div class=\"elementor-divider\">\n\t\t\t<span class=\"elementor-divider-separator\">\n\t\t\t\t\t\t<\/span>\n\t\t<\/div>\n\t\t\t\t<\/div>\n\t\t\t\t<\/div>\n\t\t\t\t<div class=\"elementor-element elementor-element-4587961 elementor-widget elementor-widget-text-editor\" data-id=\"4587961\" data-element_type=\"widget\" data-widget_type=\"text-editor.default\">\n\t\t\t\t<div class=\"elementor-widget-container\">\n\t\t\t\t\t<div class=\"elementor-text-editor elementor-clearfix\"><p>Informationen zu allen im Rahmen des Projektes stattgefundenen Veranstaltungen finden Sie im Archiv, <a href=\"https:\/\/blogs.urz.uni-halle.de\/erinnerunginkomplexitaet\/archiv\/\">hier &gt;<\/a><\/p><\/div>\n\t\t\t\t<\/div>\n\t\t\t\t<\/div>\n\t\t\t\t\t<\/div>\n\t\t<\/div>\n\t\t\t\t<div class=\"elementor-column elementor-col-50 elementor-top-column elementor-element elementor-element-23b752e\" data-id=\"23b752e\" data-element_type=\"column\">\n\t\t\t<div class=\"elementor-widget-wrap elementor-element-populated\">\n\t\t\t\t\t\t\t\t<section class=\"elementor-section elementor-inner-section elementor-element elementor-element-d2c3d9f elementor-section-boxed elementor-section-height-default elementor-section-height-default\" data-id=\"d2c3d9f\" data-element_type=\"section\">\n\t\t\t\t\t\t<div class=\"elementor-container elementor-column-gap-default\">\n\t\t\t\t\t<div class=\"elementor-column elementor-col-50 elementor-inner-column elementor-element elementor-element-70353dd\" data-id=\"70353dd\" data-element_type=\"column\">\n\t\t\t<div class=\"elementor-widget-wrap elementor-element-populated\">\n\t\t\t\t\t\t\t\t<div class=\"elementor-element elementor-element-ced0e4f elementor-widget elementor-widget-image\" data-id=\"ced0e4f\" data-element_type=\"widget\" data-widget_type=\"image.default\">\n\t\t\t\t<div class=\"elementor-widget-container\">\n\t\t\t\t\t<div class=\"elementor-image\">\n\t\t\t\t\t\t\t\t\t\t<img width=\"294\" height=\"300\" src=\"https:\/\/blogs.urz.uni-halle.de\/erinnerunginkomplexitaet\/files\/2023\/05\/L_Logo_EineUniEinBuch_4cC_300dpi-294x300.jpg\" class=\"attachment-medium size-medium\" alt=\"\" loading=\"lazy\" srcset=\"https:\/\/blogs.urz.uni-halle.de\/erinnerunginkomplexitaet\/files\/2023\/05\/L_Logo_EineUniEinBuch_4cC_300dpi-294x300.jpg 294w, https:\/\/blogs.urz.uni-halle.de\/erinnerunginkomplexitaet\/files\/2023\/05\/L_Logo_EineUniEinBuch_4cC_300dpi-768x782.jpg 768w, https:\/\/blogs.urz.uni-halle.de\/erinnerunginkomplexitaet\/files\/2023\/05\/L_Logo_EineUniEinBuch_4cC_300dpi.jpg 800w\" sizes=\"(max-width: 294px) 100vw, 294px\" \/>\t\t\t\t\t\t\t\t\t\t\t<\/div>\n\t\t\t\t<\/div>\n\t\t\t\t<\/div>\n\t\t\t\t\t<\/div>\n\t\t<\/div>\n\t\t\t\t<div class=\"elementor-column elementor-col-50 elementor-inner-column elementor-element elementor-element-9ff1d49\" data-id=\"9ff1d49\" data-element_type=\"column\">\n\t\t\t<div class=\"elementor-widget-wrap elementor-element-populated\">\n\t\t\t\t\t\t\t\t<div class=\"elementor-element elementor-element-5101ae4 elementor-widget elementor-widget-image\" data-id=\"5101ae4\" data-element_type=\"widget\" data-widget_type=\"image.default\">\n\t\t\t\t<div class=\"elementor-widget-container\">\n\t\t\t\t\t<div class=\"elementor-image\">\n\t\t\t\t\t\t\t\t\t\t<img width=\"1024\" height=\"269\" src=\"https:\/\/blogs.urz.uni-halle.de\/erinnerunginkomplexitaet\/files\/2023\/05\/Logo_Bild-1-1024x269.jpg\" class=\"attachment-large size-large\" alt=\"\" loading=\"lazy\" srcset=\"https:\/\/blogs.urz.uni-halle.de\/erinnerunginkomplexitaet\/files\/2023\/05\/Logo_Bild-1-1024x269.jpg 1024w, https:\/\/blogs.urz.uni-halle.de\/erinnerunginkomplexitaet\/files\/2023\/05\/Logo_Bild-1-300x79.jpg 300w, https:\/\/blogs.urz.uni-halle.de\/erinnerunginkomplexitaet\/files\/2023\/05\/Logo_Bild-1-768x202.jpg 768w, https:\/\/blogs.urz.uni-halle.de\/erinnerunginkomplexitaet\/files\/2023\/05\/Logo_Bild-1.jpg 1200w\" sizes=\"(max-width: 1024px) 100vw, 1024px\" \/>\t\t\t\t\t\t\t\t\t\t\t<\/div>\n\t\t\t\t<\/div>\n\t\t\t\t<\/div>\n\t\t\t\t\t<\/div>\n\t\t<\/div>\n\t\t\t\t\t\t\t<\/div>\n\t\t<\/section>\n\t\t\t\t<div class=\"elementor-element elementor-element-79d0579 elementor-widget elementor-widget-image\" data-id=\"79d0579\" data-element_type=\"widget\" data-widget_type=\"image.default\">\n\t\t\t\t<div class=\"elementor-widget-container\">\n\t\t\t\t\t<div class=\"elementor-image\">\n\t\t\t\t\t\t\t\t\t\t<img width=\"1024\" height=\"196\" src=\"https:\/\/blogs.urz.uni-halle.de\/erinnerunginkomplexitaet\/files\/2023\/05\/UNI-HALLE_links-1024x196.jpg\" class=\"attachment-large size-large\" alt=\"\" loading=\"lazy\" srcset=\"https:\/\/blogs.urz.uni-halle.de\/erinnerunginkomplexitaet\/files\/2023\/05\/UNI-HALLE_links-1024x196.jpg 1024w, https:\/\/blogs.urz.uni-halle.de\/erinnerunginkomplexitaet\/files\/2023\/05\/UNI-HALLE_links-300x57.jpg 300w, https:\/\/blogs.urz.uni-halle.de\/erinnerunginkomplexitaet\/files\/2023\/05\/UNI-HALLE_links-768x147.jpg 768w, https:\/\/blogs.urz.uni-halle.de\/erinnerunginkomplexitaet\/files\/2023\/05\/UNI-HALLE_links-1536x294.jpg 1536w, https:\/\/blogs.urz.uni-halle.de\/erinnerunginkomplexitaet\/files\/2023\/05\/UNI-HALLE_links.jpg 1929w\" sizes=\"(max-width: 1024px) 100vw, 1024px\" \/>\t\t\t\t\t\t\t\t\t\t\t<\/div>\n\t\t\t\t<\/div>\n\t\t\t\t<\/div>\n\t\t\t\t<div class=\"elementor-element elementor-element-80d9828 elementor-widget elementor-widget-image\" data-id=\"80d9828\" data-element_type=\"widget\" data-widget_type=\"image.default\">\n\t\t\t\t<div class=\"elementor-widget-container\">\n\t\t\t\t\t<div class=\"elementor-image\">\n\t\t\t\t\t\t\t<figure class=\"wp-caption\">\n\t\t\t\t\t\t\t\t\t\t<img width=\"549\" height=\"262\" src=\"https:\/\/blogs.urz.uni-halle.de\/erinnerunginkomplexitaet\/files\/2023\/10\/2023-06-02-Campus-Halensis_MOTIV_kleiner.jpg\" class=\"attachment-full size-full\" alt=\"\" loading=\"lazy\" srcset=\"https:\/\/blogs.urz.uni-halle.de\/erinnerunginkomplexitaet\/files\/2023\/10\/2023-06-02-Campus-Halensis_MOTIV_kleiner.jpg 549w, https:\/\/blogs.urz.uni-halle.de\/erinnerunginkomplexitaet\/files\/2023\/10\/2023-06-02-Campus-Halensis_MOTIV_kleiner-300x143.jpg 300w\" sizes=\"(max-width: 549px) 100vw, 549px\" \/>\t\t\t\t\t\t\t\t\t\t\t<figcaption class=\"widget-image-caption wp-caption-text\">Foto: Uni Halle\/Sarah Ludwig<\/figcaption>\n\t\t\t\t\t\t\t\t\t\t<\/figure>\n\t\t\t\t\t<\/div>\n\t\t\t\t<\/div>\n\t\t\t\t<\/div>\n\t\t\t\t\t<\/div>\n\t\t<\/div>\n\t\t\t\t\t\t\t<\/div>\n\t\t<\/section>\n\t\t\t\t<section class=\"elementor-section elementor-top-section elementor-element elementor-element-0342b0d elementor-section-boxed elementor-section-height-default elementor-section-height-default\" data-id=\"0342b0d\" data-element_type=\"section\">\n\t\t\t\t\t\t<div class=\"elementor-container elementor-column-gap-default\">\n\t\t\t\t\t<div class=\"elementor-column elementor-col-100 elementor-top-column elementor-element elementor-element-a315c7f\" data-id=\"a315c7f\" data-element_type=\"column\">\n\t\t\t<div class=\"elementor-widget-wrap\">\n\t\t\t\t\t\t\t\t\t<\/div>\n\t\t<\/div>\n\t\t\t\t\t\t\t<\/div>\n\t\t<\/section>\n\t\t\t\t\t\t<\/div>\n\t\t\t\t\t<\/div>\n\t\t","protected":false},"excerpt":{"rendered":"<p>&#8222;Dieses Buch ist entstanden aus einem inneren Dialog, aus zwei pers\u00f6nlichen Anliegen. M\u00f6gen wir als Deutsche, als neue und als alte Deutsche, den Nationalsozialismus dicht bei uns behalten, mit Sensibilit\u00e4t und mit F\u00fcrsorglichkeit gegen\u00fcber den Opfern. Und m\u00f6gen wir als Europ\u00e4er:innen ein wei\u00dfes Geschichtsdenken \u00fcberwinden und uns der Auswirkungen kolonialer Gewalt bewusst sein.&#8220;\u00a0Charlotte Wiedemann: Den [&hellip;]<\/p>\n","protected":false},"author":3867,"featured_media":0,"parent":0,"menu_order":0,"comment_status":"closed","ping_status":"closed","template":"","meta":[],"_links":{"self":[{"href":"https:\/\/blogs.urz.uni-halle.de\/erinnerunginkomplexitaet\/wp-json\/wp\/v2\/pages\/109"}],"collection":[{"href":"https:\/\/blogs.urz.uni-halle.de\/erinnerunginkomplexitaet\/wp-json\/wp\/v2\/pages"}],"about":[{"href":"https:\/\/blogs.urz.uni-halle.de\/erinnerunginkomplexitaet\/wp-json\/wp\/v2\/types\/page"}],"author":[{"embeddable":true,"href":"https:\/\/blogs.urz.uni-halle.de\/erinnerunginkomplexitaet\/wp-json\/wp\/v2\/users\/3867"}],"replies":[{"embeddable":true,"href":"https:\/\/blogs.urz.uni-halle.de\/erinnerunginkomplexitaet\/wp-json\/wp\/v2\/comments?post=109"}],"version-history":[{"count":10,"href":"https:\/\/blogs.urz.uni-halle.de\/erinnerunginkomplexitaet\/wp-json\/wp\/v2\/pages\/109\/revisions"}],"predecessor-version":[{"id":1278,"href":"https:\/\/blogs.urz.uni-halle.de\/erinnerunginkomplexitaet\/wp-json\/wp\/v2\/pages\/109\/revisions\/1278"}],"wp:attachment":[{"href":"https:\/\/blogs.urz.uni-halle.de\/erinnerunginkomplexitaet\/wp-json\/wp\/v2\/media?parent=109"}],"curies":[{"name":"wp","href":"https:\/\/api.w.org\/{rel}","templated":true}]}}