{"id":14,"date":"2023-05-08T21:50:07","date_gmt":"2023-05-08T19:50:07","guid":{"rendered":"https:\/\/blogs.urz.uni-halle.de\/erinnerunginkomplexitaet\/?page_id=14"},"modified":"2023-09-04T13:12:53","modified_gmt":"2023-09-04T11:12:53","slug":"dasprojekt","status":"publish","type":"page","link":"https:\/\/blogs.urz.uni-halle.de\/erinnerunginkomplexitaet\/dasprojekt\/","title":{"rendered":"Das Projekt"},"content":{"rendered":"\t\t<div data-elementor-type=\"wp-page\" data-elementor-id=\"14\" class=\"elementor elementor-14\" data-elementor-settings=\"[]\">\n\t\t\t\t\t\t\t<div class=\"elementor-section-wrap\">\n\t\t\t\t\t\t\t<section class=\"elementor-section elementor-top-section elementor-element elementor-element-a6b7f50 elementor-section-boxed elementor-section-height-default elementor-section-height-default\" data-id=\"a6b7f50\" data-element_type=\"section\">\n\t\t\t\t\t\t<div class=\"elementor-container elementor-column-gap-default\">\n\t\t\t\t\t<div class=\"elementor-column elementor-col-100 elementor-top-column elementor-element elementor-element-40a7185\" data-id=\"40a7185\" data-element_type=\"column\">\n\t\t\t<div class=\"elementor-widget-wrap elementor-element-populated\">\n\t\t\t\t\t\t\t\t<div class=\"elementor-element elementor-element-173bd75 elementor-widget elementor-widget-heading\" data-id=\"173bd75\" data-element_type=\"widget\" data-widget_type=\"heading.default\">\n\t\t\t\t<div class=\"elementor-widget-container\">\n\t\t\t<h2 class=\"elementor-heading-title elementor-size-default\">Das Projekt<\/h2>\t\t<\/div>\n\t\t\t\t<\/div>\n\t\t\t\t\t<\/div>\n\t\t<\/div>\n\t\t\t\t\t\t\t<\/div>\n\t\t<\/section>\n\t\t\t\t<section class=\"elementor-section elementor-top-section elementor-element elementor-element-233f5f9 elementor-section-boxed elementor-section-height-default elementor-section-height-default\" data-id=\"233f5f9\" data-element_type=\"section\">\n\t\t\t\t\t\t<div class=\"elementor-container elementor-column-gap-default\">\n\t\t\t\t\t<div class=\"elementor-column elementor-col-50 elementor-top-column elementor-element elementor-element-7fcbd7c1\" data-id=\"7fcbd7c1\" data-element_type=\"column\">\n\t\t\t<div class=\"elementor-widget-wrap elementor-element-populated\">\n\t\t\t\t\t\t\t\t<div class=\"elementor-element elementor-element-314826b4 elementor-widget elementor-widget-text-editor\" data-id=\"314826b4\" data-element_type=\"widget\" data-widget_type=\"text-editor.default\">\n\t\t\t\t<div class=\"elementor-widget-container\">\n\t\t\t\t\t<div class=\"elementor-text-editor elementor-clearfix\"><p>In einer \u00e4u\u00dferst zug\u00e4nglichen Sprache l\u00e4dt Charlotte Wiedemanns Buch <em>Den Schmerz der Anderen begreifen. Holocaust und Weltged\u00e4chtnis<\/em>\u00a0(2022) zu einer neuen Besch\u00e4ftigung mit Erinnerungskulturen in Diversit\u00e4t ein. Wiedemann macht es sich zur Aufgabe, kollektive Leiderfahrungen darzulegen, die neben dem Holocaust kaum Eingang in die gelebten wie institutionellen Praxen der Erinnerung, der Forschung und der Gegenwartskultur gefunden haben. Ihr Buch zielt auf eine Auseinandersetzung mit den Verflechtungen von Holocaust, Rassismus und Kolonialismus, die bereits seit langem international gef\u00fchrt wird \u2013 2009 vom US-amerikanischen Literaturwissenschaftler und Holocaust-Forscher Michael Rothberg als <i>Multidirektionale Erinnerung <\/i>benannt \u2013, die aber in der deutschen \u00d6ffentlichkeit zu gro\u00dfen Teilen noch aussteht. Es geht, so Walter Mignolo 2011, um <em>The Darker Side of Western Modernity<\/em>, um die Kontinuit\u00e4ts- und Verflechtungsgeschichte von erzwungener j\u00fcdischer und afrikanischer Diaspora sowie um differente Exodus-, Viktimisierungs- und Vernichtungs-erfahrungen. Ein solches Erinnern tr\u00e4gt dazu bei, unser historisches Wissen komplexer zu machen und das Wissen der Humanities zu dekolonisieren: die Geschichte der Moderne ist nicht ohne die Geschichte des Kolonialismus zu verstehen.<\/p><p>Die Universit\u00e4t Halle-Wittenberg m\u00f6chte in Halle und an der Universit\u00e4t selbst \u2013 eine Stadt und eine Institution, die in komplexer Weise mit der deutschen Missionars-, Kolonial- und nationalsozialistischen Geschichte verbunden und, wie der Anschlag am 9. Oktober 2019 zeigte, immer noch von antisemitischer und rassistischer Gegenwart betroffen sind \u2013 die Fragen eines gr\u00f6\u00dferen Erinnerns diskutieren. Diverse Formate inner- und au\u00dferhalb der Universit\u00e4t mit regionalen und internationalen Kooperationspartnerinnen und Kooperationspartnern und insbesondere mit der Stadtgesellschaft sowie \u00f6rtlichen Vereinen und Initiativen sind geplant: Seminare, Ringvorlesungen, Lesungen, Vortr\u00e4ge, Studientage, Filmreihen, Radio- und Podiumsgespr\u00e4che, Roundtables, analoge und digitale Stadtf\u00fchrungen, Exkursionen und Workshops. Es geht dabei um die Restitutionen kolonialer Kulturg\u00fcter und von Human Remains in \u00f6rtlichen Sammlungen, um die kolonialen Verflechtungen der Stadtgeschichte und der Institutionen, um die mangelhafte Aufarbeitung der nationalsozialistischen Euthanasie als auch um die aktuelle Selbstbehauptung und (Nicht-)Wahrnehmung j\u00fcdischen und migrantischen Lebens.<\/p><\/div>\n\t\t\t\t<\/div>\n\t\t\t\t<\/div>\n\t\t\t\t<div class=\"elementor-element elementor-element-105dd0fb elementor-aspect-ratio-169 elementor-widget elementor-widget-video\" data-id=\"105dd0fb\" data-element_type=\"widget\" data-settings=\"{&quot;youtube_url&quot;:&quot;https:\\\/\\\/youtu.be\\\/ysBBCwfVvwU&quot;,&quot;show_image_overlay&quot;:&quot;yes&quot;,&quot;image_overlay&quot;:{&quot;url&quot;:&quot;https:\\\/\\\/blogs.urz.uni-halle.de\\\/erinnerunginkomplexitaet\\\/files\\\/2023\\\/05\\\/Youtube-Wiedemann.jpg&quot;,&quot;id&quot;:&quot;483&quot;},&quot;video_type&quot;:&quot;youtube&quot;,&quot;controls&quot;:&quot;yes&quot;,&quot;aspect_ratio&quot;:&quot;169&quot;}\" data-widget_type=\"video.default\">\n\t\t\t\t<div class=\"elementor-widget-container\">\n\t\t\t\t\t<div class=\"elementor-wrapper elementor-fit-aspect-ratio elementor-open-inline\">\n\t\t\t<div class=\"elementor-video\"><\/div>\t\t\t\t<div class=\"elementor-custom-embed-image-overlay\" style=\"background-image: url(https:\/\/blogs.urz.uni-halle.de\/erinnerunginkomplexitaet\/files\/2023\/05\/Youtube-Wiedemann.jpg);\">\n\t\t\t\t\t\t\t\t\t\t\t\t\t\t\t\t<div class=\"elementor-custom-embed-play\" role=\"button\">\n\t\t\t\t\t\t\t<i class=\"eicon-play\" aria-hidden=\"true\"><\/i>\n\t\t\t\t\t\t\t<span class=\"elementor-screen-only\">Video abspielen<\/span>\n\t\t\t\t\t\t<\/div>\n\t\t\t\t\t\t\t\t\t<\/div>\n\t\t\t\t\t<\/div>\n\t\t\t\t<\/div>\n\t\t\t\t<\/div>\n\t\t\t\t<div class=\"elementor-element elementor-element-c1eca51 elementor-widget elementor-widget-text-editor\" data-id=\"c1eca51\" data-element_type=\"widget\" data-widget_type=\"text-editor.default\">\n\t\t\t\t<div class=\"elementor-widget-container\">\n\t\t\t\t\t<div class=\"elementor-text-editor elementor-clearfix\"><p>Bewerbungsvideo der Martin-Luther-Universit\u00e4t Halle-Wittenberg, Philosophische Fakult\u00e4t II, Forschungsschwerpunkt Massenph\u00e4nomene<\/p><\/div>\n\t\t\t\t<\/div>\n\t\t\t\t<\/div>\n\t\t\t\t\t<\/div>\n\t\t<\/div>\n\t\t\t\t<div class=\"elementor-column elementor-col-50 elementor-top-column elementor-element elementor-element-51869fec\" data-id=\"51869fec\" data-element_type=\"column\">\n\t\t\t<div class=\"elementor-widget-wrap elementor-element-populated\">\n\t\t\t\t\t\t\t\t<div class=\"elementor-element elementor-element-d58d0d4 elementor-widget elementor-widget-text-editor\" data-id=\"d58d0d4\" data-element_type=\"widget\" data-widget_type=\"text-editor.default\">\n\t\t\t\t<div class=\"elementor-widget-container\">\n\t\t\t\t\t<div class=\"elementor-text-editor elementor-clearfix\">\u00bbDie Beziehungen zwischen verschiedenen Erinnerungen an menschliches Leid sind keine Beziehungen der Vorrangigkeit oder Vorherrschaft, sondern der Solidarit\u00e4t.\u00ab Charlotte Wiedemann<\/div>\n\t\t\t\t<\/div>\n\t\t\t\t<\/div>\n\t\t\t\t<section class=\"elementor-section elementor-inner-section elementor-element elementor-element-9613b6d elementor-section-boxed elementor-section-height-default elementor-section-height-default\" data-id=\"9613b6d\" data-element_type=\"section\">\n\t\t\t\t\t\t<div class=\"elementor-container elementor-column-gap-default\">\n\t\t\t\t\t<div class=\"elementor-column elementor-col-50 elementor-inner-column elementor-element elementor-element-f20a32b\" data-id=\"f20a32b\" data-element_type=\"column\">\n\t\t\t<div class=\"elementor-widget-wrap elementor-element-populated\">\n\t\t\t\t\t\t\t\t<div class=\"elementor-element elementor-element-50999642 elementor-widget elementor-widget-image\" data-id=\"50999642\" data-element_type=\"widget\" data-widget_type=\"image.default\">\n\t\t\t\t<div class=\"elementor-widget-container\">\n\t\t\t\t\t<div class=\"elementor-image\">\n\t\t\t\t\t\t\t\t\t\t<img src=\"https:\/\/blogs.urz.uni-halle.de\/erinnerunginkomplexitaet\/files\/elementor\/thumbs\/Wiedemann-Cover-1-q69gmpz689rrs7hkbei2pd304i11rle9380wnh27ls.jpg\" title=\"Wiedemann Cover 1\" alt=\"Wiedemann Cover 1\" \/>\t\t\t\t\t\t\t\t\t\t\t<\/div>\n\t\t\t\t<\/div>\n\t\t\t\t<\/div>\n\t\t\t\t\t<\/div>\n\t\t<\/div>\n\t\t\t\t<div class=\"elementor-column elementor-col-50 elementor-inner-column elementor-element elementor-element-f2582fc\" data-id=\"f2582fc\" data-element_type=\"column\">\n\t\t\t<div class=\"elementor-widget-wrap elementor-element-populated\">\n\t\t\t\t\t\t\t\t<div class=\"elementor-element elementor-element-69b658e0 elementor-widget elementor-widget-image\" data-id=\"69b658e0\" data-element_type=\"widget\" data-widget_type=\"image.default\">\n\t\t\t\t<div class=\"elementor-widget-container\">\n\t\t\t\t\t<div class=\"elementor-image\">\n\t\t\t\t\t\t\t\t\t\t<img src=\"https:\/\/blogs.urz.uni-halle.de\/erinnerunginkomplexitaet\/files\/elementor\/thumbs\/Wiedemann-Cover-2-q69gmpz689rrs7hkbei2pd304i11rle9380wnh27ls.jpg\" title=\"Wiedemann Cover 2\" alt=\"Wiedemann Cover 2\" \/>\t\t\t\t\t\t\t\t\t\t\t<\/div>\n\t\t\t\t<\/div>\n\t\t\t\t<\/div>\n\t\t\t\t\t<\/div>\n\t\t<\/div>\n\t\t\t\t\t\t\t<\/div>\n\t\t<\/section>\n\t\t\t\t<div class=\"elementor-element elementor-element-dc38ab4 elementor-widget elementor-widget-text-editor\" data-id=\"dc38ab4\" data-element_type=\"widget\" data-widget_type=\"text-editor.default\">\n\t\t\t\t<div class=\"elementor-widget-container\">\n\t\t\t\t\t<div class=\"elementor-text-editor elementor-clearfix\"><p>Buchausgaben Charlotte Wiedemann <em>Den Schmerz der Anderen begreifen,<\/em> Propyl\u00e4en Verlag 2022 und Bundeszentrale f\u00fcr politische Bildung 2022<\/p><\/div>\n\t\t\t\t<\/div>\n\t\t\t\t<\/div>\n\t\t\t\t\t<\/div>\n\t\t<\/div>\n\t\t\t\t\t\t\t<\/div>\n\t\t<\/section>\n\t\t\t\t<section class=\"elementor-section elementor-top-section elementor-element elementor-element-8bb944d elementor-section-boxed elementor-section-height-default elementor-section-height-default\" data-id=\"8bb944d\" data-element_type=\"section\">\n\t\t\t\t\t\t<div class=\"elementor-container elementor-column-gap-default\">\n\t\t\t\t\t<div class=\"elementor-column elementor-col-50 elementor-top-column elementor-element elementor-element-3a4296d\" data-id=\"3a4296d\" data-element_type=\"column\">\n\t\t\t<div class=\"elementor-widget-wrap elementor-element-populated\">\n\t\t\t\t\t\t\t\t<div class=\"elementor-element elementor-element-28afda0 elementor-widget elementor-widget-heading\" data-id=\"28afda0\" data-element_type=\"widget\" data-widget_type=\"heading.default\">\n\t\t\t\t<div class=\"elementor-widget-container\">\n\t\t\t<h2 class=\"elementor-heading-title elementor-size-default\">Weitere Informationen zu \u203aErinnerung in Komplexit\u00e4t\u2039 und zu Charlotte Wiedemann<\/h2>\t\t<\/div>\n\t\t\t\t<\/div>\n\t\t\t\t<div class=\"elementor-element elementor-element-20b375f elementor-widget elementor-widget-text-editor\" data-id=\"20b375f\" data-element_type=\"widget\" data-widget_type=\"text-editor.default\">\n\t\t\t\t<div class=\"elementor-widget-container\">\n\t\t\t\t\t<div class=\"elementor-text-editor elementor-clearfix\"><p>Erinnerung in Komplexit\u00e4t: \u203aEine Uni \u2013 ein Buch\u2039 zu Charlotte Wiedemanns Buch \u203aDen Schmerz der Anderen begreifen\u2039 wird im Universit\u00e4tsmagazin <strong>Campus Halensis<\/strong> von den beiden Initiator:innen vorgestellt (2.6.2023) <a href=\"https:\/\/www.campus-halensis.de\/artikel\/eine-uni-ein-buch-impulse-fur-ein-neues-verstandnis-von-geschichte\/\">&gt; Campus Halensis<\/a><\/p><p>Charlotte Wiedemann zu ihrem Buch im <strong>Interview mit der Heinrich-B\u00f6ll-Stiftung<\/strong> (30.6.2022) <a href=\"https:\/\/www.youtube.com\/watch?v=Ob9lKvTjRmQ\">&gt; YouTube<\/a><\/p><p><strong>Micha Brumlik<\/strong> in der \u203aFrankfurter Rundschau\u2039 zu Charlotte Wiedemanns Buch (30.6.2022)\u00a0<a href=\"https:\/\/www.fr.de\/kultur\/gesellschaft\/charlotte-wiedemann-den-schmerz-der-anderen-begreifen-globale-empathie-91624996.html\">&gt; Frankfurter Rundschau<\/a><\/p><p><strong>Birgit Englert<\/strong>s Rezension in \u203aStichproben. Wiener Zeitschrift f\u00fcr kritische Afrikastudien\u2039 (45\/2023) <a href=\"https:\/\/stichproben.univie.ac.at\/alle-ausgaben\/stichproben-nr-452023\/\">&gt; Stichproben<\/a><\/p><\/div>\n\t\t\t\t<\/div>\n\t\t\t\t<\/div>\n\t\t\t\t\t<\/div>\n\t\t<\/div>\n\t\t\t\t<div class=\"elementor-column elementor-col-50 elementor-top-column elementor-element elementor-element-82928c8\" data-id=\"82928c8\" data-element_type=\"column\">\n\t\t\t<div class=\"elementor-widget-wrap elementor-element-populated\">\n\t\t\t\t\t\t\t\t<section class=\"elementor-section elementor-inner-section elementor-element elementor-element-5b6a9fc elementor-section-boxed elementor-section-height-default elementor-section-height-default\" data-id=\"5b6a9fc\" data-element_type=\"section\">\n\t\t\t\t\t\t<div class=\"elementor-container elementor-column-gap-default\">\n\t\t\t\t\t<div class=\"elementor-column elementor-col-100 elementor-inner-column elementor-element elementor-element-717eb87\" data-id=\"717eb87\" data-element_type=\"column\">\n\t\t\t<div class=\"elementor-widget-wrap\">\n\t\t\t\t\t\t\t\t\t<\/div>\n\t\t<\/div>\n\t\t\t\t\t\t\t<\/div>\n\t\t<\/section>\n\t\t\t\t\t<\/div>\n\t\t<\/div>\n\t\t\t\t\t\t\t<\/div>\n\t\t<\/section>\n\t\t\t\t\t\t<\/div>\n\t\t\t\t\t<\/div>\n\t\t","protected":false},"excerpt":{"rendered":"<p>Das Projekt In einer \u00e4u\u00dferst zug\u00e4nglichen Sprache l\u00e4dt Charlotte Wiedemanns Buch Den Schmerz der Anderen begreifen. Holocaust und Weltged\u00e4chtnis\u00a0(2022) zu einer neuen Besch\u00e4ftigung mit Erinnerungskulturen in Diversit\u00e4t ein. Wiedemann macht es sich zur Aufgabe, kollektive Leiderfahrungen darzulegen, die neben dem Holocaust kaum Eingang in die gelebten wie institutionellen Praxen der Erinnerung, der Forschung und der [&hellip;]<\/p>\n","protected":false},"author":3867,"featured_media":0,"parent":0,"menu_order":0,"comment_status":"closed","ping_status":"closed","template":"","meta":[],"_links":{"self":[{"href":"https:\/\/blogs.urz.uni-halle.de\/erinnerunginkomplexitaet\/wp-json\/wp\/v2\/pages\/14"}],"collection":[{"href":"https:\/\/blogs.urz.uni-halle.de\/erinnerunginkomplexitaet\/wp-json\/wp\/v2\/pages"}],"about":[{"href":"https:\/\/blogs.urz.uni-halle.de\/erinnerunginkomplexitaet\/wp-json\/wp\/v2\/types\/page"}],"author":[{"embeddable":true,"href":"https:\/\/blogs.urz.uni-halle.de\/erinnerunginkomplexitaet\/wp-json\/wp\/v2\/users\/3867"}],"replies":[{"embeddable":true,"href":"https:\/\/blogs.urz.uni-halle.de\/erinnerunginkomplexitaet\/wp-json\/wp\/v2\/comments?post=14"}],"version-history":[{"count":10,"href":"https:\/\/blogs.urz.uni-halle.de\/erinnerunginkomplexitaet\/wp-json\/wp\/v2\/pages\/14\/revisions"}],"predecessor-version":[{"id":972,"href":"https:\/\/blogs.urz.uni-halle.de\/erinnerunginkomplexitaet\/wp-json\/wp\/v2\/pages\/14\/revisions\/972"}],"wp:attachment":[{"href":"https:\/\/blogs.urz.uni-halle.de\/erinnerunginkomplexitaet\/wp-json\/wp\/v2\/media?parent=14"}],"curies":[{"name":"wp","href":"https:\/\/api.w.org\/{rel}","templated":true}]}}