{"id":16,"date":"2023-05-08T21:50:39","date_gmt":"2023-05-08T19:50:39","guid":{"rendered":"https:\/\/blogs.urz.uni-halle.de\/erinnerunginkomplexitaet\/?page_id=16"},"modified":"2023-05-26T08:41:07","modified_gmt":"2023-05-26T06:41:07","slug":"kontakt-und-impressum","status":"publish","type":"page","link":"https:\/\/blogs.urz.uni-halle.de\/erinnerunginkomplexitaet\/kontakt-und-impressum\/","title":{"rendered":"Kontakt und Impressum"},"content":{"rendered":"\t\t<div data-elementor-type=\"wp-page\" data-elementor-id=\"16\" class=\"elementor elementor-16\" data-elementor-settings=\"[]\">\n\t\t\t\t\t\t\t<div class=\"elementor-section-wrap\">\n\t\t\t\t\t\t\t<section class=\"elementor-section elementor-top-section elementor-element elementor-element-5e7bb40 elementor-section-boxed elementor-section-height-default elementor-section-height-default\" data-id=\"5e7bb40\" data-element_type=\"section\">\n\t\t\t\t\t\t<div class=\"elementor-container elementor-column-gap-default\">\n\t\t\t\t\t<div class=\"elementor-column elementor-col-100 elementor-top-column elementor-element elementor-element-56c9035\" data-id=\"56c9035\" data-element_type=\"column\">\n\t\t\t<div class=\"elementor-widget-wrap elementor-element-populated\">\n\t\t\t\t\t\t\t\t<div class=\"elementor-element elementor-element-b63df67 elementor-widget elementor-widget-heading\" data-id=\"b63df67\" data-element_type=\"widget\" data-widget_type=\"heading.default\">\n\t\t\t\t<div class=\"elementor-widget-container\">\n\t\t\t<h3 class=\"elementor-heading-title elementor-size-default\"><strong>Kontakt<\/strong><\/h3>\t\t<\/div>\n\t\t\t\t<\/div>\n\t\t\t\t<div class=\"elementor-element elementor-element-05ab89d elementor-widget elementor-widget-text-editor\" data-id=\"05ab89d\" data-element_type=\"widget\" data-widget_type=\"text-editor.default\">\n\t\t\t\t<div class=\"elementor-widget-container\">\n\t\t\t\t\t<div class=\"elementor-text-editor elementor-clearfix\"><p>Prof. Dr. Natascha Ueckmann: natascha.ueckmann(at)romanistik.uni-halle.de<a href=\"https:\/\/www.romanistik.uni-halle.de\/studienbereiche\/romanische_kulturwissenschaften\/ueckmann\/\">&gt;<\/a><br \/>Dr. Steffen Hendel: steffen.hendel(at)germanistik.uni-halle.de <a href=\"https:\/\/www.germanistik.uni-halle.de\/neuere_literaturwissenschaft\/mitarbeiterinnen_und_mitarbeiter\/steffen_hendel\/\">&gt;<\/a><\/p><\/div>\n\t\t\t\t<\/div>\n\t\t\t\t<\/div>\n\t\t\t\t<div class=\"elementor-element elementor-element-99377e3 elementor-widget elementor-widget-heading\" data-id=\"99377e3\" data-element_type=\"widget\" data-widget_type=\"heading.default\">\n\t\t\t\t<div class=\"elementor-widget-container\">\n\t\t\t<h3 class=\"elementor-heading-title elementor-size-default\"><strong>Informationen zum Haftungsauschluss<\/strong><\/h3>\t\t<\/div>\n\t\t\t\t<\/div>\n\t\t\t\t<div class=\"elementor-element elementor-element-0304553 elementor-widget elementor-widget-text-editor\" data-id=\"0304553\" data-element_type=\"widget\" data-widget_type=\"text-editor.default\">\n\t\t\t\t<div class=\"elementor-widget-container\">\n\t\t\t\t\t<div class=\"elementor-text-editor elementor-clearfix\">Die Martin-Luther-Universit\u00e4t Halle-Wittenberg (MLU) \u00fcbernimmt keinerlei Gew\u00e4hr f\u00fcr die Aktualit\u00e4t, Korrektheit, Vollst\u00e4ndigkeit oder Qualit\u00e4t der bereitgestellten Informationen. Haftungsanspr\u00fcche gegen die MLU, welche sich auf Sch\u00e4den materieller oder ideeller Art beziehen, die durch die Nutzung oder Nichtnutzung der dargebotenen Informationen bzw. durch die Nutzung fehlerhafter und unvollst\u00e4ndiger Informationen verursacht wurden sind grunds\u00e4tzlich ausgeschlossen, sofern seitens der MLU kein nachweislich vors\u00e4tzliches oder grob fahrl\u00e4ssiges Verschulden vorliegt.<br>Alle Angebote sind freibleibend und unverbindlich. Die MLU beh\u00e4lt es sich ausdr\u00fccklich vor, Teile der Seiten oder das gesamte Angebot ohne gesonderte Ank\u00fcndigung zu ver\u00e4ndern, zu erg\u00e4nzen, zu l\u00f6schen oder die Ver\u00f6ffentlichung zeitweise oder endg\u00fcltig einzustellen.<\/div>\n\t\t\t\t<\/div>\n\t\t\t\t<\/div>\n\t\t\t\t<div class=\"elementor-element elementor-element-70b9aa3 elementor-widget elementor-widget-heading\" data-id=\"70b9aa3\" data-element_type=\"widget\" data-widget_type=\"heading.default\">\n\t\t\t\t<div class=\"elementor-widget-container\">\n\t\t\t<h4 class=\"elementor-heading-title elementor-size-medium\">Haftung f\u00fcr Inhalte<\/h4>\t\t<\/div>\n\t\t\t\t<\/div>\n\t\t\t\t<div class=\"elementor-element elementor-element-c7a6706 elementor-widget elementor-widget-text-editor\" data-id=\"c7a6706\" data-element_type=\"widget\" data-widget_type=\"text-editor.default\">\n\t\t\t\t<div class=\"elementor-widget-container\">\n\t\t\t\t\t<div class=\"elementor-text-editor elementor-clearfix\"><p>Die Inhalte unserer Seiten wurden mit gr\u00f6\u00dfter Sorgfalt erstellt. F\u00fcr die Richtigkeit, Vollst\u00e4ndigkeit und Aktualit\u00e4t der Inhalte k\u00f6nnen wir jedoch keine Gew\u00e4hr \u00fcbernehmen. Als Diensteanbieter sind wir gem\u00e4\u00df \u00a7 7 Abs.1 TMG f\u00fcr eigene Inhalte auf diesen Seiten nach den allgemeinen Gesetzen verantwortlich. Nach \u00a7\u00a7 8 bis 10 TMG sind wir als Diensteanbieter jedoch nicht verpflichtet, \u00fcbermittelte oder gespeicherte fremde Informationen zu \u00fcberwachen oder nach Umst\u00e4nden zu forschen, die auf eine rechtswidrige T\u00e4tigkeit hinweisen. Verpflichtungen zur Entfernung oder Sperrung der Nutzung von Informationen nach den allgemeinen Gesetzen bleiben hiervon unber\u00fchrt. Eine diesbez\u00fcgliche Haftung ist jedoch erst ab dem Zeitpunkt der Kenntnis einer konkreten Rechtsverletzung m\u00f6glich. Bei Bekanntwerden von entsprechenden Rechtsverletzungen werden wir diese Inhalte umgehend entfernen.<\/p><\/div>\n\t\t\t\t<\/div>\n\t\t\t\t<\/div>\n\t\t\t\t<div class=\"elementor-element elementor-element-8f6a1d7 elementor-widget elementor-widget-heading\" data-id=\"8f6a1d7\" data-element_type=\"widget\" data-widget_type=\"heading.default\">\n\t\t\t\t<div class=\"elementor-widget-container\">\n\t\t\t<h4 class=\"elementor-heading-title elementor-size-medium\">Haftung f\u00fcr Links<\/h4>\t\t<\/div>\n\t\t\t\t<\/div>\n\t\t\t\t<div class=\"elementor-element elementor-element-3baa087 elementor-widget elementor-widget-text-editor\" data-id=\"3baa087\" data-element_type=\"widget\" data-widget_type=\"text-editor.default\">\n\t\t\t\t<div class=\"elementor-widget-container\">\n\t\t\t\t\t<div class=\"elementor-text-editor elementor-clearfix\"><p>Unser Angebot enth\u00e4lt Links zu externen Webseiten Dritter, auf deren Inhalte wir keinen Einfluss haben. Deshalb k\u00f6nnen wir f\u00fcr diese fremden Inhalte auch keine Gew\u00e4hr \u00fcbernehmen. F\u00fcr die Inhalte der verlinkten Seiten ist stets der jeweilige Anbieter oder Betreiber der Seiten verantwortlich. Die verlinkten Seiten wurden zum Zeitpunkt der Verlinkung auf m\u00f6gliche Rechtsverst\u00f6\u00dfe \u00fcberpr\u00fcft. Rechtswidrige Inhalte waren zum Zeitpunkt der Verlinkung nicht erkennbar. Eine permanente inhaltliche Kontrolle der verlinkten Seiten ist jedoch ohne konkrete Anhaltspunkte einer Rechtsverletzung nicht zumutbar. Bei Bekanntwerden von Rechtsverletzungen werden wir derartige Links umgehend entfernen.<\/p><\/div>\n\t\t\t\t<\/div>\n\t\t\t\t<\/div>\n\t\t\t\t<div class=\"elementor-element elementor-element-470df4b elementor-widget elementor-widget-heading\" data-id=\"470df4b\" data-element_type=\"widget\" data-widget_type=\"heading.default\">\n\t\t\t\t<div class=\"elementor-widget-container\">\n\t\t\t<h4 class=\"elementor-heading-title elementor-size-medium\">Urheberrecht<\/h4>\t\t<\/div>\n\t\t\t\t<\/div>\n\t\t\t\t<div class=\"elementor-element elementor-element-7284af9 elementor-widget elementor-widget-text-editor\" data-id=\"7284af9\" data-element_type=\"widget\" data-widget_type=\"text-editor.default\">\n\t\t\t\t<div class=\"elementor-widget-container\">\n\t\t\t\t\t<div class=\"elementor-text-editor elementor-clearfix\"><p>Die durch die Seitenbetreiber erstellten Inhalte und Werke auf diesen Seiten unterliegen dem deutschen Urheberrecht. Die Vervielf\u00e4ltigung, Bearbeitung, Verbreitung und jede Art der Verwertung au\u00dferhalb der Grenzen des Urheberrechtes bed\u00fcrfen der schriftlichen Zustimmung des jeweiligen Autors bzw. Erstellers. Downloads und Kopien dieser Seite sind nur f\u00fcr den privaten, nicht kommerziellen Gebrauch gestattet. Soweit die Inhalte auf dieser Seite nicht vom Betreiber erstellt wurden, werden die Urheberrechte Dritter beachtet. Insbesondere werden Inhalte Dritter als solche gekennzeichnet. Sollten Sie trotzdem auf eine Urheberrechtsverletzung aufmerksam werden, bitten wir um einen entsprechenden Hinweis. Bei Bekanntwerden von Rechtsverletzungen werden wir derartige Inhalte umgehend entfernen.<\/p><\/div>\n\t\t\t\t<\/div>\n\t\t\t\t<\/div>\n\t\t\t\t<div class=\"elementor-element elementor-element-8b42c4a elementor-widget elementor-widget-heading\" data-id=\"8b42c4a\" data-element_type=\"widget\" data-widget_type=\"heading.default\">\n\t\t\t\t<div class=\"elementor-widget-container\">\n\t\t\t<h4 class=\"elementor-heading-title elementor-size-medium\">Datenschutz<\/h4>\t\t<\/div>\n\t\t\t\t<\/div>\n\t\t\t\t<div class=\"elementor-element elementor-element-ab07656 elementor-widget elementor-widget-text-editor\" data-id=\"ab07656\" data-element_type=\"widget\" data-widget_type=\"text-editor.default\">\n\t\t\t\t<div class=\"elementor-widget-container\">\n\t\t\t\t\t<div class=\"elementor-text-editor elementor-clearfix\"><p>Die Nutzung unserer Webseite ist in der Regel ohne Angabe personenbezogener Daten m\u00f6glich. Soweit auf unseren Seiten personenbezogene Daten (beispielsweise Name, Anschrift oder eMail-Adressen) erhoben werden, erfolgt dies, soweit m\u00f6glich, stets auf freiwilliger Basis. Diese Daten werden ohne Ihre ausdr\u00fcckliche Zustimmung nicht an Dritte weitergegeben.<\/p><p>Wir weisen darauf hin, dass die Daten\u00fcbertragung im Internet (z.B. bei der Kommunikation per E-Mail) Sicherheitsl\u00fccken aufweisen kann. Ein l\u00fcckenloser Schutz der Daten vor dem Zugriff durch Dritte ist nicht m\u00f6glich.<\/p><p>Der Nutzung von im Rahmen der Impressumspflicht ver\u00f6ffentlichten Kontaktdaten durch Dritte zur \u00dcbersendung von nicht ausdr\u00fccklich angeforderter Werbung und Informationsmaterialien wird hiermit ausdr\u00fccklich widersprochen. Die Betreiber der Seiten behalten sich ausdr\u00fccklich rechtliche Schritte im Falle der unverlangten Zusendung von Werbeinformationen, etwa durch Spam-Mails, vor.<\/p><\/div>\n\t\t\t\t<\/div>\n\t\t\t\t<\/div>\n\t\t\t\t<div class=\"elementor-element elementor-element-ee510d0 elementor-widget elementor-widget-heading\" data-id=\"ee510d0\" data-element_type=\"widget\" data-widget_type=\"heading.default\">\n\t\t\t\t<div class=\"elementor-widget-container\">\n\t\t\t<h4 class=\"elementor-heading-title elementor-size-medium\">Impressum<\/h4>\t\t<\/div>\n\t\t\t\t<\/div>\n\t\t\t\t<div class=\"elementor-element elementor-element-12cbf7a elementor-widget elementor-widget-text-editor\" data-id=\"12cbf7a\" data-element_type=\"widget\" data-widget_type=\"text-editor.default\">\n\t\t\t\t<div class=\"elementor-widget-container\">\n\t\t\t\t\t<div class=\"elementor-text-editor elementor-clearfix\"><p>Martin-Luther-Universit\u00e4t Halle-Wittenberg<br \/>K\u00f6rperschaft des \u00f6ffentlichen Rechts<br \/>vertreten durch den Rektor<br \/>Prof. Dr. Claudia Becker<br \/>Hausanschrift (Sitz): Universit\u00e4tsplatz 10, 06108 Halle<br \/>Telefon: +49 (0) 345 55-20<br \/>Telefax: +49 (0) 345 55-27077<br \/>E-Mail: rektor@uni-halle.de<br \/>Umsatzsteuer-Identifikationsnummer: DE 811353703<\/p><\/div>\n\t\t\t\t<\/div>\n\t\t\t\t<\/div>\n\t\t\t\t\t<\/div>\n\t\t<\/div>\n\t\t\t\t\t\t\t<\/div>\n\t\t<\/section>\n\t\t\t\t\t\t<\/div>\n\t\t\t\t\t<\/div>\n\t\t","protected":false},"excerpt":{"rendered":"<p>Kontakt Prof. Dr. Natascha Ueckmann: natascha.ueckmann(at)romanistik.uni-halle.de&gt;Dr. Steffen Hendel: steffen.hendel(at)germanistik.uni-halle.de &gt; Informationen zum Haftungsauschluss Die Martin-Luther-Universit\u00e4t Halle-Wittenberg (MLU) \u00fcbernimmt keinerlei Gew\u00e4hr f\u00fcr die Aktualit\u00e4t, Korrektheit, Vollst\u00e4ndigkeit oder Qualit\u00e4t der bereitgestellten Informationen. Haftungsanspr\u00fcche gegen die MLU, welche sich auf Sch\u00e4den materieller oder ideeller Art beziehen, die durch die Nutzung oder Nichtnutzung der dargebotenen Informationen bzw. durch die [&hellip;]<\/p>\n","protected":false},"author":3867,"featured_media":0,"parent":0,"menu_order":0,"comment_status":"closed","ping_status":"closed","template":"","meta":[],"_links":{"self":[{"href":"https:\/\/blogs.urz.uni-halle.de\/erinnerunginkomplexitaet\/wp-json\/wp\/v2\/pages\/16"}],"collection":[{"href":"https:\/\/blogs.urz.uni-halle.de\/erinnerunginkomplexitaet\/wp-json\/wp\/v2\/pages"}],"about":[{"href":"https:\/\/blogs.urz.uni-halle.de\/erinnerunginkomplexitaet\/wp-json\/wp\/v2\/types\/page"}],"author":[{"embeddable":true,"href":"https:\/\/blogs.urz.uni-halle.de\/erinnerunginkomplexitaet\/wp-json\/wp\/v2\/users\/3867"}],"replies":[{"embeddable":true,"href":"https:\/\/blogs.urz.uni-halle.de\/erinnerunginkomplexitaet\/wp-json\/wp\/v2\/comments?post=16"}],"version-history":[{"count":10,"href":"https:\/\/blogs.urz.uni-halle.de\/erinnerunginkomplexitaet\/wp-json\/wp\/v2\/pages\/16\/revisions"}],"predecessor-version":[{"id":780,"href":"https:\/\/blogs.urz.uni-halle.de\/erinnerunginkomplexitaet\/wp-json\/wp\/v2\/pages\/16\/revisions\/780"}],"wp:attachment":[{"href":"https:\/\/blogs.urz.uni-halle.de\/erinnerunginkomplexitaet\/wp-json\/wp\/v2\/media?parent=16"}],"curies":[{"name":"wp","href":"https:\/\/api.w.org\/{rel}","templated":true}]}}