{"id":168,"date":"2023-01-26T16:03:04","date_gmt":"2023-01-26T15:03:04","guid":{"rendered":"https:\/\/blogs.urz.uni-halle.de\/erklaervideos\/?page_id=168"},"modified":"2025-09-22T12:58:39","modified_gmt":"2025-09-22T10:58:39","slug":"impressum","status":"publish","type":"page","link":"https:\/\/blogs.urz.uni-halle.de\/erklaervideos\/impressum\/","title":{"rendered":"Impressum"},"content":{"rendered":"\n<p>Urheberin: Lotte Hahn<\/p>\n\n\n\n<p><strong>Verantwortliche der Seite:<\/strong><\/p>\n\n\n\n<p><\/p>\n\n\n\n<p><strong>Didaktik der Physik<\/strong><\/p>\n\n\n\n<p>Martin-Luther-Universit\u00e4t Halle-Wittenberg<\/p>\n\n\n\n<p>Hoher Weg 8<\/p>\n\n\n\n<p>06120 Halle (Saale)<\/p>\n\n\n\n<p><strong>Kontakt:<\/strong><\/p>\n\n\n\n<p>andrea.hektor@physik.uni-halle.de<\/p>\n\n\n\n<p>Telefon:\u00a0+49 345 55 25 593<\/p>\n\n\n\n<p><\/p>\n\n\n\n<p><strong>F\u00f6rderung<\/strong><\/p>\n\n\n\n<p>Das BMBF-Projekt &#8222;<a rel=\"noreferrer noopener\" href=\"https:\/\/dikola.uni-halle.de\" target=\"_blank\">DikoLa \u2013 Digital kompetent im Lehramt<\/a>&#8220; f\u00f6rdert die Forschung von Lotte Hahn im Rahmen des Dissertationsprojekts zu Einstellungen und Perspektiven von (angehenden) Physiklehrkr\u00e4ften bez\u00fcglich Physikerkl\u00e4rvideos. Das Projekt DikoLa wird im Rahmen der gemeinsamen Qualit\u00e4tsoffensive Lehrerbildung von Bund und L\u00e4ndern aus Mitteln des Bundesministeriums f\u00fcr Bildung und Forschung gef\u00f6rdert.<\/p>\n\n\n\n<figure class=\"wp-block-image size-large is-resized\"><img loading=\"lazy\" src=\"https:\/\/blogs.urz.uni-halle.de\/erklaervideos\/files\/2023\/05\/DikoLa.png\" alt=\"\" class=\"wp-image-501\" width=\"215\" height=\"89\" srcset=\"https:\/\/blogs.urz.uni-halle.de\/erklaervideos\/files\/2023\/05\/DikoLa.png 691w, https:\/\/blogs.urz.uni-halle.de\/erklaervideos\/files\/2023\/05\/DikoLa-300x125.png 300w\" sizes=\"(max-width: 215px) 100vw, 215px\" \/><\/figure>\n\n\n\n<p>Die Erstellung dieser Website wird von der Joachim Herz Stiftung im Rahmen des Kollegs &#8222;Didaktik:digital&#8220; gef\u00f6rdert.<\/p>\n\n\n\n<figure class=\"wp-block-image size-large is-resized\"><img loading=\"lazy\" src=\"https:\/\/blogs.urz.uni-halle.de\/erklaervideos\/files\/2023\/01\/jhs_Logo_sRGB_white-violett-1024x624.jpg\" alt=\"\" class=\"wp-image-232\" width=\"140\" height=\"85\" srcset=\"https:\/\/blogs.urz.uni-halle.de\/erklaervideos\/files\/2023\/01\/jhs_Logo_sRGB_white-violett-1024x624.jpg 1024w, https:\/\/blogs.urz.uni-halle.de\/erklaervideos\/files\/2023\/01\/jhs_Logo_sRGB_white-violett-300x183.jpg 300w, https:\/\/blogs.urz.uni-halle.de\/erklaervideos\/files\/2023\/01\/jhs_Logo_sRGB_white-violett-768x468.jpg 768w, https:\/\/blogs.urz.uni-halle.de\/erklaervideos\/files\/2023\/01\/jhs_Logo_sRGB_white-violett-1536x936.jpg 1536w, https:\/\/blogs.urz.uni-halle.de\/erklaervideos\/files\/2023\/01\/jhs_Logo_sRGB_white-violett-750x457.jpg 750w, https:\/\/blogs.urz.uni-halle.de\/erklaervideos\/files\/2023\/01\/jhs_Logo_sRGB_white-violett.jpg 1571w\" sizes=\"(max-width: 140px) 100vw, 140px\" \/><\/figure>\n\n\n\n<p><\/p>\n","protected":false},"excerpt":{"rendered":"<p>Urheberin: Lotte Hahn Verantwortliche der Seite: Didaktik der Physik Martin-Luther-Universit\u00e4t Halle-Wittenberg Hoher Weg 8 06120 Halle (Saale) Kontakt: andrea.hektor@physik.uni-halle.de Telefon:\u00a0+49 345 55 25 593 F\u00f6rderung Das BMBF-Projekt &#8222;DikoLa \u2013 Digital kompetent im Lehramt&#8220; f\u00f6rdert die Forschung von Lotte Hahn im Rahmen des Dissertationsprojekts zu Einstellungen und Perspektiven von (angehenden) Physiklehrkr\u00e4ften bez\u00fcglich Physikerkl\u00e4rvideos. Das Projekt DikoLa &hellip; <\/p>\n<p><a class=\"more-link btn\" href=\"https:\/\/blogs.urz.uni-halle.de\/erklaervideos\/impressum\/\">Weiterlesen<\/a><\/p>\n","protected":false},"author":5272,"featured_media":0,"parent":0,"menu_order":0,"comment_status":"closed","ping_status":"closed","template":"","meta":[],"_links":{"self":[{"href":"https:\/\/blogs.urz.uni-halle.de\/erklaervideos\/wp-json\/wp\/v2\/pages\/168"}],"collection":[{"href":"https:\/\/blogs.urz.uni-halle.de\/erklaervideos\/wp-json\/wp\/v2\/pages"}],"about":[{"href":"https:\/\/blogs.urz.uni-halle.de\/erklaervideos\/wp-json\/wp\/v2\/types\/page"}],"author":[{"embeddable":true,"href":"https:\/\/blogs.urz.uni-halle.de\/erklaervideos\/wp-json\/wp\/v2\/users\/5272"}],"replies":[{"embeddable":true,"href":"https:\/\/blogs.urz.uni-halle.de\/erklaervideos\/wp-json\/wp\/v2\/comments?post=168"}],"version-history":[{"count":10,"href":"https:\/\/blogs.urz.uni-halle.de\/erklaervideos\/wp-json\/wp\/v2\/pages\/168\/revisions"}],"predecessor-version":[{"id":951,"href":"https:\/\/blogs.urz.uni-halle.de\/erklaervideos\/wp-json\/wp\/v2\/pages\/168\/revisions\/951"}],"wp:attachment":[{"href":"https:\/\/blogs.urz.uni-halle.de\/erklaervideos\/wp-json\/wp\/v2\/media?parent=168"}],"curies":[{"name":"wp","href":"https:\/\/api.w.org\/{rel}","templated":true}]}}