{"id":179,"date":"2023-01-30T08:45:11","date_gmt":"2023-01-30T07:45:11","guid":{"rendered":"https:\/\/blogs.urz.uni-halle.de\/erklaervideos\/?page_id=179"},"modified":"2023-05-15T09:17:06","modified_gmt":"2023-05-15T07:17:06","slug":"erklaervideos-von-studierenden","status":"publish","type":"page","link":"https:\/\/blogs.urz.uni-halle.de\/erklaervideos\/erklaervideos-von-studierenden\/","title":{"rendered":"Erkl\u00e4rvideoproduktion im Hochschulkontext"},"content":{"rendered":"\n<p>Im Rahmen einer physikdidaktischen Lehrveranstaltung haben Studierende der Martin-Luther-Universit\u00e4t Halle-Wittenberg die M\u00f6glichkeit, selbst zu Erkl\u00e4rvideoproduzent*innen zu werden. Im Folgenden m\u00f6chte ich dir die Rahmenbedingungen, den exemplarischen Ablaufplan und einige Ergebnisse der Studierenden aus dieser Lehrveranstaltung vorstellen.<\/p>\n\n\n\n<p><strong>Rahmenbedingungen:<\/strong> 1 SWS (Entweder 90 Minuten im zweiw\u00f6chentlichen Rhythmus oder w\u00f6chentlich f\u00fcr das halbe Semester), Studienleistung: Erkl\u00e4rvideo, Modulleistung: Belegarbeit (Fachdidaktischer Kommentar und Reflexion zum Erkl\u00e4rvideo)<\/p>\n\n\n\n<p><strong>Ablauf<\/strong>: Die Lehrveranstaltung besteht je nach Semester aus 7 oder 8 Terminen. Grundlegende Bestandteile sind 1.) Theorie zu Erkl\u00e4rvideos: Mediennutzung von Sch\u00fcler*innen, Qualit\u00e4tskriterien &amp; Einsatzm\u00f6glichkeiten, 2.) Diskussion \u00fcber Erkl\u00e4rvideos im Schulkontext &amp; eigene Erkl\u00e4rvideoanalyse, 3.) angeleitete Vorbereitung  der Produktion &amp; Praxistest, 4.) eigene Erkl\u00e4rvideoproduktion und 5.) Pr\u00e4sentation der entstandenen Erkl\u00e4rvideos &amp; Feedback. Bevor die Studierenden mit der Erstellung des Erkl\u00e4rvideos beginnen, durchlaufen sie in ihrer Planung zwei Feedbackschleifen: einmal bezogen auf den Erkl\u00e4rtext (Feedbackschleife 1) und einmal bezogen auf das Storyboard (Feedbackschleife 2).<\/p>\n\n\n\n<figure class=\"wp-block-table is-style-stripes\"><table><tbody><tr><td><strong>Sitzung<\/strong><\/td><td><strong>Thema<\/strong><\/td><td><strong>Inhalt<\/strong><\/td><td><strong>Vorbereitungsauftrag zu Sitzung<\/strong><\/td><\/tr><tr><td>1<\/td><td><strong>Kriterien f\u00fcr gute Erkl\u00e4rvideos<\/strong><br><br><br><strong>Einsatzm\u00f6glichkeiten und<br>methodische Settings<\/strong><\/td><td>&#8211; Einstieg: YouTube &amp; Erkl\u00e4rvideonutzung von Kindern und Jugendlichen<br><a rel=\"noreferrer noopener\" href=\"https:\/\/blogs.urz.uni-halle.de\/erklaervideos\/multimediaprinzipien\/\" target=\"_blank\">&#8211; Lernpsychologische Grundlagen<\/a> und <a rel=\"noreferrer noopener\" href=\"https:\/\/blogs.urz.uni-halle.de\/erklaervideos\/multimediaprinzipien\/\" target=\"_blank\">Multimediaprinzipien<\/a><br><a rel=\"noreferrer noopener\" href=\"https:\/\/blogs.urz.uni-halle.de\/erklaervideos\/qualitaetskriterien\/\" target=\"_blank\">&#8211; Fachdidaktische Qualit\u00e4tskriterien<\/a><br>&#8211; Sicherungsaufschrieb, Differenzieren, individuelles Feed-<br>back &amp; Lernen durch Lehren<br>&#8211; Flipped Classroom &amp; Blended Learning<\/td><td><strong>Text:<\/strong> <a href=\"https:\/\/www.fachportal-paedagogik.de\/literatur\/vollanzeige.html?FId=1127544\" target=\"_blank\" rel=\"noreferrer noopener\">Lehrkr\u00e4fte erkl\u00e4ren Physik.<br>Rolle und Wirksamkeit von Lehrer-<br>erkl\u00e4rungen im Physikunterricht <br>(Christoph Kulgemeyer)<\/a><\/td><\/tr><tr><td>2<\/td><td><strong>Erkl\u00e4rvideos: Chancen und <br>Risiken<\/strong>, <strong>Erkl\u00e4rvideoanalyse<\/strong><br><br><br><strong>Themenwahl Erkl\u00e4rvideo-<br>produktion<\/strong><\/td><td>&#8211; <a rel=\"noreferrer noopener\" href=\"https:\/\/www.youtube.com\/watch?v=o2qOrGE_oxI\" target=\"_blank\">Werbevideo von simpleclub<\/a> + anschlie\u00dfende Diskussion<br>&#8211; eigenst\u00e4ndige Erkl\u00e4rvideoanalyse (Gruppenarbeit) zu <br>einem vorgegebenen Erkl\u00e4rvideo inkl. Storyboard<br>&#8211; Aufbereitung der Analyseergebnisse<br>&#8211; Bildung von 2er Gruppen<br>&#8211; Wahl des Erkl\u00e4rthemas bei vorgegebenem Oberthema<br>(z.B. Klimaphysik, E-Lehre )<\/td><td><strong>Text:<\/strong> <a rel=\"noreferrer noopener\" href=\"https:\/\/www.klinkhardt.de\/newsite\/media\/20211026_978-3-7815-2465-1_Matthes_ua_Inh_Einl.pdf\" target=\"_blank\">Sexismus in Erkl\u00e4rvideos von<br>simpleclub (Eva Matthes &amp; Hannah<br>Rabea Lachner)<\/a> ODER <a href=\"https:\/\/www.klinkhardt.de\/newsite\/media\/20211026_978-3-7815-2465-1_Matthes_ua_Inh_Einl.pdf\"><em>Zu Risiken und<\/em><br><em>Nebenwirkungen&#8230;&nbsp;<\/em>o<\/a><a rel=\"noreferrer noopener\" href=\"https:\/\/www.klinkhardt.de\/newsite\/media\/20211026_978-3-7815-2465-1_Matthes_ua_Inh_Einl.pdf\" target=\"_blank\">der&nbsp;<em>Wo ist die Packungs-<\/em><br><em>beilage? <\/em>Eine Analyse von Erkl\u00e4rvideos zur<br>Schulphysik (Olaf Krey &amp; Thorid Rabe)<\/a><\/td><\/tr><tr><td>3<\/td><td><strong>Erkl\u00e4rvideoanalyse<\/strong><br><strong>Vorbereitung der Erkl\u00e4rvideo-<br>produktion<\/strong><\/td><td>&#8211; Vorstellung der Analyseergebnisse<br>&#8211; Produktion sinnvoll angehen + Storyboard<br>&#8211; Vorstellung vers. Aufnahmemethoden<br>&#8211; Gemeinsames \u00fcberarbeiten der Erkl\u00e4rtexte in 2er<br>Gruppe und Entwurf eines gemeinsamen Erkl\u00e4rtextes <br><strong>(Feedbackschleife 1)<\/strong><\/td><td>Erkl\u00e4rtext zu gew\u00e4hltem Thema schreiben (<span style=\"text-decoration: underline\">Einzelarbeit<\/span>)<br>Aufbereitung der Erkl\u00e4rvideo-Analyseergebnisse<br>(Gruppenarbeit)<br><\/td><\/tr><tr><td>4<\/td><td><strong>Praxistest im <a rel=\"noreferrer noopener\" href=\"https:\/\/dikola.uni-halle.de\/digitales-lernlabor\/\" target=\"_blank\">Digitalen Lernlabor<\/a><\/strong> <\/td><td>&#8211; Vorstellung und praktisches Testen verschiedener Video-<br>Produktionsm\u00f6glichkeiten: <a rel=\"noreferrer noopener\" href=\"https:\/\/blogs.urz.uni-halle.de\/erklaervideos\/legetechnik\/\" target=\"_blank\">Legetechnik<\/a>, <a rel=\"noreferrer noopener\" href=\"https:\/\/blogs.urz.uni-halle.de\/erklaervideos\/green-screen\/\" target=\"_blank\">Greenscreen<\/a>,<br><a rel=\"noreferrer noopener\" href=\"https:\/\/blogs.urz.uni-halle.de\/erklaervideos\/screencast\/\" target=\"_blank\">Screencast<\/a>, Stop-Motion, <a rel=\"noreferrer noopener\" href=\"https:\/\/blogs.urz.uni-halle.de\/erklaervideos\/audio\/\" target=\"_blank\">Audioproduktion<\/a>, Digitale Tafel<br>&#8211; Erstellen von mind. einem kurzen Beispielvideo<br>&#8211; Entscheidung f\u00fcr passende Aufnahmemethode f\u00fcr <br>eigenes Erkl\u00e4rvideo<\/td><td>Entwurf eines groben Storyboards (Partnerarbeit)<\/td><\/tr><tr><td>5<\/td><td><strong>Erkl\u00e4rvideoproduktion<\/strong><br>(asynchron)<\/td><td>&#8211; Angebot: individuelle Praxiswerkstatt im <a rel=\"noreferrer noopener\" href=\"https:\/\/dikola.uni-halle.de\/digitales-lernlabor\/\" target=\"_blank\">Digitalen <br>Lernlabor<\/a><br>&nbsp;&#8211; erste Erkl\u00e4rungen aufnehmen<\/td><td>Storyboard finalisieren (Partnerarbeit)<br>Storyboard mit anderer Gruppe tauschen<br>Feedback geben, erhalten und einarbeiten<br><strong>(Feedbackschleife 2)<\/strong><\/td><\/tr><tr><td>6<\/td><td><strong>Erkl\u00e4rvideoproduktion<\/strong><br>(asynchron)<\/td><td>&#8211; Angebot: individuelle Praxiswerkstatt im <a rel=\"noreferrer noopener\" href=\"https:\/\/dikola.uni-halle.de\/digitales-lernlabor\/\" target=\"_blank\">Digitalen<br>Lernlabor<\/a><br>&nbsp;&#8211; finale Erkl\u00e4rungen aufnehmen<br>&#8211; Post-Production<\/td><td><\/td><\/tr><tr><td>7<\/td><td><strong>Pr\u00e4sentation der Erkl\u00e4rvideos<\/strong><\/td><td>&#8211; Pr\u00e4sentation der entstandenen Videos<br>&#8211; M\u00fcndliches Feedback<\/td><td>Finales Erkl\u00e4rvideo hochladen<\/td><\/tr><tr><td>8<\/td><td><strong>Pr\u00e4sentation der Erkl\u00e4rvideos<\/strong><\/td><td>&#8211; Pr\u00e4sentation der entstandenen Videos<br>&#8211; M\u00fcndliches Feedback<br>&#8211; Angebot: Zusatz-Termin f\u00fcr ausf\u00fchrliche<br>Diskussion des Videos mit Dozentin<\/td><td>Schriftliches Feedback zu anderen Erkl\u00e4rvideos<br>auf digitalem Whiteboard-Tool<\/td><\/tr><\/tbody><\/table><\/figure>\n\n\n\n<p><strong>Evaluation der Lehrveranstaltung: <\/strong>Die Lehrveranstaltung wurde nun bereits mehrfach im Rahmen der Physikdidaktik der MLU als obligatorische Veranstaltung durchgef\u00fchrt. Trotz des hohen Workloads heben Studierende die Erfahrung, selbst ein Erkl\u00e4rvideo zu produzieren und dabei Feedbackschleifen zu durchlaufen als positiv hervor:&nbsp;&#8222;Gut finde ich, dass wir den Prozess einer Lernvideoerstellung selbst durchbearbeitet und nicht nur theoretisch betrachtet haben. Auch die Feedbackschleifen sind sehr n\u00fctzlich als Anhaltspunkt f\u00fcr die Erstellung weiterer Lernvideos.&#8220;<\/p>\n\n\n\n<p>Die folgenden Videos geben einen kleinen Einblick in das, was im Rahmen der Seminare entstanden ist.<\/p>\n\n\n\n<figure class=\"wp-block-embed-youtube aligncenter wp-block-embed is-type-video is-provider-youtube wp-embed-aspect-16-9 wp-has-aspect-ratio\"><div class=\"wp-block-embed__wrapper\">\n<iframe title=\"Energiebedarf im Haushalt- Physik Klasse 7\/8\" width=\"1140\" height=\"641\" src=\"https:\/\/www.youtube.com\/embed\/3tYEixEM28M?feature=oembed\" frameborder=\"0\" allow=\"accelerometer; autoplay; clipboard-write; encrypted-media; gyroscope; picture-in-picture; web-share\" allowfullscreen><\/iframe>\n<\/div><\/figure>\n\n\n\n<figure class=\"wp-block-embed-youtube aligncenter wp-block-embed is-type-video is-provider-youtube wp-embed-aspect-16-9 wp-has-aspect-ratio\"><div class=\"wp-block-embed__wrapper\">\n<iframe title=\"Stefan Boltzmann Gesetz - Erkl\u00e4rvideo | Martin-Luther-Universit\u00e4t-Halle-Wittenberg\" width=\"1140\" height=\"641\" src=\"https:\/\/www.youtube.com\/embed\/mzSTML8vrq8?feature=oembed\" frameborder=\"0\" allow=\"accelerometer; autoplay; clipboard-write; encrypted-media; gyroscope; picture-in-picture; web-share\" allowfullscreen><\/iframe>\n<\/div><\/figure>\n\n\n\n<p>Weiter zum Themenkomplex <em><a href=\"https:\/\/blogs.urz.uni-halle.de\/erklaervideos\/forschung\/\">Forschung<\/a><\/em><\/p>\n","protected":false},"excerpt":{"rendered":"<p>Im Rahmen einer physikdidaktischen Lehrveranstaltung haben Studierende der Martin-Luther-Universit\u00e4t Halle-Wittenberg die M\u00f6glichkeit, selbst zu Erkl\u00e4rvideoproduzent*innen zu werden. Im Folgenden m\u00f6chte ich dir die Rahmenbedingungen, den exemplarischen Ablaufplan und einige Ergebnisse der Studierenden aus dieser Lehrveranstaltung vorstellen. Rahmenbedingungen: 1 SWS (Entweder 90 Minuten im zweiw\u00f6chentlichen Rhythmus oder w\u00f6chentlich f\u00fcr das halbe Semester), Studienleistung: Erkl\u00e4rvideo, Modulleistung: Belegarbeit &hellip; <\/p>\n<p><a class=\"more-link btn\" href=\"https:\/\/blogs.urz.uni-halle.de\/erklaervideos\/erklaervideos-von-studierenden\/\">Weiterlesen<\/a><\/p>\n","protected":false},"author":5272,"featured_media":0,"parent":0,"menu_order":0,"comment_status":"closed","ping_status":"closed","template":"","meta":[],"_links":{"self":[{"href":"https:\/\/blogs.urz.uni-halle.de\/erklaervideos\/wp-json\/wp\/v2\/pages\/179"}],"collection":[{"href":"https:\/\/blogs.urz.uni-halle.de\/erklaervideos\/wp-json\/wp\/v2\/pages"}],"about":[{"href":"https:\/\/blogs.urz.uni-halle.de\/erklaervideos\/wp-json\/wp\/v2\/types\/page"}],"author":[{"embeddable":true,"href":"https:\/\/blogs.urz.uni-halle.de\/erklaervideos\/wp-json\/wp\/v2\/users\/5272"}],"replies":[{"embeddable":true,"href":"https:\/\/blogs.urz.uni-halle.de\/erklaervideos\/wp-json\/wp\/v2\/comments?post=179"}],"version-history":[{"count":9,"href":"https:\/\/blogs.urz.uni-halle.de\/erklaervideos\/wp-json\/wp\/v2\/pages\/179\/revisions"}],"predecessor-version":[{"id":510,"href":"https:\/\/blogs.urz.uni-halle.de\/erklaervideos\/wp-json\/wp\/v2\/pages\/179\/revisions\/510"}],"wp:attachment":[{"href":"https:\/\/blogs.urz.uni-halle.de\/erklaervideos\/wp-json\/wp\/v2\/media?parent=179"}],"curies":[{"name":"wp","href":"https:\/\/api.w.org\/{rel}","templated":true}]}}