{"id":226,"date":"2023-01-30T12:05:02","date_gmt":"2023-01-30T11:05:02","guid":{"rendered":"https:\/\/blogs.urz.uni-halle.de\/erklaervideos\/?page_id=226"},"modified":"2023-11-06T13:18:29","modified_gmt":"2023-11-06T12:18:29","slug":"weiterfuehrende-literatur","status":"publish","type":"page","link":"https:\/\/blogs.urz.uni-halle.de\/erklaervideos\/weiterfuehrende-literatur\/","title":{"rendered":"Weiterf\u00fchrende Literatur"},"content":{"rendered":"\n<p>Auf dieser Seite findest du Literaturempfehlungen rund um das Thema Erkl\u00e4rvideos. In einem kurzen Informationstext fasse ich f\u00fcr dich zusammen, worum es in den B\u00fcchern, Artikeln oder Forschungsberichten geht.<\/p>\n\n\n\n<p><strong>Buch: Lehren und Lernen mit Tutorials und Erkl\u00e4rvideos<\/strong> (Dorgerloh &amp; Wolf, 2020)<\/p>\n\n\n\n<p>Einen sehr guten und ausf\u00fchrlichen Einblick in das Thema Erkl\u00e4rvideos im schulischen Kontext gibt das Buch &#8222;Lehren und Lernen mit Tutorials und Erkl\u00e4rvideos&#8220; von Stephan Dorgerloh und Karsten Wolf. Das Buch ist in vier wesentliche Abschnitte gegliedert. Nach einem historischen Abriss vom Bildungsfernsehen bis hin zu YouTube geht es im zweiten Schwerpunkt um konkrete YouTube-Kan\u00e4le. Im Buch erwarten dich exklusive Interviews mit gro\u00dfen YouTubern, wie Derek Muller von Veritasium, Johann Carl Beurich alias DorFuchs, Kai Schmidt, der vielen als Leherschmidt bekannt ist oder Alex Giesecke, dem Gr\u00fcnder und Gesch\u00e4ftsf\u00fchrer von simpleclub, dem erfolgreichsten Erkl\u00e4rvideokanal Deutschlands. Im dritten Schwerpunkt richten die Autoren ihren Blick auf die Erfahrungspraxis konkreter Schulen, die mit Erkl\u00e4rvideos arbeiten. Abschlie\u00dfend wird neben der Betrachtung verschiedener Videoplattformen, wie zum Beispiel emuTUBE, der Blick in die Zukunft gerichtet. Zehn bildungspolitische Forderungen zeigen auf, wie laut der Autoren in Zukunft in Schule und Hochschule auf Erkl\u00e4rvideo reagiert werden sollte. Praktische Unterrichtsbeispiele und Umsetzungstipps regen dar\u00fcberhinaus an, selbst mit Erkl\u00e4rvideos im (Hoch-)Schulkontext zu arbeiten.<\/p>\n\n\n\n<div class=\"wp-block-image\"><figure class=\"aligncenter size-large is-resized\"><a href=\"https:\/\/www.beltz.de\/fachmedien\/paedagogik\/produkte\/details\/39174-lehren-und-lernen-mit-tutorials-und-erklaervideos.html\" target=\"_blank\" rel=\"noopener noreferrer\"><img loading=\"lazy\" src=\"https:\/\/blogs.urz.uni-halle.de\/erklaervideos\/files\/2023\/05\/Bild-1-705x1024.png\" alt=\"\" class=\"wp-image-532\" width=\"250\" height=\"364\" srcset=\"https:\/\/blogs.urz.uni-halle.de\/erklaervideos\/files\/2023\/05\/Bild-1-705x1024.png 705w, https:\/\/blogs.urz.uni-halle.de\/erklaervideos\/files\/2023\/05\/Bild-1-207x300.png 207w, https:\/\/blogs.urz.uni-halle.de\/erklaervideos\/files\/2023\/05\/Bild-1-768x1115.png 768w, https:\/\/blogs.urz.uni-halle.de\/erklaervideos\/files\/2023\/05\/Bild-1.png 775w\" sizes=\"(max-width: 250px) 100vw, 250px\" \/><\/a><figcaption><em>Dorgerloh, S., &amp; Wolf, K. D. (2020).&nbsp;Lehren und Lernen mit Tutorials und Erkl\u00e4rvideos. Beltz.<\/em><\/figcaption><\/figure><\/div>\n\n\n\n<p><strong>Buch: Lehrvideos \u2013 das Bildungsmedium der Zukunft?<\/strong> (Matthes, Siegel &amp; Heiland, 2021)<\/p>\n\n\n\n<p>Im Sammelband &#8222;Lehrvideos \u2013 das Bildungsmedium der Zukunft?&#8220; von Eva Matthes, Stefan Siegel &amp; Thomas Heiland findest du spannende Artikel und Forschungsberichte aus verschiedenen Fachbereichen. Diese besch\u00e4ftigen sich unter anderem mit den zentralen Fragen,  was Erkl\u00e4rvideos \u00fcberhaupt sind, was gute Erkl\u00e4rvideos ausmacht und mit welchen Chancen und Grenzen, an mancher Stelle sogar welchen Risiken, bei freizug\u00e4nglichen Erkl\u00e4rvideos zu rechnen ist. Grundlegend aufgeteilt ist das Buch in Teil I \u2013 Grundlegende, in die Thematik einf\u00fchrende Beitr\u00e4ge,&nbsp;Teil II \u2013 Analysen von Erkl\u00e4rvideos aus dom\u00e4nenspezifischer Perspektive und Teil III \u2013 Beitr\u00e4ge zu Lehrvideos in der Lehramtsausbildung und in der universit\u00e4ren Weiterbildung. Besonders lesenswert finde ich unter anderem die Artikel von Eva Matthes &amp; Hannah Rabea Lachner zum Thema <em>Sexismus in Erkl\u00e4rvideos von simpleclub<\/em> und von Olaf Krey &amp; Thorid Rabe <em>Zu Risiken und Nebenwirkungen von Erkl\u00e4rvideos (&#8230;wo ist die Packungsbeilage?)<\/em>.<\/p>\n\n\n\n<p><sub>Matthes, E., Siegel, S. T., &amp; Heiland, T. (2021).&nbsp;<em>Lehrvideos \u2013 das Bildungsmedium der Zukunft? Erziehungswissenschaftliche und fachdidaktische Perspektiven<\/em>. Julius Klinkhardt.<\/sub><\/p>\n\n\n\n<div class=\"wp-block-image\"><figure class=\"aligncenter size-large is-resized\"><a href=\"https:\/\/www.klinkhardt.de\/verlagsprogramm\/2465.html\"><img loading=\"lazy\" src=\"https:\/\/blogs.urz.uni-halle.de\/erklaervideos\/files\/2023\/04\/Erklaervideos-Bildungsmedium-der-Zukunft-1.png\" alt=\"\" class=\"wp-image-394\" width=\"320\" height=\"458\" srcset=\"https:\/\/blogs.urz.uni-halle.de\/erklaervideos\/files\/2023\/04\/Erklaervideos-Bildungsmedium-der-Zukunft-1.png 666w, https:\/\/blogs.urz.uni-halle.de\/erklaervideos\/files\/2023\/04\/Erklaervideos-Bildungsmedium-der-Zukunft-1-209x300.png 209w\" sizes=\"(max-width: 320px) 100vw, 320px\" \/><\/a><figcaption>Verf\u00fcgbar als Buch oder E-Book unter <a href=\"https:\/\/www.klinkhardt.de\/verlagsprogramm\/2465.html\" target=\"_blank\" rel=\"noreferrer noopener\">Klinkhardt.de<\/a><\/figcaption><\/figure><\/div>\n\n\n\n<p><strong>Forschungsbericht: A Framework of Effective Science Explanation Videos Informed by Criteria for Instructional Explanations<\/strong> (Kulgemeyer, 2018)<\/p>\n\n\n\n<p>Was macht ein gutes Erkl\u00e4rvideos aus? Abgeleitet von Kriterien instruktionaler Erkl\u00e4rungen entwickelte Christoph Kulgemeyer einen Katalog an G\u00fctekriterien effektiver Erkl\u00e4rvideos. Im Forschungsbericht wird beschrieben, wie zun\u00e4chst Kriterien f\u00fcr eine hohe Erkl\u00e4rqualit\u00e4t aus der Forschung zu effektiven Unterrichtserkl\u00e4rungen abgeleitet werden. Im Zweiten Schritt werden diese Kriterien praktisch anhand von zwei Videos (jeweils einmal mit hoher Erkl\u00e4rqualit\u00e4t und einmal mit niedriger Erkl\u00e4rqualit\u00e4t) getestet. Die Ergebnisse der Studie best\u00e4tige die G\u00fcltigkeit der zusammengestellten Kriterien. Dieser Forschungsbericht stellt die Grundlage des auch auf diesem Blog vorgestellten <a rel=\"noreferrer noopener\" href=\"https:\/\/blogs.urz.uni-halle.de\/erklaervideos\/qualitaetskriterien\/\" target=\"_blank\">Qualit\u00e4tskriterienrasters<\/a> dar.<\/p>\n\n\n\n<p><sub>Kulgemeyer, C. (2018). A Framework of Effective Science Explanation Videos Informed by Criteria for Instructional Explanations.&nbsp;<em>Research in Science Education<\/em>,&nbsp;<em>50<\/em>(6), 2441\u20132462.<\/sub><\/p>\n\n\n\n<div class=\"wp-block-image\"><figure class=\"aligncenter size-large is-resized\"><a href=\"https:\/\/link.springer.com\/article\/10.1007\/s11165-018-9787-7\"><img loading=\"lazy\" src=\"https:\/\/blogs.urz.uni-halle.de\/erklaervideos\/files\/2023\/04\/Famework-Kulgemeyer-674x1024.png\" alt=\"\" class=\"wp-image-398\" width=\"313\" height=\"476\" srcset=\"https:\/\/blogs.urz.uni-halle.de\/erklaervideos\/files\/2023\/04\/Famework-Kulgemeyer-674x1024.png 674w, https:\/\/blogs.urz.uni-halle.de\/erklaervideos\/files\/2023\/04\/Famework-Kulgemeyer-197x300.png 197w, https:\/\/blogs.urz.uni-halle.de\/erklaervideos\/files\/2023\/04\/Famework-Kulgemeyer-768x1167.png 768w, https:\/\/blogs.urz.uni-halle.de\/erklaervideos\/files\/2023\/04\/Famework-Kulgemeyer.png 810w\" sizes=\"(max-width: 313px) 100vw, 313px\" \/><\/a><figcaption>Der Artikel ist \u00fcber <a href=\"https:\/\/link.springer.com\/article\/10.1007\/s11165-018-9787-7\" target=\"_blank\" rel=\"noreferrer noopener\">Springer Link<\/a> frei verf\u00fcgbar<\/figcaption><\/figure><\/div>\n","protected":false},"excerpt":{"rendered":"<p>Auf dieser Seite findest du Literaturempfehlungen rund um das Thema Erkl\u00e4rvideos. In einem kurzen Informationstext fasse ich f\u00fcr dich zusammen, worum es in den B\u00fcchern, Artikeln oder Forschungsberichten geht. Buch: Lehren und Lernen mit Tutorials und Erkl\u00e4rvideos (Dorgerloh &amp; Wolf, 2020) Einen sehr guten und ausf\u00fchrlichen Einblick in das Thema Erkl\u00e4rvideos im schulischen Kontext gibt &hellip; <\/p>\n<p><a class=\"more-link btn\" href=\"https:\/\/blogs.urz.uni-halle.de\/erklaervideos\/weiterfuehrende-literatur\/\">Weiterlesen<\/a><\/p>\n","protected":false},"author":5272,"featured_media":0,"parent":0,"menu_order":0,"comment_status":"closed","ping_status":"closed","template":"","meta":[],"_links":{"self":[{"href":"https:\/\/blogs.urz.uni-halle.de\/erklaervideos\/wp-json\/wp\/v2\/pages\/226"}],"collection":[{"href":"https:\/\/blogs.urz.uni-halle.de\/erklaervideos\/wp-json\/wp\/v2\/pages"}],"about":[{"href":"https:\/\/blogs.urz.uni-halle.de\/erklaervideos\/wp-json\/wp\/v2\/types\/page"}],"author":[{"embeddable":true,"href":"https:\/\/blogs.urz.uni-halle.de\/erklaervideos\/wp-json\/wp\/v2\/users\/5272"}],"replies":[{"embeddable":true,"href":"https:\/\/blogs.urz.uni-halle.de\/erklaervideos\/wp-json\/wp\/v2\/comments?post=226"}],"version-history":[{"count":9,"href":"https:\/\/blogs.urz.uni-halle.de\/erklaervideos\/wp-json\/wp\/v2\/pages\/226\/revisions"}],"predecessor-version":[{"id":813,"href":"https:\/\/blogs.urz.uni-halle.de\/erklaervideos\/wp-json\/wp\/v2\/pages\/226\/revisions\/813"}],"wp:attachment":[{"href":"https:\/\/blogs.urz.uni-halle.de\/erklaervideos\/wp-json\/wp\/v2\/media?parent=226"}],"curies":[{"name":"wp","href":"https:\/\/api.w.org\/{rel}","templated":true}]}}