{"id":35,"date":"2022-07-13T13:41:27","date_gmt":"2022-07-13T11:41:27","guid":{"rendered":"https:\/\/blogs.urz.uni-halle.de\/erklaervideos\/?page_id=35"},"modified":"2023-11-21T10:49:05","modified_gmt":"2023-11-21T09:49:05","slug":"ueberblick","status":"publish","type":"page","link":"https:\/\/blogs.urz.uni-halle.de\/erklaervideos\/","title":{"rendered":"\u00dcberblick"},"content":{"rendered":"\n<p>In diesem Selbstlernkurs dreht sich alles um Erkl\u00e4rvideos \u2013 von der Theorie \u00fcber die Praxis, bis hin zur Forschung. Der Kurs ist in drei Schwerpunkte gegliedert. Im\u00a0<strong>Theorieteil<\/strong>\u00a0erf\u00e4hrst du, was Kriterien guter Erkl\u00e4rvideos sind und was bei der Erstellung eines eigenen Erkl\u00e4rvideos beachtet werden sollte. Im\u00a0<strong>Praxisteil<\/strong>\u00a0geht es um die konkrete Umsetzung: Welche M\u00f6glichkeiten zur Erkl\u00e4rvideoproduktion gibt es und wie geht man die Produktion sinnvoll an? Im\u00a0<strong>Forschungsteil<\/strong>\u00a0bekommst du Einblicke in ein momentan laufendes Promotionsprojekt, in dem unter anderem folgende Fragen beantwortet werden sollen: Gen\u00fcgen Physik-Erkl\u00e4rvideos auf YouTube fachlichen und fachdidaktischen Anforderungen an Erkl\u00e4rqualit\u00e4t und wie stehen (angehende) Physiklehrkr\u00e4fte zu Erkl\u00e4rvideos?<\/p>\n\n\n\n<p>Unterst\u00fctzend zur eigenen Erkl\u00e4rvideoproduktion, Anleitung der Produktion oder Erkl\u00e4rvideoanalyse stehen&nbsp;dir au\u00dferdem&nbsp;<strong>Begleitmaterialien<\/strong>&nbsp;und&nbsp;<strong>Literaturempfehlungen<\/strong>&nbsp;zur Verf\u00fcgung, die&nbsp;du dir&nbsp;herunterladen oder abspeichern&nbsp;kannst.<\/p>\n\n\n\n<figure class=\"wp-block-embed-youtube wp-block-embed is-type-video is-provider-youtube wp-embed-aspect-16-9 wp-has-aspect-ratio\"><div class=\"wp-block-embed__wrapper\">\n<iframe title=\"Willkommen im Selbstlernkurs zur Erstellung von Erkl\u00e4rvideos\" width=\"1140\" height=\"641\" src=\"https:\/\/www.youtube.com\/embed\/WNIeaPJZ06Y?feature=oembed\" frameborder=\"0\" allow=\"accelerometer; autoplay; clipboard-write; encrypted-media; gyroscope; picture-in-picture; web-share\" allowfullscreen><\/iframe>\n<\/div><\/figure>\n\n\n\n<p><strong>Bevor du mit dem Kurs beginnst ..<\/strong><\/p>\n\n\n\n<p>Die Aktualit\u00e4t des Themas Erkl\u00e4rvideos als Bildungsmedium zeigen die steigenden Nutzungszahlen. Wei\u00dft du, wie viel Prozent der Lernenden regelm\u00e4\u00dfig auf Erkl\u00e4rvideos zur\u00fcckgreifen?<\/p>\n\n\n\n<div class=\"h5p-iframe-wrapper\"><iframe id=\"h5p-iframe-2\" class=\"h5p-iframe\" data-content-id=\"2\" style=\"height:1px\" src=\"about:blank\" frameBorder=\"0\" scrolling=\"no\" title=\"Erkl\u00e4rvideonutzung\"><\/iframe><\/div>\n\n\n\n<p>Weiter zum Themenkomplex <em><a href=\"https:\/\/blogs.urz.uni-halle.de\/erklaervideos\/theorie\/\">Theorie<\/a><\/em><\/p>\n","protected":false},"excerpt":{"rendered":"<p>In diesem Selbstlernkurs dreht sich alles um Erkl\u00e4rvideos \u2013 von der Theorie \u00fcber die Praxis, bis hin zur Forschung. Der Kurs ist in drei Schwerpunkte gegliedert. Im\u00a0Theorieteil\u00a0erf\u00e4hrst du, was Kriterien guter Erkl\u00e4rvideos sind und was bei der Erstellung eines eigenen Erkl\u00e4rvideos beachtet werden sollte. Im\u00a0Praxisteil\u00a0geht es um die konkrete Umsetzung: Welche M\u00f6glichkeiten zur Erkl\u00e4rvideoproduktion gibt &hellip; <\/p>\n<p><a class=\"more-link btn\" href=\"https:\/\/blogs.urz.uni-halle.de\/erklaervideos\/\">Weiterlesen<\/a><\/p>\n","protected":false},"author":5272,"featured_media":0,"parent":0,"menu_order":0,"comment_status":"closed","ping_status":"closed","template":"","meta":[],"_links":{"self":[{"href":"https:\/\/blogs.urz.uni-halle.de\/erklaervideos\/wp-json\/wp\/v2\/pages\/35"}],"collection":[{"href":"https:\/\/blogs.urz.uni-halle.de\/erklaervideos\/wp-json\/wp\/v2\/pages"}],"about":[{"href":"https:\/\/blogs.urz.uni-halle.de\/erklaervideos\/wp-json\/wp\/v2\/types\/page"}],"author":[{"embeddable":true,"href":"https:\/\/blogs.urz.uni-halle.de\/erklaervideos\/wp-json\/wp\/v2\/users\/5272"}],"replies":[{"embeddable":true,"href":"https:\/\/blogs.urz.uni-halle.de\/erklaervideos\/wp-json\/wp\/v2\/comments?post=35"}],"version-history":[{"count":10,"href":"https:\/\/blogs.urz.uni-halle.de\/erklaervideos\/wp-json\/wp\/v2\/pages\/35\/revisions"}],"predecessor-version":[{"id":843,"href":"https:\/\/blogs.urz.uni-halle.de\/erklaervideos\/wp-json\/wp\/v2\/pages\/35\/revisions\/843"}],"wp:attachment":[{"href":"https:\/\/blogs.urz.uni-halle.de\/erklaervideos\/wp-json\/wp\/v2\/media?parent=35"}],"curies":[{"name":"wp","href":"https:\/\/api.w.org\/{rel}","templated":true}]}}