{"id":41,"date":"2022-07-13T13:43:44","date_gmt":"2022-07-13T11:43:44","guid":{"rendered":"https:\/\/blogs.urz.uni-halle.de\/erklaervideos\/?page_id=41"},"modified":"2023-10-20T09:35:00","modified_gmt":"2023-10-20T07:35:00","slug":"multimediaprinzipien","status":"publish","type":"page","link":"https:\/\/blogs.urz.uni-halle.de\/erklaervideos\/multimediaprinzipien\/","title":{"rendered":"Multimediaprinzipien"},"content":{"rendered":"\n<p>Richard Mayer fasst in seinem Buch \u201eMultimedia Learning\u201c zusammen, wie multimediale Lerninhalte gestaltet sein sollten, um den Lernerfolg zu maximieren. Die Ergebnisse beruhen dabei auf wissenschaftlich gepr\u00fcften Erkenntnissen. Das wissenschaftliche Vorgehen bei der Erforschung der Prinzipien ist im Buch pr\u00e4gnant beschrieben und kann bei Interesse nachgelesen werden. Auf den folgenden Folien findest du&nbsp;eine Zusammenfassung der Ergebnisse und die Definitionen der Prinzipien.&nbsp;<\/p>\n\n\n\n<p><strong>Tipp:\u00a0<\/strong>\u00dcberpr\u00fcfe bei der Erstellung eines eigenen Erkl\u00e4rvideos, inwiefern dein geplantes Video den Prinzipien gerecht wird. Gehe dazu bevor du mit der Aufnahme beginnst alle Kriterien einzeln durch und passe dein Drehbuch gegebenenfalls an.<\/p>\n\n\n\n<div class=\"h5p-iframe-wrapper\"><iframe id=\"h5p-iframe-1\" class=\"h5p-iframe\" data-content-id=\"1\" style=\"height:1px\" src=\"about:blank\" frameBorder=\"0\" scrolling=\"no\" title=\"Multimediaprinzipien\"><\/iframe><\/div>\n\n\n\n<p><\/p>\n\n\n\n<p>Weiter zu den <a href=\"https:\/\/blogs.urz.uni-halle.de\/erklaervideos\/qualitaetskriterien\/\">Qualit\u00e4tskriterien<\/a><\/p>\n","protected":false},"excerpt":{"rendered":"<p>Richard Mayer fasst in seinem Buch \u201eMultimedia Learning\u201c zusammen, wie multimediale Lerninhalte gestaltet sein sollten, um den Lernerfolg zu maximieren. Die Ergebnisse beruhen dabei auf wissenschaftlich gepr\u00fcften Erkenntnissen. Das wissenschaftliche Vorgehen bei der Erforschung der Prinzipien ist im Buch pr\u00e4gnant beschrieben und kann bei Interesse nachgelesen werden. Auf den folgenden Folien findest du&nbsp;eine Zusammenfassung der &hellip; <\/p>\n<p><a class=\"more-link btn\" href=\"https:\/\/blogs.urz.uni-halle.de\/erklaervideos\/multimediaprinzipien\/\">Weiterlesen<\/a><\/p>\n","protected":false},"author":5272,"featured_media":0,"parent":0,"menu_order":0,"comment_status":"closed","ping_status":"closed","template":"","meta":[],"_links":{"self":[{"href":"https:\/\/blogs.urz.uni-halle.de\/erklaervideos\/wp-json\/wp\/v2\/pages\/41"}],"collection":[{"href":"https:\/\/blogs.urz.uni-halle.de\/erklaervideos\/wp-json\/wp\/v2\/pages"}],"about":[{"href":"https:\/\/blogs.urz.uni-halle.de\/erklaervideos\/wp-json\/wp\/v2\/types\/page"}],"author":[{"embeddable":true,"href":"https:\/\/blogs.urz.uni-halle.de\/erklaervideos\/wp-json\/wp\/v2\/users\/5272"}],"replies":[{"embeddable":true,"href":"https:\/\/blogs.urz.uni-halle.de\/erklaervideos\/wp-json\/wp\/v2\/comments?post=41"}],"version-history":[{"count":11,"href":"https:\/\/blogs.urz.uni-halle.de\/erklaervideos\/wp-json\/wp\/v2\/pages\/41\/revisions"}],"predecessor-version":[{"id":764,"href":"https:\/\/blogs.urz.uni-halle.de\/erklaervideos\/wp-json\/wp\/v2\/pages\/41\/revisions\/764"}],"wp:attachment":[{"href":"https:\/\/blogs.urz.uni-halle.de\/erklaervideos\/wp-json\/wp\/v2\/media?parent=41"}],"curies":[{"name":"wp","href":"https:\/\/api.w.org\/{rel}","templated":true}]}}