{"id":42,"date":"2022-07-13T13:43:44","date_gmt":"2022-07-13T11:43:44","guid":{"rendered":"https:\/\/blogs.urz.uni-halle.de\/erklaervideos\/?page_id=42"},"modified":"2024-06-05T11:28:12","modified_gmt":"2024-06-05T09:28:12","slug":"qualitaetskriterien","status":"publish","type":"page","link":"https:\/\/blogs.urz.uni-halle.de\/erklaervideos\/qualitaetskriterien\/","title":{"rendered":"Qualit\u00e4tskriterien"},"content":{"rendered":"\n<p>Auf dieser Seite erf\u00e4hrst du, wie du gute von weniger guten Erkl\u00e4rvideos unterscheiden kannst. Vorweg ist anzumerken: Es ist gar nicht so einfach, die Qualit\u00e4t eines Erkl\u00e4rvideos auf den ersten Blick zu bewerten. Das folgende Qualit\u00e4tskriterienraster kann dir als Unterst\u00fctzung bei der Analyse von Erkl\u00e4rvideos dienen. Au\u00dferdem eignet es sich gut, um die Qualit\u00e4t eines eigens geplanten Erkl\u00e4rvideos zu \u00fcberpr\u00fcfen.<\/p>\n\n\n\n<p><strong>Gute Erkl\u00e4rung im Unterricht = gute Erkl\u00e4rung im Erkl\u00e4rvideo?!<\/strong><\/p>\n\n\n\n<p>Ganz so einfach ist es leider nicht. Ein entscheidender Unterschied ist: Im Unterricht kannst du flexibel auf die individuellen Erkl\u00e4rbed\u00fcrfnisse eingehen, in einem Erkl\u00e4rvideo sind die Inhalte festgelegt und&nbsp;<strong>nicht mehr adaptierbar<\/strong>. Deshalb ist bei der eigenen Erstellung eines Erkl\u00e4rvideos wichtig, dass du genau festlegst, welche Zielgruppe du ansprechen willst.&nbsp;<a href=\"https:\/\/www.youtube.com\/watch?v=_T0SWWVUdFQ&amp;t=271s\" target=\"_blank\" rel=\"noreferrer noopener\">Christoph Kulgemeyer<\/a> r\u00e4t dazu, idealerweise gleich am Anfang des Erstellungsprozesses f\u00fcr sich eine genaue Zielgruppenbeschreibung aufzustellen, auf der die Inhalte der Erkl\u00e4rung aufgebaut werden k\u00f6nnen. Auch bei der Auswahl eines Erkl\u00e4rvideos zur Unterst\u00fctzung des eigenen Unterrichts ist es wichtig, dass du vorab identifizierst, ob das Video tats\u00e4chlich f\u00fcr deine Zielgruppe angemessen ist.<\/p>\n\n\n\n<p><strong>Deuten viele Klicks und Likes auf eine gute Videoqualit\u00e4t hin<\/strong>?<\/p>\n\n\n\n<p>Diese Frage ist einfach zu beantworten: Nein, weder Klicks noch Likes geben einen Hinweis auf die Qualit\u00e4t eines Videos. Das bedeutet auch: Beliebte Videos, die dir vorgeschlagen oder weit oben angezeigt werden, m\u00fcssen nicht unbedingt gut sein. Wenn du mehr \u00fcber die Studie, aus der diese Ergebnisse stammen, erfahren m\u00f6chtest, schau unbedingt in den Artikel von&nbsp; <a rel=\"noreferrer noopener\" href=\"https:\/\/iopscience.iop.org\/article\/10.1088\/0143-0807\/37\/6\/065705\" data-type=\"URL\" data-id=\"https:\/\/iopscience.iop.org\/article\/10.1088\/0143-0807\/37\/6\/065705\" target=\"_blank\">Christoph Kulgemeyer und Cord Peters<\/a>.<\/p>\n\n\n\n<p><strong>Wie erkenne und gestalte ich nun ein gutes Erkl\u00e4rvideo?<\/strong><\/p>\n\n\n\n<p>Abgeleitet aus Erkenntnissen dazu, was eine gute Erkl\u00e4rung ausmacht und angepasst an das Format eines Erkl\u00e4rvideos, hat der Physikdidaktiker Prof. Dr. Christoph Kulgemeyer ein <a rel=\"noreferrer noopener\" href=\"https:\/\/www.researchgate.net\/publication\/323629159_Wie_gut_erklaren_Erklarvideos_Ein_Bewertungs-Leitfaden\" data-type=\"URL\" data-id=\"https:\/\/www.researchgate.net\/publication\/323629159_Wie_gut_erklaren_Erklarvideos_Ein_Bewertungs-Leitfaden\" target=\"_blank\">Qualit\u00e4tskriterienraster<\/a> f\u00fcr Erkl\u00e4rvideos entworfen. Dieses Raster dient einerseits dazu, die Qualit\u00e4t beispielsweise eines YouTube-Videos in einer Analyse einzusch\u00e4tzen. Anderseits dient es bei der Erstellung eines eigenen Erkl\u00e4rvideos als Wegweiser, um sich einem guten Erkl\u00e4rvideo anzun\u00e4hern.<\/p>\n\n\n\n<figure class=\"wp-block-table is-style-stripes\"><table><tbody><tr><td><\/td><td>Merkmal<\/td><td>Erl\u00e4uterung<\/td><\/tr><tr><td>1<\/td><td>Struktur geben<\/td><td>Im Erkl\u00e4rvideo wird zu Beginn einen Ausblick auf das Thema gegeben und es werden die wesentlichen Aspekte noch einmal zusammengefasst.<\/td><\/tr><tr><td>2<\/td><td>Regel-Beispiel oder Beispiel-Regel<\/td><td>Wenn Fachwissen das Ziel ist, wird eine Regel-Beispiel-Struktur bevorzugt. Im Erkl\u00e4rvideo wird zun\u00e4chst das zu erkl\u00e4rende Prinzip vorgestellt und anschlie\u00dfend mit Veranschaulichungswerkzeugen illustriert. Ein einleitendes Beispiel, das die Relevanz des zu erkl\u00e4renden Inhalts begr\u00fcndet, schlie\u00dft das nicht aus!<br>Bei Routinen wird eine Beispiel-Regel-Struktur bevorzugt.<\/td><\/tr><tr><td>3<\/td><td>Adaption an den Wissensstand<\/td><td>Das Erkl\u00e4rvideo bezieht sich auf gut beschriebene Eigenschaften einer Adressatengruppe.&nbsp; Sie kn\u00fcpft an Vorwissen und typische Fehlvorstellungen an.<\/td><\/tr><tr><td>4<\/td><td>Interesse wecken<\/td><td>Im Erkl\u00e4rvideo werden Kontexte verwendet, die Interesse erzeugen (z. B. bei der Auswahl der Beispiele; eher Beispiele aus dem Alltag oder zu spektakul\u00e4ren Naturph\u00e4nomenen).<\/td><\/tr><tr><td>5<\/td><td>Beispiele<\/td><td>Das Erkl\u00e4rvideo nutzt Beispiele, an denen sich das Prinzip als leistungsf\u00e4hig erweist, um das Erkl\u00e4rte zu veranschaulichen. Diese Beispiele stammen aus einem bekannten Ph\u00e4nomenbereich.<\/td><\/tr><tr><td>6<\/td><td>Modelle und Analogien<\/td><td>In der Erkl\u00e4rung wird durch Analogien und Modelle die \u00dcbertragung des Prinzips auf einen bekannten Ph\u00e4nomenbereich wird gew\u00e4hrleistet. Dadurch wird die Verbindung neuer Informationen mit bekannten Wissensbereichen unterst\u00fctzt.<\/td><\/tr><tr><td>7<\/td><td>Darstellungsformen und Experimente<\/td><td>Im Erkl\u00e4rvideo werden grafische Darstellungsformen, schriftliche Repr\u00e4sentationen, Gegenst\u00e4nde, Animationen oder Experimente gezeigt, die das Gesagt illustrieren (<a rel=\"noreferrer noopener\" href=\"https:\/\/blogs.urz.uni-halle.de\/erklaervideos\/multimediaprinzipien\/\" target=\"_blank\">Multimediaprinzip<\/a>)..<\/td><\/tr><tr><td>8<\/td><td>Sprachebene<\/td><td>Im Erkl\u00e4rvideo wird eine Sprachebene passend zur beschriebenen Adressatengruppe gew\u00e4hlt.<br>In der Erkl\u00e4rung werden neue fachsprachliche Wendungen \u00fcber Alltagssprache eingef\u00fchrt.<\/td><\/tr><tr><td>9<\/td><td>Mathematisierungsgrad<\/td><td>Im Erkl\u00e4rvideo wird der Mathematisierungsgrad passend zur beschriebenen Adressatengruppe gew\u00e4hlt. Mathematisierungen (z.B. Formeln) werden verbal kommentiert und an einem Beispiel erl\u00e4utert.<\/td><\/tr><tr><td>10<\/td><td>Relevanz verdeutlichen<\/td><td>Im Erkl\u00e4rvideo wird dargestellt, warum das erkl\u00e4rte Prinzip wichtig f\u00fcr die Adressatengruppe ist. Dies kann an einem Problem geschehen, zu dessen L\u00f6sung das Prinzip betr\u00e4gt oder an einem Beispiel, zu dessen Verst\u00e4ndnis das Prinzip dienlich ist.&nbsp;<\/td><\/tr><tr><td>11<\/td><td>Prompts zu relevanten Inhalten geben<\/td><td>Im Erkl\u00e4rvideo werden Prompts zu besonders wichtigen Teilen, beispielsweise im Sinne von \u201edas ist besonders wichtig, weil es h\u00e4ufig falsch verstanden wird\u201c, gegeben.<\/td><\/tr><tr><td>12<\/td><td>Direkte Ansprache<\/td><td>Das Erkl\u00e4rvideo involviert die Adressat*innen durch Handlungsaufforderungen und direkte Ansprache (statt unpers\u00f6nlichem Passiv).<\/td><\/tr><tr><td>13<\/td><td>Minimalismus<\/td><td>Das Erkl\u00e4rvideo ist sparsam im Einsatz von Effekten, aber auch von Veranschaulichungsmitteln (zu viele Beispiele, Analogien, Modelle, Zusammenfassungen) und Exkursen zum Thema, es fokussiert auf die Kernidee und h\u00e4lt den<em> <a rel=\"noreferrer noopener\" href=\"https:\/\/blogs.urz.uni-halle.de\/erklaervideos\/lernpsychologische-grundlagen\/\" target=\"_blank\">Cognitive Load<\/a><\/em> gering.<\/td><\/tr><tr><td>14<\/td><td>Anschlussaufgaben<\/td><td>Die Erkl\u00e4rung stellt am Ende eine Verst\u00e4ndnisaufgabe, die dazu geeignet ist, selbst mit der erkl\u00e4rten Information zu arbeiten.<\/td><\/tr><\/tbody><\/table><figcaption>Checkliste zur Bewertung der Qualit\u00e4t von Erkl\u00e4rvideos nach Kulgemeyer (<a rel=\"noreferrer noopener\" href=\"https:\/\/www.researchgate.net\/publication\/323629159_Wie_gut_erklaren_Erklarvideos_Ein_Bewertungs-Leitfaden\" target=\"_blank\">20<\/a><a href=\"https:\/\/www.researchgate.net\/publication\/323629159_Wie_gut_erklaren_Erklarvideos_Ein_Bewertungs-Leitfaden\">18, S. 10<\/a>;  <a rel=\"noreferrer noopener\" href=\"https:\/\/link.springer.com\/book\/10.1007\/978-3-662-59490-2\" target=\"_blank\">2020, S. 423<\/a>)<\/figcaption><\/figure>\n\n\n\n<p><strong><em>Hinweis zur Nutzung der Checkliste bei der Analyse von Erkl\u00e4rvideos:<\/em> <\/strong>\u00dcberpr\u00fcfe, inwiefern das dir vorliegende Erkl\u00e4rvideo den Merkmalen des Rasters gerecht wird. Sollten einige Punkte, wie beispielsweise die Mathematisierung, im Erkl\u00e4rvideo nicht angesprochen werden, weil diese keine Relevanz f\u00fcr das Erkl\u00e4rthema haben, \u00fcberspringe dieses Merkmal.<\/p>\n\n\n\n<p><em><strong>Hinweis <em>zur Nutzung der Checkliste bei der<\/em> Erstellung eines eigenen Erkl\u00e4rvideos:<\/strong><\/em> \u00dcberpr\u00fcfe&nbsp;<span style=\"text-decoration: underline\">bevor<\/span>&nbsp;du mit der Aufnahme deines Videos beginnst, inwiefern dein geplantes Video den Merkmalen des Rasters gerecht wird. \u00dcberarbeite gegebenenfalls dein Drehbuch.<\/p>\n\n\n\n<p><strong>Achtung:&nbsp;<\/strong>Auch wenn du alle Punkte des Rasters auf den ersten Blick abhaken kannst, muss das nicht bedeuten, dass du ein Top-Erkl\u00e4rvideo bzw. Drehbuch vor dir hast. Schau also bei jedem Kriterium kritisch auf das Video bzw. Drehbuch. Vielleicht scheint ein Kriterium auf den ersten Blick als erf\u00fcllt, entpuppt sich aber auf den zweiten Blick als gar nicht zielf\u00fchrend.<\/p>\n\n\n\n<p>Schau dir zum Beispiel den Punkt 5 \u201eBeispiele\u201c einmal genauer an. Hier steht: \u201eDas Erkl\u00e4rvideo nutzt Beispiele, an denen sich das Prinzip als leistungsf\u00e4hig erweist, um das Erkl\u00e4rte zu veranschaulichen. Diese Beispiele stammen aus einem bekannten Ph\u00e4nomenbereich.\u201c Wenn in dem dir vorliegenden Erkl\u00e4rvideo nun sehr viele Beispiele gegeben werden, k\u00f6nnte man sagen: Haken dran, Kriterium erf\u00fcllt. Aber Achtung! Nicht jedes Beispiel ist auch ein gutes bzw. passendes Beispiel und vor allem bedeuten mehr Beispiele nicht unbedingt, dass das Video zwangsl\u00e4ufig besser wird. Schau deshalb kritisch auf jeden Aspekt und urteile nicht vorschnell.<\/p>\n\n\n\n<p>Weiter zum Themenkomplex <em><a href=\"https:\/\/blogs.urz.uni-halle.de\/erklaervideos\/praxis-2\/\">Praxis<\/a><\/em><\/p>\n","protected":false},"excerpt":{"rendered":"<p>Auf dieser Seite erf\u00e4hrst du, wie du gute von weniger guten Erkl\u00e4rvideos unterscheiden kannst. Vorweg ist anzumerken: Es ist gar nicht so einfach, die Qualit\u00e4t eines Erkl\u00e4rvideos auf den ersten Blick zu bewerten. Das folgende Qualit\u00e4tskriterienraster kann dir als Unterst\u00fctzung bei der Analyse von Erkl\u00e4rvideos dienen. Au\u00dferdem eignet es sich gut, um die Qualit\u00e4t eines &hellip; <\/p>\n<p><a class=\"more-link btn\" href=\"https:\/\/blogs.urz.uni-halle.de\/erklaervideos\/qualitaetskriterien\/\">Weiterlesen<\/a><\/p>\n","protected":false},"author":5272,"featured_media":0,"parent":0,"menu_order":0,"comment_status":"closed","ping_status":"closed","template":"","meta":[],"_links":{"self":[{"href":"https:\/\/blogs.urz.uni-halle.de\/erklaervideos\/wp-json\/wp\/v2\/pages\/42"}],"collection":[{"href":"https:\/\/blogs.urz.uni-halle.de\/erklaervideos\/wp-json\/wp\/v2\/pages"}],"about":[{"href":"https:\/\/blogs.urz.uni-halle.de\/erklaervideos\/wp-json\/wp\/v2\/types\/page"}],"author":[{"embeddable":true,"href":"https:\/\/blogs.urz.uni-halle.de\/erklaervideos\/wp-json\/wp\/v2\/users\/5272"}],"replies":[{"embeddable":true,"href":"https:\/\/blogs.urz.uni-halle.de\/erklaervideos\/wp-json\/wp\/v2\/comments?post=42"}],"version-history":[{"count":9,"href":"https:\/\/blogs.urz.uni-halle.de\/erklaervideos\/wp-json\/wp\/v2\/pages\/42\/revisions"}],"predecessor-version":[{"id":941,"href":"https:\/\/blogs.urz.uni-halle.de\/erklaervideos\/wp-json\/wp\/v2\/pages\/42\/revisions\/941"}],"wp:attachment":[{"href":"https:\/\/blogs.urz.uni-halle.de\/erklaervideos\/wp-json\/wp\/v2\/media?parent=42"}],"curies":[{"name":"wp","href":"https:\/\/api.w.org\/{rel}","templated":true}]}}