{"id":433,"date":"2023-04-20T08:25:46","date_gmt":"2023-04-20T06:25:46","guid":{"rendered":"https:\/\/blogs.urz.uni-halle.de\/erklaervideos\/?page_id=433"},"modified":"2023-10-12T09:44:27","modified_gmt":"2023-10-12T07:44:27","slug":"storyboard","status":"publish","type":"page","link":"https:\/\/blogs.urz.uni-halle.de\/erklaervideos\/storyboard\/","title":{"rendered":"Storyboard"},"content":{"rendered":"\n<p>Vielleicht scheint es nun f\u00fcr dich auf den ersten Blick einfacher, auf ein Storyboard zu verzichten und direkt mit der Aufnahme loszulegen. Doch beim Erstellen von Erkl\u00e4rvideos ist die Planung der wichtigste Schritt. Ein Storyboard kann dir eine Vorstellung davon geben, wie das Video aussehen soll, noch bevor du mit dem Filmen beginnst. Hier entscheidet sich also, ob ein durchdachtes und qualitativ hochwertiges Video entstehen wird.<\/p>\n\n\n\n<p>Jegliche Art der Bewegung und jedes gesprochene Wort wird dabei im Storyboard festgehalten. Somit hilft dir die Erstellung auch, dein geplantes Bild und Tonmaterial zu reflektieren. Andere Personen k\u00f6nnen dir dann anhand des Storyboards direktes Feedback geben.<\/p>\n\n\n\n<p><strong>Umsetzung:<\/strong> Die Erstellung deines Storyboards beginnt mit dem Schreiben eines Skripts. Dieses teilst du anschlie\u00dfend in Szenen auf, welche wiederherum in einzelne Segmente unterteilt werden k\u00f6nnen. Im Anschluss wird f\u00fcr jede Szene bzw. jedes Segment bestimmt, welche Aufnahme dazu gemacht werden soll. Das hei\u00dft konkret: Welche Visualisierung soll wo erscheinen? Wie nah an der Kamera soll eine Person stehen und wo soll sie sich hinbewegen?<\/p>\n\n\n\n<p><strong>Tools nutzen: <\/strong>Es gibt verschiedene Tools, die die Erstellung des Storyboards erleichtern. Beispielsweise kannst du Storyboards \u00fcber PowerPoint erstellen. Gib dazu im Suchfeld &#8222;Storyboard&#8220; ein und es werden dir verschiedene Vorlagen angeboten. Du kannst aber auch ganz einfach in einem Schreibprogramm arbeiten. Eine Vorlage f\u00fcr ein Storyboard mit Word findest du unter den <a rel=\"noreferrer noopener\" href=\"https:\/\/blogs.urz.uni-halle.de\/erklaervideos\/begleitmaterialien\/\" target=\"_blank\">Begleitmaterialien<\/a> auf diesem Blog. Eine Vielzahl an weiteren kostenlosen Vorlagen findest du unter <a rel=\"noreferrer noopener\" href=\"https:\/\/templatelab.com\" target=\"_blank\">templatelab.com<\/a>.<\/p>\n\n\n\n<div class=\"wp-block-image\"><figure class=\"aligncenter size-large is-resized\"><img loading=\"lazy\" src=\"https:\/\/blogs.urz.uni-halle.de\/erklaervideos\/files\/2023\/04\/PowerPoint-Storyboard-1024x284.png\" alt=\"\" class=\"wp-image-437\" width=\"549\" height=\"152\" srcset=\"https:\/\/blogs.urz.uni-halle.de\/erklaervideos\/files\/2023\/04\/PowerPoint-Storyboard-1024x284.png 1024w, https:\/\/blogs.urz.uni-halle.de\/erklaervideos\/files\/2023\/04\/PowerPoint-Storyboard-300x83.png 300w, https:\/\/blogs.urz.uni-halle.de\/erklaervideos\/files\/2023\/04\/PowerPoint-Storyboard-768x213.png 768w, https:\/\/blogs.urz.uni-halle.de\/erklaervideos\/files\/2023\/04\/PowerPoint-Storyboard-1536x426.png 1536w, https:\/\/blogs.urz.uni-halle.de\/erklaervideos\/files\/2023\/04\/PowerPoint-Storyboard-1140x316.png 1140w, https:\/\/blogs.urz.uni-halle.de\/erklaervideos\/files\/2023\/04\/PowerPoint-Storyboard.png 1929w\" sizes=\"(max-width: 549px) 100vw, 549px\" \/><figcaption>Gib im Suchfeld bei PowerPoint &#8222;Storyboard&#8220; ein<\/figcaption><\/figure><\/div>\n\n\n\n<p><strong>Beispiel f\u00fcr ein Storyboard<\/strong><\/p>\n\n\n\n<p>Wie so ein Storyboard aussehen kann, m\u00f6chte ich dir am Beispiel des Begr\u00fc\u00dfungsvideos dieses Blogs zeigen. Die komplette Vorlage kannst du dir hier herunterladen: <\/p>\n\n\n\n<div class=\"wp-block-file\"><a href=\"https:\/\/blogs.urz.uni-halle.de\/erklaervideos\/files\/2023\/07\/Beispiel-Storyboard-Begruessungsvideo.pptx\">Beispiel Storyboard Begr\u00fc\u00dfungsvideo<\/a><a href=\"https:\/\/blogs.urz.uni-halle.de\/erklaervideos\/files\/2023\/07\/Beispiel-Storyboard-Begruessungsvideo.pptx\" class=\"wp-block-file__button\" download>Herunterladen<\/a><\/div>\n\n\n\n<div class=\"wp-block-image\"><figure class=\"aligncenter size-large is-resized\"><img loading=\"lazy\" src=\"https:\/\/blogs.urz.uni-halle.de\/erklaervideos\/files\/2023\/04\/Beispiel-Storyboard-786x1024.png\" alt=\"\" class=\"wp-image-445\" width=\"356\" height=\"464\" srcset=\"https:\/\/blogs.urz.uni-halle.de\/erklaervideos\/files\/2023\/04\/Beispiel-Storyboard-786x1024.png 786w, https:\/\/blogs.urz.uni-halle.de\/erklaervideos\/files\/2023\/04\/Beispiel-Storyboard-230x300.png 230w, https:\/\/blogs.urz.uni-halle.de\/erklaervideos\/files\/2023\/04\/Beispiel-Storyboard-768x1000.png 768w, https:\/\/blogs.urz.uni-halle.de\/erklaervideos\/files\/2023\/04\/Beispiel-Storyboard.png 937w\" sizes=\"(max-width: 356px) 100vw, 356px\" \/><figcaption>Beispiel Storyboard Begr\u00fc\u00dfungsvideo<\/figcaption><\/figure><\/div>\n\n\n\n<p>Eine Handreichung f\u00fcr die Erstellung von Storyboards findest du unter den <a rel=\"noreferrer noopener\" href=\"https:\/\/blogs.urz.uni-halle.de\/erklaervideos\/begleitmaterialien\/\" target=\"_blank\">Begleitmaterialien<\/a>.<\/p>\n\n\n\n<p>Weiter zu <a href=\"https:\/\/blogs.urz.uni-halle.de\/erklaervideos\/audio\/\">Audio<\/a><\/p>\n","protected":false},"excerpt":{"rendered":"<p>Vielleicht scheint es nun f\u00fcr dich auf den ersten Blick einfacher, auf ein Storyboard zu verzichten und direkt mit der Aufnahme loszulegen. Doch beim Erstellen von Erkl\u00e4rvideos ist die Planung der wichtigste Schritt. Ein Storyboard kann dir eine Vorstellung davon geben, wie das Video aussehen soll, noch bevor du mit dem Filmen beginnst. Hier entscheidet &hellip; <\/p>\n<p><a class=\"more-link btn\" href=\"https:\/\/blogs.urz.uni-halle.de\/erklaervideos\/storyboard\/\">Weiterlesen<\/a><\/p>\n","protected":false},"author":5272,"featured_media":0,"parent":0,"menu_order":0,"comment_status":"closed","ping_status":"closed","template":"","meta":[],"_links":{"self":[{"href":"https:\/\/blogs.urz.uni-halle.de\/erklaervideos\/wp-json\/wp\/v2\/pages\/433"}],"collection":[{"href":"https:\/\/blogs.urz.uni-halle.de\/erklaervideos\/wp-json\/wp\/v2\/pages"}],"about":[{"href":"https:\/\/blogs.urz.uni-halle.de\/erklaervideos\/wp-json\/wp\/v2\/types\/page"}],"author":[{"embeddable":true,"href":"https:\/\/blogs.urz.uni-halle.de\/erklaervideos\/wp-json\/wp\/v2\/users\/5272"}],"replies":[{"embeddable":true,"href":"https:\/\/blogs.urz.uni-halle.de\/erklaervideos\/wp-json\/wp\/v2\/comments?post=433"}],"version-history":[{"count":10,"href":"https:\/\/blogs.urz.uni-halle.de\/erklaervideos\/wp-json\/wp\/v2\/pages\/433\/revisions"}],"predecessor-version":[{"id":710,"href":"https:\/\/blogs.urz.uni-halle.de\/erklaervideos\/wp-json\/wp\/v2\/pages\/433\/revisions\/710"}],"wp:attachment":[{"href":"https:\/\/blogs.urz.uni-halle.de\/erklaervideos\/wp-json\/wp\/v2\/media?parent=433"}],"curies":[{"name":"wp","href":"https:\/\/api.w.org\/{rel}","templated":true}]}}