{"id":53,"date":"2022-07-13T13:49:07","date_gmt":"2022-07-13T11:49:07","guid":{"rendered":"https:\/\/blogs.urz.uni-halle.de\/erklaervideos\/?page_id=53"},"modified":"2023-10-12T09:46:36","modified_gmt":"2023-10-12T07:46:36","slug":"green-screen","status":"publish","type":"page","link":"https:\/\/blogs.urz.uni-halle.de\/erklaervideos\/green-screen\/","title":{"rendered":"Green Screen"},"content":{"rendered":"\n<p>Auf dieser Seite wirst du lernen, wie du dich als sprechende Person professionell in Erkl\u00e4rvideos einblenden oder in andere Umgebungen &#8222;zaubern&#8220; kannst \u2013 und das alles mit Hilfe des Green Screens. Konkret funktioniert dies, indem du dich vor einem gr\u00fcnen Hintergrund platzierst und aufnimmst. Als Green Screen kann jegliche Art von gr\u00fcnem Hintergrund genutzt werden, solange dieser einen einheitlichen Farbton hat. \u00dcblicherweise werden gr\u00fcn gestrichene W\u00e4nde, Hintergrundsysteme aus gr\u00fcnem Papier oder gr\u00fcne Stoffe verwendet. Spezielle Software oder Videobearbeitungsprogramme identifizieren und entfernen den gr\u00fcnen Hintergrund in deiner Aufnahme. Anschlie\u00dfend kann dieser ehemals gr\u00fcne Hintergrund durch jede beliebige Szenerie ersetzt werden.&nbsp;<\/p>\n\n\n\n<p>Wenn du mit einem Green Screen arbeitest, ist au\u00dferdem wichtig zu beachten, dass eine sorgf\u00e4ltige Beleuchtung des Green Screens und der Person oder des Objekts vor dem Green Screen entscheidend ist, um eine nahtlose Trennung zwischen Vorder- und Hintergrund zu erreichen. Ein schlecht beleuchteter Green Screen oder Schattenbildung auf dem Green Screen kann zu unerw\u00fcnschten Effekten oder Unsch\u00e4rfe im Endprodukt f\u00fchren.<\/p>\n\n\n\n<p>Tats\u00e4chlich ist die Arbeit mit einem Green Screen f\u00fcr einfache Effekte in Videos einfacher, als man vielleicht denkt. Prinzipiell musst du nur ein Video vor einem Green Screen aufnehmen und anschlie\u00dfend mit einer Software deiner Wahl mit deinem gew\u00fcnschten Hintergrund zusammenf\u00fcgen. Die Folgenden Schritte zeigen dir auf, wie du so ein Video vor einem Green Screen am besten aufnimmst und was du dabei beachten solltest.&nbsp;<\/p>\n\n\n\n<ol type=\"1\"><li><strong>Aufstellung und Beleuchtung:<\/strong>&nbsp;Achte beim Aufstellen des Green Screens darauf, dass dieser glatt und faltenfrei ist. Falls du Lampen zur Ausleuchtung hast (z.B. s.g. Softboxen), stelle diese so auf, dass der Green Screen in sich keine Schatten wirft. Bei zwei Lampen empfehle ich dir, eine auf den Hintergrund zu richten und diesen somit auszuleuchten und eine auf dich oder deinen Gegenstand zu richten. M\u00f6chtest du gleichzeitig zum Videobild den Ton mitschneiden? Dann achte bei der Raumwahl darauf, dass der Raum wenn m\u00f6glich nicht allzu hallig klingt. Mach dazu eine Probeaufnahme.<\/li><li><strong>Positionierung:<\/strong>&nbsp;Positioniere dich vor dem Green Screen. Achte darauf, dass du gen\u00fcgend Abstand zum Green Screen hast, um Schattenbildung zu vermeiden. Beachte, dass die Software sp\u00e4ter jegliche Gr\u00fcnt\u00f6ne in deinem Video erkennt, also vermeide es, bei der Aufnahme selbst gr\u00fcne Kleidung zu tragen.&nbsp;<\/li><li><strong>Kameraaufstellung:<\/strong>&nbsp;Stelle deine Kamera so auf, dass ein wackelfreies Bild garantiert ist. Benutze dazu am besten ein Stativ. Achte darauf, dass die Kamera nicht zu hoch und nicht zu tief steht.<\/li><li><strong>Aufnahme:<\/strong>&nbsp;Nimm dein Video vor dem Green Screen auf.<\/li><\/ol>\n\n\n\n<p>Nun geht es an die Bearbeitung. W\u00e4hle einen Hintergrund aus, mit dem du den gr\u00fcnen Hintergrund ersetzen m\u00f6chtest. Je nach Bearbeitungssoftware k\u00f6nnen Bilder (z.B. auch PowerPoint-Folien) oder Videos als Hintergrund verwendet werden. Verwende eine Software deiner Wahl, um das aufgenommene Video mit dem von dir gew\u00fcnschten Hintergrund zu kombinieren. Im Folgenden werden dir zwei verschiedene M\u00f6glichkeiten (iMovie &amp; App &#8222;Do Ink&#8220;) vorgestellt.<\/p>\n\n\n\n<p><strong>App Green Screen by Do Ink<\/strong><\/p>\n\n\n\n<p>Die App Green Screen by Do Ink ist recht einfach aufgebaut. Du hast drei Spuren: eine f\u00fcr den Hintergrund und zwei f\u00fcr dich vor dem Green Screen. In der App kannst du die Sensitivit\u00e4t ver\u00e4ndern und  so einen eventuellen Gr\u00fcnschimmer, der vom Green Screen auf dich geworfen wurde, ausgleichen. Die App zeigt dir direkt an, wie dein Video aussehen w\u00fcrde. Auch das Schneiden der Enden deines Videos ist m\u00f6glich. Ein Vorteil ist, dass du dich vor deinem Hintergrund kleiner oder gr\u00f6\u00dfer ziehen und verschieben kannst. M\u00f6chtest du als sprechende Person also vor deinem neuen Hintergrund zum Beispiel unten rechts erscheinen? Ziehe dich einfach in der Vorschau in die gew\u00fcnschte Ecke. Die App kostet um die 6\u20ac, ist aber eine gute Investition, wenn man zum ersten Mal mit dem Green Screen arbeiten m\u00f6chte.<\/p>\n\n\n\n<figure class=\"wp-block-embed-youtube wp-block-embed is-type-video is-provider-youtube wp-embed-aspect-16-9 wp-has-aspect-ratio\"><div class=\"wp-block-embed__wrapper\">\n<iframe title=\"How To: Arbeit mit der App Green Screen Do Ink | Digital kompetent im Lehramt\" width=\"1140\" height=\"641\" src=\"https:\/\/www.youtube.com\/embed\/DVigGgq62uk?feature=oembed\" frameborder=\"0\" allow=\"accelerometer; autoplay; clipboard-write; encrypted-media; gyroscope; picture-in-picture; web-share\" allowfullscreen><\/iframe>\n<\/div><\/figure>\n\n\n\n<p><strong>Green Screen mit iMovie<\/strong><\/p>\n\n\n\n<p>Das Videoschnittprogramm iMovie bietet dir ebenfalls die M\u00f6glichkeit, dein vor dem Green Screen aufgenommenes Video durch einen neuen Hintergrund zu erg\u00e4nzen. Du Hast hierbei zwei Spuren, also eine f\u00fcr dein Green Screen-Video und eine f\u00fcr deinen neuen Hintergrund. Ein Nachteil im Vergleich zu <em>Do Ink<\/em> ist, dass du dich vor deinem Hintergrund nicht mehr verschieben oder vergr\u00f6\u00dfern und verkleinern kannst. Hast du dich also mittig vor dem Green Screen aufgenommen, bleibst du mittig.<\/p>\n\n\n\n<figure class=\"wp-block-embed-youtube wp-block-embed is-type-video is-provider-youtube wp-embed-aspect-16-9 wp-has-aspect-ratio\"><div class=\"wp-block-embed__wrapper\">\n<iframe title=\"iMovie Tutorial Teil 5 | deutsch | Green Screen\" width=\"1140\" height=\"641\" src=\"https:\/\/www.youtube.com\/embed\/RPO0YTgbPRg?feature=oembed\" frameborder=\"0\" allow=\"accelerometer; autoplay; clipboard-write; encrypted-media; gyroscope; picture-in-picture; web-share\" allowfullscreen><\/iframe>\n<\/div><\/figure>\n\n\n\n<p>Weiter zu <a href=\"https:\/\/blogs.urz.uni-halle.de\/erklaervideos\/erklaervideos-von-studierenden\/\">Erkl\u00e4rvideoproduktion im Hochschulkontext<\/a><\/p>\n","protected":false},"excerpt":{"rendered":"<p>Auf dieser Seite wirst du lernen, wie du dich als sprechende Person professionell in Erkl\u00e4rvideos einblenden oder in andere Umgebungen &#8222;zaubern&#8220; kannst \u2013 und das alles mit Hilfe des Green Screens. Konkret funktioniert dies, indem du dich vor einem gr\u00fcnen Hintergrund platzierst und aufnimmst. Als Green Screen kann jegliche Art von gr\u00fcnem Hintergrund genutzt werden, &hellip; <\/p>\n<p><a class=\"more-link btn\" href=\"https:\/\/blogs.urz.uni-halle.de\/erklaervideos\/green-screen\/\">Weiterlesen<\/a><\/p>\n","protected":false},"author":5272,"featured_media":0,"parent":0,"menu_order":0,"comment_status":"closed","ping_status":"closed","template":"","meta":[],"_links":{"self":[{"href":"https:\/\/blogs.urz.uni-halle.de\/erklaervideos\/wp-json\/wp\/v2\/pages\/53"}],"collection":[{"href":"https:\/\/blogs.urz.uni-halle.de\/erklaervideos\/wp-json\/wp\/v2\/pages"}],"about":[{"href":"https:\/\/blogs.urz.uni-halle.de\/erklaervideos\/wp-json\/wp\/v2\/types\/page"}],"author":[{"embeddable":true,"href":"https:\/\/blogs.urz.uni-halle.de\/erklaervideos\/wp-json\/wp\/v2\/users\/5272"}],"replies":[{"embeddable":true,"href":"https:\/\/blogs.urz.uni-halle.de\/erklaervideos\/wp-json\/wp\/v2\/comments?post=53"}],"version-history":[{"count":9,"href":"https:\/\/blogs.urz.uni-halle.de\/erklaervideos\/wp-json\/wp\/v2\/pages\/53\/revisions"}],"predecessor-version":[{"id":714,"href":"https:\/\/blogs.urz.uni-halle.de\/erklaervideos\/wp-json\/wp\/v2\/pages\/53\/revisions\/714"}],"wp:attachment":[{"href":"https:\/\/blogs.urz.uni-halle.de\/erklaervideos\/wp-json\/wp\/v2\/media?parent=53"}],"curies":[{"name":"wp","href":"https:\/\/api.w.org\/{rel}","templated":true}]}}