{"id":55,"date":"2022-07-13T13:49:07","date_gmt":"2022-07-13T11:49:07","guid":{"rendered":"https:\/\/blogs.urz.uni-halle.de\/erklaervideos\/?page_id=55"},"modified":"2023-10-12T09:45:43","modified_gmt":"2023-10-12T07:45:43","slug":"screencast","status":"publish","type":"page","link":"https:\/\/blogs.urz.uni-halle.de\/erklaervideos\/screencast\/","title":{"rendered":"Screencast"},"content":{"rendered":"\n<p>Als&nbsp;<em>Screencast<\/em>, auf Deutsch Bildschirmaufnahme, bezeichnet man Video-Aufzeichnungen des eigenen Bildschirms. Screencasts bieten sich beispielsweise an, wenn Abl\u00e4ufe bei der Verwendung einer Software erkl\u00e4rt werden. \u00dcber die kostenlose Software&nbsp;<em>Open Broadcaster Software<\/em>, kurz OBS, kannst du beispielsweise Screencasts aufnehmen. Eine Anleitung, wie du mit dem Programm arbeiten kannst, findest du beim&nbsp;<em><a rel=\"noreferrer noopener\" href=\"https:\/\/wiki.llz.uni-halle.de\/Portal:Onlinebetrieb\/Lerninhalte_aufzeichnen\/Einen_Screencast_mit_OBS_aufzeichnen\" target=\"_blank\">Zentrum f\u00fcr multimediales Lehren und Lernen (LLZ)<\/a>&nbsp;<\/em>der Uni Halle.<\/p>\n\n\n\n<p>Ebenso ist aber auch das Abfilmen des eigenen Bildschirms zum Beispiel w\u00e4hrend einer PowerPoint-Pr\u00e4sentation m\u00f6glich, was dann speziell als&nbsp;<em>Slidecast<\/em> bezeichnet wird. PowerPoint bietet hierbei die M\u00f6glichkeit, auch ohne zus\u00e4tzliche Software Videos aufzunehmen. Wie das funktioniert, erf\u00e4hrst du im folgenden Video.<\/p>\n\n\n\n<figure class=\"wp-block-embed-youtube wp-block-embed is-type-video is-provider-youtube wp-embed-aspect-16-9 wp-has-aspect-ratio\"><div class=\"wp-block-embed__wrapper\">\n<iframe title=\"PowerPoint Pr\u00e4sentation mit Ton aufzeichnen | Tutorial f\u00fcr Lehrende und Studierende\" width=\"1140\" height=\"641\" src=\"https:\/\/www.youtube.com\/embed\/_I-2IEQcj30?feature=oembed\" frameborder=\"0\" allow=\"accelerometer; autoplay; clipboard-write; encrypted-media; gyroscope; picture-in-picture; web-share\" allowfullscreen><\/iframe>\n<\/div><\/figure>\n\n\n\n<p>Weiter zu <a href=\"https:\/\/blogs.urz.uni-halle.de\/erklaervideos\/green-screen\/\">Green Screen<\/a><\/p>\n","protected":false},"excerpt":{"rendered":"<p>Als&nbsp;Screencast, auf Deutsch Bildschirmaufnahme, bezeichnet man Video-Aufzeichnungen des eigenen Bildschirms. Screencasts bieten sich beispielsweise an, wenn Abl\u00e4ufe bei der Verwendung einer Software erkl\u00e4rt werden. \u00dcber die kostenlose Software&nbsp;Open Broadcaster Software, kurz OBS, kannst du beispielsweise Screencasts aufnehmen. Eine Anleitung, wie du mit dem Programm arbeiten kannst, findest du beim&nbsp;Zentrum f\u00fcr multimediales Lehren und Lernen (LLZ)&nbsp;der &hellip; <\/p>\n<p><a class=\"more-link btn\" href=\"https:\/\/blogs.urz.uni-halle.de\/erklaervideos\/screencast\/\">Weiterlesen<\/a><\/p>\n","protected":false},"author":5272,"featured_media":0,"parent":0,"menu_order":0,"comment_status":"closed","ping_status":"closed","template":"","meta":[],"_links":{"self":[{"href":"https:\/\/blogs.urz.uni-halle.de\/erklaervideos\/wp-json\/wp\/v2\/pages\/55"}],"collection":[{"href":"https:\/\/blogs.urz.uni-halle.de\/erklaervideos\/wp-json\/wp\/v2\/pages"}],"about":[{"href":"https:\/\/blogs.urz.uni-halle.de\/erklaervideos\/wp-json\/wp\/v2\/types\/page"}],"author":[{"embeddable":true,"href":"https:\/\/blogs.urz.uni-halle.de\/erklaervideos\/wp-json\/wp\/v2\/users\/5272"}],"replies":[{"embeddable":true,"href":"https:\/\/blogs.urz.uni-halle.de\/erklaervideos\/wp-json\/wp\/v2\/comments?post=55"}],"version-history":[{"count":11,"href":"https:\/\/blogs.urz.uni-halle.de\/erklaervideos\/wp-json\/wp\/v2\/pages\/55\/revisions"}],"predecessor-version":[{"id":713,"href":"https:\/\/blogs.urz.uni-halle.de\/erklaervideos\/wp-json\/wp\/v2\/pages\/55\/revisions\/713"}],"wp:attachment":[{"href":"https:\/\/blogs.urz.uni-halle.de\/erklaervideos\/wp-json\/wp\/v2\/media?parent=55"}],"curies":[{"name":"wp","href":"https:\/\/api.w.org\/{rel}","templated":true}]}}