{"id":56,"date":"2022-07-13T13:49:07","date_gmt":"2022-07-13T11:49:07","guid":{"rendered":"https:\/\/blogs.urz.uni-halle.de\/erklaervideos\/?page_id=56"},"modified":"2023-11-03T15:39:01","modified_gmt":"2023-11-03T14:39:01","slug":"audio","status":"publish","type":"page","link":"https:\/\/blogs.urz.uni-halle.de\/erklaervideos\/audio\/","title":{"rendered":"Audio"},"content":{"rendered":"\n<p>Ein \u00fcberzeugendes Erkl\u00e4rvideo ist nicht nur visuell ansprechend, sondern braucht vor allem eine gute Audioqualit\u00e4t. Vielleicht hast du das schon einmal selbst bemerkt: Ist der Ton schlecht und sind die Sprechenden nicht gut zu h\u00f6ren, musst du dich echt anstrengen, um etwas zu verstehen und schaltest wahrscheinlich ziemlich schnell weg.<\/p>\n\n\n\n<p>Auf dieser Seite wirst du lernen, wie du in deinen Erkl\u00e4rvideos f\u00fcr gut Audioqualit\u00e4t sorgen kannst, welche verschiedenen Aufnahmem\u00f6glichkeiten es gibt und worauf du beim Einsprechen achten solltest. In der folgenden \u00dcbersicht findest du hilfreiche Tipps, wie eine Aufnahme gelingen kann und einige Beispielaufnahmen, damit du unterschiedliche Aufnahmemethoden direkt vergleichen kannst.<\/p>\n\n\n\n<ol><li><strong>Ruhige Umgebung, keine Hintergrundger\u00e4usche: <\/strong>Stelle sicher, dass du deine Audioaufnahme ungest\u00f6rt an einem ruhigen Ort aufnehmen kann. Je nachdem, was f\u00fcr ein Aufnahmeger\u00e4t du hast und wie viel Zeit du in die Nachbearbeitung deiner Aufnahme investieren willst, lassen sich Rauschen und St\u00f6rger\u00e4usche zwar unterdr\u00fccken bzw. rausschneiden. Sofern die M\u00f6glichkeit besteht, St\u00f6rger\u00e4usche von vornherein zu vermeiden, solltest du dies jedoch tun. Ein freundliches Schild an der T\u00fcr, das andere auf deine Arbeit hinweist, kann verhindern, dass du w\u00e4hrend der Aufnahme gest\u00f6rt wirst.<\/li><li><strong>Hall und Echo vermeiden: <\/strong>Versuche einen Raum zu finden, der nicht zu gro\u00df oder leer ist. F\u00fcr eine Aufnahme schnell ins leerstehende B\u00fcro nebenan, oder den aktuell freien Seminarraum zu wechseln, ist also vielleicht keine gute Idee. Im Gegenteil sind kleinere R\u00e4ume mit vielen M\u00f6beln, textilen Wandbeh\u00e4ngen oder idealerweise richtiger Schalld\u00e4mmung, wie in einem Tonstudio, besser geeignet. Wenn du keinen Zugang zu einem solchen Raum hast, ist eine Wolldecke \u00fcber Kopf und Mikrofon ein einfaches Mittel um dir schnell ein &#8222;Mini-Tonstudio&#8220; zu bauen.<\/li><li><strong>Platzierung des Mikrofons:<\/strong> Platziere das Mikrofon so nah wie m\u00f6glich vor dir und verwende einen Popschutz. Dieser sorgt daf\u00fcr, dass gesprochene Plosivlaute, sowie Atmung und andere Luftbewegungen keine St\u00f6rger\u00e4usche erzeugen. <\/li><\/ol>\n\n\n\n<div style=\"height:20px\" aria-hidden=\"true\" class=\"wp-block-spacer\"><\/div>\n\n\n\n<p><strong>Audiobeispiele:<\/strong><\/p>\n\n\n\n<div class=\"wp-block-group\"><div class=\"wp-block-group__inner-container\">\n<figure class=\"wp-block-audio alignleft\"><audio controls src=\"https:\/\/blogs.urz.uni-halle.de\/erklaervideos\/files\/2023\/11\/Headset-1.mp3\"><\/audio><\/figure>\n\n\n\n<p><strong>Aufnahme \u00fcber ein Headset mit Popschutz<\/strong> am Laptop in einem kleinen Raum &#8211; Vermeidung von Hall, Rauschen und Ger\u00e4uschen der Mundbewegung ergeben zusammen eine gute Audioqualit\u00e4t.<\/p>\n\n\n\n<div style=\"height:20px\" aria-hidden=\"true\" class=\"wp-block-spacer\"><\/div>\n<\/div><\/div>\n\n\n\n<figure class=\"wp-block-audio alignleft\"><audio controls src=\"https:\/\/blogs.urz.uni-halle.de\/erklaervideos\/files\/2023\/11\/Handy_Diktiergeraet_App.mp3\"><\/audio><\/figure>\n\n\n\n<p><strong>Aufnahme \u00fcber ein Handymikrofon <\/strong>mit einer kostenfreien Diktierger\u00e4t-App &#8211; Hier sind wegen des fehlenden Popschutzes kleine &#8222;Klickger\u00e4usche&#8220;, die durch die Mundbewegung beim Sprechen entstehen, zu h\u00f6ren. Dennoch ist das Gesprochene gut zu verstehen.<\/p>\n\n\n\n<div style=\"height:20px\" aria-hidden=\"true\" class=\"wp-block-spacer\"><\/div>\n\n\n\n<figure class=\"wp-block-audio alignleft\"><audio controls src=\"https:\/\/blogs.urz.uni-halle.de\/erklaervideos\/files\/2023\/11\/Laptop.mp3\"><\/audio><\/figure>\n\n\n\n<p><strong>Aufnahme \u00fcber ein regul\u00e4res Laptop-Mikrofon<\/strong> &#8211; Laptopmikrofone nehmen h\u00e4ufig wesentlich mehr Ger\u00e4usche aus der Umgebung auf (teilweise sogar Ger\u00e4usche, die der Laptop selbst produziert). Die Stimme ist dadurch etwas verrauscht.<\/p>\n\n\n\n<div style=\"height:20px\" aria-hidden=\"true\" class=\"wp-block-spacer\"><\/div>\n\n\n\n<figure class=\"wp-block-audio alignleft\"><audio controls src=\"https:\/\/blogs.urz.uni-halle.de\/erklaervideos\/files\/2023\/11\/Headset_Hall-2.mp3\"><\/audio><\/figure>\n\n\n\n<p><strong>Aufnahme in einem Raum mit Hall<\/strong> &#8211; Hier sind die restlichen Parameter wie bei der ersten Aufnahme, aber der durch den gro\u00dfen Raum entstehende Hall ist deutlich zu h\u00f6ren.<\/p>\n\n\n\n<div style=\"height:20px\" aria-hidden=\"true\" class=\"wp-block-spacer\"><\/div>\n\n\n\n<p>Beachte, dass es sich hier um Beispiele handelt, wie Aufnahmen unter den genannten  Voraussetzungen klingen k\u00f6nnen. Abh\u00e4ngig von der Technik und den Umst\u00e4nden deiner Aufnahme, k\u00f6nnen sich deine Ergebnisse nochmal von diesen Beispielen unterscheiden. Es ist immer zu empfehlen, ein paar Testaufnahmen zu machen, bis man die gew\u00fcnschte Aufnahmequalit\u00e4t erzielt hat.<\/p>\n\n\n\n<div style=\"height:20px\" aria-hidden=\"true\" class=\"wp-block-spacer\"><\/div>\n\n\n\n<p>Hast du einen geeigneten Aufnahmeort gefunden, geht es jetzt ans Einsprechen. Auch hier gibt es einiges zu beachten:<\/p>\n\n\n\n<ol><li><strong>Gleichm\u00e4\u00dfige Lautst\u00e4rke: <\/strong>Achte darauf, dass es bei deiner Aufnahme nicht zu starken Schwankungen in deiner Sprechlautst\u00e4rke kommt. Versuche beim Sprechen  einen gleichbleibenden Abstand zum Mikrophon zu einzuhalten.<\/li><li><strong>Gleichm\u00e4\u00dfiges Tempo, Pausen: <\/strong>In einem Erkl\u00e4rvideo sollte man am besten betont langsam sprechen &#8230; oder? Nein! Tats\u00e4chlich ist es so, dass schnelles enthusiastisches Sprechen am besten bei den Zuschauenden ankommt. Vor allem, wenn du einfache und passende Visualisierungen hast, ist schnelles sprechen kein Problem. Einschl\u00e4ferndes, betont langsames sprechen wird h\u00e4ufig eher als langweilig empfunden und Zuschauende schalten schnell weg. Dennoch solltest du nicht &#8222;rasen&#8220;. Setze Sprechpausen, um den Lernenden die M\u00f6glichkeit zu lassen Informationen zu verarbeiten und abzuspeichern. Du kannst auch einmal versuchen, w\u00e4hrend des Einsprechens zu l\u00e4cheln \u2013 ein kleiner &#8222;Geheimtipp&#8220; um direkt freundlicher zu klingen.<\/li><li><strong>Deutliches Sprechen, Artikulation: <\/strong>Achte auf deutliche Aussprache, verschlucke keine Silben und Buchstaben am Ende von Worten, aber \u00fcbertreib es auch nicht. \u00dcberartikuliertes Sprechen kann gek\u00fcnstelt wirken und lenkt zus\u00e4tzlich vom eigentlichen Inhalt ab.<\/li><li><strong>Betonung:<\/strong> \u00dcber Betonungen kannst du (und solltest du) die Aufmerksamkeit auf wirklich wichtige Aspekte legen.  Welche Begriffe sind besonders wichtig? Das Verwenden von Gestik und Mimik (ohne St\u00f6rger\u00e4usche zu produzieren) kann dich dabei unterst\u00fctzen Betonungen zu setzen, auch wenn man es in der Aufnahme nat\u00fcrlich nicht sieht.<\/li><li><strong>Versprecher: <\/strong>Solltest du dich beim Aufnehmen versprechen, mach eine kurze Pause und fang etwas weiter oben im Skript nochmal an. Durch die Pause ist der Fehler in der Nachbearbeitung besser zu finden und auch leichter herauszuschneiden.<\/li><\/ol>\n\n\n\n<p><\/p>\n\n\n\n<p>Weiter zu <a href=\"https:\/\/blogs.urz.uni-halle.de\/erklaervideos\/legetechnik\/\">Legetechnik<\/a><\/p>\n","protected":false},"excerpt":{"rendered":"<p>Ein \u00fcberzeugendes Erkl\u00e4rvideo ist nicht nur visuell ansprechend, sondern braucht vor allem eine gute Audioqualit\u00e4t. Vielleicht hast du das schon einmal selbst bemerkt: Ist der Ton schlecht und sind die Sprechenden nicht gut zu h\u00f6ren, musst du dich echt anstrengen, um etwas zu verstehen und schaltest wahrscheinlich ziemlich schnell weg. Auf dieser Seite wirst du &hellip; <\/p>\n<p><a class=\"more-link btn\" href=\"https:\/\/blogs.urz.uni-halle.de\/erklaervideos\/audio\/\">Weiterlesen<\/a><\/p>\n","protected":false},"author":5272,"featured_media":0,"parent":0,"menu_order":0,"comment_status":"closed","ping_status":"closed","template":"","meta":[],"_links":{"self":[{"href":"https:\/\/blogs.urz.uni-halle.de\/erklaervideos\/wp-json\/wp\/v2\/pages\/56"}],"collection":[{"href":"https:\/\/blogs.urz.uni-halle.de\/erklaervideos\/wp-json\/wp\/v2\/pages"}],"about":[{"href":"https:\/\/blogs.urz.uni-halle.de\/erklaervideos\/wp-json\/wp\/v2\/types\/page"}],"author":[{"embeddable":true,"href":"https:\/\/blogs.urz.uni-halle.de\/erklaervideos\/wp-json\/wp\/v2\/users\/5272"}],"replies":[{"embeddable":true,"href":"https:\/\/blogs.urz.uni-halle.de\/erklaervideos\/wp-json\/wp\/v2\/comments?post=56"}],"version-history":[{"count":11,"href":"https:\/\/blogs.urz.uni-halle.de\/erklaervideos\/wp-json\/wp\/v2\/pages\/56\/revisions"}],"predecessor-version":[{"id":804,"href":"https:\/\/blogs.urz.uni-halle.de\/erklaervideos\/wp-json\/wp\/v2\/pages\/56\/revisions\/804"}],"wp:attachment":[{"href":"https:\/\/blogs.urz.uni-halle.de\/erklaervideos\/wp-json\/wp\/v2\/media?parent=56"}],"curies":[{"name":"wp","href":"https:\/\/api.w.org\/{rel}","templated":true}]}}