{"id":314,"date":"2021-09-13T18:00:23","date_gmt":"2021-09-13T16:00:23","guid":{"rendered":"https:\/\/blogs.urz.uni-halle.de\/esgmbpodcast\/?page_id=314"},"modified":"2021-09-28T17:44:42","modified_gmt":"2021-09-28T15:44:42","slug":"ueber-uns","status":"publish","type":"page","link":"https:\/\/blogs.urz.uni-halle.de\/esgmbpodcast\/","title":{"rendered":"\u00dcber uns"},"content":{"rendered":"<div class=\"twoclick_social_bookmarks_post_314 social_share_privacy clearfix 1.6.4 locale-de_DE sprite-de_DE\"><\/div><div class=\"twoclick-js\"><script type=\"text\/javascript\">\/* <![CDATA[ *\/\njQuery(document).ready(function($){if($('.twoclick_social_bookmarks_post_314')){$('.twoclick_social_bookmarks_post_314').socialSharePrivacy({\"txt_help\":\"Wenn Sie diese Felder durch einen Klick aktivieren, werden Informationen an Facebook, Twitter, Flattr, Xing, t3n, LinkedIn, Pinterest oder Google eventuell ins Ausland \\u00fcbertragen und unter Umst\\u00e4nden auch dort gespeichert. N\\u00e4heres erfahren Sie durch einen Klick auf das <em>i<\\\/em>.\",\"settings_perma\":\"Dauerhaft aktivieren und Daten\\u00fcber-tragung zustimmen:\",\"info_link\":\"http:\\\/\\\/www.heise.de\\\/ct\\\/artikel\\\/2-Klicks-fuer-mehr-Datenschutz-1333879.html\",\"uri\":\"https:\\\/\\\/blogs.urz.uni-halle.de\\\/esgmbpodcast\\\/\",\"post_id\":314,\"post_title_referrer_track\":\"%C3%9Cber+uns\",\"display_infobox\":\"on\"});}});\n\/* ]]> *\/<\/script><\/div>\n<p><strong>Hallo! Wir sind Josi und Anne und das ist unser Podcast <em>Medienbildung to go &#8211; Der Podcast zum Studiengang.<\/em><\/strong><\/p>\n\n\n\n<div class=\"wp-block-image is-style-rounded\"><figure class=\"aligncenter size-large is-resized\"><img loading=\"lazy\" src=\"https:\/\/blogs.urz.uni-halle.de\/esgmbpodcast\/files\/2021\/09\/Zusammen_Vorstellung.jpeg\" alt=\"\" class=\"wp-image-598\" width=\"512\" height=\"341\" srcset=\"https:\/\/blogs.urz.uni-halle.de\/esgmbpodcast\/files\/2021\/09\/Zusammen_Vorstellung.jpeg 1024w, https:\/\/blogs.urz.uni-halle.de\/esgmbpodcast\/files\/2021\/09\/Zusammen_Vorstellung-300x200.jpeg 300w, https:\/\/blogs.urz.uni-halle.de\/esgmbpodcast\/files\/2021\/09\/Zusammen_Vorstellung-768x512.jpeg 768w, https:\/\/blogs.urz.uni-halle.de\/esgmbpodcast\/files\/2021\/09\/Zusammen_Vorstellung-600x400.jpeg 600w\" sizes=\"(max-width: 512px) 100vw, 512px\" \/><\/figure><\/div>\n\n\n\n<p>Dieser Podcast ist im Rahmen des Abschlussprojektes f\u00fcr den Erg\u00e4nzungsstudiengang Medienbildung im Sommersemester 2021 an der Martin-Luther-Universit\u00e4t entstanden. Die Aufgabenstellung f\u00fcr das Abschlussprojekt h\u00e4tte offener und freier nicht sein k\u00f6nnen: Erstelle ein Medienprodukt! Dabei war unsere Entscheidung, einen Podcast ins Leben zu rufen, schnell gefallen.<\/p>\n\n\n\n<p class=\"has-text-color\" style=\"color:#59bd23\">Ihr seid Lehramtsstudierende an der MLU und habt Interesse daran, euch im Bereich Medienbildung fortzubilden und weiterzuentwickeln? Alle wichtigen Informationen zu dem Aufbau und der Struktur des Erg\u00e4nzungsfach Medienbildung findet ihr auf der Homepage der MLU: <a href=\"https:\/\/studienangebot.uni-halle.de\/medienbildung-lehramt-35\">https:\/\/studienangebot.uni-halle.de\/medienbildung-lehramt-35<\/a>&nbsp;<\/p>\n\n\n\n<p>Mit diesem Podcast wollen wir das in den vergangenen Semestern Gelernte noch einmal aufgreifen und rekapitulieren: Die einzelnen Folgen sind thematisch sortiert nach den Modulen des Erg\u00e4nzungsstudiengang. Alle Themen, die wir besprechen, wurden in der ein oder anderen Weise zum Gegenstand in Seminaren, Workshops, Projekten, Hausarbeiten oder Vortr\u00e4gen. F\u00fcr euch kann dieser Podcast in vielerlei Hinsicht n\u00fctzlich sein: Ihr seid unentschlossen, ob die Bewerbung f\u00fcr den Erg\u00e4nzungsstudiengang f\u00fcr euch sinnvoll ist und wollt zun\u00e4chst einen Einblick in die Module gewinnen? Ihr habt leider keinen Platz im Studiengang ergattern k\u00f6nnen, wollt euch aber dennoch im Bereich der Medienbildung fortbilden? Ihr geht gerade spazieren und wollt nebenbei einfach etwas Interessantes auf die Ohren? Herzlichen Gl\u00fcckwunsch, ihr seid bei uns genau richtig!<\/p>\n\n\n\n<div class=\"wp-block-columns\">\n<div class=\"wp-block-column\">\n<figure class=\"wp-block-image size-large is-style-rounded\"><img loading=\"lazy\" width=\"1024\" height=\"682\" src=\"https:\/\/blogs.urz.uni-halle.de\/esgmbpodcast\/files\/2021\/09\/Anne_Vorstellungsbild.jpeg\" alt=\"\" class=\"wp-image-592\" srcset=\"https:\/\/blogs.urz.uni-halle.de\/esgmbpodcast\/files\/2021\/09\/Anne_Vorstellungsbild.jpeg 1024w, https:\/\/blogs.urz.uni-halle.de\/esgmbpodcast\/files\/2021\/09\/Anne_Vorstellungsbild-300x200.jpeg 300w, https:\/\/blogs.urz.uni-halle.de\/esgmbpodcast\/files\/2021\/09\/Anne_Vorstellungsbild-768x512.jpeg 768w, https:\/\/blogs.urz.uni-halle.de\/esgmbpodcast\/files\/2021\/09\/Anne_Vorstellungsbild-600x400.jpeg 600w\" sizes=\"(max-width: 706px) 89vw, (max-width: 767px) 82vw, 740px\" \/><\/figure>\n\n\n\n<p class=\"has-small-font-size\">Hey, ich bin <strong>Anne<\/strong>! Ich bin 22 Jahre und habe Lehramt f\u00fcr die F\u00e4cher Deutsch und Ethik studiert. Ich h\u00f6re in meiner Freizeit selbst gerne Podcast, habe als Jugendliche ein Praktikum beim Radio gemacht und quatsche f\u00fcr mein Leben gerne. Von daher war ich f\u00fcr die Idee im Rahmen des Abschlussprojektes einen Podcast zu starten, gleich Feuer und Flamme. Ich hoffe, ihr habt beim H\u00f6ren genauso viel Spa\u00df, wie wir bei der Aufnahme der einzelnen Folgen!<\/p>\n\n\n\n<p class=\"has-text-color has-small-font-size\" style=\"color:#59bd23\"><strong>Ich habe mich f\u00fcr den Erg\u00e4nzungsstudiengang beworben, weil&nbsp;<\/strong><\/p>\n\n\n\n<p class=\"has-small-font-size\">\u2026 ich mich als Lehrerin in der Verantwortung f\u00fchle, Sch\u00fcler:innen auf die Herausforderungen des Lebens und der Zukunft vorzubereiten. Das gelingt mir nicht, wenn ich mich didaktisch und curricular in der Vergangenheit befinde.<\/p>\n<\/div>\n\n\n\n<div class=\"wp-block-column\">\n<figure class=\"wp-block-image size-large is-style-rounded\"><img loading=\"lazy\" width=\"1024\" height=\"682\" src=\"https:\/\/blogs.urz.uni-halle.de\/esgmbpodcast\/files\/2021\/09\/Josephien_Vorstellungsbild.jpeg\" alt=\"\" class=\"wp-image-593\" srcset=\"https:\/\/blogs.urz.uni-halle.de\/esgmbpodcast\/files\/2021\/09\/Josephien_Vorstellungsbild.jpeg 1024w, https:\/\/blogs.urz.uni-halle.de\/esgmbpodcast\/files\/2021\/09\/Josephien_Vorstellungsbild-300x200.jpeg 300w, https:\/\/blogs.urz.uni-halle.de\/esgmbpodcast\/files\/2021\/09\/Josephien_Vorstellungsbild-768x512.jpeg 768w, https:\/\/blogs.urz.uni-halle.de\/esgmbpodcast\/files\/2021\/09\/Josephien_Vorstellungsbild-600x400.jpeg 600w\" sizes=\"(max-width: 706px) 89vw, (max-width: 767px) 82vw, 740px\" \/><\/figure>\n\n\n\n<p class=\"has-small-font-size\">Hall\u00f6chen! Mein Name ist <strong>Josi<\/strong>. Ich bin ebenfalls 22 Jahre alt und studiere Grundschullehramt mit den F\u00e4chern Mathematik, Deutsch und Sachunterricht. Auch ich h\u00f6re liebend gerne Podcast, obwohl es nicht nur bei diesem Format verbleiben muss. Allgemein Formate bei denen man Meinungen von anderen mitgeteilt bekommt und dar\u00fcber diskutieren kann, finde ich super spannend &#8211; vor allem wenn Wissen gleich mit vermittelt wird.<\/p>\n\n\n\n<p class=\"has-text-color has-small-font-size\" style=\"color:#59bd23\"><strong>Ich habe mich f\u00fcr den Erg\u00e4nzungsstudiengang beworben, weil<\/strong><\/p>\n\n\n\n<p class=\"has-small-font-size\">\u2026 kein Kind heutzutage mehr ohne Internet und ohne den dazugeh\u00f6rigen Ger\u00e4ten aufw\u00e4chst. Wir leben in einer vernetzten, digitalen Gesellschaft, in der das aktuelle Curriculum nicht nur sehr veraltet erscheint, sondern auch ist. Aus diesem Grund finde ich es \u00fcberaus spannend und unfassbar wichtig  mehr \u00fcber die M\u00f6glichkeiten des digitalen Einsatzes im Unterricht zu erfahren.<\/p>\n<\/div>\n<\/div>\n\n\n\n<div class=\"wp-block-columns\"><\/div>\n\n\n\n<p>Ein kleiner Hinweis zum Schluss: Wir haben uns dazu entschieden, in den Folgen auf das Gendern zu verzichten und bei personenbezogenen Substantiven und Pronomen den generischen Maskulin zu verwenden. Das soll an dieser Stelle jedoch keine Benachteiligung des weiblichen oder diversen Geschlechts darstellen, sondern im Sinne der sprachlichen Vereinfachung als geschlechtsneutral zu verstehen sein.<\/p>\n","protected":false},"excerpt":{"rendered":"<p>Hallo! Wir sind Josi und Anne und das ist unser Podcast Medienbildung to go &#8211; Der Podcast zum Studiengang. Dieser Podcast ist im Rahmen des Abschlussprojektes f\u00fcr den Erg\u00e4nzungsstudiengang Medienbildung im Sommersemester 2021 an der Martin-Luther-Universit\u00e4t entstanden. Die Aufgabenstellung f\u00fcr das Abschlussprojekt h\u00e4tte offener und freier nicht sein k\u00f6nnen: Erstelle ein Medienprodukt! Dabei war unsere &hellip; <\/p>\n<p class=\"link-more\"><a href=\"https:\/\/blogs.urz.uni-halle.de\/esgmbpodcast\/\" class=\"more-link\"><span class=\"screen-reader-text\">\u201e\u00dcber uns\u201c<\/span> weiterlesen<\/a><\/p>\n","protected":false},"author":4108,"featured_media":0,"parent":0,"menu_order":0,"comment_status":"closed","ping_status":"closed","template":"","meta":{"ngg_post_thumbnail":0},"_links":{"self":[{"href":"https:\/\/blogs.urz.uni-halle.de\/esgmbpodcast\/wp-json\/wp\/v2\/pages\/314"}],"collection":[{"href":"https:\/\/blogs.urz.uni-halle.de\/esgmbpodcast\/wp-json\/wp\/v2\/pages"}],"about":[{"href":"https:\/\/blogs.urz.uni-halle.de\/esgmbpodcast\/wp-json\/wp\/v2\/types\/page"}],"author":[{"embeddable":true,"href":"https:\/\/blogs.urz.uni-halle.de\/esgmbpodcast\/wp-json\/wp\/v2\/users\/4108"}],"replies":[{"embeddable":true,"href":"https:\/\/blogs.urz.uni-halle.de\/esgmbpodcast\/wp-json\/wp\/v2\/comments?post=314"}],"version-history":[{"count":7,"href":"https:\/\/blogs.urz.uni-halle.de\/esgmbpodcast\/wp-json\/wp\/v2\/pages\/314\/revisions"}],"predecessor-version":[{"id":635,"href":"https:\/\/blogs.urz.uni-halle.de\/esgmbpodcast\/wp-json\/wp\/v2\/pages\/314\/revisions\/635"}],"wp:attachment":[{"href":"https:\/\/blogs.urz.uni-halle.de\/esgmbpodcast\/wp-json\/wp\/v2\/media?parent=314"}],"curies":[{"name":"wp","href":"https:\/\/api.w.org\/{rel}","templated":true}]}}