{"id":38,"date":"2021-04-28T11:38:55","date_gmt":"2021-04-28T09:38:55","guid":{"rendered":"https:\/\/blogs.urz.uni-halle.de\/experimentellemusikaufyoutube\/?page_id=38"},"modified":"2022-07-15T11:05:24","modified_gmt":"2022-07-15T09:05:24","slug":"john-cage-water-walk","status":"publish","type":"page","link":"https:\/\/blogs.urz.uni-halle.de\/experimentellemusikaufyoutube\/john-cage-water-walk\/","title":{"rendered":"John Cage &#8211; Water Walk"},"content":{"rendered":"\n<style type=\"text\/css\">#AnythingPopup_BoxContainer3\t{width:999px;height:840px;max-width:80%;background:#FFFFFF;border:1px solid #000000;padding:0;position:fixed;z-index:99999;cursor:default;-moz-border-radius: 10px;-webkit-border-radius: 10px;-khtml-border-radius: 10px;border-radius: 10px;   display:none;} #AnythingPopup_BoxContainerHeader3 {height:30px;background:#D8C889;border-top-right-radius:10px;-moz-border-radius-topright:10px;-webkit-border-top-right-radius:10px;-khtml-border-top-right-radius: 10px;border-top-left-radius:10px;-moz-border-radius-topleft:10px;-webkit-border-top-left-radius:10px;-khtml-border-top-left-radius: 10px;} #AnythingPopup_BoxContainerHeader3 a {color:#000000;font-family:Verdana,Arial;font-size:10pt;font-weight:bold;} #AnythingPopup_BoxTitle3 {float:left; margin:5px;color:#000000;font-family:Verdana,Arial;font-size:12pt;font-weight:bold;} #AnythingPopup_BoxClose3 {float:right;width:50px;margin:5px;} #AnythingPopup_BoxContainerBody3 {margin:10px;overflow:auto;height:780px;} #AnythingPopup_BoxContainerFooter3 {position: fixed;top:0;left:0;bottom:0;right:0;opacity: .3;-moz-opacity: .3;filter: alpha(opacity=30);z-index:999;display:none;} <\/style><a href='javascript:AnythingPopup_OpenForm(\"AnythingPopup_BoxContainer3\",\"AnythingPopup_BoxContainerBody3\",\"AnythingPopup_BoxContainerFooter3\",\"999\",\"840\");'>&gt; Kurzbiographie: John Cage<\/a><div style=\"display: none;\" id=\"AnythingPopup_BoxContainer3\"><div id=\"AnythingPopup_BoxContainerHeader3\"><div id=\"AnythingPopup_BoxTitle3\">John Cage<\/div><div id=\"AnythingPopup_BoxClose3\"><a href=\"javascript:AnythingPopup_HideForm('AnythingPopup_BoxContainer3','AnythingPopup_BoxContainerFooter3');\">Close<\/a><\/div><\/div><div id=\"AnythingPopup_BoxContainerBody3\"><h2>Kurzbiographie: John Milton Cage Jr.<\/h2>\r<br \/><div style=\"float: right;width: 276 px;height: 291 px\">\r<br \/><figure><img class=\"size-medium wp-image-326 alignright\" src=\"https:\/\/blogs.urz.uni-halle.de\/experimentellemusikaufyoutube\/files\/2021\/08\/John_Cage_1988-225x300.jpg\" alt=\"John Cage (1988) von Bogaerts, Rob \/ Anefo (CC0)\" \/><figcaption><span style=\"font-size: small\">John Cage 1988\r<br \/>von: Bogaerts, Rob \/ Anefo (CC0)<\/span><\/figcaption><\/figure>\r<br \/><\/div>\r<br \/><span style=\"font-size: 12pt\">Der amerikanische Komponist John Cage wurde am 5. September 1912 in Los Angeles geboren. Als Kind zeigte er gro\u00dfes Interesse an Grieg und Moszkowski, machte durch die Kirche Erfahrungen mit Live-Musik und erhielt ab der 4. Klasse Klavierunterricht.<sup><a href=\"#fn-1\">1<\/a><\/sup> Er lieb\u00e4ugelte mit dem Wunsch, Schriftsteller zu werden, brach jedoch das College ab, um eine ca. zweij\u00e4hrige Europareise zu unternehmen. Dort h\u00f6rte Cage erstmalig ein modernes Klavierkonzert<sup><a href=\"#fn-2\">2<\/a><\/sup> und bekam die M\u00f6glichkeit, moderne Malerei zu betrachten.<sup><a href=\"#fn-3\">3<\/a><\/sup><\/span>\r<br \/>\r<br \/><span style=\"font-size: 12pt\">Im Anschluss (1932) begann er seine Ausbildung zum Komponisten und studierte u.a. bei Arnold Sch\u00f6nberg und Henry Cowell. Cage heiratete 1935 die Buchbinderin Xenia Andreyevna Kashevaroff; die Ehe wurde 1946 geschieden.<sup><a href=\"#fn-4\">4<\/a><\/sup><\/span>\r<br \/>\r<br \/><span style=\"font-size: 12pt\">Zun\u00e4chst verdiente er seinen Lebensunterhalt durch Lehrt\u00e4tigkeiten und Gelegenheitsjobs; schlie\u00dflich wurde er 1938 Dozent in Seattle. Dort gr\u00fcndete er ein Schlagzeugensemble und lernte seinen sp\u00e4teren Partner, den T\u00e4nzer Merce Cunningham, kennen.<sup><a href=\"#fn-4\">5<\/a><\/sup><\/span>\r<br \/>\r<br \/><span style=\"font-size: 12pt\">Cage interessierte sich sehr f\u00fcr fern\u00f6stliche Kulturen, besch\u00e4ftigte sich mit indischer Philosophie und Zen-Buddhismus. Ab 1949 erlangte er internationale Bekanntheit (u.a. durch die Erfindung des pr\u00e4parierten Klaviers) und unternahm viele Vortrags- und Konzertreisen.<sup><a href=\"#fn-4\">6<\/a><\/sup><\/span>\r<br \/>\r<br \/><span style=\"font-size: 12pt\">Sein kompositorisches Schaffen war von mehreren Phasen gepr\u00e4gt, die hier zu erl\u00e4utern den Rahmen sprengen w\u00fcrden.<sup><a href=\"#fn-7\">7<\/a><\/sup><\/span>\r<br \/>\r<br \/><span style=\"font-size: 12pt\">John Cage starb am 12. August 1992 in New York. Er hatte ein gro\u00dfes Interesse, wenn nicht sogar Leidenschaft f\u00fcr das Sammeln von Pilzen:<sup><a href=\"#fn-8\">8<\/a><\/sup><\/span>\r<br \/>\r<br \/><span style=\"font-size: 12pt\">\u201e<i>Selbst Pilzesuchen kann etwas mit Musik zu tun haben. Es mag sich merkw\u00fcrdig anh\u00f6ren, aber ein Pilz existiert nur eine kurze Zeit, und wenn man einen Pilz sieht, ist das wie die Begegnung mit einem Klang, der auch nur von kurzer Dauer ist.\u201d<\/i><sup><a href=\"#fn-9\">9<\/a><\/sup><\/span>\r<br \/>\r<br \/>&nbsp;\r<br \/><h5><span style=\"font-size: 14pt\">Einzelnachweise:<\/span><\/h5>\r<br \/><p id=\"fn-1\"><span style=\"font-size: 10pt\">[1] Konstelanetz, Richard, <i>John Cage im Gespr\u00e4ch. Zu Musik, Kunst und geistigen Fragen unserer Zeit<\/i>, K\u00f6ln 1991<sup>2<\/sup>, S. 10 ff, und Erdmann, Martin, <i>Cage, John. Biographie<\/i>, in <i>MGG<\/i>, hrsg. von Laurenz L\u00fctteken, Kassel, Stuttgart New York, zuerst ver\u00f6ffentlicht 2000, online ver\u00f6ffentlicht 2016, URL: <a href=\"https:\/\/www.mgg-online.com\/mgg\/stable\/15917\" target=\"_blank\" rel=\"noopener\"><u> https:\/\/www.mgg-online.com\/mgg\/stable\/15917<\/u><\/a>, letzter Zugriff: 20.10.2021.<\/span>\r<br \/><span style=\"font-size: 10pt\">[2] Aufgef\u00fchrt wurden Strawinsky und Skrjabin.<\/span>\r<br \/><span style=\"font-size: 10pt\">[3] Konstelanetz, Richard, <i>John Cage im Gespr\u00e4ch. Zu Musik, Kunst und geistigen Fragen unserer Zeit<\/i>, K\u00f6ln 1991<sup>2<\/sup>, S. 12 f.<\/span>\r<br \/><span style=\"font-size: 10pt\">[4, 5, 6] Erdmann, Martin, <i>Cage, John. Biographie<\/i>, in <i>MGG<\/i>, hrsg. von Laurenz L\u00fctteken, Kassel, Stuttgart New York, zuerst ver\u00f6ffentlicht 2000, online ver\u00f6ffentlicht 2016, URL: <a href=\"https:\/\/www.mgg-online.com\/mgg\/stable\/15917\" target=\"_blank\" rel=\"noopener\"><u> https:\/\/www.mgg-online.com\/mgg\/stable\/15917<\/u><\/a>, letzter Zugriff: 20.10.2021.<\/span>\r<br \/><span style=\"font-size: 10pt\">[7] Weiterf\u00fchrende Informationen bei Erdmann, Martin, <i>Cage, John. W\u00fcrdigungen<\/i>, in <i>MGG<\/i>, hrsg. von Laurenz L\u00fctteken, Kassel, Stuttgart New York, zuerst ver\u00f6ffentlicht 2000, online ver\u00f6ffentlicht 2016, URL: <a href=\"https:\/\/www.mgg-online.com\/mgg\/stable\/28338\" target=\"_blank\" rel=\"noopener\"><u> https:\/\/www.mgg-online.com\/mgg\/stable\/28338<\/u><\/a>, letzter Zugriff: 20.10.2021 oder M\u00fcller, Hermann-Christoph, <i>Ich habe nichts zu sagen, und ich sage es<\/i> URL: <a href=\"https:\/\/www.deutschlandfunk.de\/ich-habe-nichts-zu-sagen-und-ich-sage-es.704.de.html?dram:article_id=85582\" target=\"_blank\" rel=\"noopener\"><u> https:\/\/www.deutschlandfunk.de\/ich-habe-nichts-zu-sagen-und-ich-sage-es.704.de.html?dram:article_id=85582<\/u><\/a>, letzter Zugriff: 20.10.2021<\/span>\r<br \/><span style=\"font-size: 10pt\">[8] Erdmann, Martin, <i>Cage, John. Biographie<\/i>, in <i>MGG<\/i>, hrsg. von Laurenz L\u00fctteken, Kassel, Stuttgart New York, zuerst ver\u00f6ffentlicht 2000, online ver\u00f6ffentlicht 2016, URL: <a href=\"https:\/\/www.mgg-online.com\/mgg\/stable\/15917\" target=\"_blank\" rel=\"noopener\"><u> https:\/\/www.mgg-online.com\/mgg\/stable\/15917<\/u><\/a>, letzter Zugriff: 20.10.2021.<\/span>\r<br \/><span style=\"font-size: 10pt\">[9] Konstelanetz, Richard, <i>John Cage im Gespr\u00e4ch. Zu Musik, Kunst und geistigen Fragen unserer Zeit<\/i>, K\u00f6ln 1991<sup>2<\/sup>, S. 13.<\/span><\/p><\/div><\/div><div style=\"display: none;\" id=\"AnythingPopup_BoxContainerFooter3\"><\/div>\n\n\n\n<p><\/p>\n\n\n\n<p>John Cage komponierte 1959 das drei Minuten lange St\u00fcck <em>Water Walk.<\/em> Es wurde von ihm selbst in der italienischen Fernsehsendung <em>Lascia o Raddoppia<\/em> Beginn des Jahres 1959 uraufgef\u00fchrt.<sup><a href=\"#fn-10\">1<\/a><\/sup> Er selbst trat mit dem Werk noch zweimal amerikanischen Fernsehen auf.<sup><a href=\"#fn-11\">2<\/a><\/sup><\/p>\n\n\n\n<p>Das St\u00fcck ist f\u00fcr eine Person und etliche Instrumente (im herk\u00f6mmlichen und erweiterten Sinne), von denen die meisten mit Wasser zu tun haben: eine Badewanne, Spielzeugfisch, Eisw\u00fcrfel, Gummiente und Schnellkochtopf, aber auch ein Fl\u00fcgel und f\u00fcnf Radios geh\u00f6ren dazu. Au\u00dferdem gibt es einen Kassettenrekorder, auf dem, nach Partitur, eine zuvor erstellte Collage abgespielt wird.<sup><a href=\"#fn-12\">3<\/a><\/sup> Das St\u00fcck hei\u00dfe <em>Water Walk<\/em> <em>&#8222;because it contains water and because I <\/em>[Cage] <em>walk during its performance.\u201d<\/em><sup><a href=\"#fn-13\">4<\/a><\/sup><\/p>\n\n\n\n<p>W\u00e4hrend des St\u00fcckes hat die performende Person Aktionen auszu- oder Ereignisse herbeizuf\u00fchren, die in der Notation determiniert sind. Die Notation besteht aus mehreren Teilen: einem Grundriss mit der Platzierung aller Instrumente, drei Seiten verbaler und piktografischer Notations des Auftretens von Ereignissen, einer Liste mit schriftlichen Notizen zur Erl\u00e4uterung der anderen Teile.<sup><a href=\"#fn-14\">5<\/a><\/sup> Vor allem relevant sind dabei der Grundriss und die drei Seiten mit den auftretenden Ereignissen. Der Grundriss muss gut durchdacht sein, damit die Instrumente effektiv angeordnet sind, damit die auff\u00fchrende Person den Zeitplan einhalten kann. Dieser Zeitplan besteht aus drei Seiten. Jede Seite hat zwei Zeilen von jeweils 30s Dauer und die Zeit ist horizontal in 5s-Schritten angeordnet. Darunter sind die Ereignisse notiert.<sup><a href=\"#fn-15\">6<\/a><\/sup> Dabei haben die Ereignisse keine notierte Dauer, sondern diese wird dadurch bestimmt, dass die ausf\u00fchrende Person das folgende Ereignis p\u00fcnktlich beginnt.&nbsp;<\/p>\n\n\n\n<figure class=\"wp-block-image size-large\"><img loading=\"lazy\" width=\"1024\" height=\"344\" src=\"https:\/\/blogs.urz.uni-halle.de\/experimentellemusikaufyoutube\/files\/2021\/10\/John_Cage_Water_Walk-1024x344.png\" alt=\"\" class=\"wp-image-630\" srcset=\"https:\/\/blogs.urz.uni-halle.de\/experimentellemusikaufyoutube\/files\/2021\/10\/John_Cage_Water_Walk-1024x344.png 1024w, https:\/\/blogs.urz.uni-halle.de\/experimentellemusikaufyoutube\/files\/2021\/10\/John_Cage_Water_Walk-300x101.png 300w, https:\/\/blogs.urz.uni-halle.de\/experimentellemusikaufyoutube\/files\/2021\/10\/John_Cage_Water_Walk-768x258.png 768w, https:\/\/blogs.urz.uni-halle.de\/experimentellemusikaufyoutube\/files\/2021\/10\/John_Cage_Water_Walk-1536x517.png 1536w, https:\/\/blogs.urz.uni-halle.de\/experimentellemusikaufyoutube\/files\/2021\/10\/John_Cage_Water_Walk-2048x689.png 2048w\" sizes=\"(max-width: 1024px) 100vw, 1024px\" \/><figcaption>Ein Teil der Notation von John Cages<em> Water Walk<\/em>  (2018), von: Chrisfred3 (CC BY-SA 4.0)<\/figcaption><\/figure>\n\n\n\n<p>Als erstes ist auf dem Zeitstrahl z.B. das Piktogramm eines Fisches zu sehen. Auf der erl\u00e4uternden Liste steht dazu:&nbsp;<\/p>\n\n\n\n<blockquote class=\"wp-block-quote has-text-align-center is-style-default\"><p><span style=\"color:#a08521\" class=\"has-inline-color\"><em>\u201cAfter starting fish, place on strings of piano, low or middle register, so that movable tail fins set strings vibrating.\u201d <\/em><sup><a href=\"#fn-16\">7<\/a><\/sup><\/span><\/p><\/blockquote>\n\n\n\n<p>Das dreimin\u00fctige St\u00fcck enth\u00e4lt 49 Ereignisse, von denen nur vier einen narrativen bzw. chronologischen Verlauf haben: das Machen eines Drinks &#8211; 0\u201925\u2019\u2019 <em>&#8222;one puts ice into a glass\u201d<\/em>, 1\u201905\u2019\u2019 <em>&#8222;one pours in some Campari\u201d<\/em>, 2\u201900\u2019\u2019 <em>&#8222;one syphons some seltzer\u201d<\/em> und 2\u201940\u2019\u2019 <em>&#8222;one takes a sip\u201d<\/em>.<sup><a href=\"#fn-17\">8<\/a><\/sup><\/p>\n\n\n\n<div class=\"wp-block-group has-background\" style=\"background-color:#d8c889\"><div class=\"wp-block-group__inner-container\">\n<p><em>Water Walk<\/em> wird<strong> <\/strong>charakterisiert durch<\/p>\n\n\n\n<ol><li>den<strong> thematischen \u00dcberbau<\/strong> &#8222;Wasser&#8220;.<\/li><li>das Einbeziehen von <strong>Alltags- und Gebrauchsgegenst\u00e4nden und -handlungen<\/strong> zum Erschaffen von Musik.<\/li><li>eine <strong>sekundengenaue Notation<\/strong> der Beginne von Ereignissen.<\/li><li>die <strong>Dauer<\/strong> von Ereignissen, die dadurch bestimmt ist, dass das folgende Ereignis <strong>p\u00fcnktlich<\/strong> beginnt.<\/li><\/ol>\n<\/div><\/div>\n\n\n\n<p><\/p>\n\n\n\n<h3><strong>Einzelnachweise und Anmerkungen<\/strong><\/h3>\n\n\n\n<FONT SIZE=\"2\"><p id=\"fn-10\">[1] In der Literatur werden unterschiedliche Daten angegeben, weswegen hier keine genauen Zahlen angegeben werden k\u00f6nnen. Vgl. Fetterman, William, <i> John Cage\u2019s Theatre Pieces: Notations and performances<\/i>, London 2012, S. 32 und Website des John Cage Trusts, URL: <a href=\"https:\/\/johncage.org\/pp\/John-Cage-Work-Detail.cfm?work_ID=242\" target=\"_blank\" rel=\"noopener noreferrer\"><u>https:\/\/johncage.org\/pp\/John-Cage-Work-Detail.cfm?work_ID=242<\/u><\/a>, letzter Zugriff: 20.10.2021.<\/FONT>\n\n<FONT SIZE=\"2\"><p id=\"fn-11\">[2] Vgl. Fetterman, William, <i> John Cage\u2019s Theatre Pieces: Notations and performances<\/i>, London 2012, S. 32. Das in dieser Studie verwendete Videomaterial wurde w\u00e4hrend einer Fernsehaufnahme aufgezeichnet.<\/FONT>\n\n<FONT SIZE=\"2\"><p id=\"fn-12\">[3] Ebd., sowie auf der Website des John Cage Trusts, URL: <a href=\"https:\/\/johncage.org\/pp\/John-Cage-Work-Detail.cfm?work_ID=242\" target=\"_blank\" rel=\"noopener noreferrer\"><u>https:\/\/johncage.org\/pp\/John-Cage-Work-Detail.cfm?work_ID=242<\/u><\/a>, letzter Zugriff: 20.10.2021.<\/FONT>\n\n<FONT SIZE=\"2\"><p id=\"fn-13\">[4] Blogeintrag auf <i>Der Schaubudenblog<\/i>, URL: <a href=\"https:\/\/theaterderdinge.com\/2020\/04\/24\/impulse-aus-der-theaterpaedagogik-1-john-cage\/\" target=\"_blank\" rel=\"noopener noreferrer\"><u> https:\/\/theaterderdinge.com\/2020\/04\/24\/impulse-aus-der-theaterpaedagogik-1-john-cage\/&gt;<\/u><\/a>, nicht mehr erreichbar.<\/FONT>\n\n<FONT SIZE=\"2\"><p id=\"fn-14\">[5] Vgl. Fetterman, William, <i> John Cage\u2019s Theatre Pieces: Notations and performances<\/i>, London 2012, S. 33.<\/FONT>\n\n<FONT SIZE=\"2\"><p id=\"fn-15\">[6]Ebd. S. 33 ff.<\/FONT>\n\n<FONT SIZE=\"2\"><p>[7]Ebd. S. 34.<\/FONT>\n\n<FONT SIZE=\"2\"><p id=\"fn-17\">[8]Ebd.<\/FONT>\n\n\n\n<p><\/p>\n","protected":false},"excerpt":{"rendered":"<p>John Cage komponierte 1959 das drei Minuten lange St\u00fcck Water Walk. Es wurde von ihm selbst in der italienischen Fernsehsendung Lascia o Raddoppia Beginn des Jahres 1959 uraufgef\u00fchrt.1 Er selbst trat mit dem Werk noch zweimal amerikanischen Fernsehen auf.2 Das St\u00fcck ist f\u00fcr eine Person und &hellip; <\/p>\n<p><a href=\"https:\/\/blogs.urz.uni-halle.de\/experimentellemusikaufyoutube\/john-cage-water-walk\/\" class=\"more-link\"><span class=\"morelink-icon\">Weiterlesen<\/span><\/a><\/p>\n","protected":false},"author":5021,"featured_media":0,"parent":0,"menu_order":0,"comment_status":"closed","ping_status":"closed","template":"","meta":[],"_links":{"self":[{"href":"https:\/\/blogs.urz.uni-halle.de\/experimentellemusikaufyoutube\/wp-json\/wp\/v2\/pages\/38"}],"collection":[{"href":"https:\/\/blogs.urz.uni-halle.de\/experimentellemusikaufyoutube\/wp-json\/wp\/v2\/pages"}],"about":[{"href":"https:\/\/blogs.urz.uni-halle.de\/experimentellemusikaufyoutube\/wp-json\/wp\/v2\/types\/page"}],"author":[{"embeddable":true,"href":"https:\/\/blogs.urz.uni-halle.de\/experimentellemusikaufyoutube\/wp-json\/wp\/v2\/users\/5021"}],"replies":[{"embeddable":true,"href":"https:\/\/blogs.urz.uni-halle.de\/experimentellemusikaufyoutube\/wp-json\/wp\/v2\/comments?post=38"}],"version-history":[{"count":10,"href":"https:\/\/blogs.urz.uni-halle.de\/experimentellemusikaufyoutube\/wp-json\/wp\/v2\/pages\/38\/revisions"}],"predecessor-version":[{"id":1442,"href":"https:\/\/blogs.urz.uni-halle.de\/experimentellemusikaufyoutube\/wp-json\/wp\/v2\/pages\/38\/revisions\/1442"}],"wp:attachment":[{"href":"https:\/\/blogs.urz.uni-halle.de\/experimentellemusikaufyoutube\/wp-json\/wp\/v2\/media?parent=38"}],"curies":[{"name":"wp","href":"https:\/\/api.w.org\/{rel}","templated":true}]}}