{"id":40,"date":"2021-04-28T11:40:36","date_gmt":"2021-04-28T09:40:36","guid":{"rendered":"https:\/\/blogs.urz.uni-halle.de\/experimentellemusikaufyoutube\/?page_id=40"},"modified":"2022-08-04T18:57:54","modified_gmt":"2022-08-04T16:57:54","slug":"john-cage-433","status":"publish","type":"page","link":"https:\/\/blogs.urz.uni-halle.de\/experimentellemusikaufyoutube\/john-cage-433\/","title":{"rendered":"John Cage &#8211; 4\u201933\u2019\u2019"},"content":{"rendered":"\n<style type=\"text\/css\">#AnythingPopup_BoxContainer3\t{width:999px;height:840px;max-width:80%;background:#FFFFFF;border:1px solid #000000;padding:0;position:fixed;z-index:99999;cursor:default;-moz-border-radius: 10px;-webkit-border-radius: 10px;-khtml-border-radius: 10px;border-radius: 10px;   display:none;} #AnythingPopup_BoxContainerHeader3 {height:30px;background:#D8C889;border-top-right-radius:10px;-moz-border-radius-topright:10px;-webkit-border-top-right-radius:10px;-khtml-border-top-right-radius: 10px;border-top-left-radius:10px;-moz-border-radius-topleft:10px;-webkit-border-top-left-radius:10px;-khtml-border-top-left-radius: 10px;} #AnythingPopup_BoxContainerHeader3 a {color:#000000;font-family:Verdana,Arial;font-size:10pt;font-weight:bold;} #AnythingPopup_BoxTitle3 {float:left; margin:5px;color:#000000;font-family:Verdana,Arial;font-size:12pt;font-weight:bold;} #AnythingPopup_BoxClose3 {float:right;width:50px;margin:5px;} #AnythingPopup_BoxContainerBody3 {margin:10px;overflow:auto;height:780px;} #AnythingPopup_BoxContainerFooter3 {position: fixed;top:0;left:0;bottom:0;right:0;opacity: .3;-moz-opacity: .3;filter: alpha(opacity=30);z-index:999;display:none;} <\/style><a href='javascript:AnythingPopup_OpenForm(\"AnythingPopup_BoxContainer3\",\"AnythingPopup_BoxContainerBody3\",\"AnythingPopup_BoxContainerFooter3\",\"999\",\"840\");'>&gt; Kurzbiographie: John Cage<\/a><div style=\"display: none;\" id=\"AnythingPopup_BoxContainer3\"><div id=\"AnythingPopup_BoxContainerHeader3\"><div id=\"AnythingPopup_BoxTitle3\">John Cage<\/div><div id=\"AnythingPopup_BoxClose3\"><a href=\"javascript:AnythingPopup_HideForm('AnythingPopup_BoxContainer3','AnythingPopup_BoxContainerFooter3');\">Close<\/a><\/div><\/div><div id=\"AnythingPopup_BoxContainerBody3\"><h2>Kurzbiographie: John Milton Cage Jr.<\/h2>\r<br \/><div style=\"float: right;width: 276 px;height: 291 px\">\r<br \/><figure><img class=\"size-medium wp-image-326 alignright\" src=\"https:\/\/blogs.urz.uni-halle.de\/experimentellemusikaufyoutube\/files\/2021\/08\/John_Cage_1988-225x300.jpg\" alt=\"John Cage (1988) von Bogaerts, Rob \/ Anefo (CC0)\" \/><figcaption><span style=\"font-size: small\">John Cage 1988\r<br \/>von: Bogaerts, Rob \/ Anefo (CC0)<\/span><\/figcaption><\/figure>\r<br \/><\/div>\r<br \/><span style=\"font-size: 12pt\">Der amerikanische Komponist John Cage wurde am 5. September 1912 in Los Angeles geboren. Als Kind zeigte er gro\u00dfes Interesse an Grieg und Moszkowski, machte durch die Kirche Erfahrungen mit Live-Musik und erhielt ab der 4. Klasse Klavierunterricht.<sup><a href=\"#fn-1\">1<\/a><\/sup> Er lieb\u00e4ugelte mit dem Wunsch, Schriftsteller zu werden, brach jedoch das College ab, um eine ca. zweij\u00e4hrige Europareise zu unternehmen. Dort h\u00f6rte Cage erstmalig ein modernes Klavierkonzert<sup><a href=\"#fn-2\">2<\/a><\/sup> und bekam die M\u00f6glichkeit, moderne Malerei zu betrachten.<sup><a href=\"#fn-3\">3<\/a><\/sup><\/span>\r<br \/>\r<br \/><span style=\"font-size: 12pt\">Im Anschluss (1932) begann er seine Ausbildung zum Komponisten und studierte u.a. bei Arnold Sch\u00f6nberg und Henry Cowell. Cage heiratete 1935 die Buchbinderin Xenia Andreyevna Kashevaroff; die Ehe wurde 1946 geschieden.<sup><a href=\"#fn-4\">4<\/a><\/sup><\/span>\r<br \/>\r<br \/><span style=\"font-size: 12pt\">Zun\u00e4chst verdiente er seinen Lebensunterhalt durch Lehrt\u00e4tigkeiten und Gelegenheitsjobs; schlie\u00dflich wurde er 1938 Dozent in Seattle. Dort gr\u00fcndete er ein Schlagzeugensemble und lernte seinen sp\u00e4teren Partner, den T\u00e4nzer Merce Cunningham, kennen.<sup><a href=\"#fn-4\">5<\/a><\/sup><\/span>\r<br \/>\r<br \/><span style=\"font-size: 12pt\">Cage interessierte sich sehr f\u00fcr fern\u00f6stliche Kulturen, besch\u00e4ftigte sich mit indischer Philosophie und Zen-Buddhismus. Ab 1949 erlangte er internationale Bekanntheit (u.a. durch die Erfindung des pr\u00e4parierten Klaviers) und unternahm viele Vortrags- und Konzertreisen.<sup><a href=\"#fn-4\">6<\/a><\/sup><\/span>\r<br \/>\r<br \/><span style=\"font-size: 12pt\">Sein kompositorisches Schaffen war von mehreren Phasen gepr\u00e4gt, die hier zu erl\u00e4utern den Rahmen sprengen w\u00fcrden.<sup><a href=\"#fn-7\">7<\/a><\/sup><\/span>\r<br \/>\r<br \/><span style=\"font-size: 12pt\">John Cage starb am 12. August 1992 in New York. Er hatte ein gro\u00dfes Interesse, wenn nicht sogar Leidenschaft f\u00fcr das Sammeln von Pilzen:<sup><a href=\"#fn-8\">8<\/a><\/sup><\/span>\r<br \/>\r<br \/><span style=\"font-size: 12pt\">\u201e<i>Selbst Pilzesuchen kann etwas mit Musik zu tun haben. Es mag sich merkw\u00fcrdig anh\u00f6ren, aber ein Pilz existiert nur eine kurze Zeit, und wenn man einen Pilz sieht, ist das wie die Begegnung mit einem Klang, der auch nur von kurzer Dauer ist.\u201d<\/i><sup><a href=\"#fn-9\">9<\/a><\/sup><\/span>\r<br \/>\r<br \/>&nbsp;\r<br \/><h5><span style=\"font-size: 14pt\">Einzelnachweise:<\/span><\/h5>\r<br \/><p id=\"fn-1\"><span style=\"font-size: 10pt\">[1] Konstelanetz, Richard, <i>John Cage im Gespr\u00e4ch. Zu Musik, Kunst und geistigen Fragen unserer Zeit<\/i>, K\u00f6ln 1991<sup>2<\/sup>, S. 10 ff, und Erdmann, Martin, <i>Cage, John. Biographie<\/i>, in <i>MGG<\/i>, hrsg. von Laurenz L\u00fctteken, Kassel, Stuttgart New York, zuerst ver\u00f6ffentlicht 2000, online ver\u00f6ffentlicht 2016, URL: <a href=\"https:\/\/www.mgg-online.com\/mgg\/stable\/15917\" target=\"_blank\" rel=\"noopener\"><u> https:\/\/www.mgg-online.com\/mgg\/stable\/15917<\/u><\/a>, letzter Zugriff: 20.10.2021.<\/span>\r<br \/><span style=\"font-size: 10pt\">[2] Aufgef\u00fchrt wurden Strawinsky und Skrjabin.<\/span>\r<br \/><span style=\"font-size: 10pt\">[3] Konstelanetz, Richard, <i>John Cage im Gespr\u00e4ch. Zu Musik, Kunst und geistigen Fragen unserer Zeit<\/i>, K\u00f6ln 1991<sup>2<\/sup>, S. 12 f.<\/span>\r<br \/><span style=\"font-size: 10pt\">[4, 5, 6] Erdmann, Martin, <i>Cage, John. Biographie<\/i>, in <i>MGG<\/i>, hrsg. von Laurenz L\u00fctteken, Kassel, Stuttgart New York, zuerst ver\u00f6ffentlicht 2000, online ver\u00f6ffentlicht 2016, URL: <a href=\"https:\/\/www.mgg-online.com\/mgg\/stable\/15917\" target=\"_blank\" rel=\"noopener\"><u> https:\/\/www.mgg-online.com\/mgg\/stable\/15917<\/u><\/a>, letzter Zugriff: 20.10.2021.<\/span>\r<br \/><span style=\"font-size: 10pt\">[7] Weiterf\u00fchrende Informationen bei Erdmann, Martin, <i>Cage, John. W\u00fcrdigungen<\/i>, in <i>MGG<\/i>, hrsg. von Laurenz L\u00fctteken, Kassel, Stuttgart New York, zuerst ver\u00f6ffentlicht 2000, online ver\u00f6ffentlicht 2016, URL: <a href=\"https:\/\/www.mgg-online.com\/mgg\/stable\/28338\" target=\"_blank\" rel=\"noopener\"><u> https:\/\/www.mgg-online.com\/mgg\/stable\/28338<\/u><\/a>, letzter Zugriff: 20.10.2021 oder M\u00fcller, Hermann-Christoph, <i>Ich habe nichts zu sagen, und ich sage es<\/i> URL: <a href=\"https:\/\/www.deutschlandfunk.de\/ich-habe-nichts-zu-sagen-und-ich-sage-es.704.de.html?dram:article_id=85582\" target=\"_blank\" rel=\"noopener\"><u> https:\/\/www.deutschlandfunk.de\/ich-habe-nichts-zu-sagen-und-ich-sage-es.704.de.html?dram:article_id=85582<\/u><\/a>, letzter Zugriff: 20.10.2021<\/span>\r<br \/><span style=\"font-size: 10pt\">[8] Erdmann, Martin, <i>Cage, John. Biographie<\/i>, in <i>MGG<\/i>, hrsg. von Laurenz L\u00fctteken, Kassel, Stuttgart New York, zuerst ver\u00f6ffentlicht 2000, online ver\u00f6ffentlicht 2016, URL: <a href=\"https:\/\/www.mgg-online.com\/mgg\/stable\/15917\" target=\"_blank\" rel=\"noopener\"><u> https:\/\/www.mgg-online.com\/mgg\/stable\/15917<\/u><\/a>, letzter Zugriff: 20.10.2021.<\/span>\r<br \/><span style=\"font-size: 10pt\">[9] Konstelanetz, Richard, <i>John Cage im Gespr\u00e4ch. Zu Musik, Kunst und geistigen Fragen unserer Zeit<\/i>, K\u00f6ln 1991<sup>2<\/sup>, S. 13.<\/span><\/p><\/div><\/div><div style=\"display: none;\" id=\"AnythingPopup_BoxContainerFooter3\"><\/div>\n\n\n\n<p><\/p>\n\n\n\n<p><em>4\u201933\u2019\u2019<\/em>, auch das <em>Stille St\u00fcck<\/em> genannt, ist vielen vom H\u00f6rensagen bekannt und f\u00fchrt sowie f\u00fchrte immer wieder zu Missverst\u00e4ndnissen.<sup><a href=\"#fn-10\">1<\/a><\/sup> Es wurde am 29. August 1952 in der Maverick Concert Hall in Woodstock, New York, von David Tudor am Klavier uraufgef\u00fchrt<sup><a href=\"#fn-11\">2<\/a><\/sup> und besteht aus drei S\u00e4tzen <em>&#8222;und in keinem dieser S\u00e4tze gibt es einen Ton.\u201d<\/em><sup><a href=\"#fn-12\">3<\/a><\/sup><\/p>\n\n\n\n<p>In den Cage\u2019schen Partituren ist folgende Besetzung angegeben: <em>&#8222;for any instrument or combination of instruments\u201d.<\/em><sup><a href=\"#fn-13\">4<\/a><\/sup> Die bekannteste Notation des St\u00fcckes ist sicherlich die, in welcher die Satzziffern und <em>&#8222;TACET\u201d <\/em>verzeichnet sind. Dazu schrieb Cage unter anderem:<\/p>\n\n\n\n<blockquote class=\"wp-block-quote has-text-align-center is-style-default\"><p><span style=\"color:#a08521\" class=\"has-inline-color\"><em>&#8222;At Woodstock [&#8230;] the title was 4\u201933\u2019\u2019 and the three parts where 33\u2019\u2019, 2\u201940\u2019\u2019 and 1\u201920\u2019\u2019. [&#8230;] The work may be performed by any instrumentalist(s) and the movements may last any lengths of time.\u201d <\/em><sup><a href=\"#fn-14\">5<\/a><\/sup><\/p><\/blockquote>\n\n\n\n<p class=\"has-text-align-center\"><\/p>\n\n\n\n<p>Nach der Urauff\u00fchrung waren viele Menschen irritiert, Freundschaften von Cage zerbrachen an dem St\u00fcck, es sei ja &#8222;nichts\u201d zu h\u00f6ren.<sup><a href=\"#fn-15\">6<\/a><\/sup> Aber das stimmt so nicht, wie der Komponist selbst beschreibt:<\/p>\n\n\n\n<blockquote class=\"wp-block-quote has-text-align-center is-style-default\"><p><span style=\"color:#a08521\" class=\"has-inline-color\"><em>&#8222;W\u00e4hrend des ersten Satzes (bei der Premiere) konnte man drau\u00dfen den Wind heulen h\u00f6ren. Im zweiten Satz prasselte der Regen aufs Dach und w\u00e4hrend des dritten machte das Publikum allerhand interessante Ger\u00e4usche, indem sie sich unterhielten oder hinausgingen.\u201d <\/em><sup><a href=\"#fn-16\">7<\/a><\/sup><\/p><\/blockquote>\n\n\n\n<p class=\"has-text-align-center\"><\/p>\n\n\n\n<p>Folglich ist in diesem St\u00fcck keineswegs &#8222;nichts\u201d zu h\u00f6ren, sondern ganz im Gegenteil eine Vielzahl an Umgebungsger\u00e4uschen, welche Cage mit 4\u201933\u2019\u2019 ins Zentrum der Wahrnehmung r\u00fcckt. Es geht nun nicht mehr um die Klangquelle als solche, sondern um den Akt des Wahrnehmens, des Schenkens von Geh\u00f6r.<sup><a href=\"#fn-17\">8<\/a><\/sup> Cage begreife Stille nicht als Fehlen sinnlicher Erfahrung, sondern als ein konzentriertes Dasein dieser.<sup><a href=\"#fn-18\">9<\/a><\/sup> Cage \u00e4u\u00dferte sich dazu, indem er sagte: <em>&#8222;Es gibt keine Stille. Das, was man <\/em>[bei 4\u201933\u2019\u2019;&#8230;]<em> als Stille empfand, war voller Ger\u00e4usche.\u201d<sup><a href=\"#fn-19\">10<\/a><\/sup><\/em> und<em> &#8222;Ich habe geglaubt und gehofft, anderen Leuten das Gef\u00fchl vermittelt zu haben, da\u00df die Ger\u00e4usche ihrer Umwelt eine Musik erzeugen, die weitaus interessanter ist als die Musik, die man im Konzertsaal h\u00f6rt.\u201d<\/em><sup><a href=\"#fn-20\">11<\/a><\/sup><\/p>\n\n\n\n<p>In einem Brief an Helen Wolff schrieb Cage 1954, dass nichts einfach oder eindimensional sei, sondern dieses St\u00fcck in alle Richtungen gehe und die Wirkung und Rezeption bei jeder Person anders sein k\u00f6nne:<sup><a href=\"#fn-21\">12<\/a><\/sup><\/p>\n\n\n\n<blockquote class=\"wp-block-quote has-text-align-center is-style-default\"><p><span style=\"color:#a08521\" class=\"has-inline-color\"><em>&#8222;These will vary from shock and bewilderment to quietness of mind and enlightenment.\u201d <\/em><sup><a href=\"#fn-22\">13<\/a><\/sup><\/span><\/p><\/blockquote>\n\n\n\n<p class=\"has-text-align-center\"><\/p>\n\n\n\n<div class=\"wp-block-group has-background\" style=\"background-color:#d8c889\"><div class=\"wp-block-group__inner-container\">\n<p>Die wesentlichen Aspekte, welche <em>4\u201933\u2019\u2019<\/em> also ausmachen sind<\/p>\n\n\n\n<ol><li>das <strong>Aufbrechen<\/strong> der gew\u00f6hnlichen <strong>Konzert\/- Musikerfahrung<\/strong>.<\/li><li><strong>Aufmerksamkeit<\/strong> f\u00fcr die Musik in <strong>Umgebungs- und Umweltger\u00e4uschen<\/strong> zu generieren.<\/li><li>den <strong>Akt des konzentrierten Zuh\u00f6rens<\/strong> zu fokussieren.<\/li><li>aber auch, <strong>alle<\/strong> anderen <strong>Wirkungen des St\u00fcckes zuzulassen<\/strong> &#8211; diese und die damit verbundenen Ger\u00e4usche und Kl\u00e4nge geh\u00f6ren dazu und bedienen wiederum 1, 2 und 3.<\/li><\/ol>\n<\/div><\/div>\n\n\n\n<h3><strong>Einzelnachweise und Anmerkungen<\/strong><\/h3>\n\n\n\n<FONT SIZE=\"2\"><p id=\"fn-10\">[1] Vgl. Fetterman, William, <i> John Cage\u2019s Theatre Pieces: Notations and performances<\/i>, London 2012, S. 69.<\/FONT>\n\n<FONT SIZE=\"2\"><p id=\"fn-11\">[2] Vgl. Cage, John, <i> 4\u201833\u2018\u2018. John Cage centennial edition <\/i>, Leipzig u.a. 2012, S. 4.<\/FONT>\n\n<FONT SIZE=\"2\"><p id=\"fn-12\">[3] Vgl. Konstelanetz, Richard, <i> John Cage im Gespr\u00e4ch. Zu Musik, Kunst und geistigen Fragen unserer Zeit<\/i>, K\u00f6ln 1991<sup>2<\/sup>, S. 62 ff.<\/FONT>\n\n<FONT SIZE=\"2\"><p id=\"fn-13\">[4] Vgl. Cage, John, <i> 4\u201833\u2018\u2018. John Cage centennial edition <\/i>, Leipzig u.a. 2012, S. 7, 19.<\/FONT>\n\n<FONT SIZE=\"2\"><p id=\"fn-14\">[5] Ebd., S. 20.<\/FONT>\n\n<FONT SIZE=\"2\"><p id=\"fn-15\">[6] Vgl. Konstelanetz, Richard, <i> John Cage im Gespr\u00e4ch. Zu Musik, Kunst und geistigen Fragen unserer Zeit<\/i>, K\u00f6ln 1991<sup>2<\/sup>, S. 63.<\/FONT>\n\n<FONT SIZE=\"2\"><p id=\"fn-16\">[7] Ebd.<\/FONT>\n\n<FONT SIZE=\"2\"><p id=\"fn-17\">[8] Vgl. Maier, Thomas, <i> Ausdruck der Zeit: ein Weg zu John Cages stillem St\u00fcck 4\u201833\u2018\u2018<\/i>, Saarbr\u00fccken 2001, S. 138.<\/FONT>\n\n<FONT SIZE=\"2\"><p id=\"fn-18\">[9] Ebd., S. 140. <\/FONT>\n\n<FONT SIZE=\"2\"><p id=\"fn-19\">[10] Vgl. Konstelanetz, Richard, <i> John Cage im Gespr\u00e4ch. Zu Musik, Kunst und geistigen Fragen unserer Zeit<\/i>, K\u00f6ln 1991<sup>2<\/sup>, S. 63.<\/FONT>\n\n<FONT SIZE=\"2\"><p id=\"fn-20\">[11] Ebd. <\/FONT>\n\n<FONT SIZE=\"2\"><p id=\"fn-21\">[12] Vgl. Cage, John, <i> 4\u201833\u2018\u2018. John Cage centennial edition <\/i>, Leipzig u.a. 2012, S. 35.<\/FONT>\n\n<FONT SIZE=\"2\"><p id=\"fn-22\">[13] Ebd. <\/FONT>\n\n\n\n<p><\/p>\n\n\n\n<div class=\"wp-block-group\"><div class=\"wp-block-group__inner-container\"><\/div><\/div>\n\n\n\n<p><\/p>\n","protected":false},"excerpt":{"rendered":"<p>4\u201933\u2019\u2019, auch das Stille St\u00fcck genannt, ist vielen vom H\u00f6rensagen bekannt und f\u00fchrt sowie f\u00fchrte immer wieder zu Missverst\u00e4ndnissen.1 Es wurde am 29. August 1952 in der Maverick Concert Hall in Woodstock, New York, von David Tudor am Klavier uraufgef\u00fchrt2 und besteht aus drei S\u00e4tzen &#8222;und &hellip; <\/p>\n<p><a href=\"https:\/\/blogs.urz.uni-halle.de\/experimentellemusikaufyoutube\/john-cage-433\/\" class=\"more-link\"><span class=\"morelink-icon\">Weiterlesen<\/span><\/a><\/p>\n","protected":false},"author":5006,"featured_media":0,"parent":0,"menu_order":0,"comment_status":"closed","ping_status":"closed","template":"","meta":[],"_links":{"self":[{"href":"https:\/\/blogs.urz.uni-halle.de\/experimentellemusikaufyoutube\/wp-json\/wp\/v2\/pages\/40"}],"collection":[{"href":"https:\/\/blogs.urz.uni-halle.de\/experimentellemusikaufyoutube\/wp-json\/wp\/v2\/pages"}],"about":[{"href":"https:\/\/blogs.urz.uni-halle.de\/experimentellemusikaufyoutube\/wp-json\/wp\/v2\/types\/page"}],"author":[{"embeddable":true,"href":"https:\/\/blogs.urz.uni-halle.de\/experimentellemusikaufyoutube\/wp-json\/wp\/v2\/users\/5006"}],"replies":[{"embeddable":true,"href":"https:\/\/blogs.urz.uni-halle.de\/experimentellemusikaufyoutube\/wp-json\/wp\/v2\/comments?post=40"}],"version-history":[{"count":10,"href":"https:\/\/blogs.urz.uni-halle.de\/experimentellemusikaufyoutube\/wp-json\/wp\/v2\/pages\/40\/revisions"}],"predecessor-version":[{"id":1706,"href":"https:\/\/blogs.urz.uni-halle.de\/experimentellemusikaufyoutube\/wp-json\/wp\/v2\/pages\/40\/revisions\/1706"}],"wp:attachment":[{"href":"https:\/\/blogs.urz.uni-halle.de\/experimentellemusikaufyoutube\/wp-json\/wp\/v2\/media?parent=40"}],"curies":[{"name":"wp","href":"https:\/\/api.w.org\/{rel}","templated":true}]}}