{"id":150,"date":"2024-10-05T03:36:13","date_gmt":"2024-10-05T01:36:13","guid":{"rendered":"https:\/\/blogs.urz.uni-halle.de\/fairefaeden\/?page_id=150"},"modified":"2024-10-10T13:35:45","modified_gmt":"2024-10-10T11:35:45","slug":"unsere-projektpartner","status":"publish","type":"page","link":"https:\/\/blogs.urz.uni-halle.de\/fairefaeden\/unsere-projektpartner\/","title":{"rendered":"Unsere Projektpartner"},"content":{"rendered":"<div class=\"twoclick_social_bookmarks_post_150 social_share_privacy clearfix 1.6.4 locale-de_DE sprite-de_DE\"><\/div><div class=\"twoclick-js\"><script type=\"text\/javascript\">\/* <![CDATA[ *\/\njQuery(document).ready(function($){if($('.twoclick_social_bookmarks_post_150')){$('.twoclick_social_bookmarks_post_150').socialSharePrivacy({\"txt_help\":\"Wenn Sie diese Felder durch einen Klick aktivieren, werden Informationen an Facebook, Twitter, Flattr, Xing, t3n, LinkedIn, Pinterest oder Google eventuell ins Ausland \\u00fcbertragen und unter Umst\\u00e4nden auch dort gespeichert. N\\u00e4heres erfahren Sie durch einen Klick auf das <em>i<\\\/em>.\",\"settings_perma\":\"Dauerhaft aktivieren und Daten\\u00fcber-tragung zustimmen:\",\"info_link\":\"http:\\\/\\\/www.heise.de\\\/ct\\\/artikel\\\/2-Klicks-fuer-mehr-Datenschutz-1333879.html\",\"uri\":\"https:\\\/\\\/blogs.urz.uni-halle.de\\\/fairefaeden\\\/unsere-projektpartner\\\/\",\"post_id\":150,\"post_title_referrer_track\":\"Unsere+Projektpartner\",\"display_infobox\":\"on\"});}});\n\/* ]]> *\/<\/script><\/div>\n<h1 class=\"has-huge-font-size\"><span class=\"has-inline-color has-vivid-green-cyan-color\">Unsere Projektpartner<\/span><\/h1>\n\n\n\n<p><\/p>\n\n\n\n<p class=\"has-normal-font-size\">Unser <a rel=\"noreferrer noopener\" href=\"https:\/\/blogs.urz.uni-halle.de\/fairefaeden\/\" data-type=\"page\" data-id=\"2\" target=\"_blank\">Projekt<\/a> h\u00e4tte ohne unsere lieben <span class=\"has-inline-color has-vivid-green-cyan-color\">Partner:innen<\/span> und <span class=\"has-inline-color has-vivid-green-cyan-color\">Expert:innen<\/span> niemals auf die Beine gestellt werden k\u00f6nnen. Sowohl f\u00fcr die Herstellung, der Verarbeitung, dem Vertrieb von nachhaltiger Kleidung und vor allem auch der Bildungsarbeit rund um das Thema nachhaltiger Kleidungskonsum konnten wir wertvolle Anlaufstellen in Halle ausfindig machen. F\u00fcr die enorme Unterst\u00fctzung und Expertise m\u00f6chten wir euch danken und f\u00fcr Interessierte auflisten:<\/p>\n\n\n\n<div class=\"wp-block-media-text alignwide is-stacked-on-mobile\"><figure class=\"wp-block-media-text__media\"><img loading=\"lazy\" width=\"1024\" height=\"1024\" src=\"https:\/\/blogs.urz.uni-halle.de\/fairefaeden\/files\/2024\/10\/Halle_FRG_Logo_RZ-1024x1024.png\" alt=\"\" class=\"wp-image-154\" srcset=\"https:\/\/blogs.urz.uni-halle.de\/fairefaeden\/files\/2024\/10\/Halle_FRG_Logo_RZ-1024x1024.png 1024w, https:\/\/blogs.urz.uni-halle.de\/fairefaeden\/files\/2024\/10\/Halle_FRG_Logo_RZ-300x300.png 300w, https:\/\/blogs.urz.uni-halle.de\/fairefaeden\/files\/2024\/10\/Halle_FRG_Logo_RZ-150x150.png 150w, https:\/\/blogs.urz.uni-halle.de\/fairefaeden\/files\/2024\/10\/Halle_FRG_Logo_RZ-768x768.png 768w, https:\/\/blogs.urz.uni-halle.de\/fairefaeden\/files\/2024\/10\/Halle_FRG_Logo_RZ-1536x1536.png 1536w, https:\/\/blogs.urz.uni-halle.de\/fairefaeden\/files\/2024\/10\/Halle_FRG_Logo_RZ-2048x2048.png 2048w\" sizes=\"(max-width: 1024px) 100vw, 1024px\" \/><\/figure><div class=\"wp-block-media-text__content\">\n<p style=\"font-size:22px\"><a href=\"https:\/\/fashionrevolutiongermany.de\/\" target=\"_blank\" rel=\"noreferrer noopener\">Fashion Revolution Germany<\/a><\/p>\n\n\n\n<ul><li>Netzwerk in Halle im <a rel=\"noreferrer noopener\" href=\"https:\/\/www.google.com\/maps\/place\/Kulturverein+Blendwerk+e.V.\/@51.4795903,12.0156766,21z\/data=!4m6!3m5!1s0x47a6632556c4f6f7:0x12b091c45ed0f6e1!8m2!3d51.4796158!4d12.0155408!16s%2Fg%2F11kmphp38f?entry=ttu&amp;g_ep=EgoyMDI0MTAwMi4xIKXMDSoASAFQAw%3D%3D\" data-type=\"URL\" data-id=\"https:\/\/www.google.com\/maps\/place\/Kulturverein+Blendwerk+e.V.\/@51.4795903,12.0156766,21z\/data=!4m6!3m5!1s0x47a6632556c4f6f7:0x12b091c45ed0f6e1!8m2!3d51.4796158!4d12.0155408!16s%2Fg%2F11kmphp38f?entry=ttu&amp;g_ep=EgoyMDI0MTAwMi4xIKXMDSoASAFQAw%3D%3D\" target=\"_blank\">Blendwerk<\/a><\/li><li>Interviewpartnerin: <br>Anna Zeitler<\/li><li>f\u00fcr mehr Transparenz, Nachhaltigkeit und faire Arbeitsbedingungen in der Modeindustrie<\/li><li>Hauptteil des <a href=\"https:\/\/blogs.urz.uni-halle.de\/fairefaeden\/2024\/09\/videobeitrag\/\" data-type=\"post\" data-id=\"90\" target=\"_blank\" rel=\"noreferrer noopener\">Videobeitrags<\/a><\/li><li>Vielen Dank f\u00fcr dein Wissen, deine Zeit und deine Geduld!<\/li><\/ul>\n\n\n\n<p><\/p>\n\n\n\n<p><\/p>\n<\/div><\/div>\n\n\n\n<div class=\"wp-block-media-text alignwide is-stacked-on-mobile\"><figure class=\"wp-block-media-text__media\"><img loading=\"lazy\" width=\"292\" height=\"170\" src=\"https:\/\/blogs.urz.uni-halle.de\/fairefaeden\/files\/2024\/10\/logo-weltladen.png\" alt=\"\" class=\"wp-image-169\" \/><\/figure><div class=\"wp-block-media-text__content\">\n<p style=\"font-size:22px\"><a rel=\"noreferrer noopener\" href=\"https:\/\/www.weltladenhalle.de\/\" target=\"_blank\">Weltladen Halle<\/a><\/p>\n\n\n\n<ul><li>Ansprechpartnerin:<br>Anika Wagner<\/li><li>Einkaufsm\u00f6glichkeit f\u00fcr Waren aus fairem und nachhaltigem Handel; Bildungsst\u00e4tte f\u00fcr Konzepte fairen Handels<\/li><li>Hauptteil des <a href=\"https:\/\/blogs.urz.uni-halle.de\/fairefaeden\/2024\/09\/audiobeitrag\/\" data-type=\"post\" data-id=\"97\" target=\"_blank\" rel=\"noreferrer noopener\">Audiobeitrags<\/a><\/li><li>Vielen Dank f\u00fcr deine Zeit und dein unglaubliches Wissen und Anekdoten aus der Welt der Nachhaltigkeit mitten in dem gem\u00fctlichen Laden!<\/li><\/ul>\n\n\n\n<p><\/p>\n\n\n\n<p><\/p>\n<\/div><\/div>\n\n\n\n<div class=\"wp-block-media-text alignwide is-stacked-on-mobile\"><figure class=\"wp-block-media-text__media\"><img loading=\"lazy\" width=\"1024\" height=\"351\" src=\"https:\/\/blogs.urz.uni-halle.de\/fairefaeden\/files\/2024\/10\/weberei-teuscher-1024x351.png\" alt=\"\" class=\"wp-image-160\" srcset=\"https:\/\/blogs.urz.uni-halle.de\/fairefaeden\/files\/2024\/10\/weberei-teuscher-1024x351.png 1024w, https:\/\/blogs.urz.uni-halle.de\/fairefaeden\/files\/2024\/10\/weberei-teuscher-300x103.png 300w, https:\/\/blogs.urz.uni-halle.de\/fairefaeden\/files\/2024\/10\/weberei-teuscher-768x263.png 768w, https:\/\/blogs.urz.uni-halle.de\/fairefaeden\/files\/2024\/10\/weberei-teuscher.png 1151w\" sizes=\"(max-width: 1024px) 100vw, 1024px\" \/><\/figure><div class=\"wp-block-media-text__content\">\n<p style=\"font-size:22px\"><a href=\"https:\/\/weberei-teuscher.de\/\" target=\"_blank\" rel=\"noreferrer noopener\">Weberei Teuscher<\/a><\/p>\n\n\n\n<ul><li>Ansprechpartner:<br>Benjamin Teuscher<\/li><li>Lokale, nachhaltige Gewebeherstellung und Beratung nach traditioneller Art<\/li><li>Vielen Dank f\u00fcr die interessante Einsicht und das hautnahe Erleben eines alten Webstuhls!<\/li><\/ul>\n\n\n\n<p><\/p>\n\n\n\n<p><\/p>\n<\/div><\/div>\n\n\n\n<div class=\"wp-block-media-text alignwide is-stacked-on-mobile\"><figure class=\"wp-block-media-text__media\"><img loading=\"lazy\" width=\"1024\" height=\"498\" src=\"https:\/\/blogs.urz.uni-halle.de\/fairefaeden\/files\/2024\/10\/vollstoff-1024x498.png\" alt=\"\" class=\"wp-image-165\" srcset=\"https:\/\/blogs.urz.uni-halle.de\/fairefaeden\/files\/2024\/10\/vollstoff-1024x498.png 1024w, https:\/\/blogs.urz.uni-halle.de\/fairefaeden\/files\/2024\/10\/vollstoff-300x146.png 300w, https:\/\/blogs.urz.uni-halle.de\/fairefaeden\/files\/2024\/10\/vollstoff-768x374.png 768w, https:\/\/blogs.urz.uni-halle.de\/fairefaeden\/files\/2024\/10\/vollstoff-1536x747.png 1536w, https:\/\/blogs.urz.uni-halle.de\/fairefaeden\/files\/2024\/10\/vollstoff.png 1758w\" sizes=\"(max-width: 1024px) 100vw, 1024px\" \/><\/figure><div class=\"wp-block-media-text__content\">\n<p style=\"font-size:22px\"><a rel=\"noreferrer noopener\" href=\"https:\/\/www.google.com\/maps\/place\/Vollstoff\/@51.496601,11.9645271,17z\/data=!3m1!4b1!4m6!3m5!1s0x4170340b27baea43:0x786be70d213d4b74!8m2!3d51.496601!4d11.9645271!16s%2Fg%2F1tgyvqnb?entry=ttu&amp;g_ep=EgoyMDI0MTAwMi4xIKXMDSoASAFQAw%3D%3D\" target=\"_blank\">Vollstoff<\/a><\/p>\n\n\n\n<ul><li>Ansprechpartnerin:<br>Kirsten Heppekausen<\/li><li>Verarbeitung edler Stoffe und Textilien durch die Gewandmeisterin Kirsten<\/li><li>Vielen Dank, dass du uns so lieb aufgenommen hast und deinen sch\u00f6nen Laden und dein Handwerk n\u00e4her gebracht hast!<\/li><\/ul>\n\n\n\n<p><\/p>\n\n\n\n<p><\/p>\n<\/div><\/div>\n\n\n\n<div class=\"wp-block-media-text alignwide is-stacked-on-mobile\"><figure class=\"wp-block-media-text__media\"><img loading=\"lazy\" width=\"445\" height=\"502\" src=\"https:\/\/blogs.urz.uni-halle.de\/fairefaeden\/files\/2024\/10\/jinnyjoe.png\" alt=\"\" class=\"wp-image-168\" srcset=\"https:\/\/blogs.urz.uni-halle.de\/fairefaeden\/files\/2024\/10\/jinnyjoe.png 445w, https:\/\/blogs.urz.uni-halle.de\/fairefaeden\/files\/2024\/10\/jinnyjoe-266x300.png 266w\" sizes=\"(max-width: 445px) 100vw, 445px\" \/><\/figure><div class=\"wp-block-media-text__content\">\n<p style=\"font-size:22px\"><a rel=\"noreferrer noopener\" href=\"https:\/\/hallohalle.de\/laeden\/jinny-joe\/\" target=\"_blank\">Jinny-Joe Vintage-Laden<\/a><\/p>\n\n\n\n<ul><li>Ansprechpartner:<br>Sven D\u00fcwel<\/li><li>Einer der vielen Second-Hand- und Vintagel\u00e4den, die nachhaltigen Kleidungskonsum f\u00f6rdern<\/li><li>Vielen Dank, dass wir bei deinen sch\u00f6nen Laden an einem ruhigen Tag abfilmen durften!<\/li><\/ul>\n<\/div><\/div>\n","protected":false},"excerpt":{"rendered":"<p>Unsere Projektpartner Unser Projekt h\u00e4tte ohne unsere lieben Partner:innen und Expert:innen niemals auf die Beine gestellt werden k\u00f6nnen. Sowohl f\u00fcr die Herstellung, der Verarbeitung, dem Vertrieb von nachhaltiger Kleidung und vor allem auch der Bildungsarbeit rund um das Thema nachhaltiger<\/p>\n","protected":false},"author":5824,"featured_media":0,"parent":0,"menu_order":0,"comment_status":"closed","ping_status":"closed","template":"","meta":[],"_links":{"self":[{"href":"https:\/\/blogs.urz.uni-halle.de\/fairefaeden\/wp-json\/wp\/v2\/pages\/150"}],"collection":[{"href":"https:\/\/blogs.urz.uni-halle.de\/fairefaeden\/wp-json\/wp\/v2\/pages"}],"about":[{"href":"https:\/\/blogs.urz.uni-halle.de\/fairefaeden\/wp-json\/wp\/v2\/types\/page"}],"author":[{"embeddable":true,"href":"https:\/\/blogs.urz.uni-halle.de\/fairefaeden\/wp-json\/wp\/v2\/users\/5824"}],"replies":[{"embeddable":true,"href":"https:\/\/blogs.urz.uni-halle.de\/fairefaeden\/wp-json\/wp\/v2\/comments?post=150"}],"version-history":[{"count":9,"href":"https:\/\/blogs.urz.uni-halle.de\/fairefaeden\/wp-json\/wp\/v2\/pages\/150\/revisions"}],"predecessor-version":[{"id":199,"href":"https:\/\/blogs.urz.uni-halle.de\/fairefaeden\/wp-json\/wp\/v2\/pages\/150\/revisions\/199"}],"wp:attachment":[{"href":"https:\/\/blogs.urz.uni-halle.de\/fairefaeden\/wp-json\/wp\/v2\/media?parent=150"}],"curies":[{"name":"wp","href":"https:\/\/api.w.org\/{rel}","templated":true}]}}