{"id":2,"date":"2024-09-23T12:16:23","date_gmt":"2024-09-23T10:16:23","guid":{"rendered":"https:\/\/blogs.urz.uni-halle.de\/fairefaeden\/?page_id=2"},"modified":"2024-10-11T14:34:16","modified_gmt":"2024-10-11T12:34:16","slug":"beispiel-seite","status":"publish","type":"page","link":"https:\/\/blogs.urz.uni-halle.de\/fairefaeden\/","title":{"rendered":"\u00dcber uns und das Projekt"},"content":{"rendered":"<div class=\"twoclick_social_bookmarks_post_2 social_share_privacy clearfix 1.6.4 locale-de_DE sprite-de_DE\"><\/div><div class=\"twoclick-js\"><script type=\"text\/javascript\">\/* <![CDATA[ *\/\njQuery(document).ready(function($){if($('.twoclick_social_bookmarks_post_2')){$('.twoclick_social_bookmarks_post_2').socialSharePrivacy({\"txt_help\":\"Wenn Sie diese Felder durch einen Klick aktivieren, werden Informationen an Facebook, Twitter, Flattr, Xing, t3n, LinkedIn, Pinterest oder Google eventuell ins Ausland \\u00fcbertragen und unter Umst\\u00e4nden auch dort gespeichert. N\\u00e4heres erfahren Sie durch einen Klick auf das <em>i<\\\/em>.\",\"settings_perma\":\"Dauerhaft aktivieren und Daten\\u00fcber-tragung zustimmen:\",\"info_link\":\"http:\\\/\\\/www.heise.de\\\/ct\\\/artikel\\\/2-Klicks-fuer-mehr-Datenschutz-1333879.html\",\"uri\":\"https:\\\/\\\/blogs.urz.uni-halle.de\\\/fairefaeden\\\/\",\"post_id\":2,\"post_title_referrer_track\":\"%C3%9Cber+uns+und+das+Projekt\",\"display_infobox\":\"on\"});}});\n\/* ]]> *\/<\/script><\/div>\n<h1 class=\"has-vivid-green-cyan-color has-text-color has-huge-font-size\">Who made my Clothes?<\/h1>\n\n\n\n<figure class=\"wp-block-pullquote\"><blockquote><p>Jedes Mal, wenn wir konsumieren, ohne das zu reflektieren, [&#8230;] schaden wir damit sehr wahrscheinlich einer Person.<\/p><cite><span class=\"has-inline-color has-vivid-green-cyan-color\">Anika Wagner<\/span>, Bildungsreferentin &#8222;<a rel=\"noreferrer noopener\" href=\"https:\/\/www.weltladenhalle.de\/\" target=\"_blank\">Weltladen<\/a>&#8222;<\/cite><\/blockquote><\/figure>\n\n\n\n<p class=\"has-drop-cap has-text-color\" style=\"color:#464646\">Wir sind <span class=\"has-inline-color has-vivid-green-cyan-color\">Laura<\/span> <span class=\"has-inline-color has-vivid-green-cyan-color\">Glowczewski<\/span>, <span class=\"has-inline-color has-vivid-green-cyan-color\">Elias<\/span> <span class=\"has-inline-color has-vivid-green-cyan-color\">Mensing<\/span>, <span class=\"has-inline-color has-vivid-green-cyan-color\">Josefine Slansky<\/span> und <span class=\"has-inline-color has-vivid-green-cyan-color\">Sebastian<\/span> <span class=\"has-inline-color has-vivid-green-cyan-color\">G\u00fcrgen <\/span>und m\u00f6chten euch in unserem Blog nachhaltige Konsumm\u00f6glichkeiten ins Ged\u00e4chtnis rufen und auf die Missst\u00e4nde in der Kleidungsindustrie aufmerksam machen. Daf\u00fcr besch\u00e4ftigen wir uns innerhalb unseres Studiums mit dem lokal ans\u00e4ssigen und dennoch international t\u00e4tigen Organisation der &#8222;<a rel=\"noreferrer noopener\" href=\"https:\/\/fashionrevolutiongermany.de\" data-type=\"URL\" data-id=\"https:\/\/fashionrevolutiongermany.de\" target=\"_blank\">Fashion Revolution&#8220;<\/a> und ihren Partnern unter dem Oberthema &#8222;Fragmente&#8220;. <\/p>\n\n\n\n<p class=\"has-text-align-left has-text-color\" style=\"color:#464646\">Unsere medialen Beitr\u00e4ge befassen sich dabei mit unterschiedlichen Perspektiven und den Eindr\u00fccken und Erfahrungen unserer Mitmenschen. So dreht es sich in unserem <a rel=\"noreferrer noopener\" href=\"https:\/\/blogs.urz.uni-halle.de\/fairefaeden\/2024\/09\/videobeitrag\/\" data-type=\"post\" data-id=\"90\" target=\"_blank\">Filmbeitrag<\/a> um ein Kurzportrait der Fashion Revolution sowie den lokalen Partner:innen der <a rel=\"noreferrer noopener\" href=\"https:\/\/weberei-teuscher.de\" data-type=\"URL\" data-id=\"https:\/\/weberei-teuscher.de\" target=\"_blank\">Weberei Teuscher,<\/a> dem weiterverarbeitenden Textilienladen &#8222;<a rel=\"noreferrer noopener\" href=\"https:\/\/www.google.com\/maps\/place\/Vollstoff\/@51.496601,11.9619522,17z\/data=!3m1!4b1!4m6!3m5!1s0x4170340b27baea43:0x786be70d213d4b74!8m2!3d51.496601!4d11.9645271!16s%2Fg%2F1tgyvqnb?entry=ttu&amp;g_ep=EgoyMDI0MDkxOC4xIKXMDSoASAFQAw%3D%3D\" data-type=\"URL\" data-id=\"https:\/\/www.google.com\/maps\/place\/Vollstoff\/@51.496601,11.9619522,17z\/data=!3m1!4b1!4m6!3m5!1s0x4170340b27baea43:0x786be70d213d4b74!8m2!3d51.496601!4d11.9645271!16s%2Fg%2F1tgyvqnb?entry=ttu&amp;g_ep=EgoyMDI0MDkxOC4xIKXMDSoASAFQAw%3D%3D\" target=\"_blank\">Vollstoff<\/a>&#8220; und Second-Hand-L\u00e4den wie dem &#8222;<a rel=\"noreferrer noopener\" href=\"https:\/\/www.google.com\/maps\/place\/Jinny-Joe+vintage+%26+secondhand\/@51.4906864,11.9657364,19.67z\/data=!3m1!5s0x47a66354b758ce23:0xd05cb09d2335414c!4m6!3m5!1s0x47a66331bba0682f:0x7f80bd9ae1839400!8m2!3d51.490394!4d11.9660391!16s%2Fg%2F11jb0x8mzf?entry=ttu&amp;g_ep=EgoyMDI0MDkxOC4xIKXMDSoASAFQAw%3D%3D\" data-type=\"URL\" data-id=\"https:\/\/www.google.com\/maps\/place\/Jinny-Joe+vintage+%26+secondhand\/@51.4906864,11.9657364,19.67z\/data=!3m1!5s0x47a66354b758ce23:0xd05cb09d2335414c!4m6!3m5!1s0x47a66331bba0682f:0x7f80bd9ae1839400!8m2!3d51.490394!4d11.9660391!16s%2Fg%2F11jb0x8mzf?entry=ttu&amp;g_ep=EgoyMDI0MDkxOC4xIKXMDSoASAFQAw%3D%3D\" target=\"_blank\">Jinny &amp; Joe<\/a>&#8222;. Der Filmbeitrag mit der Projektkoordinatorin der &#8222;Fashion Revolution Halle&#8220; <span class=\"has-inline-color has-vivid-green-cyan-color\">ANNA ZEITLER<\/span> gibt uns einen Einblick in ein Netzwerk von hallischen Akteur:innen, die sich der Nachhaltigkeit in der Modeindustrie verschrieben haben und auf das gemeinsame Ziel einer regionalen Kleidungsproduktion hinarbeiten.<\/p>\n\n\n\n<p class=\"has-text-color\" style=\"color:#464646\">Der <a rel=\"noreferrer noopener\" href=\"https:\/\/blogs.urz.uni-halle.de\/fairefaeden\/2024\/09\/audiobeitrag\/\" data-type=\"post\" data-id=\"97\" target=\"_blank\">Audiobeitrag<\/a> beleuchtet hingegen die Schattenseiten der Modeindustrie und geht dabei auf den Massenkonsum von Kleidung, aber auch den unfairen Lebens- und Arbeitsverh\u00e4ltnissen der Arbeiter:innen ein, die von den Modekonzernen und deren Profitausrichtung ausgebeutet werden. <span class=\"has-inline-color has-vivid-green-cyan-color\">ANIKA WAGNER<\/span>, eine der Bildungsreferent:innen aus dem Fairtrade-Laden &#8222;<a rel=\"noreferrer noopener\" href=\"https:\/\/www.weltladenhalle.de\/\" target=\"_blank\">Weltladen<\/a>&#8220; in Halle nimmt uns hier auf einen Exkurs zum Thema Kleidungsproduktion, Konsum, Umweltverschmutzung und soziale Verantwortung mit, ohne ein Blatt vor den Mund zu nehmen. Kontr\u00e4r dazu befragen wir Passanten auf Halles Shoppingmeile, wo und wie sie ihre Kleidung kaufen und konsumieren und was sie als Einzelne f\u00fcr die Nachhaltigkeit tun oder nicht tun.<\/p>\n\n\n\n<div class=\"wp-block-buttons\">\n<div class=\"wp-block-button\"><a class=\"wp-block-button__link has-white-color has-text-color has-background\" style=\"background-color:#b4b4bc\">Und wo ist der Bezug zu Fragmenten?<\/a><\/div>\n<\/div>\n\n\n\n<div class=\"wp-block-buttons\">\n<div class=\"wp-block-button\"><a class=\"wp-block-button__link has-white-color has-white-background-color has-text-color has-background\">hhhhhhhhhhhhhhhhhhhhhhhhhhhhhhhhhhhhhhh<\/a><\/div>\n\n\n\n<div class=\"wp-block-button\"><a class=\"wp-block-button__link has-white-color has-vivid-green-cyan-background-color has-text-color has-background\">Gut, dass du fragst!<\/a><\/div>\n<\/div>\n\n\n\n<p><\/p>\n\n\n\n<p class=\"has-text-color\" style=\"color:#464646\">Die Modeindustrie ist ein komplexes System, das aus vielen verschiedenen Teilen besteht \u2013 von der Rohstoffgewinnung \u00fcber die Produktion bis hin zum Konsum. Jedes Kleidungsst\u00fcck durchl\u00e4uft zahlreiche, oft unsichtbare Stationen, die \u00fcber den gesamten Globus verteilt sind. Diese Zerstreuung macht es f\u00fcr Konsument:innen schwer, den Weg der Kleidung nachzuvollziehen oder die tats\u00e4chlichen Kosten \u2013 sowohl f\u00fcr die Umwelt als auch f\u00fcr die Menschen \u2013 zu erkennen. Gerade in der Fast-Fashion-Industrie sind diese Prozesse oft unsichtbar und voneinander getrennt, was dazu f\u00fchrt, dass der Zusammenhang zwischen dem fertigen Produkt und seiner Entstehungsgeschichte kaum noch erkennbar ist.<\/p>\n\n\n\n<p class=\"has-text-color\" style=\"color:#464646\">Nachhaltige Mode versucht, diese Trennung zu \u00fcberwinden, indem sie auf Transparenz und faire Bedingungen setzt. Hier wird der gesamte Entstehungsprozess sichtbar gemacht, von den Arbeitsbedingungen bis hin zu den verwendeten Materialien. Dadurch wird aus einem einfachen Kleidungsst\u00fcck ein bewusster Konsumentscheid, der sich gegen die Ausbeutung von Ressourcen und Menschen richtet. Es geht darum, die Verbindung zwischen der Kleidung und ihrer Herkunft wiederherzustellen.<\/p>\n\n\n\n<p class=\"has-text-color\" style=\"color:#464646\">Allzu viel m\u00f6chten wir euch jedoch nicht vorweg nehmen und w\u00fcnschen deshalb viel Spa\u00df bei der Erkundung unserer Webseite und hoffen, dass auch ihr euren Konsum \u00f6fter reflektiert!<\/p>\n\n\n\n<p><\/p>\n\n\n\n<div class=\"wp-block-columns\">\n<div class=\"wp-block-column\">\n<div class=\"wp-block-cover has-background-dim\" style=\"background-image:url(https:\/\/blogs.urz.uni-halle.de\/fairefaeden\/files\/2024\/09\/sheesh.jpg)\"><div class=\"wp-block-cover__inner-container\">\n<p class=\"has-text-align-center has-large-font-size\"><a href=\"https:\/\/blogs.urz.uni-halle.de\/fairefaeden\/2024\/09\/videobeitrag\/\" data-type=\"post\" data-id=\"90\">Video<\/a><\/p>\n<\/div><\/div>\n<\/div>\n\n\n\n<div class=\"wp-block-column\">\n<div class=\"wp-block-cover has-background-dim\" style=\"background-image:url(https:\/\/blogs.urz.uni-halle.de\/fairefaeden\/files\/2024\/09\/bts2.jpg)\"><div class=\"wp-block-cover__inner-container\">\n<p class=\"has-text-align-center has-large-font-size\"><a href=\"https:\/\/blogs.urz.uni-halle.de\/fairefaeden\/2024\/09\/audiobeitrag\/\" data-type=\"post\" data-id=\"97\">Audio<\/a><\/p>\n<\/div><\/div>\n<\/div>\n<\/div>\n","protected":false},"excerpt":{"rendered":"<p>Who made my Clothes? Jedes Mal, wenn wir konsumieren, ohne das zu reflektieren, [&#8230;] schaden wir damit sehr wahrscheinlich einer Person. Anika Wagner, Bildungsreferentin &#8222;Weltladen&#8222; Wir sind Laura Glowczewski, Elias Mensing, Josefine Slansky und Sebastian G\u00fcrgen und m\u00f6chten euch in<\/p>\n","protected":false},"author":5824,"featured_media":0,"parent":0,"menu_order":0,"comment_status":"closed","ping_status":"open","template":"","meta":[],"_links":{"self":[{"href":"https:\/\/blogs.urz.uni-halle.de\/fairefaeden\/wp-json\/wp\/v2\/pages\/2"}],"collection":[{"href":"https:\/\/blogs.urz.uni-halle.de\/fairefaeden\/wp-json\/wp\/v2\/pages"}],"about":[{"href":"https:\/\/blogs.urz.uni-halle.de\/fairefaeden\/wp-json\/wp\/v2\/types\/page"}],"author":[{"embeddable":true,"href":"https:\/\/blogs.urz.uni-halle.de\/fairefaeden\/wp-json\/wp\/v2\/users\/5824"}],"replies":[{"embeddable":true,"href":"https:\/\/blogs.urz.uni-halle.de\/fairefaeden\/wp-json\/wp\/v2\/comments?post=2"}],"version-history":[{"count":10,"href":"https:\/\/blogs.urz.uni-halle.de\/fairefaeden\/wp-json\/wp\/v2\/pages\/2\/revisions"}],"predecessor-version":[{"id":204,"href":"https:\/\/blogs.urz.uni-halle.de\/fairefaeden\/wp-json\/wp\/v2\/pages\/2\/revisions\/204"}],"wp:attachment":[{"href":"https:\/\/blogs.urz.uni-halle.de\/fairefaeden\/wp-json\/wp\/v2\/media?parent=2"}],"curies":[{"name":"wp","href":"https:\/\/api.w.org\/{rel}","templated":true}]}}