{"id":11,"date":"2023-07-18T14:01:34","date_gmt":"2023-07-18T12:01:34","guid":{"rendered":"https:\/\/blogs.urz.uni-halle.de\/flintasontheboard\/?page_id=11"},"modified":"2023-07-19T14:47:37","modified_gmt":"2023-07-19T12:47:37","slug":"faqs","status":"publish","type":"page","link":"https:\/\/blogs.urz.uni-halle.de\/flintasontheboard\/faqs\/","title":{"rendered":"FAQs"},"content":{"rendered":"\n<p><strong>Was bedeutet eigentlich FLINTA? <\/strong><\/p>\n\n\n\n<p>FLINTA ist ein Akronym und steht f\u00fcr Female, Lesbian, Nonbinary, Trans und Agender. Damit werden Personen bezeichnet die sich diesen Kategorien zugeh\u00f6rig f\u00fchlen. <\/p>\n\n\n\n<p><\/p>\n\n\n\n<p><strong>Was bedeutet Cis-?<\/strong><\/p>\n\n\n\n<p> Cis-Personen sind Personen die sich dem Geschlecht, welches ihnen bei der Geburt zugeordnet wurde (auf Grund ihrer Geschlechtsorgane) zugeh\u00f6rig f\u00fchlen. <\/p>\n\n\n\n<p><\/p>\n\n\n\n<p><strong>Ist euer Projekt nur an Trans-Frauen gerichtet, wenn ihr sagt &#8222;Not a sk8er boi&#8220;? <\/strong><\/p>\n\n\n\n<p>So kann es nat\u00fcrlich verstanden werden, ist es aber in keinem Fall gemeint. Not a sk8er boi ist lediglich eine Anspielung auf den Song &#8222;sk8er boi&#8220; von Avrile Lavigne. Unser Projekt soll ein Raum f\u00fcr alle Trans-Personen sein, egal ob Trans-Frau oder Trans-Mann. <\/p>\n","protected":false},"excerpt":{"rendered":"<p>Was bedeutet eigentlich FLINTA? FLINTA ist ein Akronym und steht f\u00fcr Female, Lesbian, Nonbinary, Trans und Agender. Damit werden Personen bezeichnet die sich diesen Kategorien zugeh\u00f6rig f\u00fchlen. Was bedeutet Cis-? Cis-Personen sind Personen die sich dem Geschlecht, welches ihnen bei der Geburt zugeordnet wurde (auf Grund ihrer Geschlechtsorgane) zugeh\u00f6rig f\u00fchlen. Ist euer Projekt nur an &hellip; <\/p>\n<p class=\"link-more\"><a href=\"https:\/\/blogs.urz.uni-halle.de\/flintasontheboard\/faqs\/\" class=\"more-link\"><span class=\"screen-reader-text\">\u201eFAQs\u201c<\/span> weiterlesen<\/a><\/p>\n","protected":false},"author":5863,"featured_media":0,"parent":0,"menu_order":0,"comment_status":"closed","ping_status":"closed","template":"","meta":[],"_links":{"self":[{"href":"https:\/\/blogs.urz.uni-halle.de\/flintasontheboard\/wp-json\/wp\/v2\/pages\/11"}],"collection":[{"href":"https:\/\/blogs.urz.uni-halle.de\/flintasontheboard\/wp-json\/wp\/v2\/pages"}],"about":[{"href":"https:\/\/blogs.urz.uni-halle.de\/flintasontheboard\/wp-json\/wp\/v2\/types\/page"}],"author":[{"embeddable":true,"href":"https:\/\/blogs.urz.uni-halle.de\/flintasontheboard\/wp-json\/wp\/v2\/users\/5863"}],"replies":[{"embeddable":true,"href":"https:\/\/blogs.urz.uni-halle.de\/flintasontheboard\/wp-json\/wp\/v2\/comments?post=11"}],"version-history":[{"count":6,"href":"https:\/\/blogs.urz.uni-halle.de\/flintasontheboard\/wp-json\/wp\/v2\/pages\/11\/revisions"}],"predecessor-version":[{"id":81,"href":"https:\/\/blogs.urz.uni-halle.de\/flintasontheboard\/wp-json\/wp\/v2\/pages\/11\/revisions\/81"}],"wp:attachment":[{"href":"https:\/\/blogs.urz.uni-halle.de\/flintasontheboard\/wp-json\/wp\/v2\/media?parent=11"}],"curies":[{"name":"wp","href":"https:\/\/api.w.org\/{rel}","templated":true}]}}