{"id":38,"date":"2023-07-18T14:57:30","date_gmt":"2023-07-18T12:57:30","guid":{"rendered":"https:\/\/blogs.urz.uni-halle.de\/flintasontheboard\/?page_id=38"},"modified":"2023-07-19T14:45:38","modified_gmt":"2023-07-19T12:45:38","slug":"film","status":"publish","type":"page","link":"https:\/\/blogs.urz.uni-halle.de\/flintasontheboard\/film\/","title":{"rendered":"FILM"},"content":{"rendered":"\n<p class=\"has-drop-cap\">In unserem Videobeitrag wollen wir einen dokumentarischen Beitrag erstellen, in dem wir uns der Thematik \u201eSkate-Mode&#8220; widmen. Die Idee kam uns im Gespr\u00e4ch \u00fcber Skaten allgemein, als wir feststellten, dass es viele Menschen gibt die zwar aussehen als w\u00fcrden sie skaten, selbst aber noch nie auf einem Skateboard standen. Weiterhin fiel uns auf, dass der Style eine gewissen Nicht-Bin\u00e4rit\u00e4t mit sich bringt. Im Zentrum soll also die Darstellung des Stils und dessen Bedeutung in der Szene, besonders f\u00fcr FLINTA Personen, stehen. Dient die Mode als Identifikationsmittel oder ist die Art der Kleidung einfach nur praktisch? Wie stehen Skater*innen dazu, dass der Stil immer mehr zum Mainstream geh\u00f6rt?&nbsp;<\/p>\n\n\n\n<p>Daf\u00fcr sollen verschiedene Personen interviewartig an Skatepl\u00e4tzen (siehe Audiobeitrag) befragt und gefilmt werden und ihre verschiedenen Outfits, in Form von Standbildern, festgehalten werden. Die Audiospuren sollen auch als O-T\u00f6ne genutzt werden, die \u00fcber Skateaufnahmen gelegt werden k\u00f6nnen. Zus\u00e4tzlich sollen einige Schnittbilder aufgenommen werden z.B. Drohnenaufnahmen \u00fcber Skateanlagen, Aufnahmen von an Skateboards befestigten GoPros und Aufnahmen verschiedener gelungener aber auch gescheiterter Tricks.&nbsp;<\/p>\n","protected":false},"excerpt":{"rendered":"<p>In unserem Videobeitrag wollen wir einen dokumentarischen Beitrag erstellen, in dem wir uns der Thematik \u201eSkate-Mode&#8220; widmen. Die Idee kam uns im Gespr\u00e4ch \u00fcber Skaten allgemein, als wir feststellten, dass es viele Menschen gibt die zwar aussehen als w\u00fcrden sie skaten, selbst aber noch nie auf einem Skateboard standen. Weiterhin fiel uns auf, dass der &hellip; <\/p>\n<p class=\"link-more\"><a href=\"https:\/\/blogs.urz.uni-halle.de\/flintasontheboard\/film\/\" class=\"more-link\"><span class=\"screen-reader-text\">\u201eFILM\u201c<\/span> weiterlesen<\/a><\/p>\n","protected":false},"author":5863,"featured_media":0,"parent":0,"menu_order":0,"comment_status":"closed","ping_status":"closed","template":"","meta":[],"_links":{"self":[{"href":"https:\/\/blogs.urz.uni-halle.de\/flintasontheboard\/wp-json\/wp\/v2\/pages\/38"}],"collection":[{"href":"https:\/\/blogs.urz.uni-halle.de\/flintasontheboard\/wp-json\/wp\/v2\/pages"}],"about":[{"href":"https:\/\/blogs.urz.uni-halle.de\/flintasontheboard\/wp-json\/wp\/v2\/types\/page"}],"author":[{"embeddable":true,"href":"https:\/\/blogs.urz.uni-halle.de\/flintasontheboard\/wp-json\/wp\/v2\/users\/5863"}],"replies":[{"embeddable":true,"href":"https:\/\/blogs.urz.uni-halle.de\/flintasontheboard\/wp-json\/wp\/v2\/comments?post=38"}],"version-history":[{"count":2,"href":"https:\/\/blogs.urz.uni-halle.de\/flintasontheboard\/wp-json\/wp\/v2\/pages\/38\/revisions"}],"predecessor-version":[{"id":79,"href":"https:\/\/blogs.urz.uni-halle.de\/flintasontheboard\/wp-json\/wp\/v2\/pages\/38\/revisions\/79"}],"wp:attachment":[{"href":"https:\/\/blogs.urz.uni-halle.de\/flintasontheboard\/wp-json\/wp\/v2\/media?parent=38"}],"curies":[{"name":"wp","href":"https:\/\/api.w.org\/{rel}","templated":true}]}}