{"id":39,"date":"2023-07-18T14:57:30","date_gmt":"2023-07-18T12:57:30","guid":{"rendered":"https:\/\/blogs.urz.uni-halle.de\/flintasontheboard\/?page_id=39"},"modified":"2023-07-19T14:46:05","modified_gmt":"2023-07-19T12:46:05","slug":"podcast","status":"publish","type":"page","link":"https:\/\/blogs.urz.uni-halle.de\/flintasontheboard\/podcast\/","title":{"rendered":"PODCAST"},"content":{"rendered":"\n<p class=\"has-drop-cap\">In unserem Audiobeitrag wollen wir in Form eines Features herausfinden, welche Rolle Gender im Skatesport spielt. Immer wieder fiel uns in Gespr\u00e4chen mit skatenden Freund*innen unabh\u00e4ngig voneinander auf, dass es noch immer viel mehr cis-m\u00e4nnliche Skater gibt als FLINTA- Skater*innen. Aber es gibt sie. Wir wollen herausfinden wo nicht-cis-m\u00e4nnliche Personen ihre Position in der Szene sehen und wie zugeh\u00f6rig sie sich der Skate-Szene f\u00fchlen. Durch verschiedene Soundaufnahmen soll <em>das<\/em> <em>Rebellische<\/em> des Skatens im Kontrast zum geregelten und geordneten Stadtleben dargestellt werden. Der Beitrag soll wie ein Stadtspaziergang aufgebaut sein. Dabei besuchen wir unterschiedliche Orte in Halle an denen viel geskatet wird (bspw. Skateparks, Skatehallen, Steintor-Campus) und wir Personen aus der Szene interviewen k\u00f6nnen. Dabei sollen auch Ger\u00e4usche von fallenden Skater*innen, das Scheppern von Boards auf Pflastersteinen, das Rollen der R\u00e4der und Gel\u00e4chter oder Jubel von Skater*innen aufgenommen werden. Die Wege zwischen den Orten wollen wir mit Atmos und verschiedenen Soundaufnahmen der Stadt begleiten.\u00a0<\/p>\n","protected":false},"excerpt":{"rendered":"<p>In unserem Audiobeitrag wollen wir in Form eines Features herausfinden, welche Rolle Gender im Skatesport spielt. Immer wieder fiel uns in Gespr\u00e4chen mit skatenden Freund*innen unabh\u00e4ngig voneinander auf, dass es noch immer viel mehr cis-m\u00e4nnliche Skater gibt als FLINTA- Skater*innen. Aber es gibt sie. Wir wollen herausfinden wo nicht-cis-m\u00e4nnliche Personen ihre Position in der Szene &hellip; <\/p>\n<p class=\"link-more\"><a href=\"https:\/\/blogs.urz.uni-halle.de\/flintasontheboard\/podcast\/\" class=\"more-link\"><span class=\"screen-reader-text\">\u201ePODCAST\u201c<\/span> weiterlesen<\/a><\/p>\n","protected":false},"author":5863,"featured_media":0,"parent":0,"menu_order":0,"comment_status":"closed","ping_status":"closed","template":"","meta":[],"_links":{"self":[{"href":"https:\/\/blogs.urz.uni-halle.de\/flintasontheboard\/wp-json\/wp\/v2\/pages\/39"}],"collection":[{"href":"https:\/\/blogs.urz.uni-halle.de\/flintasontheboard\/wp-json\/wp\/v2\/pages"}],"about":[{"href":"https:\/\/blogs.urz.uni-halle.de\/flintasontheboard\/wp-json\/wp\/v2\/types\/page"}],"author":[{"embeddable":true,"href":"https:\/\/blogs.urz.uni-halle.de\/flintasontheboard\/wp-json\/wp\/v2\/users\/5863"}],"replies":[{"embeddable":true,"href":"https:\/\/blogs.urz.uni-halle.de\/flintasontheboard\/wp-json\/wp\/v2\/comments?post=39"}],"version-history":[{"count":2,"href":"https:\/\/blogs.urz.uni-halle.de\/flintasontheboard\/wp-json\/wp\/v2\/pages\/39\/revisions"}],"predecessor-version":[{"id":80,"href":"https:\/\/blogs.urz.uni-halle.de\/flintasontheboard\/wp-json\/wp\/v2\/pages\/39\/revisions\/80"}],"wp:attachment":[{"href":"https:\/\/blogs.urz.uni-halle.de\/flintasontheboard\/wp-json\/wp\/v2\/media?parent=39"}],"curies":[{"name":"wp","href":"https:\/\/api.w.org\/{rel}","templated":true}]}}