
{"id":24,"date":"2015-12-03T17:36:19","date_gmt":"2015-12-03T16:36:19","guid":{"rendered":"https:\/\/blogs.urz.uni-halle.de\/forumdaz\/?page_id=24"},"modified":"2017-01-25T17:30:09","modified_gmt":"2017-01-25T16:30:09","slug":"links","status":"publish","type":"page","link":"https:\/\/blogs.urz.uni-halle.de\/forumdaz\/material\/links\/","title":{"rendered":"Links"},"content":{"rendered":"<ol>\n<li>Alphabetisierung<\/li>\n<li>Methodik<\/li>\n<li>Wortschatz<\/li>\n<\/ol>\n<h3><\/h3>\n<h2><strong><span style=\"color: #99cc00\">Alphabetisierung<\/span><\/strong><\/h2>\n<h2><strong><span style=\"color: #99cc00\">Methodik<\/span><\/strong><\/h2>\n<table style=\"height: 767px\" width=\"850\">\n<tbody>\n<tr>\n<td width=\"528\"><a href=\"http:\/\/www.auer-verlag.de\/media\/wysiwyg\/auer\/pdf-dokumente-web\/10Methoden.pdf\" target=\"_blank\">10 erfolgreiche Methoden zum &#8222;Deutschkurs f\u00fcr Asylbewerber&#8220;<\/a><\/p>\n<p>&nbsp;<\/td>\n<td width=\"107\">H\u00f6rtrich, H. D.;Landherr, K. \/ Auer 2015<\/p>\n<p>&nbsp;<\/td>\n<td width=\"353\">Vorgestellt werden 10 Methoden nach dem Thannhauser Modell mit dem Schwerpunkt auf der m\u00fcndlichen Kommunikation. Ziel dieser Methoden ist es, zur Erstorientierung in der dt. Sprache und Kultur beizutragen.<\/td>\n<\/tr>\n<tr>\n<td width=\"528\"><a href=\"http:\/\/www.hueber.de\/media\/36\/Hueber_Erste_Hilfe_Deutsch_10_Praxistipps.pdf\" target=\"_blank\">Erwachsenengerechter Deutschunterricht<\/a><\/td>\n<td width=\"107\">Fischer Callus, M.; Heyse, I. \/ Hueber<\/td>\n<td width=\"353\">Zehn Praxistipps f\u00fcr einen erwachsenengerechten Deutschunterricht f\u00fcr Fl\u00fcchtlinge und Asylsuchende.<\/td>\n<\/tr>\n<tr>\n<td width=\"528\"><a href=\"https:\/\/www.youtube.com\/watch?v=9eKR3nmzVgw\" target=\"_blank\">Unterrichtstipps f\u00fcr ehrenamtliche Lehrende<\/a><\/td>\n<td width=\"107\">Friedrich-Schiller-Universit\u00e4t Jena \/ Prof. Hermann Funk<\/td>\n<td width=\"353\">Zehn Praxistipps in ca. 7 Minuten (Video)<\/td>\n<\/tr>\n<tr>\n<td width=\"528\"><a href=\"https:\/\/www.uni-due.de\/imperia\/md\/content\/prodaz\/boorsmalipkowski_reime.pdf\" target=\"_blank\">Reime, Abz\u00e4hlverse, Lieder und Spiele <\/a><\/td>\n<td width=\"107\">Boorsma, G.; Lipkowski, E.<\/td>\n<td width=\"353\">Auf 30 Seiten wir einen \u00dcberblick der M\u00f6glichkeiten spielerischer F\u00f6rderung des H\u00f6rverstehens und Sprechens im Elementar- und Primarbereich gegeben. Der Fokus liegt dabei auf der Sprache als Kommunikationsmittel, welches die Sch\u00fcler in Spielen anwenden m\u00fcssen.<\/td>\n<\/tr>\n<tr>\n<td width=\"528\"><a href=\"http:\/\/li.hamburg.de\/contentblob\/4269256\/data\/pdf-sprachfoerderung-in-bewegung-bewegungsangebote-fuer-klein-und-vorschulkinder.pdf\" target=\"_blank\">Sprachf\u00f6rderung in Bewegung<\/a><\/td>\n<td>Universit\u00e4t Hamburg, Internationale Bauausstellung IBA Hamburg, Landesinstitut f\u00fcr Lehrerbildung und Schulentwicklung<\/td>\n<td width=\"353\">Handreichung zur Sprachf\u00f6rderung durch Bewegung: theoretische Grundlagen der Zusammenh\u00e4nge Bewegung-Entwicklung und Bewegung-Spracherwerb, beispielhafte Bewegungsangebote f\u00fcr Klein- und Vorschulkinder. Bewegung als Voraussetzung f\u00fcr den Spracherwerb, Bewegung als Sprachanlass und Sprache als Medium der Bewegungsf\u00f6rderung. Zusammenstellung von Methoden wie z.B. Rollenspiele, die Bewegungssituationen und damit Kommunizieren, gegenseitiges Informieren, Zuh\u00f6ren, Verstehen, Hinterfragen, u.v.m. ausl\u00f6sen.<\/td>\n<\/tr>\n<tr>\n<td width=\"528\"><a href=\"http:\/\/lingofox.dw.com\/\" target=\"_blank\">Lingofox: Arbeitsbl\u00e4tter selbst erstellen<\/a><\/td>\n<td>Deutsche Welle<\/td>\n<td width=\"353\">Onlinepool zur kostenlosen Erstellung individueller Arbeitsbl\u00e4tter. Zu den Arbeitsbl\u00e4ttern wird automatisch ein L\u00f6sungsschl\u00fcssel erstellt.<\/td>\n<\/tr>\n<tr>\n<td width=\"528\"><a href=\"http:\/\/www.verlagruhr.de\/media\/wysiwyg\/DaZ\/DaZ-Download_FP.pdf\" target=\"_blank\">Erste-Hilfe DaZ-Sammlung Kita\/Krippe<\/a><\/td>\n<td>Verlag an der Ruhr<\/td>\n<td width=\"353\">Zusammenstellung aus Ausz\u00fcgen folgender Titel:<br \/>\n&#8211; Rituale-Lieder f\u00fcr die Kita. Von Aufr\u00e4umen bis Z\u00e4hneputzen.<br \/>\n&#8211; Rhytmus-Hits f\u00fcr Krippen-Kids. Kreative Ideen zum Trommeln, Rasseln, Klatschen, Stampfen.<br \/>\n&#8211; Ich kenne einen Kugelfisch&#8230; Fingerspiele zur Sprachf\u00f6rderung in der Krippe.<\/td>\n<\/tr>\n<tr>\n<td width=\"528\"><a href=\"http:\/\/www.verlagruhr.de\/media\/wysiwyg\/DaZ\/DaZ-Download_GS.pdf\" target=\"_blank\">Erste-Hilfe DaZ-Sammlung Grundschule <\/a><\/td>\n<td>Verlag an der Ruhr<\/td>\n<td width=\"353\">Zusammenstellung aus Ausz\u00fcgen folgender Titel:<br \/>\n&#8211; 80 schnelle Spiele f\u00fcr die DaZ- und Sprachf\u00f6rderung. F\u00fcr Plenum, Kleingruppen und Freiarbeit.<br \/>\n&#8211; 30 x DaZ f\u00fcr 45 Minuten &#8211; Klasse 1\/2. Fertige Stunden f\u00fcr Deutsch als Zweitsprache.<br \/>\n&#8211; 30 x DaZ f\u00fcr 45 Minuten &#8211; Klasse 3\/4. Fertige Stunden f\u00fcr Deutsch als Zweitsprache.<\/td>\n<\/tr>\n<tr>\n<td width=\"528\"><a href=\"http:\/\/www.verlagruhr.de\/media\/wysiwyg\/DaZ\/DaZ-Download_SEK.pdf\" target=\"_blank\">Erste-Hilfe DaZ-Sammlung Sekundarstufe<\/a><\/td>\n<td>Verlag an der Ruhr<\/td>\n<td width=\"353\">Zusammenstellung aus Ausz\u00fcgen folgender Titel:<br \/>\n&#8211; DaZ lernen mit Landeskunde. Kopiervorlagen f\u00fcr Sch\u00fcler der Grundstufe.<br \/>\n&#8211; Grammatik\u00fcbungen f\u00fcr DaZ-Lerner. Trainingsmaterial f\u00fcr die entscheidenden Problemf\u00e4lle.<br \/>\n&#8211; Die gro\u00dfe DaZ-Spielesammlung. Ideen zur Sprachf\u00f6rderung f\u00fcr die Sekundarstufe I.<\/td>\n<\/tr>\n<tr>\n<td width=\"528\"><a href=\"http:\/\/www.hueber.de\/erste-hilfe-deutsch\" target=\"_blank\">Erste Hilfe Deutsch<\/a><\/td>\n<td>Hueber Verlag<\/td>\n<td width=\"353\">Sammlung von Lehrmaterial f\u00fcr DaZ-Unterricht mit Erwachsen sowie Kindern. Kostenloser Download von Arbeitsbl\u00e4ttern, Lehrerhandreichungen zum Kursmaterial &#8222;Erste Hilfe Deutsch&#8220;. Umfangreiche Mediathek mit herunterladbaren Audiodateien zum Kursmaterial sowie den Hueber-Lehrb\u00fcchern.<\/td>\n<\/tr>\n<\/tbody>\n<\/table>\n<h2><strong><span style=\"color: #99cc00\">Wortschatz<\/span><\/strong><\/h2>\n<table style=\"height: 570px\" width=\"854\">\n<tbody>\n<tr>\n<td width=\"437\"><a href=\"http:\/\/www.hueber.de\/media\/36\/Mini-Bildwoerterbuch_Deutsch.pdf\" target=\"_blank\">Wie hei\u00dft das auf Deutsch?<\/a><\/td>\n<td width=\"180\">Specht, G.; For\u00dfmann, J. \/Hueber 2015<\/td>\n<td width=\"344\">Mini-Bilderlexikon mit den 100 wichtigsten Begriffen aus verschiedenen Alltagsbereichen. Als PDF-Download im Netz verf\u00fcgbar.<\/td>\n<\/tr>\n<tr>\n<td width=\"437\"><a href=\"http:\/\/de.langenscheidt.com\/doc\/arabisch-deutsch-sprachfuehrer.pdf\" target=\"_blank\">Sprachf\u00fchrer Arabisch-Deutsch. Die wichtigsten S\u00e4tze und W\u00f6rter<\/a><\/td>\n<td width=\"180\">Langenscheidt 2015<\/td>\n<td width=\"344\">Arabisch-Deutsch-W\u00f6rterbuch mit dem Schwerpunkt auf ersten Kontakten, Begriffen f\u00fcr Beh\u00f6rdeng\u00e4nge sowie Arztbesuche. Auszug aus neuem Sprachf\u00fchrer Arabisch-Deutsch von Langenscheidt. Als PDF-Download im Netz verf\u00fcgbar.<\/td>\n<\/tr>\n<tr>\n<td width=\"437\"><a href=\"http:\/\/dafg.eu\/de\/links\/bildwoerterbuch\/\" target=\"_blank\">DAFG-Bilderw\u00f6rterbuch Deutsch-Arabisch<\/a><\/td>\n<td width=\"180\">Deutsch-Arabische-Freundschaftsgesellschaft e.V. 2015<\/td>\n<td width=\"344\">Deutsch-Arabisch-Bilderlexikon, in verschiedene Themen des Alltags unterteilt. Anstelle einer komplizierten wissenschaftlichen Transkription der Aussprache wird eine Umschrift, die leicht verst\u00e4ndlich und alltagstauglich ist, genutzt. Begriffskarten als PDF-Downloads im Netz verf\u00fcgbar.<\/td>\n<\/tr>\n<tr>\n<td width=\"437\"><a href=\"http:\/\/de.pons.com\/woerterbuch\/gratisdownloads-erste-schritte-deutsch\/ohne-englisch-kenntnisse\/deutsch%23kostenlos\" target=\"_blank\">Lernkarten zu 5 Lebensbereichen, Zeigew\u00f6rterbuch<\/a><\/td>\n<td width=\"180\">PONS<\/td>\n<td width=\"344\">Deutsch \/ deutsch-arabisch beschriftete Bilder, welche auf Lernkarten thematisch sortiert sind. F\u00fcnf Themenbereiche aus dem Alltag. Zeigew\u00f6rterbuch. Als PDF-Download im Netz verf\u00fcgbar.<\/td>\n<\/tr>\n<tr>\n<td width=\"437\"><a href=\"http:\/\/hueber.de\/seite\/pg_lehren_wortschatzkarten_mns\" target=\"_blank\">Wortschatzkarten<\/a><\/td>\n<td width=\"180\">Hueber Verlag<\/td>\n<td width=\"344\">Kostenloser Downloadlink f\u00fcr Wortschatzkarten (deutsch &#8211; Fotografie) zum Ausdrucken. Untergliedert in 12 Themen (Bsp. Familie, Beruf, In der Stadt,&#8230;).<\/td>\n<\/tr>\n<\/tbody>\n<\/table>\n","protected":false},"excerpt":{"rendered":"<p>Alphabetisierung Methodik Wortschatz Alphabetisierung Methodik 10 erfolgreiche Methoden zum &#8222;Deutschkurs f\u00fcr Asylbewerber&#8220; &nbsp; H\u00f6rtrich, H. D.;Landherr, K. \/ Auer 2015<\/p>\n<div class=\"read-button read_more_btn_text\"><a class=\"read_more\" href=\"https:\/\/blogs.urz.uni-halle.de\/forumdaz\/material\/links\/\">Read Now<span class=\"arrow_readm\"> &#x25BA;<\/span><\/a><\/div>\n","protected":false},"author":654,"featured_media":0,"parent":17,"menu_order":1,"comment_status":"closed","ping_status":"closed","template":"","meta":[],"_links":{"self":[{"href":"https:\/\/blogs.urz.uni-halle.de\/forumdaz\/wp-json\/wp\/v2\/pages\/24"}],"collection":[{"href":"https:\/\/blogs.urz.uni-halle.de\/forumdaz\/wp-json\/wp\/v2\/pages"}],"about":[{"href":"https:\/\/blogs.urz.uni-halle.de\/forumdaz\/wp-json\/wp\/v2\/types\/page"}],"author":[{"embeddable":true,"href":"https:\/\/blogs.urz.uni-halle.de\/forumdaz\/wp-json\/wp\/v2\/users\/654"}],"replies":[{"embeddable":true,"href":"https:\/\/blogs.urz.uni-halle.de\/forumdaz\/wp-json\/wp\/v2\/comments?post=24"}],"version-history":[{"count":10,"href":"https:\/\/blogs.urz.uni-halle.de\/forumdaz\/wp-json\/wp\/v2\/pages\/24\/revisions"}],"predecessor-version":[{"id":302,"href":"https:\/\/blogs.urz.uni-halle.de\/forumdaz\/wp-json\/wp\/v2\/pages\/24\/revisions\/302"}],"up":[{"embeddable":true,"href":"https:\/\/blogs.urz.uni-halle.de\/forumdaz\/wp-json\/wp\/v2\/pages\/17"}],"wp:attachment":[{"href":"https:\/\/blogs.urz.uni-halle.de\/forumdaz\/wp-json\/wp\/v2\/media?parent=24"}],"curies":[{"name":"wp","href":"https:\/\/api.w.org\/{rel}","templated":true}]}}