
{"id":26,"date":"2015-12-03T17:37:18","date_gmt":"2015-12-03T16:37:18","guid":{"rendered":"https:\/\/blogs.urz.uni-halle.de\/forumdaz\/?page_id=26"},"modified":"2017-01-16T19:57:47","modified_gmt":"2017-01-16T18:57:47","slug":"literatur","status":"publish","type":"page","link":"https:\/\/blogs.urz.uni-halle.de\/forumdaz\/material\/literatur\/","title":{"rendered":"Literatur"},"content":{"rendered":"<h1><span style=\"color: #99cc00\"><strong><u>Einf\u00fchrung in das Fach Deutsch als Fremdsprache<\/u><\/strong><\/span><\/h1>\n<ul>\n<li><strong>Arnold, Ellen<\/strong> (2000): Jetzt versteh&#8216; ich das! Bessere Lernerfolge durch F\u00f6rderung der verschiedenen Lerntypen. Verlag An der Ruhr.<\/li>\n<li><strong>Brinitzer, Michaela \/ Hantschel, Hans-J\u00fcrgen \/ Kroemer, Sandra \/ M\u00f6ller-Frorath, Monika \/ Ros, Lourdes <\/strong>(2013) (Hrsg.): DaF unterrichten. Basiswissen Didaktik Deutsch als Fremd- und Zweitsprache. Klett Verlag. Stuttgart.<\/li>\n<li><strong>G\u00fcnther, Britta\/G\u00fcnther, Herbert <\/strong>(2007): Erstsprache, Zweitsprache, Fremdsprache. Eine Einf\u00fchrung. 2. Auflage. Beltz Verlag. Weinheim und Basel.<\/li>\n<li><strong>Heringer, Hans-J\u00fcrgen <\/strong>(2004): Interkulturelle Kommunikation. Francke-Verlag. T\u00fcbingen.<\/li>\n<li><strong>Huneke, Hans-Werner\/Steinig, Wolfgang<\/strong> (2013): Deutsch als Fremdsprache. Eine Einf\u00fchrung. 6., neu bearbeitete und erweiterte Auflage. Berlin. Erich Schmidt Verlag.<\/li>\n<li><strong>Krumm, Hans-J\u00fcrgen<\/strong>\/<strong>Fandrych, Christian<\/strong>\/<strong>Hufeisen, Britta\/Riemer, Claudia<\/strong> (2010) (Hrsg.): Deutsch als Fremd- und Zweitsprache: Ein internationales Handbuch. <strong>HSK 35.1.<\/strong><\/li>\n<li><strong>Krumm, Hans-J\u00fcrgen<\/strong>\/<strong>Fandrych, Christian<\/strong>\/<strong>Hufeisen, Britta\/Riemer, Claudia<\/strong> (2010) (Hrsg.): Deutsch als Fremd- und Zweitsprache: Ein internationales Handbuch. <strong>HSK 35.2.<\/strong><\/li>\n<li><strong>Roche<\/strong><strong>, J\u00f6rg<\/strong> (2001):Interkulturelle Sprachdidaktik. Eine Einf\u00fchrung. Narr Verlag.<\/li>\n<li><strong>Roche<\/strong><strong>, J\u00f6rg<\/strong> (2005): Fremdsprachendidaktik. Francke Verlag T\u00fcbingen und Basel.<\/li>\n<li><strong>R\u00f6sler, Dietmar <\/strong>(2012): Deutsch als Fremdsprache. Eine Einf\u00fchrung. Verlag J.B. Metzler Stuttgard.<\/li>\n<li><strong>Europ\u00e4isches Sprachenportfolio f\u00fcr Erwachsene <\/strong>(2008), vgl. auch z. B. unter:<\/li>\n<\/ul>\n<p style=\"padding-left: 60px\">http:\/\/www.hueber.de\/portfolio (Stand: 20.06.15)<\/p>\n<p style=\"padding-left: 60px\">http:\/\/www.sprachenportfolio-deutschland.de\/ (Stand: 20.06.15)<\/p>\n<p style=\"padding-left: 60px\">http:\/\/www.hueber.de\/sixcms\/media.php\/36\/Sprachenportfolio_Hinweise.pdf (Stand: 20.06.15)<\/p>\n<h3><\/h3>\n<h3><span style=\"text-decoration: underline;color: #808000\"><strong>Reihe: DLL <\/strong><strong>\u2192 <\/strong><strong>Deutsch Lehren Lernen <\/strong>(Klett-Langenscheidt)<\/span><\/h3>\n<p><strong>Das Programm BASIS Deutsch als Fremdsprache<\/strong><\/p>\n<p>Vgl. auch unter: https:\/\/www.goethe.de\/de\/spr\/unt\/for\/dll.html?wt_sc=dll_pro_deutsch+lehren+lernen-hd<\/p>\n<p>&nbsp;<\/p>\n<ul>\n<li><strong>DLL 5: Lernmaterialien und Medien<\/strong><\/li>\n<\/ul>\n<p style=\"padding-left: 60px\">R\u00f6sler, Dietmar \/ W\u00fcrffel, Nicola (2014): <em>Lernmaterialien und Medien<\/em>. DLL 5. Klett-Langenscheidt. M\u00fcnchen.<\/p>\n<ul>\n<li><strong>DLL 15: Alphabetisierung f\u00fcr Erwachsene<\/strong><\/li>\n<\/ul>\n<p style=\"padding-left: 60px\">Feick, Diana \/ Pietzuch, Anja \/ Schramm, Karen (2013): <em>Alphabetisierung f\u00fcr Erwachsene<\/em>. DLL 15. Klett-Langenscheidt. M\u00fcnchen.<\/p>\n<p><strong>\u00a0<\/strong><\/p>\n<h3><span style=\"text-decoration: underline\"><span style=\"color: #808000;text-decoration: underline\"><strong>Reihe: FSE\u00a0<\/strong><strong>\u2192<\/strong><strong> Fernstudienangebot Deutsch als Fremdsprache <\/strong>(Langenscheidt)<\/span><\/span><u> <\/u><\/h3>\n<ul>\n<li><strong>Boeckmann, Klaus-B\u00f6rge <\/strong>(2010): Grundlagen des Erst- und Fremdsprachenerwerbs. Erg\u00e4nzungsheft.<\/li>\n<li><strong>Bimmel, Peter\/Rampillon, Ute<\/strong> (2008): Lernerautonomie und Lernstrategien. Langenscheidt. FSE 23.<\/li>\n<\/ul>\n<p>&nbsp;<\/p>\n<h3><span style=\"text-decoration: underline\"><span style=\"color: #808000;text-decoration: underline\"><strong>Fremdsprache Deutsch<\/strong><strong>: Zeitschrift f\u00fcr die Praxis des Deutschunterrichts<\/strong><\/span><\/span><\/h3>\n<ul>\n<li><strong>Heft 45 \/ 2011: <\/strong>Portfolioarbeit.<strong><br \/>\n<\/strong><\/li>\n<li><strong>Heft 46 \/ 2012<\/strong>: Lernstrategien.<\/li>\n<li><strong>Heft 50 \/ 2014: <\/strong>Mehrsprachigkeit.<\/li>\n<\/ul>\n<p>&nbsp;<\/p>\n<h3><span style=\"color: #808000\"><strong><u>Reihe: Qualifiziert unterrichten <\/u><\/strong><u>(Hueber)<\/u><\/span><\/h3>\n<ul>\n<li><strong>Kaufmann, Susan\/Zehnder, Erich\/Vanderheiden, Elisabeth\/Frank, Winfried<\/strong> (2007) (Hrsg.): Fortbildung f\u00fcr Kursleitende Deutsch als Zweitsprache. <strong>Band 1<\/strong>: Migration, Interkulturalit\u00e4t, DaZ.<\/li>\n<li><strong>Kaufmann, Susan\/Zehnder, Erich\/Vanderheiden, Elisabeth\/Frank, Winfried<\/strong> (2008) (Hrsg.): Fortbildung f\u00fcr Kursleitende Deutsch als Zweitsprache. <strong>Band 2<\/strong>. Didaktik, Methodik.<\/li>\n<\/ul>\n<p><strong>\u00a0<\/strong><\/p>\n<h1><span style=\"color: #99cc00\"><strong><u>Einf\u00fchrung in die Didaktik von Deutsch als Fremdsprache<\/u><\/strong><\/span><\/h1>\n<ul>\n<li><strong>Brinitzer, Michaela \/ Hantschel, Hans-J\u00fcrgen \/ Kroemer, Sandra \/ M\u00f6ller-Frorath, Monika \/ Ros, Lourdes <\/strong>(2013) (Hrsg.): DaF unterrichten. Basiswissen Didaktik Deutsch als Fremd- und Zweitsprache. Klett Verlag. Stuttgart.<\/li>\n<li><strong>Losche, Helga<\/strong> (2005): Interkulturelle Kommunikation. Sammlung praktischer Spiele und \u00dcbungen. Augsburg: ZIEL, Zentrum f\u00fcr Interdisziplin\u00e4res Erfahrungsorientiertes Lernen.<\/li>\n<\/ul>\n<h3><\/h3>\n<h3><span style=\"text-decoration: underline;color: #808000\"><strong>Reihe: FSE\u00a0<\/strong><strong>\u2192<\/strong><strong> Fernstudienangebot Deutsch als Fremdsprache <\/strong>(Langenscheidt)<\/span><\/h3>\n<ul>\n<li><strong>L\u00fcger, Heinz-Helmut<\/strong> (1993): Routinen und Rituale in der Alltagskommunikation. FSE 6.<\/li>\n<li><strong>Macaire, Dominique\/Hosch, Wolfgang<\/strong> (1996): Bilder in der Landeskunde. FSE 11.<\/li>\n<li><strong>M\u00fcller, Bernd-Dietrich <\/strong>(1994): Wortschatzarbeit und Bedeutungsvermittlung. FSE 8.<\/li>\n<li><strong>Schatz, Heide <\/strong>(2006): Fertigkeit Sprechen. FSE 20.<\/li>\n<li><strong>Westhof, Gerard<\/strong> (1997): Fertigkeit Lesen. FSE 17.<\/li>\n<li><strong>Wicke, Rainer<\/strong> (1995): Kontakte kn\u00fcpfen. FSE 5.<\/li>\n<\/ul>\n<h3><span style=\"color: #808000\"><strong><u>Fremdsprache Deutsch<\/u><\/strong><strong><u>: Zeitschrift f\u00fcr die Praxis des Deutschunterrichts<\/u><\/strong><\/span><\/h3>\n<ul>\n<li><strong>Heft 2<\/strong> <strong>\/ 1990:<\/strong> Arbeit mit Texten.<\/li>\n<li><strong>Heft 3 \/ 1990: <\/strong>Wortschatzarbeit.<strong><br \/>\n<\/strong><\/li>\n<li><strong>Heft 25 \/ 2001:<\/strong> Spielen &#8211; Denken \u2013 Handeln.<\/li>\n<li><strong>Heft 48 \/ 2013: <\/strong>Deutsch f\u00fcr Kinder.<\/li>\n<li><strong>Heft 49 \/ 2013: <\/strong>Kreativ Deutsch unterrichten.<\/li>\n<li><strong>Heft 50 \/ 2014: <\/strong>Mehrsprachigkeit.<\/li>\n<\/ul>\n<h3><span style=\"color: #808000\"><strong><u>Reihe: Zwischendurch mal\u2026 <\/u><\/strong><u>(Hueber)<\/u><\/span><\/h3>\n<ul>\n<li><strong>Zwischendurch mal\u2026 Landeskunde<\/strong><\/li>\n<\/ul>\n<p style=\"padding-left: 60px\">Specht, Franz\/Heuer, Wiebke\/Pasewalck, Silke\/Neidlinger, Dieter\/Dahmen, Kristine (2012): Zwischendurch mal\u2026 Landeskunde. Hueber Verlag.<\/p>\n<ul>\n<li><strong>Zwischendurch mal\u2026 Gedichte<\/strong><\/li>\n<\/ul>\n<p style=\"padding-left: 60px\">Wicke, Rainer E. (2012): Zwischendurch mal\u2026 Gedichte. Niveau A1-C1. Hueber Verlag.<\/p>\n<ul>\n<li><strong>Zwischendurch mal\u2026kurze Geschichten<\/strong><\/li>\n<\/ul>\n<p style=\"padding-left: 60px\">Wicke, Rainer E. (2012): Zwischendurch mal\u2026 kurze Geschichten. Niveau A2-B2. Hueber Verlag.<\/p>\n<ul>\n<li><strong>Zwischendurch mal\u2026 Projekte<\/strong><\/li>\n<\/ul>\n<p style=\"padding-left: 60px\">Hetzel, Marion (Unter Mitarbeit von Alexander Schott) (2014): Zwischendurch mal\u2026 Projekte. Niveau A1-A2. Hueber Verlag.<\/p>\n<ul>\n<li><strong>Zwischendurch mal\u2026 Lieder<\/strong><\/li>\n<\/ul>\n<p style=\"padding-left: 60px\">Specht, Franz \/ Von Jan, Eduard \/ Krenn, Wilfried \/ Neuner, Gerhard \/ B\u00f6nzli, Werner (2012): Zwischendurch mal\u2026 Lieder. Niveau A1-B1. Hueber Verlag.<\/p>\n<ul>\n<li><strong>Zwischendurch mal\u2026 Spiele<\/strong><\/li>\n<\/ul>\n<p style=\"padding-left: 60px\">Beck, Carmen \/ Duckstein, Barbara \/ Hagner, Valeska \/ Hawerlandt, Andrea \/ Heuer, Wiebke \/ Luyken, Michaela \/ Sch\u00fcmann, Anja (2012): Zwischendurch mal Spiele. Niveau A1-B1. Heuber Verlag.<\/p>\n<h1><span style=\"color: #99cc00\"><strong><u>Deutsch als Zweitsprache \u2013 Fokus: Primarbereich<\/u><\/strong><\/span><\/h1>\n<ul>\n<li><strong>Celik, <\/strong>H\u00fclya (2015): Wortschatzarbeit vor der Haust\u00fcr. In: Grundschulunterricht Deutsch, Heft 4, S. 30-33.<\/li>\n<\/ul>\n<ul>\n<li><strong>Jeuk<\/strong>, Stefan (2014): Mehrsprachigkeit wertsch\u00e4tzen und f\u00f6rdern. In. Grundschule aktuell, Heft 128, S. 6-8.<\/li>\n<\/ul>\n<ul>\n<li><strong>Jeuk<\/strong>, Stefan (2015). Deutsch als Zweitsprache in der Schule. Grundlagen \u2013 Diagnose \u2013 F\u00f6rderung. Stuttgart: Kohlhammer.<\/li>\n<\/ul>\n<ul>\n<li><strong>Ritter<\/strong>, Michael (2012): Mit Anna und Lotte ins Buchstabenland. Kreativ malen, erz\u00e4hlen und schreiben zu Bilderb\u00fcchern in Klasse 1. In: Sache-Wort-Zahl, Heft 129, S. 50-55.<\/li>\n<\/ul>\n<ul>\n<li><strong>R\u00f6sch<\/strong>, Heidi (Hrsg.): Deutsch als Zweitsprache. Sprachf\u00f6rderung: Grundlagen \u2013 \u00dcbungsideen \u2013 Kopiervorlagen. Braunschweig: Schroedel.<\/li>\n<\/ul>\n<ul>\n<li><strong>Vach<\/strong>, Karin (2015): Mehrsprachige Bilderb\u00fccher. In: Dehn, Mechthild\/Merklinger, Daniela (Hrsg.): Erz\u00e4hlen \u2013 vorlesen \u2013 zum Schm\u00f6kern anregen. Frankfurt\/Main: Grundschulverband, S. 146-155.<\/li>\n<\/ul>\n<h1><span style=\"text-decoration: underline;color: #99cc00\"><strong>Implizite Sprachf\u00f6rderung durch m\u00fcndlichen Sprachgebrauch<\/strong><\/span><\/h1>\n<ul>\n<li><strong>Becker<\/strong>, Tabea (2011): Kinder lernen erz\u00e4hlen. Zur Entwicklung der narrativen F\u00e4higkeiten von Kindern unter Ber\u00fccksichtigung der Erz\u00e4hlform.<\/li>\n<\/ul>\n<ul>\n<li><strong>Benkenstein<\/strong>, Ramona\/<strong>R\u00f6nicke<\/strong>, Nadine (2015): \u201eUnd das Kind schlug ihm mit dem Besen ein paar vor den Duffel\u201c \u2013 Das m\u00fcndliche Erz\u00e4hlen im Kontext Schule. In: Huber, Martin\/Kennedy, Beate (Hg.): Erz\u00e4hlen. Mitteilungen des Deutschen Germanistenverbandes, S. 266-277.<\/li>\n<\/ul>\n<ul>\n<li><strong>Ehlich<\/strong>, Konrad (1980): Der Alltag des Erz\u00e4hlens. In: ders. (Hg.): Erz\u00e4hlen im Alltag, S. 11-27.<\/li>\n<\/ul>\n<ul>\n<li><strong>F\u00fchmann<\/strong>, Franz: Die dampfenden H\u00e4lse der Pferde im Turm von babel. Rostock: Hinstorff.<\/li>\n<\/ul>\n<ul>\n<li><strong>Koch<\/strong>, Peter\/<strong>Oesterreicher<\/strong>, Wulf (1985): Sprache der N\u00e4he &#8211; Sprache der Distanz. M\u00fcndlichkeit und Schriftlichkeit im Spannungsfeld von Sprachtheorie und Sprachgeschichte. In: Romanistisches Jahrbuch 36\/85, S. 15-43.<\/li>\n<\/ul>\n<ul>\n<li><strong>Merkelbach<\/strong>, Valentin (1999): Zur Didaktik des m\u00fcndlichen Erz\u00e4hlens. In: Claussen, Claus \/ Merkelbach, Valentin: Erz\u00e4hlwerkstatt: M\u00fcndliches Erz\u00e4hlen. Braunschweig, S. 9-14.<\/li>\n<\/ul>\n<ul>\n<li><strong>Rodari<\/strong>, Gianni (2008): Grammatik der Phantasie. Stuttgart: Reclam.<\/li>\n<\/ul>\n<ul>\n<li><strong>Wardetzky<\/strong>, Kristin (2010): Schwimmen lernen. In: Die Grundschulzeitschrift. Heft 231, S. 44-47.<\/li>\n<\/ul>\n<ul>\n<li><strong>Wardetzky<\/strong>, Kristin (2011): Erz\u00e4hlZeit. Erz\u00e4hlen \u2013 zuh\u00f6ren \u2013 weitererz\u00e4hlen. Dokumentation 2008-2011.<\/li>\n<\/ul>\n<p>&nbsp;<\/p>\n","protected":false},"excerpt":{"rendered":"<p>Einf\u00fchrung in das Fach Deutsch als Fremdsprache Arnold, Ellen (2000): Jetzt versteh&#8216; ich das! Bessere Lernerfolge durch F\u00f6rderung der verschiedenen<\/p>\n<div class=\"read-button read_more_btn_text\"><a class=\"read_more\" href=\"https:\/\/blogs.urz.uni-halle.de\/forumdaz\/material\/literatur\/\">Read Now<span class=\"arrow_readm\"> &#x25BA;<\/span><\/a><\/div>\n","protected":false},"author":654,"featured_media":0,"parent":17,"menu_order":1,"comment_status":"closed","ping_status":"closed","template":"","meta":[],"_links":{"self":[{"href":"https:\/\/blogs.urz.uni-halle.de\/forumdaz\/wp-json\/wp\/v2\/pages\/26"}],"collection":[{"href":"https:\/\/blogs.urz.uni-halle.de\/forumdaz\/wp-json\/wp\/v2\/pages"}],"about":[{"href":"https:\/\/blogs.urz.uni-halle.de\/forumdaz\/wp-json\/wp\/v2\/types\/page"}],"author":[{"embeddable":true,"href":"https:\/\/blogs.urz.uni-halle.de\/forumdaz\/wp-json\/wp\/v2\/users\/654"}],"replies":[{"embeddable":true,"href":"https:\/\/blogs.urz.uni-halle.de\/forumdaz\/wp-json\/wp\/v2\/comments?post=26"}],"version-history":[{"count":5,"href":"https:\/\/blogs.urz.uni-halle.de\/forumdaz\/wp-json\/wp\/v2\/pages\/26\/revisions"}],"predecessor-version":[{"id":227,"href":"https:\/\/blogs.urz.uni-halle.de\/forumdaz\/wp-json\/wp\/v2\/pages\/26\/revisions\/227"}],"up":[{"embeddable":true,"href":"https:\/\/blogs.urz.uni-halle.de\/forumdaz\/wp-json\/wp\/v2\/pages\/17"}],"wp:attachment":[{"href":"https:\/\/blogs.urz.uni-halle.de\/forumdaz\/wp-json\/wp\/v2\/media?parent=26"}],"curies":[{"name":"wp","href":"https:\/\/api.w.org\/{rel}","templated":true}]}}