{"id":10,"date":"2023-06-20T08:48:26","date_gmt":"2023-06-20T06:48:26","guid":{"rendered":"https:\/\/blogs.urz.uni-halle.de\/frauenperspektiven\/?page_id=10"},"modified":"2023-09-28T11:52:02","modified_gmt":"2023-09-28T09:52:02","slug":"ueber-uns","status":"publish","type":"page","link":"https:\/\/blogs.urz.uni-halle.de\/frauenperspektiven\/ueber-uns\/","title":{"rendered":"\u00dcber uns"},"content":{"rendered":"\n<figure class=\"wp-block-gallery columns-4 is-cropped\"><ul class=\"blocks-gallery-grid\"><li class=\"blocks-gallery-item\"><figure><img loading=\"lazy\" width=\"246\" height=\"306\" src=\"https:\/\/blogs.urz.uni-halle.de\/frauenperspektiven\/files\/2023\/09\/Ido-Portraet.png\" alt=\"\" data-id=\"313\" data-full-url=\"https:\/\/blogs.urz.uni-halle.de\/frauenperspektiven\/files\/2023\/09\/Ido-Portraet.png\" data-link=\"https:\/\/blogs.urz.uni-halle.de\/frauenperspektiven\/ueber-uns\/ido-portraet\/\" class=\"wp-image-313\" srcset=\"https:\/\/blogs.urz.uni-halle.de\/frauenperspektiven\/files\/2023\/09\/Ido-Portraet.png 246w, https:\/\/blogs.urz.uni-halle.de\/frauenperspektiven\/files\/2023\/09\/Ido-Portraet-241x300.png 241w\" sizes=\"(max-width: 246px) 100vw, 246px\" \/><\/figure><\/li><li class=\"blocks-gallery-item\"><figure><img loading=\"lazy\" width=\"248\" height=\"296\" src=\"https:\/\/blogs.urz.uni-halle.de\/frauenperspektiven\/files\/2023\/09\/Jule-Portraet.png\" alt=\"\" data-id=\"314\" data-full-url=\"https:\/\/blogs.urz.uni-halle.de\/frauenperspektiven\/files\/2023\/09\/Jule-Portraet.png\" data-link=\"https:\/\/blogs.urz.uni-halle.de\/frauenperspektiven\/ueber-uns\/jule-portraet\/\" class=\"wp-image-314\" \/><\/figure><\/li><li class=\"blocks-gallery-item\"><figure><img loading=\"lazy\" width=\"238\" height=\"328\" src=\"https:\/\/blogs.urz.uni-halle.de\/frauenperspektiven\/files\/2023\/09\/Paul-Portraet.png\" alt=\"\" data-id=\"315\" data-full-url=\"https:\/\/blogs.urz.uni-halle.de\/frauenperspektiven\/files\/2023\/09\/Paul-Portraet.png\" data-link=\"https:\/\/blogs.urz.uni-halle.de\/frauenperspektiven\/ueber-uns\/paul-portraet\/\" class=\"wp-image-315\" srcset=\"https:\/\/blogs.urz.uni-halle.de\/frauenperspektiven\/files\/2023\/09\/Paul-Portraet.png 238w, https:\/\/blogs.urz.uni-halle.de\/frauenperspektiven\/files\/2023\/09\/Paul-Portraet-218x300.png 218w\" sizes=\"(max-width: 238px) 100vw, 238px\" \/><\/figure><\/li><li class=\"blocks-gallery-item\"><figure><img loading=\"lazy\" width=\"262\" height=\"308\" src=\"https:\/\/blogs.urz.uni-halle.de\/frauenperspektiven\/files\/2023\/09\/Toni-Portraet.png\" alt=\"\" data-id=\"316\" data-full-url=\"https:\/\/blogs.urz.uni-halle.de\/frauenperspektiven\/files\/2023\/09\/Toni-Portraet.png\" data-link=\"https:\/\/blogs.urz.uni-halle.de\/frauenperspektiven\/ueber-uns\/toni-portraet\/\" class=\"wp-image-316\" srcset=\"https:\/\/blogs.urz.uni-halle.de\/frauenperspektiven\/files\/2023\/09\/Toni-Portraet.png 262w, https:\/\/blogs.urz.uni-halle.de\/frauenperspektiven\/files\/2023\/09\/Toni-Portraet-255x300.png 255w\" sizes=\"(max-width: 262px) 100vw, 262px\" \/><\/figure><\/li><\/ul><figcaption class=\"blocks-gallery-caption\"><em><sub>Von links nach rechts: Ida, Jule, Paul &amp; Antonia<\/sub><\/em><\/figcaption><\/figure>\n\n\n\n<hr class=\"wp-block-separator is-style-wide\" \/>\n\n\n\n<p class=\"has-text-align-center\">Hier nochmal ein paar Informationen \u00fcber uns. Wer sind wir eigentlich und wie kam es \u00fcberhaupt zu diesem Projekt: Wir sind 4 Kommilitonen, die zur Zeit gemeinsam an der MLU Medien- und Kommunikationswissenschaft studieren. <\/p>\n\n\n\n<p class=\"has-text-align-center\">F\u00fcr ein Modul innerhalb dieses Studiums bekamen wir die Aufgabe, einen Videobeitrag sowie einen Audiobeitrag zu produzieren, anschlie\u00dfend sollten wir die fertigen Projekte auf einer selbst gebauten Website ver\u00f6ffentlichen. Und genau das haben wir getan. Unsere Aufgabe war es, uns eine interessante Projektidee aus den Themengebieten Kontraste und\/ oder Gender zu suchen. Gesagt getan, als Gruppe entschieden wir uns Frauen, ob sichtbar oder bislang unsichtbar eine Stimme zu geben und ihren Geschichten Raum zu schaffen.<\/p>\n\n\n\n<p class=\"has-text-align-center\">Dabei haben wir uns besonders auf zwei regionale Konzepte konzentriert. In unserem Video informieren wir \u00fcber die Wonderful Women Wall 2.0, welche durch die Initiative der Freiraumgalerie entstand und Frauen sowie deren Tun und Schaffen ehren soll.  Des Weiteren zeigen wir in unserem Audiost\u00fcck die Organisation Catcallsofhalle, welche Frauen besonders in schwierigen Situationen unterst\u00fctzt und ihnen Mut macht, Angriffe, vor allem gegen das eigene Geschlecht nicht einfach hinzunehmen, sondern auf diese Missst\u00e4nde aufmerksam zu machen. Somit zeigen wir Einblicke aus dem Spektrum, in welchen sich Frauen tagt\u00e4glich bewegen. Zwischen Freiheit und Einschr\u00e4nkung; zwischen Mut und Angst, vor allem aber zwischen Chancen und Grenzen.<\/p>\n\n\n\n<div style=\"height:20px\" aria-hidden=\"true\" class=\"wp-block-spacer\"><\/div>\n\n\n\n<figure class=\"wp-block-gallery columns-3 is-cropped\"><ul class=\"blocks-gallery-grid\"><li class=\"blocks-gallery-item\"><figure><img loading=\"lazy\" width=\"768\" height=\"1024\" src=\"https:\/\/blogs.urz.uni-halle.de\/frauenperspektiven\/files\/2023\/09\/Dreh-4-768x1024.jpg\" alt=\"\" data-id=\"231\" data-link=\"https:\/\/blogs.urz.uni-halle.de\/frauenperspektiven\/ueber-uns\/dreh-4\/\" class=\"wp-image-231\" srcset=\"https:\/\/blogs.urz.uni-halle.de\/frauenperspektiven\/files\/2023\/09\/Dreh-4-768x1024.jpg 768w, https:\/\/blogs.urz.uni-halle.de\/frauenperspektiven\/files\/2023\/09\/Dreh-4-225x300.jpg 225w, https:\/\/blogs.urz.uni-halle.de\/frauenperspektiven\/files\/2023\/09\/Dreh-4-1152x1536.jpg 1152w, https:\/\/blogs.urz.uni-halle.de\/frauenperspektiven\/files\/2023\/09\/Dreh-4.jpg 1536w\" sizes=\"(max-width: 768px) 100vw, 768px\" \/><\/figure><\/li><li class=\"blocks-gallery-item\"><figure><img loading=\"lazy\" width=\"768\" height=\"1024\" src=\"https:\/\/blogs.urz.uni-halle.de\/frauenperspektiven\/files\/2023\/09\/Dreh-2-768x1024.jpg\" alt=\"\" data-id=\"229\" data-link=\"https:\/\/blogs.urz.uni-halle.de\/frauenperspektiven\/ueber-uns\/dreh-2\/\" class=\"wp-image-229\" srcset=\"https:\/\/blogs.urz.uni-halle.de\/frauenperspektiven\/files\/2023\/09\/Dreh-2-768x1024.jpg 768w, https:\/\/blogs.urz.uni-halle.de\/frauenperspektiven\/files\/2023\/09\/Dreh-2-225x300.jpg 225w, https:\/\/blogs.urz.uni-halle.de\/frauenperspektiven\/files\/2023\/09\/Dreh-2-1152x1536.jpg 1152w, https:\/\/blogs.urz.uni-halle.de\/frauenperspektiven\/files\/2023\/09\/Dreh-2.jpg 1500w\" sizes=\"(max-width: 768px) 100vw, 768px\" \/><\/figure><\/li><li class=\"blocks-gallery-item\"><figure><img loading=\"lazy\" width=\"768\" height=\"1024\" src=\"https:\/\/blogs.urz.uni-halle.de\/frauenperspektiven\/files\/2023\/09\/Dreh-1-768x1024.jpg\" alt=\"\" data-id=\"228\" data-link=\"https:\/\/blogs.urz.uni-halle.de\/frauenperspektiven\/ueber-uns\/dreh-1\/\" class=\"wp-image-228\" srcset=\"https:\/\/blogs.urz.uni-halle.de\/frauenperspektiven\/files\/2023\/09\/Dreh-1-768x1024.jpg 768w, https:\/\/blogs.urz.uni-halle.de\/frauenperspektiven\/files\/2023\/09\/Dreh-1-225x300.jpg 225w, https:\/\/blogs.urz.uni-halle.de\/frauenperspektiven\/files\/2023\/09\/Dreh-1-1152x1536.jpg 1152w, https:\/\/blogs.urz.uni-halle.de\/frauenperspektiven\/files\/2023\/09\/Dreh-1.jpg 1500w\" sizes=\"(max-width: 768px) 100vw, 768px\" \/><\/figure><\/li><\/ul><figcaption class=\"blocks-gallery-caption\"><em><sub>Ein kleiner Einblick in unsere Arbeit<\/sub><\/em><\/figcaption><\/figure>\n\n\n\n<hr class=\"wp-block-separator is-style-wide\" \/>\n\n\n\n<p class=\"has-text-align-center\">Wir sind sehr dankbar, dass wir durch dieses Projekt mit vielen inspirierenden Menschen in Kontakt gekommen sind. Ohne die zahlreichen helfenden H\u00e4nde, die uns tatkr\u00e4ftig unterst\u00fctzt haben, w\u00e4re es uns bei Weitem nicht gelungen, diese Aufgabe in dem Rahmen zu erf\u00fcllen, wie wir es uns gew\u00fcnscht hatten. Um noch einmal alle Helfer zu w\u00fcrdigen, wird es im Folgenden eine Auflistung aller Beteiligten geben. Wir bedanken uns f\u00fcr eure&nbsp;Unterst\u00fctzung!<\/p>\n\n\n\n<p class=\"has-text-align-center\"><strong><span style=\"color:#fff600\" class=\"has-inline-color\">Credits:<\/span><\/strong><\/p>\n\n\n\n<p class=\"has-text-align-center\">Produktion:<br>Kamera 1: Paul Fiedler<br>Kamera 2: Antonia Kretschmann<br>Redaktion: Ida Sch\u00f6nberg<br>Ton: Jule Sander<br>Organisation: Antonia Kretschmann<\/p>\n\n\n\n<p class=\"has-text-align-center\">Audio:<br>Protagonisten: Corinna und Tina von den catcallsofhalle<br>Sprecher 1: Paul Fiedler<br>Sprecher 2: Oskar Baron<br>Sprecher 3: Ziad Abdeljawad<br>Sprecher 4: Tom Beschle<br>Voice-Over: Antonia Kretschmann<br>Musik: Martin Gr\u00fcnhagen<br>Schnitt: Ida Sch\u00f6nberg<\/p>\n\n\n\n<p class=\"has-text-align-center\">Video:<br>Protagonistin 1: Ina Treise von der Freiraumgalerie<br>Protagonistin 2: Sissy Metzschke von MDR Jump<br>Schnitt: Paul Fiedler<\/p>\n\n\n\n<p class=\"has-text-align-center\">Website:<br>Umsetzung: Jule Sander<\/p>\n\n\n\n<p class=\"has-text-align-center\">Des Weiteren danken wir:<br>Freiraumgalerie,<br>Agentur Ravenrocker,<br>Clemens Walther,<br>Renja-Arlene Dietze,<br>Konrad Brehmer,<br>Leif Ziemann,<br>Mirko Arndt,<br>Pascal Kolbe &amp;<br>Christin&nbsp;Gutwasser<\/p>\n\n\n\n<hr class=\"wp-block-separator is-style-wide\" \/>\n\n\n\n<p class=\"has-text-align-center\"><em><sub>Bildquelle: Foto von  <a href=\"https:\/\/dubisthalle.de\/wp-content\/uploads\/2020\/11\/PI_114_Zukunftsbahnhof_Halle_Kunstprojekt-data-scaled.jpg\" data-type=\"URL\" data-id=\"https:\/\/dubisthalle.de\/wp-content\/uploads\/2020\/11\/PI_114_Zukunftsbahnhof_Halle_Kunstprojekt-data-scaled.jpg\" target=\"_blank\" rel=\"noreferrer noopener\">Wonderful Women Wall 2.0<\/a> in einem Beitrag von Eseppelt, von Website &#8222;Du bist Halle&#8220;<\/sub><\/em>; <em><sub>alle weiteren verwendeten Fotos selbst fotografiert<\/sub><\/em><\/p>\n\n\n\n<p><\/p>\n","protected":false},"excerpt":{"rendered":"<div class=\"entry-summary\">\nHier nochmal ein paar Informationen \u00fcber uns. Wer sind wir eigentlich und wie kam es \u00fcberhaupt zu diesem Projekt: Wir&hellip;\n<\/div>\n<div class=\"link-more\"><a href=\"https:\/\/blogs.urz.uni-halle.de\/frauenperspektiven\/ueber-uns\/\" class=\"more-link\">Continue reading<span class=\"screen-reader-text\"> &ldquo;\u00dcber uns&rdquo;<\/span>&hellip;<\/a><\/div>\n","protected":false},"author":5848,"featured_media":0,"parent":0,"menu_order":0,"comment_status":"closed","ping_status":"closed","template":"","meta":[],"_links":{"self":[{"href":"https:\/\/blogs.urz.uni-halle.de\/frauenperspektiven\/wp-json\/wp\/v2\/pages\/10"}],"collection":[{"href":"https:\/\/blogs.urz.uni-halle.de\/frauenperspektiven\/wp-json\/wp\/v2\/pages"}],"about":[{"href":"https:\/\/blogs.urz.uni-halle.de\/frauenperspektiven\/wp-json\/wp\/v2\/types\/page"}],"author":[{"embeddable":true,"href":"https:\/\/blogs.urz.uni-halle.de\/frauenperspektiven\/wp-json\/wp\/v2\/users\/5848"}],"replies":[{"embeddable":true,"href":"https:\/\/blogs.urz.uni-halle.de\/frauenperspektiven\/wp-json\/wp\/v2\/comments?post=10"}],"version-history":[{"count":10,"href":"https:\/\/blogs.urz.uni-halle.de\/frauenperspektiven\/wp-json\/wp\/v2\/pages\/10\/revisions"}],"predecessor-version":[{"id":323,"href":"https:\/\/blogs.urz.uni-halle.de\/frauenperspektiven\/wp-json\/wp\/v2\/pages\/10\/revisions\/323"}],"wp:attachment":[{"href":"https:\/\/blogs.urz.uni-halle.de\/frauenperspektiven\/wp-json\/wp\/v2\/media?parent=10"}],"curies":[{"name":"wp","href":"https:\/\/api.w.org\/{rel}","templated":true}]}}