{"id":109,"date":"2023-06-27T18:59:20","date_gmt":"2023-06-27T16:59:20","guid":{"rendered":"https:\/\/blogs.urz.uni-halle.de\/frauenperspektiven\/?page_id=109"},"modified":"2023-09-27T18:52:08","modified_gmt":"2023-09-27T16:52:08","slug":"drehtage","status":"publish","type":"page","link":"https:\/\/blogs.urz.uni-halle.de\/frauenperspektiven\/drehtage\/","title":{"rendered":"Drehtage"},"content":{"rendered":"\n<p class=\"has-text-align-left\"><strong>Drehtag 1:<\/strong> Interview mit Ina Treihse als Vertreterin der Freiraumgalerie<\/p>\n\n\n\n<p class=\"has-text-align-left\">Unser erster Drehtag fand am 20.03.2023 statt. Am besagten Montag fingen wir an, den ersten Teil des Videobeitrags zu drehen. Daf\u00fcr haben wir zum Thema Frauen &#8211; Chancen ein Interview mit Ina Treihse gef\u00fchrt. Sie als K\u00fcnstlerin der <a rel=\"noreferrer noopener\" href=\"https:\/\/www.instagram.com\/freiraumgalerie\/\" data-type=\"URL\" data-id=\"https:\/\/www.instagram.com\/freiraumgalerie\/\" target=\"_blank\">Freiraumgalerie<\/a> war an der Wonderful Women Wall 2.0 beteiligt. Diese Wandmalerei soll dazu beitragen, die Sichtbarkeit von bekannten Hallenserinnen zu erh\u00f6hen. <\/p>\n\n\n\n<p class=\"has-text-align-left\">Alles Weitere dazu k\u00f6nnt ihr unter der Rubrik <a href=\"https:\/\/blogs.urz.uni-halle.de\/frauenperspektiven\/video\/\" data-type=\"URL\" data-id=\"https:\/\/blogs.urz.uni-halle.de\/frauenperspektiven\/video\/\">Video<\/a> lesen. <\/p>\n\n\n\n<p class=\"has-text-align-left\">Unser Interview fand im K\u00fcnstlerb\u00fcro der Freiraumgalerie statt, im Folgenden seht ihr ein paar Eindr\u00fccke von unserem Dreh: <\/p>\n\n\n\n<figure class=\"wp-block-image size-large\"><img loading=\"lazy\" width=\"1024\" height=\"576\" src=\"https:\/\/blogs.urz.uni-halle.de\/frauenperspektiven\/files\/2023\/06\/Ina-T-1-1024x576.jpg\" alt=\"\" class=\"wp-image-119\" srcset=\"https:\/\/blogs.urz.uni-halle.de\/frauenperspektiven\/files\/2023\/06\/Ina-T-1-1024x576.jpg 1024w, https:\/\/blogs.urz.uni-halle.de\/frauenperspektiven\/files\/2023\/06\/Ina-T-1-300x169.jpg 300w, https:\/\/blogs.urz.uni-halle.de\/frauenperspektiven\/files\/2023\/06\/Ina-T-1-768x432.jpg 768w, https:\/\/blogs.urz.uni-halle.de\/frauenperspektiven\/files\/2023\/06\/Ina-T-1-1536x864.jpg 1536w, https:\/\/blogs.urz.uni-halle.de\/frauenperspektiven\/files\/2023\/06\/Ina-T-1.jpg 1600w\" sizes=\"(max-width: 1024px) 100vw, 1024px\" \/><figcaption><em><sub><sup>Ina Treihse w\u00e4hrend des Interviews<\/sup><\/sub><\/em><\/figcaption><\/figure>\n\n\n\n<figure class=\"wp-block-image size-large\"><img loading=\"lazy\" width=\"1024\" height=\"683\" src=\"https:\/\/blogs.urz.uni-halle.de\/frauenperspektiven\/files\/2023\/06\/Gruppenfoto-Ina-Treihse-1024x683.jpg\" alt=\"\" class=\"wp-image-115\" srcset=\"https:\/\/blogs.urz.uni-halle.de\/frauenperspektiven\/files\/2023\/06\/Gruppenfoto-Ina-Treihse-1024x683.jpg 1024w, https:\/\/blogs.urz.uni-halle.de\/frauenperspektiven\/files\/2023\/06\/Gruppenfoto-Ina-Treihse-300x200.jpg 300w, https:\/\/blogs.urz.uni-halle.de\/frauenperspektiven\/files\/2023\/06\/Gruppenfoto-Ina-Treihse-768x512.jpg 768w, https:\/\/blogs.urz.uni-halle.de\/frauenperspektiven\/files\/2023\/06\/Gruppenfoto-Ina-Treihse-1536x1024.jpg 1536w, https:\/\/blogs.urz.uni-halle.de\/frauenperspektiven\/files\/2023\/06\/Gruppenfoto-Ina-Treihse-2048x1365.jpg 2048w\" sizes=\"(max-width: 1024px) 100vw, 1024px\" \/><figcaption><em><sup><sub>Crew und Ina Treihse nach dem Dreh<\/sub><\/sup><\/em><\/figcaption><\/figure>\n\n\n\n<hr class=\"wp-block-separator is-style-wide\" \/>\n\n\n\n<p class=\"has-text-align-left\"><strong>Drehtag 2:<\/strong> Interview mit Moderatorin Sissy Metzschke<\/p>\n\n\n\n<p class=\"has-text-align-left\">Unser zweiter Drehtag schloss sich direkt an den ersten an und begann mit der Umsetzung des <a href=\"https:\/\/blogs.urz.uni-halle.de\/frauenperspektiven\/video\/\" data-type=\"URL\" data-id=\"https:\/\/blogs.urz.uni-halle.de\/frauenperspektiven\/video\/\">Videobeitrags<\/a>. Am Dienstag, den 21.03.23, trafen wir uns gleich morgens, um den Dreh mit MDR Jump Moderatorin <a rel=\"noreferrer noopener\" href=\"https:\/\/www.instagram.com\/sissy_metzschke\/\" data-type=\"URL\" data-id=\"https:\/\/www.instagram.com\/sissy_metzschke\/\" target=\"_blank\">Sissy Metzschke<\/a> vorzubereiten. Dank der eingeplanten Pufferzeit und trotz kleinerer Technikprobleme zu Beginn konnten wir letztendlich ein interessantes Interview mit Sissy f\u00fchren.<\/p>\n\n\n\n<p class=\"has-text-align-left\">Auch von diesem Tag seht ihr hier ein paar Fotos:<\/p>\n\n\n\n<figure class=\"wp-block-image size-large\"><img loading=\"lazy\" width=\"1024\" height=\"576\" src=\"https:\/\/blogs.urz.uni-halle.de\/frauenperspektiven\/files\/2023\/06\/Dreh-Sissy--1024x576.jpg\" alt=\"\" class=\"wp-image-98\" srcset=\"https:\/\/blogs.urz.uni-halle.de\/frauenperspektiven\/files\/2023\/06\/Dreh-Sissy--1024x576.jpg 1024w, https:\/\/blogs.urz.uni-halle.de\/frauenperspektiven\/files\/2023\/06\/Dreh-Sissy--300x169.jpg 300w, https:\/\/blogs.urz.uni-halle.de\/frauenperspektiven\/files\/2023\/06\/Dreh-Sissy--768x432.jpg 768w, https:\/\/blogs.urz.uni-halle.de\/frauenperspektiven\/files\/2023\/06\/Dreh-Sissy--1536x864.jpg 1536w, https:\/\/blogs.urz.uni-halle.de\/frauenperspektiven\/files\/2023\/06\/Dreh-Sissy--1920x1080.jpg 1920w, https:\/\/blogs.urz.uni-halle.de\/frauenperspektiven\/files\/2023\/06\/Dreh-Sissy-.jpg 2016w\" sizes=\"(max-width: 1024px) 100vw, 1024px\" \/><figcaption><em><sup><sub>Interview mit Sissy Metzschke<\/sub><\/sup><\/em><\/figcaption><\/figure>\n\n\n\n<figure class=\"wp-block-image size-large\"><img loading=\"lazy\" width=\"1024\" height=\"683\" src=\"https:\/\/blogs.urz.uni-halle.de\/frauenperspektiven\/files\/2023\/06\/Gruppenfoto-Sissy-Metzschke-1024x683.jpg\" alt=\"\" class=\"wp-image-116\" srcset=\"https:\/\/blogs.urz.uni-halle.de\/frauenperspektiven\/files\/2023\/06\/Gruppenfoto-Sissy-Metzschke-1024x683.jpg 1024w, https:\/\/blogs.urz.uni-halle.de\/frauenperspektiven\/files\/2023\/06\/Gruppenfoto-Sissy-Metzschke-300x200.jpg 300w, https:\/\/blogs.urz.uni-halle.de\/frauenperspektiven\/files\/2023\/06\/Gruppenfoto-Sissy-Metzschke-768x512.jpg 768w, https:\/\/blogs.urz.uni-halle.de\/frauenperspektiven\/files\/2023\/06\/Gruppenfoto-Sissy-Metzschke-1536x1024.jpg 1536w, https:\/\/blogs.urz.uni-halle.de\/frauenperspektiven\/files\/2023\/06\/Gruppenfoto-Sissy-Metzschke-2048x1365.jpg 2048w\" sizes=\"(max-width: 1024px) 100vw, 1024px\" \/><figcaption><em><sup><sub>Crew und Sissy Metzschke<\/sub><\/sup><\/em><\/figcaption><\/figure>\n\n\n\n<hr class=\"wp-block-separator is-style-wide\" \/>\n\n\n\n<p class=\"has-text-align-left\"><strong>Drehtag 3<\/strong>: Interview mit Catcallsofhalle<\/p>\n\n\n\n<p class=\"has-text-align-left\">Unser letzter Dreh fand am Mittwoch den 22.03.23 statt. Es standen noch die Aufnahmen f\u00fcr den Audiobeitrag an. F\u00fcr diesen haben wir ein Interview mit der Organisation <a href=\"https:\/\/www.instagram.com\/catcallsofhalle\/\" data-type=\"URL\" data-id=\"https:\/\/www.instagram.com\/catcallsofhalle\/\">@catcallsofhalle<\/a> geplant. Am sp\u00e4ten Nachmittag trafen wir uns mit unseren beiden Interviewpartnerinnen auf dem Marktplatz in Halle. Wir begleiteten sie dabei, wie sie die Geschichte eines Catcallingopfers auf die Stra\u00dfe schrieben. Wir entfernten uns anschlie\u00dfend etwas vom Geschehen, um zu beobachten, wie Passanten auf den bunten Schriftzug reagierten. Von Verwirrung bis aktivem Interesse war alles dabei. Es war f\u00fcr alle von uns eine sehr spannende Erfahrung. Anschlie\u00dfend f\u00fchrten wir das Interview im Studio des MMZ weiter. Dort konnten wir au\u00dferdem einige in der \u00d6ffentlichkeit get\u00e4tigte Catcalling- Aussagen aufnehmen, die von unseren m\u00e4nnlichen Unterst\u00fctzern eingesprochen wurden. Den fertigen Audiobetrag findet ihr <a href=\"https:\/\/blogs.urz.uni-halle.de\/frauenperspektiven\/audio-2\/\" data-type=\"URL\" data-id=\"https:\/\/blogs.urz.uni-halle.de\/frauenperspektiven\/audio-2\/\">hier<\/a>.<\/p>\n\n\n\n<p class=\"has-text-align-left\">Von Tag 3 wollen wir euch die Bilder nat\u00fcrlich nicht vorenthalten: <\/p>\n\n\n\n<figure class=\"wp-block-image size-large\"><img loading=\"lazy\" width=\"1024\" height=\"575\" src=\"https:\/\/blogs.urz.uni-halle.de\/frauenperspektiven\/files\/2023\/06\/P1024594-2-1024x575.jpg\" alt=\"\" class=\"wp-image-118\" srcset=\"https:\/\/blogs.urz.uni-halle.de\/frauenperspektiven\/files\/2023\/06\/P1024594-2-1024x575.jpg 1024w, https:\/\/blogs.urz.uni-halle.de\/frauenperspektiven\/files\/2023\/06\/P1024594-2-300x169.jpg 300w, https:\/\/blogs.urz.uni-halle.de\/frauenperspektiven\/files\/2023\/06\/P1024594-2-768x431.jpg 768w, https:\/\/blogs.urz.uni-halle.de\/frauenperspektiven\/files\/2023\/06\/P1024594-2-1536x863.jpg 1536w, https:\/\/blogs.urz.uni-halle.de\/frauenperspektiven\/files\/2023\/06\/P1024594-2-2048x1150.jpg 2048w, https:\/\/blogs.urz.uni-halle.de\/frauenperspektiven\/files\/2023\/06\/P1024594-2-1920x1080.jpg 1920w\" sizes=\"(max-width: 1024px) 100vw, 1024px\" \/><figcaption><em><sup><sub>Crew und @catcallsofhalle<\/sub><\/sup><\/em><\/figcaption><\/figure>\n\n\n\n<figure class=\"wp-block-image size-large\"><img loading=\"lazy\" width=\"1024\" height=\"576\" src=\"https:\/\/blogs.urz.uni-halle.de\/frauenperspektiven\/files\/2023\/06\/Audioaufnahme-1024x576.jpg\" alt=\"\" class=\"wp-image-97\" srcset=\"https:\/\/blogs.urz.uni-halle.de\/frauenperspektiven\/files\/2023\/06\/Audioaufnahme-1024x576.jpg 1024w, https:\/\/blogs.urz.uni-halle.de\/frauenperspektiven\/files\/2023\/06\/Audioaufnahme-300x169.jpg 300w, https:\/\/blogs.urz.uni-halle.de\/frauenperspektiven\/files\/2023\/06\/Audioaufnahme-768x432.jpg 768w, https:\/\/blogs.urz.uni-halle.de\/frauenperspektiven\/files\/2023\/06\/Audioaufnahme-1536x864.jpg 1536w, https:\/\/blogs.urz.uni-halle.de\/frauenperspektiven\/files\/2023\/06\/Audioaufnahme-1920x1080.jpg 1920w, https:\/\/blogs.urz.uni-halle.de\/frauenperspektiven\/files\/2023\/06\/Audioaufnahme.jpg 2016w\" sizes=\"(max-width: 1024px) 100vw, 1024px\" \/><figcaption><em><sup><sub>Interview mit @catcallsofhalle<\/sub><\/sup><\/em><\/figcaption><\/figure>\n\n\n\n<figure class=\"wp-block-image size-large\"><img loading=\"lazy\" width=\"1024\" height=\"768\" src=\"https:\/\/blogs.urz.uni-halle.de\/frauenperspektiven\/files\/2023\/06\/Catcalls-einsprechen-1-1024x768.jpg\" alt=\"\" class=\"wp-image-121\" srcset=\"https:\/\/blogs.urz.uni-halle.de\/frauenperspektiven\/files\/2023\/06\/Catcalls-einsprechen-1-1024x768.jpg 1024w, https:\/\/blogs.urz.uni-halle.de\/frauenperspektiven\/files\/2023\/06\/Catcalls-einsprechen-1-300x225.jpg 300w, https:\/\/blogs.urz.uni-halle.de\/frauenperspektiven\/files\/2023\/06\/Catcalls-einsprechen-1-768x576.jpg 768w, https:\/\/blogs.urz.uni-halle.de\/frauenperspektiven\/files\/2023\/06\/Catcalls-einsprechen-1-1536x1152.jpg 1536w, https:\/\/blogs.urz.uni-halle.de\/frauenperspektiven\/files\/2023\/06\/Catcalls-einsprechen-1.jpg 2048w\" sizes=\"(max-width: 1024px) 100vw, 1024px\" \/><figcaption><em><sup><sub>Catcallspr\u00fcche einsprechen<\/sub><\/sup><\/em><\/figcaption><\/figure>\n","protected":false},"excerpt":{"rendered":"<div class=\"entry-summary\">\nDrehtag 1: Interview mit Ina Treihse als Vertreterin der Freiraumgalerie Unser erster Drehtag fand am 20.03.2023 statt. Am besagten Montag&hellip;\n<\/div>\n<div class=\"link-more\"><a href=\"https:\/\/blogs.urz.uni-halle.de\/frauenperspektiven\/drehtage\/\" class=\"more-link\">Continue reading<span class=\"screen-reader-text\"> &ldquo;Drehtage&rdquo;<\/span>&hellip;<\/a><\/div>\n","protected":false},"author":5848,"featured_media":0,"parent":0,"menu_order":0,"comment_status":"closed","ping_status":"closed","template":"","meta":[],"_links":{"self":[{"href":"https:\/\/blogs.urz.uni-halle.de\/frauenperspektiven\/wp-json\/wp\/v2\/pages\/109"}],"collection":[{"href":"https:\/\/blogs.urz.uni-halle.de\/frauenperspektiven\/wp-json\/wp\/v2\/pages"}],"about":[{"href":"https:\/\/blogs.urz.uni-halle.de\/frauenperspektiven\/wp-json\/wp\/v2\/types\/page"}],"author":[{"embeddable":true,"href":"https:\/\/blogs.urz.uni-halle.de\/frauenperspektiven\/wp-json\/wp\/v2\/users\/5848"}],"replies":[{"embeddable":true,"href":"https:\/\/blogs.urz.uni-halle.de\/frauenperspektiven\/wp-json\/wp\/v2\/comments?post=109"}],"version-history":[{"count":9,"href":"https:\/\/blogs.urz.uni-halle.de\/frauenperspektiven\/wp-json\/wp\/v2\/pages\/109\/revisions"}],"predecessor-version":[{"id":308,"href":"https:\/\/blogs.urz.uni-halle.de\/frauenperspektiven\/wp-json\/wp\/v2\/pages\/109\/revisions\/308"}],"wp:attachment":[{"href":"https:\/\/blogs.urz.uni-halle.de\/frauenperspektiven\/wp-json\/wp\/v2\/media?parent=109"}],"curies":[{"name":"wp","href":"https:\/\/api.w.org\/{rel}","templated":true}]}}