{"id":12,"date":"2023-06-20T08:48:26","date_gmt":"2023-06-20T06:48:26","guid":{"rendered":"https:\/\/blogs.urz.uni-halle.de\/frauenperspektiven\/?page_id=12"},"modified":"2023-10-15T12:40:09","modified_gmt":"2023-10-15T10:40:09","slug":"audio-2","status":"publish","type":"page","link":"https:\/\/blogs.urz.uni-halle.de\/frauenperspektiven\/audio-2\/","title":{"rendered":"Audiobeitrag"},"content":{"rendered":"\n<figure class=\"wp-block-image size-large\"><img loading=\"lazy\" width=\"1024\" height=\"576\" src=\"https:\/\/blogs.urz.uni-halle.de\/frauenperspektiven\/files\/2023\/10\/FontGrenzen_MUK-1024x576.jpg\" alt=\"\" class=\"wp-image-348\" srcset=\"https:\/\/blogs.urz.uni-halle.de\/frauenperspektiven\/files\/2023\/10\/FontGrenzen_MUK-1024x576.jpg 1024w, https:\/\/blogs.urz.uni-halle.de\/frauenperspektiven\/files\/2023\/10\/FontGrenzen_MUK-300x169.jpg 300w, https:\/\/blogs.urz.uni-halle.de\/frauenperspektiven\/files\/2023\/10\/FontGrenzen_MUK-768x432.jpg 768w, https:\/\/blogs.urz.uni-halle.de\/frauenperspektiven\/files\/2023\/10\/FontGrenzen_MUK-1536x864.jpg 1536w, https:\/\/blogs.urz.uni-halle.de\/frauenperspektiven\/files\/2023\/10\/FontGrenzen_MUK-2048x1152.jpg 2048w, https:\/\/blogs.urz.uni-halle.de\/frauenperspektiven\/files\/2023\/10\/FontGrenzen_MUK-1920x1080.jpg 1920w\" sizes=\"(max-width: 1024px) 100vw, 1024px\" \/><\/figure>\n\n\n\n<hr class=\"wp-block-separator is-style-wide\" \/>\n\n\n\n<figure class=\"wp-block-pullquote is-style-default\"><blockquote><p>Es ist an der Zeit, mit dem Versuch aufzuh\u00f6ren, Frauen zu ver\u00e4ndern, und damit zu beginnen, die Systeme zu ver\u00e4ndern, die sie daran hindern, ihr Potenzial zu entfalten. <\/p><cite>Ant\u00f3nio Guterres , M\u00e4rz 2020 <\/cite><\/blockquote><\/figure>\n\n\n\n<div style=\"height:20px\" aria-hidden=\"true\" class=\"wp-block-spacer\"><\/div>\n\n\n\n<p class=\"has-text-align-center\">In unserem Audiobeitrag haben wir uns mit dem Thema &#8222;Catcalling&#8220; besch\u00e4ftigt.  Was das ist und wie ihr als Betroffene damit umgehen k\u00f6nnt, erkl\u00e4ren euch Tina und Corinna von der Organisation <a href=\"https:\/\/www.instagram.com\/catcallsofhalle\/\" data-type=\"URL\" data-id=\"https:\/\/www.instagram.com\/catcallsofhalle\/\">Catcallsofhalle<\/a>. Die beiden sind aktive Mitglieder der Gruppe und geben uns einen Einblick in ihre Arbeit. Unter anderem geht es um pers\u00f6nliche Geschichten der beiden. Es ist demnach ein sehr emotionaler Beitrag, der nicht nur aufkl\u00e4ren soll, sondern gleichzeitig auch zum Nachdenken anregt. <\/p>\n\n\n\n<p class=\"has-text-align-center\"><strong><span style=\"color:#fff600\" class=\"has-inline-color\">Achtung Triggerwarnung!<\/span><\/strong> Im Folgenden Audiost\u00fcck wird explizit sexuelle Bel\u00e4stigung im \u00f6ffentlichen Raum thematisiert. Sollte sich jemand mit diesem Thema unwohl f\u00fchlen, ist es ratsam den Beitrag mit einer unterst\u00fctzenden Person gemeinsam zu h\u00f6ren oder lieber auf das H\u00f6ren zu verzichten.<\/p>\n\n\n\n<div style=\"height:40px\" aria-hidden=\"true\" class=\"wp-block-spacer\"><\/div>\n\n\n\n<figure class=\"wp-block-audio\"><audio controls src=\"https:\/\/blogs.urz.uni-halle.de\/frauenperspektiven\/files\/2023\/09\/Audiobeitrag-Catcallsofhalle.mp3\"><\/audio><figcaption><em><sub>Interview mit Catcallsofhalle<\/sub><\/em><\/figcaption><\/figure>\n\n\n\n<div style=\"height:40px\" aria-hidden=\"true\" class=\"wp-block-spacer\"><\/div>\n\n\n\n<p class=\"has-text-align-center\">F\u00fcr alle, die keine Zeit zum H\u00f6ren haben, hier die groben Fakten:<\/p>\n\n\n\n<ul><li>Catcalling bezeichnet sexuell anz\u00fcgliches Rufen, Reden, Pfeifen oder sonstige Laute im \u00f6ffentlichen Raum.<\/li><li>Es betrifft meistens Frauen.<\/li><li>Im Audiobeitrag h\u00f6rt ihr ein Interview mit der Organisation Catcallsofhalle.<\/li><li>Sie kreiden Vorf\u00e4lle, die in Halle geschehen, \u00f6ffentlich an.<\/li><li>Ihr wollt eure Geschichte ebenfalls teilen oder m\u00f6chtet mehr \u00fcber dieses Thema erfahren? Dann schaut gerne auf dem gleichnamigen Instagramaccount der <a rel=\"noreferrer noopener\" href=\"https:\/\/www.instagram.com\/catcallsofhalle\/\" data-type=\"URL\" data-id=\"https:\/\/www.instagram.com\/catcallsofhalle\/\" target=\"_blank\">Catcallsofhalle<\/a> vorbei.<\/li><\/ul>\n\n\n\n<div class=\"wp-block-group\"><div class=\"wp-block-group__inner-container\">\n<div style=\"height:30px\" aria-hidden=\"true\" class=\"wp-block-spacer\"><\/div>\n<\/div><\/div>\n\n\n\n<pre class=\"wp-block-verse has-text-align-center\">Merke: Worte k\u00f6nnen treffen wie ein Faustschlag<\/pre>\n\n\n\n<div style=\"height:40px\" aria-hidden=\"true\" class=\"wp-block-spacer\"><\/div>\n\n\n\n<div class=\"wp-block-buttons\">\n<div class=\"wp-block-button is-style-fill\"><a class=\"wp-block-button__link\" href=\"https:\/\/blogs.urz.uni-halle.de\/frauenperspektiven\/\" target=\"_blank\" rel=\"noreferrer noopener\">Startseite<\/a><\/div>\n\n\n\n<div class=\"wp-block-button is-style-fill\"><a class=\"wp-block-button__link\" href=\"https:\/\/blogs.urz.uni-halle.de\/frauenperspektiven\/video\/\" target=\"_blank\" rel=\"noreferrer noopener\">Videobeitrag<\/a><\/div>\n\n\n\n<div class=\"wp-block-button is-style-fill\"><a class=\"wp-block-button__link\" href=\"https:\/\/blogs.urz.uni-halle.de\/frauenperspektiven\/drehtage\/\" target=\"_blank\" rel=\"noreferrer noopener\">Dreh<\/a><\/div>\n\n\n\n<div class=\"wp-block-button is-style-fill\"><a class=\"wp-block-button__link\" href=\"https:\/\/blogs.urz.uni-halle.de\/frauenperspektiven\/ueber-uns\/\" target=\"_blank\" rel=\"noreferrer noopener\">\u00dcber uns<\/a><\/div>\n<\/div>\n\n\n\n<div style=\"height:41px\" aria-hidden=\"true\" class=\"wp-block-spacer\"><\/div>\n\n\n\n<ul class=\"wp-block-social-links\"><li class=\"wp-social-link wp-social-link-wordpress\"><a href=\"https:\/\/wordpress.org\" aria-label=\"WordPress\"> <svg width=\"24\" height=\"24\" viewBox=\"0 0 24 24\" version=\"1.1\" xmlns=\"http:\/\/www.w3.org\/2000\/svg\" role=\"img\" aria-hidden=\"true\" focusable=\"false\"><path d=\"M12.158,12.786L9.46,20.625c0.806,0.237,1.657,0.366,2.54,0.366c1.047,0,2.051-0.181,2.986-0.51 c-0.024-0.038-0.046-0.079-0.065-0.124L12.158,12.786z M3.009,12c0,3.559,2.068,6.634,5.067,8.092L3.788,8.341 C3.289,9.459,3.009,10.696,3.009,12z M18.069,11.546c0-1.112-0.399-1.881-0.741-2.48c-0.456-0.741-0.883-1.368-0.883-2.109 c0-0.826,0.627-1.596,1.51-1.596c0.04,0,0.078,0.005,0.116,0.007C16.472,3.904,14.34,3.009,12,3.009 c-3.141,0-5.904,1.612-7.512,4.052c0.211,0.007,0.41,0.011,0.579,0.011c0.94,0,2.396-0.114,2.396-0.114 C7.947,6.93,8.004,7.642,7.52,7.699c0,0-0.487,0.057-1.029,0.085l3.274,9.739l1.968-5.901l-1.401-3.838 C9.848,7.756,9.389,7.699,9.389,7.699C8.904,7.67,8.961,6.93,9.446,6.958c0,0,1.484,0.114,2.368,0.114 c0.94,0,2.397-0.114,2.397-0.114c0.485-0.028,0.542,0.684,0.057,0.741c0,0-0.488,0.057-1.029,0.085l3.249,9.665l0.897-2.996 C17.841,13.284,18.069,12.316,18.069,11.546z M19.889,7.686c0.039,0.286,0.06,0.593,0.06,0.924c0,0.912-0.171,1.938-0.684,3.22 l-2.746,7.94c2.673-1.558,4.47-4.454,4.47-7.771C20.991,10.436,20.591,8.967,19.889,7.686z M12,22C6.486,22,2,17.514,2,12 C2,6.486,6.486,2,12,2c5.514,0,10,4.486,10,10C22,17.514,17.514,22,12,22z\"><\/path><\/svg><\/a><\/li>\n\n<li class=\"wp-social-link wp-social-link-instagram\"><a href=\"https:\/\/www.instagram.com\/catcallsofhalle\/\" aria-label=\"Instagram\"> <svg width=\"24\" height=\"24\" viewBox=\"0 0 24 24\" version=\"1.1\" xmlns=\"http:\/\/www.w3.org\/2000\/svg\" role=\"img\" aria-hidden=\"true\" focusable=\"false\"><path d=\"M12,4.622c2.403,0,2.688,0.009,3.637,0.052c0.877,0.04,1.354,0.187,1.671,0.31c0.42,0.163,0.72,0.358,1.035,0.673 c0.315,0.315,0.51,0.615,0.673,1.035c0.123,0.317,0.27,0.794,0.31,1.671c0.043,0.949,0.052,1.234,0.052,3.637 s-0.009,2.688-0.052,3.637c-0.04,0.877-0.187,1.354-0.31,1.671c-0.163,0.42-0.358,0.72-0.673,1.035 c-0.315,0.315-0.615,0.51-1.035,0.673c-0.317,0.123-0.794,0.27-1.671,0.31c-0.949,0.043-1.233,0.052-3.637,0.052 s-2.688-0.009-3.637-0.052c-0.877-0.04-1.354-0.187-1.671-0.31c-0.42-0.163-0.72-0.358-1.035-0.673 c-0.315-0.315-0.51-0.615-0.673-1.035c-0.123-0.317-0.27-0.794-0.31-1.671C4.631,14.688,4.622,14.403,4.622,12 s0.009-2.688,0.052-3.637c0.04-0.877,0.187-1.354,0.31-1.671c0.163-0.42,0.358-0.72,0.673-1.035 c0.315-0.315,0.615-0.51,1.035-0.673c0.317-0.123,0.794-0.27,1.671-0.31C9.312,4.631,9.597,4.622,12,4.622 M12,3 C9.556,3,9.249,3.01,8.289,3.054C7.331,3.098,6.677,3.25,6.105,3.472C5.513,3.702,5.011,4.01,4.511,4.511 c-0.5,0.5-0.808,1.002-1.038,1.594C3.25,6.677,3.098,7.331,3.054,8.289C3.01,9.249,3,9.556,3,12c0,2.444,0.01,2.751,0.054,3.711 c0.044,0.958,0.196,1.612,0.418,2.185c0.23,0.592,0.538,1.094,1.038,1.594c0.5,0.5,1.002,0.808,1.594,1.038 c0.572,0.222,1.227,0.375,2.185,0.418C9.249,20.99,9.556,21,12,21s2.751-0.01,3.711-0.054c0.958-0.044,1.612-0.196,2.185-0.418 c0.592-0.23,1.094-0.538,1.594-1.038c0.5-0.5,0.808-1.002,1.038-1.594c0.222-0.572,0.375-1.227,0.418-2.185 C20.99,14.751,21,14.444,21,12s-0.01-2.751-0.054-3.711c-0.044-0.958-0.196-1.612-0.418-2.185c-0.23-0.592-0.538-1.094-1.038-1.594 c-0.5-0.5-1.002-0.808-1.594-1.038c-0.572-0.222-1.227-0.375-2.185-0.418C14.751,3.01,14.444,3,12,3L12,3z M12,7.378 c-2.552,0-4.622,2.069-4.622,4.622S9.448,16.622,12,16.622s4.622-2.069,4.622-4.622S14.552,7.378,12,7.378z M12,15 c-1.657,0-3-1.343-3-3s1.343-3,3-3s3,1.343,3,3S13.657,15,12,15z M16.804,6.116c-0.596,0-1.08,0.484-1.08,1.08 s0.484,1.08,1.08,1.08c0.596,0,1.08-0.484,1.08-1.08S17.401,6.116,16.804,6.116z\"><\/path><\/svg><\/a><\/li>\n\n<li class=\"wp-social-link wp-social-link-spotify\"><a href=\"https:\/\/open.spotify.com\/show\/3AMKjX9mxaZ64Vl0S4lK0R\" aria-label=\"Spotify\"> <svg width=\"24\" height=\"24\" viewBox=\"0 0 24 24\" version=\"1.1\" xmlns=\"http:\/\/www.w3.org\/2000\/svg\" role=\"img\" aria-hidden=\"true\" focusable=\"false\"><path d=\"M12,2C6.477,2,2,6.477,2,12c0,5.523,4.477,10,10,10c5.523,0,10-4.477,10-10C22,6.477,17.523,2,12,2 M16.586,16.424 c-0.18,0.295-0.563,0.387-0.857,0.207c-2.348-1.435-5.304-1.76-8.785-0.964c-0.335,0.077-0.67-0.133-0.746-0.469 c-0.077-0.335,0.132-0.67,0.469-0.746c3.809-0.871,7.077-0.496,9.713,1.115C16.673,15.746,16.766,16.13,16.586,16.424 M17.81,13.7 c-0.226,0.367-0.706,0.482-1.072,0.257c-2.687-1.652-6.785-2.131-9.965-1.166C6.36,12.917,5.925,12.684,5.8,12.273 C5.675,11.86,5.908,11.425,6.32,11.3c3.632-1.102,8.147-0.568,11.234,1.328C17.92,12.854,18.035,13.335,17.81,13.7 M17.915,10.865 c-3.223-1.914-8.54-2.09-11.618-1.156C5.804,9.859,5.281,9.58,5.131,9.086C4.982,8.591,5.26,8.069,5.755,7.919 c3.532-1.072,9.404-0.865,13.115,1.338c0.445,0.264,0.59,0.838,0.327,1.282C18.933,10.983,18.359,11.129,17.915,10.865\"><\/path><\/svg><\/a><\/li><\/ul>\n\n\n\n<p><span class=\"has-inline-color has-cyan-bluish-gray-color\"><sup><em>Catcallsofhalle ist nur ein Klick auf das passende Icon entfernt.<\/em><\/sup><\/span><\/p>\n","protected":false},"excerpt":{"rendered":"<div class=\"entry-summary\">\nEs ist an der Zeit, mit dem Versuch aufzuh\u00f6ren, Frauen zu ver\u00e4ndern, und damit zu beginnen, die Systeme zu ver\u00e4ndern,&hellip;\n<\/div>\n<div class=\"link-more\"><a href=\"https:\/\/blogs.urz.uni-halle.de\/frauenperspektiven\/audio-2\/\" class=\"more-link\">Continue reading<span class=\"screen-reader-text\"> &ldquo;Audiobeitrag&rdquo;<\/span>&hellip;<\/a><\/div>\n","protected":false},"author":5848,"featured_media":0,"parent":0,"menu_order":0,"comment_status":"closed","ping_status":"closed","template":"","meta":[],"_links":{"self":[{"href":"https:\/\/blogs.urz.uni-halle.de\/frauenperspektiven\/wp-json\/wp\/v2\/pages\/12"}],"collection":[{"href":"https:\/\/blogs.urz.uni-halle.de\/frauenperspektiven\/wp-json\/wp\/v2\/pages"}],"about":[{"href":"https:\/\/blogs.urz.uni-halle.de\/frauenperspektiven\/wp-json\/wp\/v2\/types\/page"}],"author":[{"embeddable":true,"href":"https:\/\/blogs.urz.uni-halle.de\/frauenperspektiven\/wp-json\/wp\/v2\/users\/5848"}],"replies":[{"embeddable":true,"href":"https:\/\/blogs.urz.uni-halle.de\/frauenperspektiven\/wp-json\/wp\/v2\/comments?post=12"}],"version-history":[{"count":10,"href":"https:\/\/blogs.urz.uni-halle.de\/frauenperspektiven\/wp-json\/wp\/v2\/pages\/12\/revisions"}],"predecessor-version":[{"id":349,"href":"https:\/\/blogs.urz.uni-halle.de\/frauenperspektiven\/wp-json\/wp\/v2\/pages\/12\/revisions\/349"}],"wp:attachment":[{"href":"https:\/\/blogs.urz.uni-halle.de\/frauenperspektiven\/wp-json\/wp\/v2\/media?parent=12"}],"curies":[{"name":"wp","href":"https:\/\/api.w.org\/{rel}","templated":true}]}}